{"id":9417,"date":"2013-05-17T23:27:31","date_gmt":"2013-05-18T06:27:31","guid":{"rendered":"https:\/\/www.4jehovah.org\/?page_id=9417"},"modified":"2013-08-20T22:26:21","modified_gmt":"2013-08-21T05:26:21","slug":"contacte-nos","status":"publish","type":"page","link":"https:\/\/www.4jehovah.org\/pt-pt\/contacte-nos\/","title":{"rendered":"Contacte-nos"},"content":{"rendered":"<p><strong><img loading=\"lazy\" decoding=\"async\" class=\"alignnone\" alt=\"Link\" src=\"https:\/\/witforjesus.org\/images\/long\/4jehovah\/contact-us.png\" width=\"590\" height=\"253\" \/><br \/>\n<\/strong><\/p>\n<p style=\"padding-left: 30px;\"><img loading=\"lazy\" decoding=\"async\" alt=\"Link\" src=\"https:\/\/witforjesus.org\/images\/bullets.jpg\" width=\"10\" height=\"9\" \/>\u00a0<a title=\"Equipa do Minist\u00e9rio Ex-Testemunhas de Jeov\u00e1\" href=\"http:\/\/www.4witness.org\/home\/contact-us\/ex-jehovahs-witness-ministry-team\/\"><strong>Conhe\u00e7a a nossa Equipa de Volunt\u00e1rios do Minist\u00e9rio Ex-Testemunhas de Jeov\u00e1<\/strong><\/a> (email apenas em ingl\u00eas &#8211; 4witness.org)<\/p>\n<p style=\"padding-left: 30px;\"><strong><img loading=\"lazy\" decoding=\"async\" alt=\"Link\" src=\"https:\/\/witforjesus.org\/images\/bullets.jpg\" width=\"10\" height=\"9\" \/> <a title=\"Conhe\u00e7a a nossa Equipa de Volunt\u00e1rios do Minist\u00e9rio de L\u00edngua Espanhola\" href=\"http:\/\/4witness.org\/home\/contact-us\/spanish-language-ministry-partners\/\">Conhe\u00e7a a nossa Equipa de Volunt\u00e1rios do Minist\u00e9rio de L\u00edngua Espanhola<\/a> <\/strong>(4witness.org)<\/p>\n<p><strong><strong>SE TEM UMA QUEST\u00c3O<\/strong>&#8230;<\/strong><\/p>\n<p style=\"padding-left: 30px;\"><strong> <strong>Antes de contactar-nos, por favor leia a nossa FAQ de links de Ajuda com Perguntas e Respostas, para ver se n\u00f3s j\u00e1 respondemos \u00e0 sua quest\u00e3o no nosso site<\/strong>:<\/strong><\/p>\n<p style=\"padding-left: 30px;\"><strong>FAQ \u2013 PERGUNTAS FEITAS FREQUENTEMENTE <\/strong><\/p>\n<p style=\"padding-left: 60px;\"><strong><strong><img loading=\"lazy\" decoding=\"async\" alt=\"Link\" src=\"https:\/\/witforjesus.org\/images\/bullets.jpg\" width=\"10\" height=\"9\" \/> <a title=\"Sobre N\u00f3s\" href=\"https:\/\/www.4jehovah.org\/pt-pt\/sobre-nos\/\">FAQ &#8211; <strong>Sobre o Nosso Minist\u00e9rio<\/strong><\/a><\/strong><br \/>\n<img loading=\"lazy\" decoding=\"async\" alt=\"Link\" src=\"https:\/\/witforjesus.org\/images\/bullets.jpg\" width=\"10\" height=\"9\" \/> <a title=\"Cren\u00e7as e Pr\u00e1ticas das Testemunhas de Jeov\u00e1\" href=\"https:\/\/www.4jehovah.org\/pt-pt\/respostas-biblicas\/crencas-e-praticas-das-testemunhas-de-jeova\/\"><strong>FAQ \u2013 Cren\u00e7as e Pr\u00e1ticas das Testemunhas de Jeov\u00e1<\/strong><\/a><\/strong><br \/>\n<strong><img loading=\"lazy\" decoding=\"async\" alt=\"Link\" src=\"https:\/\/witforjesus.org\/images\/bullets.jpg\" width=\"10\" height=\"9\" \/> <a title=\"FAQ Sobre Determinar a Verdade\" href=\"https:\/\/www.4jehovah.org\/pt-pt\/ex-testemunhas-de-jeova\/faq-sobre-determinar-a-verdade\/\"><strong>FAQ \u2013 Determinando a Verdade<\/strong><\/a><\/strong><br \/>\n<strong><img loading=\"lazy\" decoding=\"async\" alt=\"Link\" src=\"https:\/\/witforjesus.org\/images\/bullets.jpg\" width=\"10\" height=\"9\" \/>\u00a0<a title=\"FAQ Sobre Namoro e Casamento\" href=\"https:\/\/www.4jehovah.org\/pt-pt\/ex-testemunhas-de-jeova\/faq-sobre-namoro-e-casamento\/\"><strong>FAQ \u2013 Namoro e Casamento<\/strong><\/a><\/strong><br \/>\n<strong><img loading=\"lazy\" decoding=\"async\" alt=\"Link\" src=\"https:\/\/witforjesus.org\/images\/bullets.jpg\" width=\"10\" height=\"9\" \/>\u00a0<a title=\"FAQ Acerca de Deixar a Torre de Vigia\" href=\"https:\/\/www.4jehovah.org\/pt-pt\/ex-testemunhas-de-jeova\/faq-acerca-de-deixar-a-torre-de-vigia\/\"><strong>FAQ \u2013 Deixando a Torre de Vigia<\/strong><\/a><\/strong><br \/>\n<strong><img loading=\"lazy\" decoding=\"async\" alt=\"Link\" src=\"https:\/\/witforjesus.org\/images\/bullets.jpg\" width=\"10\" height=\"9\" \/> <a title=\"FAQ Acerca de Alcan\u00e7ar Entes Queridos\" href=\"https:\/\/www.4jehovah.org\/pt-pt\/ex-testemunhas-de-jeova\/faq-acerca-de-alcancar-entes-queridos\/\"><strong>FAQ \u2013 Alcan\u00e7ando Entes Queridos<\/strong><\/a><\/strong><\/p>\n<p><strong><strong>SE VOC\u00ca \u00c9 UMA TESTEMUNHA DE JEOV\u00c1 <\/strong>&#8230;<\/strong><\/p>\n<p style=\"padding-left: 30px;\"><strong>Se voc\u00ea \u00e9 uma Testemunha de Jeov\u00e1 que pensa que somos Testemunhas de Jeov\u00e1 \u201cap\u00f3statas\u201d, por favor leia a seguinte carta antes de nos contactar: <\/strong><\/p>\n<p style=\"padding-left: 30px;\"><strong><strong><img loading=\"lazy\" decoding=\"async\" alt=\"Link\" src=\"https:\/\/witforjesus.org\/images\/bullets.jpg\" width=\"10\" height=\"9\" \/><\/strong> <\/strong><strong><a title=\"Quem Somos N\u00f3s \u2013 Ex-Testemunhas de Jeov\u00e1\" href=\"https:\/\/www.4jehovah.org\/pt-pt\/quem-somos-nos-ex-testemunhas-de-jeova\/\">A NOSSA RESPOSTA A UMA CARTA DE UMA TESTEMUNHA DE JEOV\u00c1 PERGUNTANDO: \u201cQUEM S\u00c3O VOC\u00caS? \u2013 Voc\u00eas s\u00e3o um Bando de Ap\u00f3statas que N\u00e3o Acreditam nos Ensinos da B\u00edblia?\u201d<\/a>.<\/strong><\/p>\n<p><strong><strong>SE VOC\u00ca SE OP\u00d5E AO NOSSO MINIST\u00c9RIO<\/strong>&#8230;<\/strong><\/p>\n<p style=\"padding-left: 30px;\"><strong><strong>Se voc\u00ea se op\u00f5e ao facto de que o nosso minist\u00e9rio critica a Torre de Vigia e outras religi\u00f5es, leia por favor<\/strong>: <\/strong><\/p>\n<p style=\"padding-left: 30px;\"><strong><\/strong><strong><strong><strong><img loading=\"lazy\" decoding=\"async\" alt=\"Link\" src=\"https:\/\/witforjesus.org\/images\/bullets.jpg\" width=\"10\" height=\"9\" \/><\/strong><\/strong><\/strong><strong>\u00a0<\/strong><a title=\"\u00c9 AMOROSO DERRUBAR AS CREN\u00c7AS DE ALGU\u00c9M? \u2013 Uma Carta Aberta a Todos os que se Op\u00f5em ao Nosso Minist\u00e9rio\" href=\"http:\/\/4witness.org\/pt-pt\/e-amoroso-derrubar-as-crencas-de-outros\/\"><strong>\u00c9 AMOROSO DERRUBAR AS CREN\u00c7AS DE ALGU\u00c9M? \u2013 Uma Carta Aberta a Todos os que se Op\u00f5em ao Nosso Minist\u00e9rio<\/strong><\/a><strong><\/strong><\/p>\n<p><strong><strong>PARA TODAS AS OUTRAS QUEST\u00d5ES, CONTACTE-NOS AQUI:<\/strong><br \/>\n<\/strong><\/p>\n<p style=\"padding-left: 30px;\"><span style=\"font-size: medium;\">NOTA: Se deseja debater connosco sobre um assunto, por favor providencie documenta\u00e7\u00e3o para corre\u00e7\u00e3o ou a sua inquiri\u00e7\u00e3o n\u00e3o ser\u00e1 respondida. <b>Envie por favor o email <span style=\"text-decoration: underline;\">apenas em ingl\u00eas<\/span>, a menos que envie email para outro membro da nossa equipa de linguagem<\/b><strong>.<\/strong><\/span><\/p>\n<script type=\"text\/javascript\">\n\/* <![CDATA[ *\/\nvar gform;gform||(document.addEventListener(\"gform_main_scripts_loaded\",function(){gform.scriptsLoaded=!0}),document.addEventListener(\"gform\/theme\/scripts_loaded\",function(){gform.themeScriptsLoaded=!0}),window.addEventListener(\"DOMContentLoaded\",function(){gform.domLoaded=!0}),gform={domLoaded:!1,scriptsLoaded:!1,themeScriptsLoaded:!1,isFormEditor:()=>\"function\"==typeof InitializeEditor,callIfLoaded:function(o){return!(!gform.domLoaded||!gform.scriptsLoaded||!gform.themeScriptsLoaded&&!gform.isFormEditor()||(gform.isFormEditor()&&console.warn(\"The use of gform.initializeOnLoaded() is deprecated in the form editor context and will be removed in Gravity Forms 3.1.\"),o(),0))},initializeOnLoaded:function(o){gform.callIfLoaded(o)||(document.addEventListener(\"gform_main_scripts_loaded\",()=>{gform.scriptsLoaded=!0,gform.callIfLoaded(o)}),document.addEventListener(\"gform\/theme\/scripts_loaded\",()=>{gform.themeScriptsLoaded=!0,gform.callIfLoaded(o)}),window.addEventListener(\"DOMContentLoaded\",()=>{gform.domLoaded=!0,gform.callIfLoaded(o)}))},hooks:{action:{},filter:{}},addAction:function(o,r,e,t){gform.addHook(\"action\",o,r,e,t)},addFilter:function(o,r,e,t){gform.addHook(\"filter\",o,r,e,t)},doAction:function(o){gform.doHook(\"action\",o,arguments)},applyFilters:function(o){return gform.doHook(\"filter\",o,arguments)},removeAction:function(o,r){gform.removeHook(\"action\",o,r)},removeFilter:function(o,r,e){gform.removeHook(\"filter\",o,r,e)},addHook:function(o,r,e,t,n){null==gform.hooks[o][r]&&(gform.hooks[o][r]=[]);var d=gform.hooks[o][r];null==n&&(n=r+\"_\"+d.length),gform.hooks[o][r].push({tag:n,callable:e,priority:t=null==t?10:t})},doHook:function(r,o,e){var t;if(e=Array.prototype.slice.call(e,1),null!=gform.hooks[r][o]&&((o=gform.hooks[r][o]).sort(function(o,r){return o.priority-r.priority}),o.forEach(function(o){\"function\"!=typeof(t=o.callable)&&(t=window[t]),\"action\"==r?t.apply(null,e):e[0]=t.apply(null,e)})),\"filter\"==r)return e[0]},removeHook:function(o,r,t,n){var e;null!=gform.hooks[o][r]&&(e=(e=gform.hooks[o][r]).filter(function(o,r,e){return!!(null!=n&&n!=o.tag||null!=t&&t!=o.priority)}),gform.hooks[o][r]=e)}});\n\/* ]]> *\/\n<\/script>\n\n                <div class='gf_browser_gecko gform_wrapper gform_legacy_markup_wrapper gform-theme--no-framework' data-form-theme='legacy' data-form-index='0' id='gform_wrapper_1' >\n                        <div class='gform_heading'>\n                            <h3 class=\"gform_title\">4Jehovah.org Contact Form<\/h3>\n                            <p class='gform_description'><\/p>\n                        <\/div><form method='post' enctype='multipart\/form-data'  id='gform_1'  action='\/pt-pt\/wp-json\/wp\/v2\/pages\/9417' data-formid='1' novalidate>\n                        <div class='gform-body gform_body'><ul id='gform_fields_1' class='gform_fields top_label form_sublabel_below description_below validation_below'><li id=\"field_1_10\" class=\"gfield gfield--type-honeypot gform_validation_container field_sublabel_below gfield--has-description field_description_below field_validation_below gfield_visibility_visible\"  ><label class='gfield_label gform-field-label' for='input_1_10'>Facebook<\/label><div class='ginput_container'><input name='input_10' id='input_1_10' type='text' value='' autocomplete='new-password'\/><\/div><div class='gfield_description' id='gfield_description_1_10'>Este campo \u00e9 para efeitos de valida\u00e7\u00e3o e deve ser mantido inalterado.<\/div><\/li><li id=\"field_1_3\" class=\"gfield gfield--type-select gfield_contains_required field_sublabel_below gfield--no-description field_description_below field_validation_below gfield_visibility_visible\"  ><label class='gfield_label gform-field-label' for='input_1_3'>Attention<span class=\"gfield_required\"><span class=\"gfield_required gfield_required_asterisk\">*<\/span><\/span><\/label><div class='ginput_container ginput_container_select'><select name='input_3' id='input_1_3' class='medium gfield_select'    aria-required=\"true\" aria-invalid=\"false\" ><option value='Any Person' selected='selected'>Any Person<\/option><option value='Webmaster' >Webmaster<\/option><option value='Admin Office' >Admin Office<\/option><option value='Translation Team Manager' >Translation Team Manager<\/option><option value='Spanish (Espa\u00f1ol) Team' >Spanish (Espa\u00f1ol) Team<\/option><option value='Portuguese (Portugu\u00eas) Team' >Portuguese (Portugu\u00eas) Team<\/option><option value='All Ex-JW Ministry Team' >All Ex-JW Ministry Team<\/option><option value='Tammie - ExJW Team' >Tammie - ExJW Team<\/option><option value='Julie - ExJW Team' >Julie - ExJW Team<\/option><option value='Phones Team' >Phones Team<\/option><option value='Mark and Loly - Spanish (Espa\u00f1ol)' >Mark and Loly - Spanish (Espa\u00f1ol)<\/option><option value='Pastor Juan - Spanish (Espa\u00f1ol)' >Pastor Juan - Spanish (Espa\u00f1ol)<\/option><option value='Christy' >Christy<\/option><\/select><\/div><\/li><li id=\"field_1_1\" class=\"gfield gfield--type-name gfield_contains_required field_sublabel_below gfield--no-description field_description_below field_validation_below gfield_visibility_visible\"  ><label class='gfield_label gform-field-label' >Name<span class=\"gfield_required\"><span class=\"gfield_required gfield_required_asterisk\">*<\/span><\/span><\/label><div class='ginput_container ginput_container_name'>\n                                    <input name='input_1' id='input_1_1' type='text' value='' class='medium'   aria-required=\"true\" aria-invalid=\"false\"   \/>\n                                <\/div><\/li><li id=\"field_1_7\" class=\"gfield gfield--type-email gfield_contains_required field_sublabel_below gfield--no-description field_description_below field_validation_below gfield_visibility_visible\"  ><label class='gfield_label gform-field-label' >Email<span class=\"gfield_required\"><span class=\"gfield_required gfield_required_asterisk\">*<\/span><\/span><\/label><div class='ginput_complex ginput_container ginput_container_email gform-grid-row' id='input_1_7_container'>\n                                <span id='input_1_7_1_container' class='ginput_left gform-grid-col gform-grid-col--size-auto'>\n                                    <input class='' type='email' name='input_7' id='input_1_7' value=''    aria-required=\"true\" aria-invalid=\"false\"  \/>\n                                    <label for='input_1_7' class='gform-field-label gform-field-label--type-sub '>Inserir o email<\/label>\n                                <\/span>\n                                <span id='input_1_7_2_container' class='ginput_right gform-grid-col gform-grid-col--size-auto'>\n                                    <input class='' type='email' name='input_7_2' id='input_1_7_2' value=''    aria-required=\"true\" aria-invalid=\"false\"  \/>\n                                    <label for='input_1_7_2' class='gform-field-label gform-field-label--type-sub '>Confirmar email<\/label>\n                                <\/span>\n                                <div class='gf_clear gf_clear_complex'><\/div>\n                            <\/div><\/li><li id=\"field_1_4\" class=\"gfield gfield--type-text gfield_contains_required field_sublabel_below gfield--no-description field_description_below field_validation_below gfield_visibility_visible\"  ><label class='gfield_label gform-field-label' for='input_1_4'>Subject (Enter a Brief Description)<span class=\"gfield_required\"><span class=\"gfield_required gfield_required_asterisk\">*<\/span><\/span><\/label><div class='ginput_container ginput_container_text'><input name='input_4' id='input_1_4' type='text' value='' class='medium' maxlength='90'    aria-required=\"true\" aria-invalid=\"false\"   \/><\/div><\/li><li id=\"field_1_8\" class=\"gfield gfield--type-website field_sublabel_below gfield--has-description field_description_below field_validation_below gfield_visibility_visible\"  ><label class='gfield_label gform-field-label' for='input_1_8'>About this page on the site.<\/label><div class='ginput_container ginput_container_website'>\n                    <input name='input_8' id='input_1_8' type='url' value='' class='medium'  aria-describedby=\"gfield_description_1_8\"    aria-invalid=\"false\" \/>\n                <\/div><div class='gfield_description' id='gfield_description_1_8'>If you want to comment on a page from our site, please enter the webpage URL here in this box.<\/div><\/li><li id=\"field_1_5\" class=\"gfield gfield--type-textarea gfield_contains_required field_sublabel_below gfield--no-description field_description_below field_validation_below gfield_visibility_visible\"  ><label class='gfield_label gform-field-label' for='input_1_5'>Enter Your Email Text<span class=\"gfield_required\"><span class=\"gfield_required gfield_required_asterisk\">*<\/span><\/span><\/label><div class='ginput_container ginput_container_textarea'><textarea name='input_5' id='input_1_5' class='textarea medium'   maxlength='1000'  aria-required=\"true\" aria-invalid=\"false\"   rows='10' cols='50'><\/textarea><\/div><\/li><li id=\"field_1_9\" class=\"gfield gfield--type-captcha field_sublabel_below gfield--no-description field_description_below field_validation_below gfield_visibility_visible\"  ><label class='gfield_label gform-field-label' for='input_1_9'>Captcha<\/label><div id='input_1_9' class='ginput_container ginput_recaptcha' data-sitekey='6Leomt0SAAAAAOX3xR4IdZXOft_bIognp4uoBLuQ'  data-theme='light' data-tabindex='0'  data-badge=''><\/div><\/li><\/ul><\/div>\n        <div class='gform-footer gform_footer top_label'> <input type='submit' id='gform_submit_button_1' class='gform_button button' onclick='gform.submission.handleButtonClick(this);' data-submission-type='submit' value='Submit'  \/> \n            <input type='hidden' class='gform_hidden' name='gform_submission_method' data-js='gform_submission_method_1' value='postback' \/>\n            <input type='hidden' class='gform_hidden' name='gform_theme' data-js='gform_theme_1' id='gform_theme_1' value='legacy' \/>\n            <input type='hidden' class='gform_hidden' name='gform_style_settings' data-js='gform_style_settings_1' id='gform_style_settings_1' value='[]' \/>\n            <input type='hidden' class='gform_hidden' name='is_submit_1' value='1' \/>\n            <input type='hidden' class='gform_hidden' name='gform_submit' value='1' \/>\n            \n            <input type='hidden' class='gform_hidden' name='gform_currency' data-currency='USD' value='MLKh\/3xKBQc3KWhVXJq7vkcZucaU7ncs1\/D6bek6ckH+0jRqCBBD1CgLq3A8uXlsq7XLo8RcoP4W6dCTHuXCGMEIwuqgmo8XCYQRYPZ\/ZtNRn14=' \/>\n            <input type='hidden' class='gform_hidden' name='gform_unique_id' value='' \/>\n            <input type='hidden' class='gform_hidden' name='state_1' value='WyJbXSIsIjUxZjQzMDBkYTJhNDBkMWJjOTI3MjIyNzA1ZGM4N2NjIl0=' \/>\n            <input type='hidden' autocomplete='off' class='gform_hidden' name='gform_target_page_number_1' id='gform_target_page_number_1' value='0' \/>\n            <input type='hidden' autocomplete='off' class='gform_hidden' name='gform_source_page_number_1' id='gform_source_page_number_1' value='1' \/>\n            <input type='hidden' name='gform_field_values' value='' \/>\n            \n        <\/div>\n                        <\/form>\n                        <\/div><script type=\"text\/javascript\">\n\/* <![CDATA[ *\/\n gform.initializeOnLoaded( function() {gformInitSpinner( 1, 'https:\/\/www.4jehovah.org\/wp-content\/plugins\/gravityforms\/images\/spinner.svg', true );jQuery('#gform_ajax_frame_1').on('load',function(){var contents = jQuery(this).contents().find('*').html();var is_postback = contents.indexOf('GF_AJAX_POSTBACK') >= 0;if(!is_postback){return;}var form_content = jQuery(this).contents().find('#gform_wrapper_1');var is_confirmation = jQuery(this).contents().find('#gform_confirmation_wrapper_1').length > 0;var is_redirect = contents.indexOf('gformRedirect(){') >= 0;var is_form = form_content.length > 0 && ! is_redirect && ! is_confirmation;var mt = parseInt(jQuery('html').css('margin-top'), 10) + parseInt(jQuery('body').css('margin-top'), 10) + 100;if(is_form){jQuery('#gform_wrapper_1').html(form_content.html());if(form_content.hasClass('gform_validation_error')){jQuery('#gform_wrapper_1').addClass('gform_validation_error');} else {jQuery('#gform_wrapper_1').removeClass('gform_validation_error');}setTimeout( function() { \/* delay the scroll by 50 milliseconds to fix a bug in chrome *\/  }, 50 );if(window['gformInitDatepicker']) {gformInitDatepicker();}if(window['gformInitPriceFields']) {gformInitPriceFields();}var current_page = jQuery('#gform_source_page_number_1').val();gformInitSpinner( 1, 'https:\/\/www.4jehovah.org\/wp-content\/plugins\/gravityforms\/images\/spinner.svg', true );jQuery(document).trigger('gform_page_loaded', [1, current_page]);window['gf_submitting_1'] = false;}else if(!is_redirect){var confirmation_content = jQuery(this).contents().find('.GF_AJAX_POSTBACK').html();if(!confirmation_content){confirmation_content = contents;}jQuery('#gform_wrapper_1').replaceWith(confirmation_content);jQuery(document).trigger('gform_confirmation_loaded', [1]);window['gf_submitting_1'] = false;wp.a11y.speak(jQuery('#gform_confirmation_message_1').text());}else{jQuery('#gform_1').append(contents);if(window['gformRedirect']) {gformRedirect();}}jQuery(document).trigger(\"gform_pre_post_render\", [{ formId: \"1\", currentPage: \"current_page\", abort: function() { this.preventDefault(); } }]);        if (event && event.defaultPrevented) {                return;        }        const gformWrapperDiv = document.getElementById( \"gform_wrapper_1\" );        if ( gformWrapperDiv ) {            const visibilitySpan = document.createElement( \"span\" );            visibilitySpan.id = \"gform_visibility_test_1\";            gformWrapperDiv.insertAdjacentElement( \"afterend\", visibilitySpan );        }        const visibilityTestDiv = document.getElementById( \"gform_visibility_test_1\" );        let postRenderFired = false;        function triggerPostRender() {            if ( postRenderFired ) {                return;            }            postRenderFired = true;            gform.core.triggerPostRenderEvents( 1, current_page );            if ( visibilityTestDiv ) {                visibilityTestDiv.parentNode.removeChild( visibilityTestDiv );            }        }        function debounce( func, wait, immediate ) {            var timeout;            return function() {                var context = this, args = arguments;                var later = function() {                    timeout = null;                    if ( !immediate ) func.apply( context, args );                };                var callNow = immediate && !timeout;                clearTimeout( timeout );                timeout = setTimeout( later, wait );                if ( callNow ) func.apply( context, args );            };        }        const debouncedTriggerPostRender = debounce( function() {            triggerPostRender();        }, 200 );        if ( visibilityTestDiv && visibilityTestDiv.offsetParent === null ) {            const observer = new MutationObserver( ( mutations ) => {                mutations.forEach( ( mutation ) => {                    if ( mutation.type === 'attributes' && visibilityTestDiv.offsetParent !== null ) {                        debouncedTriggerPostRender();                        observer.disconnect();                    }                });            });            observer.observe( document.body, {                attributes: true,                childList: false,                subtree: true,                attributeFilter: [ 'style', 'class' ],            });        } else {            triggerPostRender();        }    } );} ); \n\/* ]]> *\/\n<\/script>\n\n<p>INFORMA\u00c7\u00c3O LEGAL: Ao contactar-nos, voc\u00ea concorda com as seguintes condi\u00e7\u00f5es: Witnesses for Jesus, Inc. tem a permiss\u00e3o de publicar (ou n\u00e3o publicar) no todo ou em parte, qualquer email ou carta recebida em nosso website, em livros ou outro material impresso. Witnesses for Jesus Inc. ret\u00e9m a permiss\u00e3o do autor para reimprimir\/ colocar o email ou carta, no todo ou em parte, indefinidamente. Emails citados n\u00e3o conter\u00e3o o endere\u00e7o de email ou o nome completo do remetente.<\/p>\n<p style=\"padding-left: 30px;\"><span style=\"font-size: large;\"><strong><strong><strong><img loading=\"lazy\" decoding=\"async\" alt=\"Witnesses for Jesus Inc, PO Box 50911, Colorado Springs, CO 80949 USA\" src=\"https:\/\/witforjesus.org\/images\/home\/wfj-address.jpg\" width=\"295\" height=\"86\" \/><\/strong><\/strong><\/strong><\/span><br \/>\n<strong><\/strong><\/p>\n<p>&nbsp;<\/p>\n<p><span style=\"font-size: large;\"><strong><strong>Lembre-se que recebemos muita correspond\u00eancia e por isso, permita-nos alguns dias para receber uma resposta, por favor<\/strong>.<\/strong><\/span><\/p>\n<p>&nbsp;<\/p>\n<p>&nbsp;<\/p>\n<p>&nbsp;<\/p>\n","protected":false},"excerpt":{"rendered":"<p>\u00a0Conhe\u00e7a a nossa Equipa de Volunt\u00e1rios do Minist\u00e9rio Ex-Testemunhas de Jeov\u00e1 (email apenas em ingl\u00eas &#8211; 4witness.org) Conhe\u00e7a a nossa Equipa de Volunt\u00e1rios do Minist\u00e9rio de L\u00edngua Espanhola (4witness.org) SE TEM UMA QUEST\u00c3O&#8230; Antes de contactar-nos, por favor leia a nossa FAQ de links de Ajuda com Perguntas e Respostas, para ver se n\u00f3s j\u00e1&#8230;<\/p>\n","protected":false},"author":6,"featured_media":0,"parent":0,"menu_order":0,"comment_status":"closed","ping_status":"closed","template":"","meta":{"footnotes":""},"class_list":["post-9417","page","type-page","status-publish","hentry"],"_links":{"self":[{"href":"https:\/\/www.4jehovah.org\/pt-pt\/wp-json\/wp\/v2\/pages\/9417","targetHints":{"allow":["GET"]}}],"collection":[{"href":"https:\/\/www.4jehovah.org\/pt-pt\/wp-json\/wp\/v2\/pages"}],"about":[{"href":"https:\/\/www.4jehovah.org\/pt-pt\/wp-json\/wp\/v2\/types\/page"}],"author":[{"embeddable":true,"href":"https:\/\/www.4jehovah.org\/pt-pt\/wp-json\/wp\/v2\/users\/6"}],"replies":[{"embeddable":true,"href":"https:\/\/www.4jehovah.org\/pt-pt\/wp-json\/wp\/v2\/comments?post=9417"}],"version-history":[{"count":15,"href":"https:\/\/www.4jehovah.org\/pt-pt\/wp-json\/wp\/v2\/pages\/9417\/revisions"}],"predecessor-version":[{"id":9431,"href":"https:\/\/www.4jehovah.org\/pt-pt\/wp-json\/wp\/v2\/pages\/9417\/revisions\/9431"}],"wp:attachment":[{"href":"https:\/\/www.4jehovah.org\/pt-pt\/wp-json\/wp\/v2\/media?parent=9417"}],"curies":[{"name":"wp","href":"https:\/\/api.w.org\/{rel}","templated":true}]}}