{"id":8824,"date":"2013-04-25T11:41:38","date_gmt":"2013-04-25T18:41:38","guid":{"rendered":"https:\/\/www.4jehovah.org\/?page_id=8824"},"modified":"2015-04-08T22:34:58","modified_gmt":"2015-04-09T05:34:58","slug":"sobre-nos","status":"publish","type":"page","link":"https:\/\/www.4jehovah.org\/pt-pt\/sobre-nos\/","title":{"rendered":"Sobre N\u00f3s"},"content":{"rendered":"<div class=\"fusion-fullwidth fullwidth-box fusion-fullwidth-1  fusion-parallax-none nonhundred-percent-fullwidth\" style=\"border-bottom-width: 0px;border-top-width: 0px;border-bottom-style: solid;border-top-style: solid;padding-bottom:20px;padding-top:20px;padding-left:0px;padding-right:0px;\"><style type=\"text\/css\" scoped=\"scoped\">.fusion-fullwidth-1 {\n                            padding-left: 0px !important;\n                            padding-right: 0px !important;\n                        }<\/style><div class=\"fusion-row\"><style type='text\/css'>.reading-box-container-1 .element-bottomshadow:before,.reading-box-container-1 .element-bottomshadow:after{opacity:0.7;}<\/style><div class=\"fusion-reading-box-container reading-box-container-1\" style=\"margin-top:0px;margin-bottom:0px;\"><div class=\"reading-box\" style=\"background-color:;border-width:1px;border-color:;border-top-width:3px;border-top-color:;border-style:solid;\"><h2>SOBRE N\u00d3S<\/h2><div class=\"reading-box-additional\">Muitos que est\u00e3o em processo de sair da organiza\u00e7\u00e3o Torre de Vigia ou est\u00e3o pensando em sair, provavelmente n\u00e3o querem pensar em religi\u00e3o. De facto, muitos que sa\u00edram rejeitaram totalmente a religi\u00e3o. <strong>O nosso website est\u00e1 filiado com o minist\u00e9rio crist\u00e3o Witnesses for Jesus Inc. N\u00f3s n\u00e3o somos uma religi\u00e3o. <\/strong>Embora sejamos um minist\u00e9rio crist\u00e3o n\u00e3o-lucrativo dedicado a partilhar uma perspetiva b\u00edblica sobre as cren\u00e7as e pr\u00e1ticas das Testemunhas de Jeov\u00e1, n\u00f3s n\u00e3o endossamos nenhuma igreja ou denomina\u00e7\u00e3o religiosa. N\u00f3s baseamo-nos em pessoas individuais que acreditam na nossa miss\u00e3o, vis\u00e3o e valores. Para saber mais sobre n\u00f3s, visite os seguintes links:<\/div><\/div><\/div><div class=\"fusion-sep-clear\"><\/div><div class=\"fusion-separator fusion-full-width-sep sep-none\" style=\"margin-left: auto;margin-right: auto;margin-top:;\"><\/div><\/div><\/div><div class=\"fusion-one-fourth fusion-layout-column fusion-spacing-yes\" style=\"margin-top:;margin-bottom:;\"><div class=\"fusion-column-wrapper\"><p><a href=\"https:\/\/www.4jehovah.org\/pt-pt\/quem-somos-nos-ex-testemunhas-de-jeova\/\"><strong><img loading=\"lazy\" decoding=\"async\" src=\"https:\/\/witforjesus.org\/images\/jwarticles\/exjwsupport-meetup.jpg\" alt=\"ExJW Meetup\" width=\"300\" height=\"225\" \/><\/strong><\/a>\u00a0<a title=\"Quem Somos N\u00f3s \u2013 Ex-Testemunhas de Jeov\u00e1\" href=\"https:\/\/www.4jehovah.org\/pt-pt\/quem-somos-nos-ex-testemunhas-de-jeova\/\"><strong>QUEM N\u00d3S SOMOS \u2013 Ex-Testemunhas de Jeov\u00e1<\/strong><\/a><\/p>\n<div class=\"fusion-clearfix\"><\/div><\/div><\/div><div class=\"fusion-one-fourth fusion-layout-column fusion-spacing-yes\" style=\"margin-top:;margin-bottom:;\"><div class=\"fusion-column-wrapper\"><p><a href=\"https:\/\/www.4jehovah.org\/statement-of-faith\/\"><strong><img loading=\"lazy\" decoding=\"async\" src=\"https:\/\/witforjesus.org\/images\/home\/lighthouse.jpg\" alt=\"ExJW Meetup\" width=\"300\" height=\"225\" \/><\/strong><\/a>\u00a0<strong>NOSSA DECLARA\u00c7\u00c3O DE F\u00c9 <\/strong><strong>\u2013 MISS\u00c3O, VIS\u00c3O E VALORES<\/strong><\/p>\n<div class=\"fusion-clearfix\"><\/div><\/div><\/div><div class=\"fusion-one-fourth fusion-layout-column fusion-spacing-yes\" style=\"margin-top:;margin-bottom:;\"><div class=\"fusion-column-wrapper\"><p><a href=\"https:\/\/www.4jehovah.org\/support-groups\/\"><strong><img loading=\"lazy\" decoding=\"async\" src=\"https:\/\/witforjesus.org\/images\/events\/exjw-group.jpg\" alt=\"ExJW Meetup\" width=\"300\" height=\"225\" \/><\/strong><\/a>\u00a0<a title=\"Grupos de apoio\" href=\"https:\/\/www.4jehovah.org\/pt-pt\/grupos-de-apoio\/\"><strong>NOSSOS GRUPOS ONLINE PARA APOIO DE EX-TESTEMUNHAS DE JEOV\u00c1<\/strong><\/a><strong>\u00a0<\/strong><\/p>\n<div class=\"fusion-clearfix\"><\/div><\/div><\/div><div class=\"fusion-one-fourth fusion-layout-column fusion-column-last fusion-spacing-yes\" style=\"margin-top:;margin-bottom:;\"><div class=\"fusion-column-wrapper\"><p><a href=\"https:\/\/www.4jehovah.org\/how-can-i-meet-ex-jehovahs-witnesses-in-my-area\/\"><strong><img loading=\"lazy\" decoding=\"async\" src=\"https:\/\/witforjesus.org\/images\/jwarticles\/jwsupport.jpg\" alt=\"ExJW Meetup\" width=\"300\" height=\"225\" \/><\/strong><\/a>\u00a0<strong>COMO CONHECER EX-TESTEMUNHAS DE JEOV\u00c1 NA SUA \u00c1REA<\/strong><strong><br \/>\n<\/strong><\/p>\n<div class=\"fusion-clearfix\"><\/div><\/div><\/div><div class=\"fusion-clearfix\"><\/div><div class=\"fusion-one-fourth fusion-layout-column fusion-spacing-yes\" style=\"margin-top:;margin-bottom:;\"><div class=\"fusion-column-wrapper\"><p><a href=\"https:\/\/www.4jehovah.org\/pt-pt\/ex-testemunhas-de-jeova-para-jeova\/como-ajudar-nos\/\"><strong><img loading=\"lazy\" decoding=\"async\" src=\"https:\/\/witforjesus.org\/images\/jwarticles\/aspen-grove.jpg\" alt=\"ExJW Meetup\" width=\"300\" height=\"225\" \/><\/strong><\/a>\u00a0<a title=\"Como ajudar-nos\" href=\"https:\/\/www.4jehovah.org\/pt-pt\/ex-testemunhas-de-jeova-para-jeova\/como-ajudar-nos\/\"><strong>COMO AJUDAR-NOS POR SE ENVOLVER COM O NOSSO MINIST\u00c9RIO<\/strong><\/a><\/p>\n<div class=\"fusion-clearfix\"><\/div><\/div><\/div><div class=\"fusion-one-fourth fusion-layout-column fusion-spacing-yes\" style=\"margin-top:;margin-bottom:;\"><div class=\"fusion-column-wrapper\"><p><a title=\"Our Gift to You\" href=\"https:\/\/www.4jehovah.org\/pt-pt\/contacte-nos\/\"><strong><img loading=\"lazy\" decoding=\"async\" src=\"https:\/\/witforjesus.org\/images\/home\/contact-us-4j.jpg\" alt=\"ExJW Meetup\" width=\"300\" height=\"225\" \/><\/strong><\/a><a title=\"Contacte-nos\" href=\"https:\/\/www.4jehovah.org\/pt-pt\/contacte-nos\/\"><strong>CONTACTE-NOS<\/strong><\/a><\/p>\n<div class=\"fusion-clearfix\"><\/div><\/div><\/div><div class=\"fusion-one-fourth fusion-layout-column fusion-spacing-yes\" style=\"margin-top:;margin-bottom:;\"><div class=\"fusion-column-wrapper\"><p><a href=\"https:\/\/www.4jehovah.org\/how-can-i-as-an-ex-jehovahs-witness-find-a-place-to-worship-outside-of-the-watchtower\/\"><strong><img loading=\"lazy\" decoding=\"async\" src=\"https:\/\/witforjesus.org\/images\/jwarticles\/worship-outside.jpg\" alt=\"ExJW Meetup\" width=\"300\" height=\"225\" \/><\/strong><\/a>\u00a0<strong>ADORAR JEOV\u00c1 FORA DA ORGANIZA\u00c7\u00c3O TORRE DE VIGIA<\/strong><\/p>\n<div class=\"fusion-clearfix\"><\/div><\/div><\/div><div class=\"fusion-one-fourth fusion-layout-column fusion-column-last fusion-spacing-yes\" style=\"margin-top:;margin-bottom:;\"><div class=\"fusion-column-wrapper\"><p><a href=\"http:\/\/4witness.org\/pt-pt\/e-amoroso-derrubar-as-crencas-de-outros\/\"><img loading=\"lazy\" decoding=\"async\" src=\"https:\/\/witforjesus.org\/images\/4warticles\/tear-down.jpg\" alt=\"TRUE FREEDOM\" width=\"300\" height=\"225\" \/><\/a>\u00a0<a title=\"\u00c9 AMOROSO DERRUBAR AS CREN\u00c7AS DE OUTROS?\u2013Uma Carta Aberta \u00c0queles que se Op\u00f5em ao Nosso Minist\u00e9rio\" href=\"http:\/\/4witness.org\/pt-pt\/e-amoroso-derrubar-as-crencas-de-outros\/\"><strong>\u00c9 AMOROSO DERRUBAR AS CREN\u00c7AS DE OUTROS?\u2013Uma Carta Aberta \u00c0queles que se Op\u00f5em ao Nosso Minist\u00e9rio <\/strong><\/a>(4witness.org)<\/p>\n<div class=\"fusion-clearfix\"><\/div><\/div><\/div><div class=\"fusion-clearfix\"><\/div><div class=\"fusion-one-fourth fusion-layout-column fusion-spacing-yes\" style=\"margin-top:;margin-bottom:;\"><div class=\"fusion-column-wrapper\"><p><a href=\"http:\/\/4witness.org\/the-founding-of-witnesses-for-jesus-inc\/\/?p=6536\"><strong><img loading=\"lazy\" decoding=\"async\" src=\"https:\/\/witforjesus.org\/images\/4warticles\/christy-zion.jpg\" alt=\"Is it loving to tare down someone else's beliefs?\" width=\"300\" height=\"225\" \/><\/strong><\/a>\u00a0<strong>COMO SE INICIOU ESTE MINIST\u00c9RIO (4witness.org)<\/strong><\/p>\n<div class=\"fusion-clearfix\"><\/div><\/div><\/div><div class=\"fusion-one-fourth fusion-layout-column fusion-spacing-yes\" style=\"margin-top:;margin-bottom:;\"><div class=\"fusion-column-wrapper\"><p><a title=\"How to financially support us\" href=\"http:\/\/4jehovah.org\/how-to-financially-support-us\/\"><strong><img loading=\"lazy\" decoding=\"async\" src=\"https:\/\/witforjesus.org\/images\/home\/donate2.jpg\" alt=\"ExJW Meetup\" width=\"300\" height=\"225\" \/><\/strong><\/a>\u00a0<a title=\"financiado\" href=\"http:\/\/4jehovah.org\/how-to-financially-support-us\/\" target=\"_blank\"><strong>COMO ESTE MINIST\u00c9RIO \u00c9 FINANCIADO <\/strong><\/a>(em Ingl\u00eas)<\/p>\n<div class=\"fusion-clearfix\"><\/div><\/div><\/div><div class=\"fusion-one-fourth fusion-layout-column fusion-spacing-yes\" style=\"margin-top:;margin-bottom:;\"><div class=\"fusion-column-wrapper\"><p><a title=\"What's New\" href=\"https:\/\/www.4jehovah.org\/pt-pt\/novo\/\"><strong><img loading=\"lazy\" decoding=\"async\" src=\"https:\/\/witforjesus.org\/images\/home\/new.jpg\" alt=\"ExJW Meetup\" width=\"300\" height=\"225\" \/><\/strong><\/a>\u00a0<a title=\"O que \u00e9 novo nos nossos site\" href=\"https:\/\/www.4jehovah.org\/pt-pt\/novo\/\"><strong>O QUE \u00c9 NOVO NOS NOSSOS SITE<\/strong><\/a><\/p>\n<div class=\"fusion-clearfix\"><\/div><\/div><\/div><div class=\"fusion-one-fourth fusion-layout-column fusion-column-last fusion-spacing-yes\" style=\"margin-top:;margin-bottom:;\"><div class=\"fusion-column-wrapper\"><p><a href=\"https:\/\/www.4jehovah.org\/pt-pt\/termos-e-condicoes\/\"><strong><img loading=\"lazy\" decoding=\"async\" src=\"https:\/\/witforjesus.org\/images\/jwarticles\/privacy-policy.jpg\" alt=\"ExJW Meetup\" width=\"300\" height=\"225\" \/><\/strong><\/a>\u00a0<a title=\"Termos e condi\u00e7\u00f5es\" href=\"https:\/\/www.4jehovah.org\/pt-pt\/termos-e-condicoes\/\"><strong>NOSSOS TERMOS E CONDI\u00c7\u00d5ES<\/strong><\/a><\/p>\n<div class=\"fusion-clearfix\"><\/div><\/div><\/div><div class=\"fusion-clearfix\"><\/div>\n","protected":false},"excerpt":{"rendered":"","protected":false},"author":6,"featured_media":15671,"parent":0,"menu_order":0,"comment_status":"closed","ping_status":"closed","template":"","meta":{"footnotes":""},"class_list":["post-8824","page","type-page","status-publish","has-post-thumbnail","hentry"],"_links":{"self":[{"href":"https:\/\/www.4jehovah.org\/pt-pt\/wp-json\/wp\/v2\/pages\/8824","targetHints":{"allow":["GET"]}}],"collection":[{"href":"https:\/\/www.4jehovah.org\/pt-pt\/wp-json\/wp\/v2\/pages"}],"about":[{"href":"https:\/\/www.4jehovah.org\/pt-pt\/wp-json\/wp\/v2\/types\/page"}],"author":[{"embeddable":true,"href":"https:\/\/www.4jehovah.org\/pt-pt\/wp-json\/wp\/v2\/users\/6"}],"replies":[{"embeddable":true,"href":"https:\/\/www.4jehovah.org\/pt-pt\/wp-json\/wp\/v2\/comments?post=8824"}],"version-history":[{"count":30,"href":"https:\/\/www.4jehovah.org\/pt-pt\/wp-json\/wp\/v2\/pages\/8824\/revisions"}],"predecessor-version":[{"id":16003,"href":"https:\/\/www.4jehovah.org\/pt-pt\/wp-json\/wp\/v2\/pages\/8824\/revisions\/16003"}],"wp:featuredmedia":[{"embeddable":true,"href":"https:\/\/www.4jehovah.org\/pt-pt\/wp-json\/wp\/v2\/media\/15671"}],"wp:attachment":[{"href":"https:\/\/www.4jehovah.org\/pt-pt\/wp-json\/wp\/v2\/media?parent=8824"}],"curies":[{"name":"wp","href":"https:\/\/api.w.org\/{rel}","templated":true}]}}