{"id":7273,"date":"2013-04-04T21:51:25","date_gmt":"2013-04-05T04:51:25","guid":{"rendered":"https:\/\/www.4jehovah.org\/?page_id=7273"},"modified":"2015-04-13T12:45:19","modified_gmt":"2015-04-13T19:45:19","slug":"guias-de-formacao","status":"publish","type":"page","link":"https:\/\/www.4jehovah.org\/pt-pt\/pregando-o-reino-de-deus\/guias-de-formacao\/","title":{"rendered":"Guias de Forma\u00e7\u00e3o \u2013 O Que Voc\u00ea Precisa Saber"},"content":{"rendered":"<div class=\"fusion-fullwidth fullwidth-box fusion-fullwidth-1  fusion-parallax-none nonhundred-percent-fullwidth\" style=\"border-bottom-width: 0px;border-top-width: 0px;border-bottom-style: solid;border-top-style: solid;padding-bottom:20px;padding-top:20px;padding-left:0px;padding-right:0px;\"><style type=\"text\/css\" scoped=\"scoped\">.fusion-fullwidth-1 {\n                            padding-left: 0px !important;\n                            padding-right: 0px !important;\n                        }<\/style><div class=\"fusion-row\"><div class=\"fusion-title title fusion-title-size-one\"><h1 class=\"title-heading-left\"><span style=\"font-size: large;\"><strong>GUIAS DE FORMA\u00c7\u00c3O \u2013 O QUE VOC\u00ca PRECISA SABER<\/strong><\/span><\/h1><div class=\"title-sep-container\"><div class=\"title-sep sep-single\"><\/div><\/div><\/div><\/div><\/div><div class=\"fusion-one-fourth fusion-layout-column fusion-spacing-yes\" style=\"margin-top:;margin-bottom:;\"><div class=\"fusion-column-wrapper\"><p><a href=\"https:\/\/www.4jehovah.org\/pt-pt\/sera-que-as-testemunhas-de-jeova-nasceram-de-novo\/\"><img loading=\"lazy\" decoding=\"async\" src=\"https:\/\/witforjesus.org\/images\/jwarticles\/heaven.jpg\" alt=\"heavenlysunset\" width=\"300\" height=\"225\" \/><\/a>\u00a0<a href=\"https:\/\/www.4jehovah.org\/pt-pt\/sera-que-as-testemunhas-de-jeova-nasceram-de-novo\/\"><strong>SER\u00c1 QUE AS TESTEMUNHAS DE JEOV\u00c1 &#8220;NASCERAM DE NOVO&#8221;?<\/strong> <strong>\u201cV\u00f3s Tendes de Nascer De Novo\u201d &#8211;\u00a0Jo\u00e3o 3:7 &#8211; <b><i>Ajudando Crist\u00e3os a plantar sementes do Evangelho nos Cora\u00e7\u00f5es das Testemunhas de Jeov\u00e1<\/i><\/b><br \/>\n<\/strong><\/a><\/p>\n<div class=\"fusion-clearfix\"><\/div><\/div><\/div><div class=\"fusion-one-fourth fusion-layout-column fusion-spacing-yes\" style=\"margin-top:;margin-bottom:;\"><div class=\"fusion-column-wrapper\"><p><a href=\"https:\/\/www.4jehovah.org\/pt-pt\/como-testemunhar-eficazmente-as-testemunhas-de-jeova\/\"><img loading=\"lazy\" decoding=\"async\" src=\"https:\/\/witforjesus.org\/images\/jwarticles\/brick-wall.jpg\" alt=\"Kingdom Hall\" width=\"300\" height=\"225\" \/><\/a>\u00a0<a title=\"Como Testemunhar Eficazmente As Testemunhas De Jeov\u00e1\" href=\"https:\/\/www.4jehovah.org\/pt-pt\/como-testemunhar-eficazmente-as-testemunhas-de-jeova\/\"><strong>COMO TESTEMUNHAR EFICAZMENTE AS TESTEMUNHAS DE JEOV\u00c1<\/strong><strong> &#8211; <\/strong><strong>Quebrando a Barreira da Torre de Vigia Passo-a-Passo<\/strong><\/a><\/p>\n<div class=\"fusion-clearfix\"><\/div><\/div><\/div><div class=\"fusion-one-fourth fusion-layout-column fusion-spacing-yes\" style=\"margin-top:;margin-bottom:;\"><div class=\"fusion-column-wrapper\"><p><a href=\"https:\/\/www.4jehovah.org\/pt-pt\/o-que-voce-precisa-saber-para-resgatar-o-seu-ente-querido-das-testemunhas-de-jeova\/\"><img loading=\"lazy\" decoding=\"async\" src=\"https:\/\/witforjesus.org\/images\/jwarticles\/friends.jpg\" alt=\"Reaching Loved Ones\" width=\"300\" height=\"225\" \/><\/a>\u00a0<a title=\"O Que Voc\u00ea Precisa Saber Para Resgatar O Seu Ente Querido Das Testemunhas De Jeov\u00e1\" href=\"https:\/\/www.4jehovah.org\/pt-pt\/o-que-voce-precisa-saber-para-resgatar-o-seu-ente-querido-das-testemunhas-de-jeova\/\"><strong>O QUE VOC\u00ca PRECISA SABER PARA RESGATAR O SEU ENTE QUERIDO DAS TESTEMUNHAS DE JEOV\u00c1 \u2014Como Abrir a Mente Fechada de Um Amigo ou Parente Testemunha de Jeov\u00e1<\/strong><\/a><\/p>\n<div class=\"fusion-clearfix\"><\/div><\/div><\/div><div class=\"fusion-one-fourth fusion-layout-column fusion-column-last fusion-spacing-yes\" style=\"margin-top:;margin-bottom:;\"><div class=\"fusion-column-wrapper\"><p><a href=\"https:\/\/www.4jehovah.org\/pt-pt\/como-falar-da-divindade-de-jesus-cristo-com-as-testemunhas-de-jeova\/\"><img loading=\"lazy\" decoding=\"async\" src=\"https:\/\/witforjesus.org\/images\/jwarticles\/jwtrinity.jpg\" alt=\"Believe  Trinity Book\" width=\"300\" height=\"225\" \/><\/a>\u00a0<a title=\"Como Falar Da Divindade De Jesus Cristo Com As Testemunhas De Jeov\u00e1\" href=\"https:\/\/www.4jehovah.org\/pt-pt\/como-falar-da-divindade-de-jesus-cristo-com-as-testemunhas-de-jeova\/\"><strong>COMO FALAR DA DIVINDADE DE JESUS CRISTO COM AS TESTEMUNHAS DE JEOV\u00c1<\/strong><\/a><\/p>\n<div class=\"fusion-clearfix\"><\/div><\/div><\/div><div class=\"fusion-clearfix\"><\/div><div class=\"fusion-one-fourth fusion-layout-column fusion-spacing-yes\" style=\"margin-top:;margin-bottom:;\"><div class=\"fusion-column-wrapper\"><p><a href=\"https:\/\/www.4jehovah.org\/pt-pt\/perguntas-para-fazer-as-testemunhas-de-jeova-quando-elas-batem-a-sua-porta\/\"><img loading=\"lazy\" decoding=\"async\" src=\"https:\/\/witforjesus.org\/images\/jwarticles\/witness-door.jpg\" alt=\"New World Translation\" width=\"300\" height=\"225\" \/><\/a><a title=\"Perguntas Para Fazer \u00c0s Testemunhas De Jeov\u00e1 Quando Elas Batem \u00c0 Sua Porta\" href=\"https:\/\/www.4jehovah.org\/pt-pt\/perguntas-para-fazer-as-testemunhas-de-jeova-quando-elas-batem-a-sua-porta\/\"><b>PERGUNTAS PARA FAZER \u00c0S TESTEMUNHAS DE JEOV\u00c1 QUANDO ELAS BATEM \u00c0 SUA PORTA \u2013-Um Guia Passo-a-Passo para os Crist\u00e3os Testemunharem as Testemunhas de Jeov\u00e1<\/b><\/a><\/p>\n<div class=\"fusion-clearfix\"><\/div><\/div><\/div><div class=\"fusion-one-fourth fusion-layout-column fusion-column-last fusion-spacing-yes\" style=\"margin-top:;margin-bottom:;\"><div class=\"fusion-column-wrapper\"><p><a href=\"https:\/\/www.4jehovah.org\/pt-pt\/loja\/livros\/conversas-cristas-com-as-testemunhas-de-jeova\/\"><img loading=\"lazy\" decoding=\"async\" src=\"https:\/\/witforjesus.org\/images\/jwbooks\/ccjw-pt.jpg\" alt=\"Christian Conversations Book\" width=\"300\" height=\"400\" \/><\/a>\u00a0<strong>\u00a0<\/strong><\/p>\n<p><a title=\"Conversas Crist\u00e3s com as Testemunhas de Jeov\u00e1\" href=\"https:\/\/www.4jehovah.org\/pt-pt\/loja\/livros\/conversas-cristas-com-as-testemunhas-de-jeova\/\"><strong>CONVERSAS CRIST\u00c3S COM AS TESTEMUNHAS DE JEOV\u00c1 <\/strong><strong>\u2014 Respostas B\u00edblicas a perguntas que as Testemunhas de Jeov\u00e1 fazem<\/strong><\/a><\/p>\n<ul>\n<li><strong>Novas Luzes &#8211; Mudan\u00e7as na Doutrina da Torre de Vigia<\/strong><\/li>\n<li><strong><strong>Divindade de Jesus Cristo e a Trindade<\/strong><\/strong><\/li>\n<li><strong><strong>144.000 e o Reinado de Jesus<\/strong><\/strong><\/li>\n<li><strong><strong>F\u00e9 e Obras na Salva\u00e7\u00e3o<\/strong><\/strong><\/li>\n<li><strong><strong>Transfus\u00f5es de Sangue<\/strong><\/strong><\/li>\n<li><strong><strong>Guerra e Pol\u00edtica<\/strong><\/strong><\/li>\n<li><strong><strong>Celebra\u00e7\u00e3o de Feriados<\/strong><\/strong><\/li>\n<li><strong><strong>A Alma Imortal<\/strong><\/strong><\/li>\n<li><strong><strong>A Cruz<\/strong><\/strong><\/li>\n<\/ul>\n<div class=\"fusion-clearfix\"><\/div><\/div><\/div><div class=\"fusion-clearfix\"><\/div>\n","protected":false},"excerpt":{"rendered":"","protected":false},"author":6,"featured_media":18034,"parent":5807,"menu_order":0,"comment_status":"closed","ping_status":"closed","template":"","meta":{"footnotes":""},"class_list":["post-7273","page","type-page","status-publish","has-post-thumbnail","hentry"],"_links":{"self":[{"href":"https:\/\/www.4jehovah.org\/pt-pt\/wp-json\/wp\/v2\/pages\/7273","targetHints":{"allow":["GET"]}}],"collection":[{"href":"https:\/\/www.4jehovah.org\/pt-pt\/wp-json\/wp\/v2\/pages"}],"about":[{"href":"https:\/\/www.4jehovah.org\/pt-pt\/wp-json\/wp\/v2\/types\/page"}],"author":[{"embeddable":true,"href":"https:\/\/www.4jehovah.org\/pt-pt\/wp-json\/wp\/v2\/users\/6"}],"replies":[{"embeddable":true,"href":"https:\/\/www.4jehovah.org\/pt-pt\/wp-json\/wp\/v2\/comments?post=7273"}],"version-history":[{"count":20,"href":"https:\/\/www.4jehovah.org\/pt-pt\/wp-json\/wp\/v2\/pages\/7273\/revisions"}],"predecessor-version":[{"id":16611,"href":"https:\/\/www.4jehovah.org\/pt-pt\/wp-json\/wp\/v2\/pages\/7273\/revisions\/16611"}],"up":[{"embeddable":true,"href":"https:\/\/www.4jehovah.org\/pt-pt\/wp-json\/wp\/v2\/pages\/5807"}],"wp:featuredmedia":[{"embeddable":true,"href":"https:\/\/www.4jehovah.org\/pt-pt\/wp-json\/wp\/v2\/media\/18034"}],"wp:attachment":[{"href":"https:\/\/www.4jehovah.org\/pt-pt\/wp-json\/wp\/v2\/media?parent=7273"}],"curies":[{"name":"wp","href":"https:\/\/api.w.org\/{rel}","templated":true}]}}