{"id":5807,"date":"2013-03-21T12:30:39","date_gmt":"2013-03-21T19:30:39","guid":{"rendered":"https:\/\/www.4jehovah.org\/?page_id=5807"},"modified":"2015-05-05T13:59:02","modified_gmt":"2015-05-05T20:59:02","slug":"pregando-o-reino-de-deus","status":"publish","type":"page","link":"https:\/\/www.4jehovah.org\/pt-pt\/pregando-o-reino-de-deus\/","title":{"rendered":"Pregando o Reino de Deus"},"content":{"rendered":"<p style=\"text-align: center;\">\u00a0<span style=\"font-size: large;\"><strong>PREGANDO O VERDADEIRO REINO DE JEOV\u00c1 DEUS \u00c0S TESTEMUNHAS DE JEOV\u00c1<\/strong><\/span><\/p>\n<p><strong><strong><strong><strong><strong><strong><strong><strong><strong><strong><strong><strong><strong><strong><strong><strong><strong><img decoding=\"async\" title=\"Evangelism\" src=\"https:\/\/witforjesus.org\/images\/long\/4jehovah\/evangelism.png\" alt=\"Evangelism\" \/><\/strong><\/strong><\/strong><\/strong><\/strong><\/strong><\/strong><\/strong><\/strong><\/strong><\/strong><\/strong><\/strong><\/strong><\/strong><\/strong><\/strong><\/p>\n<p><span style=\"font-size: large;\"><strong><a title=\"GUIAS DE FORMA\u00c7\u00c3O \u2013 O QUE VOC\u00ca PRECISA SABER\" href=\"https:\/\/www.4jehovah.org\/pt-pt\/pregando-o-reino-de-deus\/guias-de-formacao\/\"><strong>GUIAS DE FORMA\u00c7\u00c3O \u2013 O QUE VOC\u00ca PRECISA SABER<\/strong><\/a><br \/>\n<\/strong><\/span><\/p>\n<p><span style=\"font-size: large;\"><strong><strong><strong><strong><strong><strong><strong><strong><strong><strong><strong><strong><strong><strong><strong><strong><strong><img loading=\"lazy\" decoding=\"async\" title=\"Evangelism\" src=\"https:\/\/witforjesus.org\/images\/long\/4jehovah\/training.png\" alt=\"Evangelism\" width=\"590\" height=\"265\" \/><\/strong><\/strong><\/strong><\/strong><\/strong><\/strong><\/strong><\/strong><\/strong><\/strong><\/strong><\/strong><\/strong><\/strong><\/strong><\/strong><\/strong><\/span><a title=\"Questions for Jehovah\u2019s Witnesses\" href=\"https:\/\/www.4jehovah.org\/preaching-gods-kingdom\/questions-for-jehovahs-witnesses\/\"><span style=\"font-size: large;\"><br \/>\n<\/span><\/a><\/p>\n<p><span style=\"font-size: large;\"><strong><a title=\"QUEST\u00d5ES PASSO-A-PASSO PARA TESTEMUNHAS DE JEOV\u00c1\" href=\"https:\/\/www.4jehovah.org\/pt-pt\/pregando-o-reino-de-deus\/perguntas-as-testemunhas-de-jeova\/\">QUEST\u00d5ES PASSO-A-PASSO PARA TESTEMUNHAS DE JEOV\u00c1<\/a><\/strong><b><br \/>\n<\/b><\/span><\/p>\n<p><strong><strong><strong><strong><strong><strong><strong><strong><strong><strong><strong><strong><strong><strong><strong><strong><strong><img loading=\"lazy\" decoding=\"async\" title=\"Cards\" src=\"https:\/\/witforjesus.org\/images\/jwcards\/jw_card.jpg\" alt=\"Cards\" width=\"514\" height=\"305\" \/><\/strong><\/strong><\/strong><\/strong><\/strong><\/strong><\/strong><\/strong><\/strong><\/strong><\/strong><\/strong><\/strong><\/strong><\/strong><\/strong><\/strong><\/p>\n<p><span style=\"font-size: large;\"><strong><a title=\"Cart\u00f5es para as Testemunhas de Jeov\u00e1\" href=\"https:\/\/www.4jehovah.org\/pt-pt\/pregando-o-reino-de-deus\/cartoes-para-as-testemunhas-de-jeova\/\">CART\u00d5ES COM PERGUNTAS PARA TESTEMUNHAS DE JEOV\u00c1<\/a><\/strong><b><br \/>\n<\/b><\/span><\/p>\n<p><strong><strong><strong><strong><strong><strong><strong><strong><strong><strong><strong><strong><strong><strong><strong><strong><strong><img loading=\"lazy\" decoding=\"async\" title=\"Tracts \" src=\"https:\/\/witforjesus.org\/images\/long\/4jehovah\/tracts.png\" alt=\"Tracts\" width=\"590\" height=\"276\" \/><\/strong><\/strong><\/strong><\/strong><\/strong><\/strong><\/strong><\/strong><\/strong><\/strong><\/strong><\/strong><\/strong><\/strong><\/strong><\/strong><\/strong><\/p>\n<p><a title=\"Tratados para Testemunhas de Jeov\u00e1\" href=\"https:\/\/www.4jehovah.org\/pt-pt\/pregando-o-reino-de-deus\/folhetos\/\"><span style=\"font-size: large;\"><b>TRATADOS PARA TESTEMUNHAS DE JEOV\u00c1<\/b><\/span><\/a><\/p>\n<p><a title=\"Banners 4Jehovah e Etiquetas\" href=\"https:\/\/www.4jehovah.org\/pt-pt\/pregando-o-reino-de-deus\/banners-4jehovah-e-etiquetas\/\"><strong><strong><strong><strong><strong><strong><strong><strong><strong><strong><strong><strong><strong><strong><strong><strong><strong><img loading=\"lazy\" decoding=\"async\" title=\"Ex-Jehovah's Witnesses Living for Jehovah God - Serving in Freedom! 4Jehovah.org\" src=\"https:\/\/witforjesus.org\/images\/stickers\/jw\/pt-4jehovah-main.jpg\" alt=\"Ex-Jehovah's Witnesses Living for Jehovah God - Serving in Freedom! 4Jehovah.org\" width=\"590\" height=\"227\" \/><\/strong><\/strong><\/strong><\/strong><\/strong><\/strong><\/strong><\/strong><\/strong><\/strong><\/strong><\/strong><\/strong><\/strong><\/strong><\/strong><\/strong><\/a><\/p>\n<p><a title=\"Banners 4Jehovah e Etiquetas\" href=\"https:\/\/www.4jehovah.org\/pt-pt\/pregando-o-reino-de-deus\/banners-4jehovah-e-etiquetas\/\"><span style=\"font-size: large;\"><b>4JEHOVAH.ORG BANNERS E AUTOCOLANTES<\/b><\/span><\/a><\/p>\n<p><a title=\"Proteja a Sua Vizinhan\u00e7a\" href=\"https:\/\/www.4jehovah.org\/pt-pt\/pregando-o-reino-de-deus\/proteja-a-sua-vizinhanca\/\"><strong><strong><strong><strong><strong><strong><strong><strong><strong><strong><strong><strong><strong><strong><strong><strong><strong><img loading=\"lazy\" decoding=\"async\" title=\"Ex-Jehovah's Witnesses Living for Jehovah God - Serving in Freedom! 4Jehovah.org\" src=\"https:\/\/witforjesus.org\/images\/stickers\/jw\/pt-jw-sticker.jpg\" alt=\"Ex-Jehovah's Witnesses Living for Jehovah God - Serving in Freedom! 4Jehovah.org\" width=\"590\" height=\"227\" \/><\/strong><\/strong><\/strong><\/strong><\/strong><\/strong><\/strong><\/strong><\/strong><\/strong><\/strong><\/strong><\/strong><\/strong><\/strong><\/strong><\/strong><\/a><\/p>\n<p><a title=\"Proteja a Sua Vizinhan\u00e7a\" href=\"https:\/\/www.4jehovah.org\/pt-pt\/pregando-o-reino-de-deus\/proteja-a-sua-vizinhanca\/\"><span style=\"font-size: large;\"><b>PROTEGENDO A SUA VIZINHAN\u00c7A<\/b><\/span><\/a><\/p>\n<p>&nbsp;<\/p>\n<p>&nbsp;<\/p>\n","protected":false},"excerpt":{"rendered":"<p>\u00a0PREGANDO O VERDADEIRO REINO DE JEOV\u00c1 DEUS \u00c0S TESTEMUNHAS DE JEOV\u00c1 GUIAS DE FORMA\u00c7\u00c3O \u2013 O QUE VOC\u00ca PRECISA SABER QUEST\u00d5ES PASSO-A-PASSO PARA TESTEMUNHAS DE JEOV\u00c1 CART\u00d5ES COM PERGUNTAS PARA TESTEMUNHAS DE JEOV\u00c1 TRATADOS PARA TESTEMUNHAS DE JEOV\u00c1 4JEHOVAH.ORG BANNERS E AUTOCOLANTES PROTEGENDO A SUA VIZINHAN\u00c7A &nbsp; &nbsp;<\/p>\n","protected":false},"author":6,"featured_media":0,"parent":0,"menu_order":0,"comment_status":"closed","ping_status":"closed","template":"","meta":{"footnotes":""},"class_list":["post-5807","page","type-page","status-publish","hentry"],"_links":{"self":[{"href":"https:\/\/www.4jehovah.org\/pt-pt\/wp-json\/wp\/v2\/pages\/5807","targetHints":{"allow":["GET"]}}],"collection":[{"href":"https:\/\/www.4jehovah.org\/pt-pt\/wp-json\/wp\/v2\/pages"}],"about":[{"href":"https:\/\/www.4jehovah.org\/pt-pt\/wp-json\/wp\/v2\/types\/page"}],"author":[{"embeddable":true,"href":"https:\/\/www.4jehovah.org\/pt-pt\/wp-json\/wp\/v2\/users\/6"}],"replies":[{"embeddable":true,"href":"https:\/\/www.4jehovah.org\/pt-pt\/wp-json\/wp\/v2\/comments?post=5807"}],"version-history":[{"count":15,"href":"https:\/\/www.4jehovah.org\/pt-pt\/wp-json\/wp\/v2\/pages\/5807\/revisions"}],"predecessor-version":[{"id":17215,"href":"https:\/\/www.4jehovah.org\/pt-pt\/wp-json\/wp\/v2\/pages\/5807\/revisions\/17215"}],"wp:attachment":[{"href":"https:\/\/www.4jehovah.org\/pt-pt\/wp-json\/wp\/v2\/media?parent=5807"}],"curies":[{"name":"wp","href":"https:\/\/api.w.org\/{rel}","templated":true}]}}