{"id":5799,"date":"2013-03-21T12:20:16","date_gmt":"2013-03-21T19:20:16","guid":{"rendered":"https:\/\/www.4jehovah.org\/?page_id=5799"},"modified":"2015-10-14T12:59:15","modified_gmt":"2015-10-14T19:59:15","slug":"loja","status":"publish","type":"page","link":"https:\/\/www.4jehovah.org\/pt-pt\/loja\/","title":{"rendered":"Loja"},"content":{"rendered":"<p><a href=\"https:\/\/www.4jehovah.org\/pt-pt\/loja\/livros\/\"><img loading=\"lazy\" decoding=\"async\" title=\"Books about Jehovah's Witnesses\" src=\"https:\/\/witforjesus.org\/images\/jwbooks\/jw-books.jpg\" alt=\"Books about Jehovah's Witnesses\" width=\"590\" height=\"165\" \/><\/a><\/p>\n<p style=\"padding-left: 30px; text-align: left;\"><a title=\"Livros acerca das Testemunhas de Jeov\u00e1\" href=\"https:\/\/www.4jehovah.org\/pt-pt\/loja\/livros\/\"><span style=\"font-size: x-large;\"><b>LIVROS ACERCA DAS TESTEMUNHAS DE JEOV\u00c1<\/b><\/span><\/a><\/p>\n<p><a href=\"https:\/\/www.4jehovah.org\/shop\/library\/jehovahs-witness-audio\/\"><img loading=\"lazy\" decoding=\"async\" title=\"Audio CDs about Jehovah's Witnesses\" src=\"https:\/\/witforjesus.org\/images\/jwmedia\/jwcds.jpg\" alt=\"Audio CDs about Jehovah's Witnesses\" width=\"590\" height=\"192\" \/><\/a><\/p>\n<p style=\"padding-left: 30px;\"><a title=\"Audio em ingles\" href=\"https:\/\/www.4jehovah.org\/shop\/library\/jehovahs-witness-audio\/\"><span style=\"font-size: x-large;\"><strong><b>CDS AUDIO E MP3S (EM INGL\u00caS APENAS)<\/b><\/strong><\/span><\/a><\/p>\n<p><a href=\"https:\/\/www.4jehovah.org\/shop\/library\/videos-about-jehovahs-witnesses\/\"><img loading=\"lazy\" decoding=\"async\" title=\"Videos about Jehovah's Witnesses\" src=\"https:\/\/witforjesus.org\/images\/jwmedia\/jwdvds.jpg\" alt=\"Videos about Jehovah's Witnesses\" width=\"590\" height=\"368\" \/><\/a><\/p>\n<p style=\"padding-left: 30px;\"><a title=\"Videos em ingles\" href=\"https:\/\/www.4jehovah.org\/shop\/library\/videos-about-jehovahs-witnesses\/\"><span style=\"font-size: large;\"><b>VIDEOS ACERCA DAS TESTEMUNHAS DE JEOV\u00c1 (INGL\u00caS APENAS)<\/b><\/span><\/a><\/p>\n<p>&nbsp;<\/p>\n<p>&nbsp;<\/p>\n","protected":false},"excerpt":{"rendered":"<p>LIVROS ACERCA DAS TESTEMUNHAS DE JEOV\u00c1 CDS AUDIO E MP3S (EM INGL\u00caS APENAS) VIDEOS ACERCA DAS TESTEMUNHAS DE JEOV\u00c1 (INGL\u00caS APENAS) &nbsp; &nbsp;<\/p>\n","protected":false},"author":6,"featured_media":0,"parent":0,"menu_order":0,"comment_status":"closed","ping_status":"closed","template":"","meta":{"footnotes":""},"class_list":["post-5799","page","type-page","status-publish","hentry"],"_links":{"self":[{"href":"https:\/\/www.4jehovah.org\/pt-pt\/wp-json\/wp\/v2\/pages\/5799","targetHints":{"allow":["GET"]}}],"collection":[{"href":"https:\/\/www.4jehovah.org\/pt-pt\/wp-json\/wp\/v2\/pages"}],"about":[{"href":"https:\/\/www.4jehovah.org\/pt-pt\/wp-json\/wp\/v2\/types\/page"}],"author":[{"embeddable":true,"href":"https:\/\/www.4jehovah.org\/pt-pt\/wp-json\/wp\/v2\/users\/6"}],"replies":[{"embeddable":true,"href":"https:\/\/www.4jehovah.org\/pt-pt\/wp-json\/wp\/v2\/comments?post=5799"}],"version-history":[{"count":15,"href":"https:\/\/www.4jehovah.org\/pt-pt\/wp-json\/wp\/v2\/pages\/5799\/revisions"}],"predecessor-version":[{"id":17684,"href":"https:\/\/www.4jehovah.org\/pt-pt\/wp-json\/wp\/v2\/pages\/5799\/revisions\/17684"}],"wp:attachment":[{"href":"https:\/\/www.4jehovah.org\/pt-pt\/wp-json\/wp\/v2\/media?parent=5799"}],"curies":[{"name":"wp","href":"https:\/\/api.w.org\/{rel}","templated":true}]}}