{"id":5542,"date":"2013-03-18T14:21:09","date_gmt":"2013-03-18T21:21:09","guid":{"rendered":"https:\/\/www.4jehovah.org\/?page_id=5542"},"modified":"2018-04-02T22:04:58","modified_gmt":"2018-04-03T05:04:58","slug":"respostas-biblicas","status":"publish","type":"page","link":"https:\/\/www.4jehovah.org\/pt-pt\/respostas-biblicas\/","title":{"rendered":"Respostas B\u00edblicas"},"content":{"rendered":"<p><a title=\"Jehovah\u2019s Witness Beliefs Answered\" href=\"https:\/\/www.4jehovah.org\/bible-answers\/jehovahs-witness-beliefs-and-practices\/\"><img loading=\"lazy\" decoding=\"async\" class=\"aligncenter\" src=\"https:\/\/witforjesus.org\/images\/long\/4jehovah\/bible-answers.png\" alt=\"Folding Tracts\" width=\"590\" height=\"241\" \/><\/a><\/p>\n<p style=\"text-align: center;\"><a title=\"Cren\u00e7as e Pr\u00e1ticas das Testemunhas de Jeov\u00e1\" href=\"https:\/\/www.4jehovah.org\/pt-pt\/respostas-biblicas\/crencas-e-praticas-das-testemunhas-de-jeova\/\"><span style=\"font-size: large;\"><strong>CREN\u00c7AS E PR\u00c1TICAS DAS TESTEMUNHAS DE JEOV\u00c1<\/strong><\/span><strong><br \/>\n<\/strong><\/a><\/p>\n<ul class=\"lcp_catlist\" id=\"lcp_instance_0\"><li><a href=\"https:\/\/www.4jehovah.org\/pt-pt\/sera-que-jesus-ressuscitou-dentre-os-mortos-num-corpo-espiritual-invisivel\/\">Ser\u00e1 que Jesus ressuscitou dentre os mortos num corpo espiritual invis\u00edvel?<\/a><\/li><li><a href=\"https:\/\/www.4jehovah.org\/pt-pt\/como-as-testemunhas-de-jeova-encaram-os-transexuais-homossexuais-e-lesbicas\/\">Como As Testemunhas De Jeov\u00e1 Encaram Os Transexuais, Homossexuais E L\u00e9sbicas?<\/a><\/li><li><a href=\"https:\/\/www.4jehovah.org\/pt-pt\/abuso-nas-testemunhas-de-jeova-e-como-perdoar\/\">Abuso nas Testemunhas de Jeov\u00e1 e como Perdoar<\/a><\/li><li><a href=\"https:\/\/www.4jehovah.org\/pt-pt\/o-entendimento-do-estudo-biblico-pelas-testemunhas-de-jeova\/\">O entendimento do estudo B\u00edblico pelas Testemunhas de Jeov\u00e1<\/a><\/li><li><a href=\"https:\/\/www.4jehovah.org\/pt-pt\/sera-que-elias-enviou-uma-carta-ao-rei-jeorao-apos-a-sua-ascensao-ao-ceu\/\">Ser\u00e1 que Elias enviou uma carta ao Rei Jeor\u00e3o ap\u00f3s a sua ascens\u00e3o ao c\u00e9u?<\/a><\/li><li><a href=\"https:\/\/www.4jehovah.org\/pt-pt\/sera-que-os-patriarcas-das-escrituras-hebraicas-estao-no-ceu\/\">Ser\u00e1 que os patriarcas das escrituras hebraicas est\u00e3o no c\u00e9u?<\/a><\/li><li><a href=\"https:\/\/www.4jehovah.org\/pt-pt\/o-que-as-testemunhas-de-jeova-creem-acerca-da-cura-fisica\/\">O que as Testemunhas de Jeov\u00e1 cr\u00eaem acerca da cura f\u00edsica?<\/a><\/li><li><a href=\"https:\/\/www.4jehovah.org\/pt-pt\/espionagem-e-perseguicao-nas-testemunhas-de-jeova\/\">Espionagem e Persegui\u00e7\u00e3o nas Testemunhas de Jeov\u00e1<\/a><\/li><li><a href=\"https:\/\/www.4jehovah.org\/pt-pt\/o-que-as-testemunhas-de-jeova-precisam-de-saber-sobre-o-natal\/\">O Que as Testemunhas de Jeov\u00e1 Precisam de Saber Sobre O Natal<\/a><\/li><li><a href=\"https:\/\/www.4jehovah.org\/pt-pt\/as-testemunhas-de-jeova-recusam-transfusoes-de-sangue\/\">As Testemunhas de Jeov\u00e1 recusam transfus\u00f5es de sangue<\/a><\/li><li><a href=\"https:\/\/www.4jehovah.org\/pt-pt\/ira-a-grande-multidao-estar-na-terra-quando-o-armagedom-irromper\/\">Ir\u00e1 A \u201cGrande Multid\u00e3o\u201d Estar Na Terra Quando O Armagedom Irromper?<\/a><\/li><li><a href=\"https:\/\/www.4jehovah.org\/pt-pt\/e-a-biblia-das-testemunhas-de-jeova-a-traducao-do-novo-mundo\/\">\u00c9 A B\u00edblia Das Testemunhas De Jeov\u00e1, A Tradu\u00e7\u00e3o Do Novo Mundo, Uma Boa Tradu\u00e7\u00e3o?<\/a><\/li><li><a href=\"https:\/\/www.4jehovah.org\/pt-pt\/ira-deus-punir-as-pessoas-para-sempre-no-inferno\/\">Ir\u00e1 Deus Punir As Pessoas Para Sempre No Inferno?<\/a><\/li><li><a href=\"https:\/\/www.4jehovah.org\/pt-pt\/guerra-e-neutralidade-deviam-os-cristaos-permanecer-neutros-durante-a-guerra\/\">GUERRA e NEUTRALIDADE &#8211; Deviam os Crist\u00e3os Permanecer Neutros Durante a Guerra?<\/a><\/li><li><a href=\"https:\/\/www.4jehovah.org\/pt-pt\/sao-a-alma-e-o-espirito-humano-imortais\/\">S\u00e3o A Alma E O Esp\u00edrito Humano Imortais?<\/a><\/li><li><a href=\"https:\/\/www.4jehovah.org\/pt-pt\/as-testemunhas-de-jeova-ostracizam-os-membros-da-familia-que-saiem\/\">As Testemunhas De Jeov\u00e1 Ostracizam Os Membros Da Familia Que Saiem?<\/a><\/li><li><a href=\"https:\/\/www.4jehovah.org\/pt-pt\/exposta-a-doutrina-da-torre-de-vigia\/\">Exposta a Doutrina da Torre de Vigia<\/a><\/li><li><a href=\"https:\/\/www.4jehovah.org\/pt-pt\/a-divindade-de-jesus-cristo\/\">A Divindade De Jesus Cristo<\/a><\/li><li><a href=\"https:\/\/www.4jehovah.org\/pt-pt\/fatos-que-a-torre-de-vigia-nao-quer-que-voce-conheca\/\">Fatos Que A Torre De Vigia N\u00e3o Quer Que Voc\u00ea Conhe\u00e7a<\/a><\/li><li><a href=\"https:\/\/www.4jehovah.org\/pt-pt\/testemunhas-de-jeova-historia-e-doutrinas\/\">Testemunhas de Jeov\u00e1 \u2013 Hist\u00f3ria e Doutrinas<\/a><\/li><\/ul>\n<p style=\"text-align: center;\"><strong><strong><strong><strong><strong><strong><strong><strong><strong><strong><strong><strong><strong><strong><strong><strong><strong><strong><strong><strong><strong><strong><strong><strong><strong><strong><strong><strong><strong><strong><strong><strong><strong><strong><strong><strong><strong><img loading=\"lazy\" decoding=\"async\" src=\"https:\/\/witforjesus.org\/images\/long\/4jehovah\/bible-answers-history.png\" alt=\"Folding Tracts\" width=\"590\" height=\"229\" \/><\/strong><\/strong><\/strong><\/strong><\/strong><\/strong><\/strong><\/strong><\/strong><\/strong><\/strong><\/strong><\/strong><\/strong><\/strong><\/strong><\/strong><\/strong><\/strong><\/strong><\/strong><\/strong><\/strong><\/strong><\/strong><\/strong><\/strong><\/strong><\/strong><\/strong><\/strong><\/strong><\/strong><\/strong><\/strong><\/strong><\/strong><\/p>\n<p style=\"text-align: center;\"><span style=\"font-size: large;\"><a title=\"Hist\u00f3ria e Esc\u00e2ndalos das Testemunhas de Jeov\u00e1\" href=\"https:\/\/www.4jehovah.org\/pt-pt\/respostas-biblicas\/respostas-biblicas-sobre-a-historia-das-testemunhas-de-jeova\/\"><strong><strong><strong>HIST\u00d3RIA E ESC\u00c2NDALOS DAS TESTEMUNHAS DE JEOV\u00c1<\/strong><\/strong><\/strong><\/a><\/span><\/p>\n<ul class=\"lcp_catlist\" id=\"lcp_instance_0\"><li><a href=\"https:\/\/www.4jehovah.org\/pt-pt\/a-cronologia-da-torre-de-vigia-e-as-70-semanas-de-daniel\/\">A Cronologia da Torre de Vigia e as 70 semanas de Daniel<\/a><\/li><li><a href=\"https:\/\/www.4jehovah.org\/pt-pt\/sera-que-a-torre-de-vigia-disse-mesmo-que-o-fim-viria-em-1975\/\">Ser\u00e1 que a Torre de Vigia disse mesmo que o fim viria em 1975?<\/a><\/li><li><a href=\"https:\/\/www.4jehovah.org\/pt-pt\/a-torre-de-vigia-e-as-nacoes-unidas\/\">A Torre de Vigia e as Na\u00e7\u00f5es Unidas<\/a><\/li><li><a href=\"https:\/\/www.4jehovah.org\/pt-pt\/mudancas-na-doutrina-das-testemunhas-de-jeova\/\">Mudan\u00e7as na doutrina das Testemunhas de Jeov\u00e1<\/a><\/li><li><a href=\"https:\/\/www.4jehovah.org\/pt-pt\/porque-1914-e-607-sao-falsas\/\">Porque 1914 e 607 s\u00e3o falsas<\/a><\/li><li><a href=\"https:\/\/www.4jehovah.org\/pt-pt\/fatos-que-a-torre-de-vigia-nao-quer-que-voce-conheca\/\">Fatos Que A Torre De Vigia N\u00e3o Quer Que Voc\u00ea Conhe\u00e7a<\/a><\/li><li><a href=\"https:\/\/www.4jehovah.org\/pt-pt\/testemunhas-de-jeova-historia-e-doutrinas\/\">Testemunhas de Jeov\u00e1 \u2013 Hist\u00f3ria e Doutrinas<\/a><\/li><\/ul>\n<p style=\"text-align: center;\">\n","protected":false},"excerpt":{"rendered":"<p>CREN\u00c7AS E PR\u00c1TICAS DAS TESTEMUNHAS DE JEOV\u00c1 HIST\u00d3RIA E ESC\u00c2NDALOS DAS TESTEMUNHAS DE JEOV\u00c1<\/p>\n","protected":false},"author":6,"featured_media":0,"parent":0,"menu_order":0,"comment_status":"closed","ping_status":"closed","template":"","meta":{"footnotes":""},"class_list":["post-5542","page","type-page","status-publish","hentry"],"_links":{"self":[{"href":"https:\/\/www.4jehovah.org\/pt-pt\/wp-json\/wp\/v2\/pages\/5542","targetHints":{"allow":["GET"]}}],"collection":[{"href":"https:\/\/www.4jehovah.org\/pt-pt\/wp-json\/wp\/v2\/pages"}],"about":[{"href":"https:\/\/www.4jehovah.org\/pt-pt\/wp-json\/wp\/v2\/types\/page"}],"author":[{"embeddable":true,"href":"https:\/\/www.4jehovah.org\/pt-pt\/wp-json\/wp\/v2\/users\/6"}],"replies":[{"embeddable":true,"href":"https:\/\/www.4jehovah.org\/pt-pt\/wp-json\/wp\/v2\/comments?post=5542"}],"version-history":[{"count":10,"href":"https:\/\/www.4jehovah.org\/pt-pt\/wp-json\/wp\/v2\/pages\/5542\/revisions"}],"predecessor-version":[{"id":19094,"href":"https:\/\/www.4jehovah.org\/pt-pt\/wp-json\/wp\/v2\/pages\/5542\/revisions\/19094"}],"wp:attachment":[{"href":"https:\/\/www.4jehovah.org\/pt-pt\/wp-json\/wp\/v2\/media?parent=5542"}],"curies":[{"name":"wp","href":"https:\/\/api.w.org\/{rel}","templated":true}]}}