{"id":3493,"date":"2013-02-28T09:55:48","date_gmt":"2013-02-28T16:55:48","guid":{"rendered":"https:\/\/www.4jehovah.org\/?page_id=3493"},"modified":"2015-04-13T17:10:55","modified_gmt":"2015-04-14T00:10:55","slug":"folhetos","status":"publish","type":"page","link":"https:\/\/www.4jehovah.org\/pt-pt\/pregando-o-reino-de-deus\/folhetos\/","title":{"rendered":"Folhetos para Testemunhas de Jeov\u00e1"},"content":{"rendered":"<div class=\"fusion-fullwidth fullwidth-box fusion-fullwidth-1  fusion-parallax-none nonhundred-percent-fullwidth\" style=\"border-bottom-width: 0px;border-top-width: 0px;border-bottom-style: solid;border-top-style: solid;padding-bottom:20px;padding-top:20px;padding-left:0px;padding-right:0px;\"><style type=\"text\/css\" scoped=\"scoped\">.fusion-fullwidth-1 {\n                            padding-left: 0px !important;\n                            padding-right: 0px !important;\n                        }<\/style><div class=\"fusion-row\"><style type='text\/css'>.reading-box-container-1 .element-bottomshadow:before,.reading-box-container-1 .element-bottomshadow:after{opacity:0.7;}<\/style><div class=\"fusion-reading-box-container reading-box-container-1\" style=\"margin-top:0px;margin-bottom:0px;\"><div class=\"reading-box\" style=\"background-color:;border-width:1px;border-color:;border-top-width:3px;border-top-color:;border-style:solid;\"><h2>Folhetos para Testemunhas de Jeov\u00e1<\/h2><div class=\"reading-box-additional\">\n<ul>\n<li>\u00a0<strong>Por favor leia o <\/strong><a href=\"http:\/\/4witness.org\/pt-pt\/principal\/politica-de-codigo-de-conduta-para-evangelismo\/\"><strong>NOSSO C\u00d3DIGO DE POL\u00cdTICA PARA EVANGELISMO<\/strong><\/a><strong> e A <\/strong><a title=\"Nossa Pol\u00edtica de Direitos de Autor\" href=\"https:\/\/www.4jehovah.org\/pt-pt\/termos-e-condicoes\/nossa-politica-de-direitos-de-autor\/\"><strong>NOSSA POL\u00cdTICA DE DIREITOS DE AUTOR<\/strong><\/a><strong> antes de usar os nossos recursos.<\/strong><\/li>\n<\/ul>\n<\/div><\/div><\/div><\/div><\/div><div class=\"fusion-one-fourth fusion-layout-column fusion-spacing-yes\" style=\"margin-top:;margin-bottom:;\"><div class=\"fusion-column-wrapper\"><p><strong><a title=\"How can I have Jehovah\u2019s approval on my life?\" href=\"https:\/\/www.4jehovah.org\/pt-pt\/como-posso-ter-a-aprovacao-de-jeova-na-minha-vida\/\"><img loading=\"lazy\" decoding=\"async\" src=\"https:\/\/witforjesus.org\/images\/jwarticles\/roadfall2.jpg\" alt=\"PDF\" width=\"300\" height=\"200\" hspace=\"5\" vspace=\"5\" \/><\/a><a title=\"Como Posso Ter A Aprova\u00e7\u00e3o De Jeov\u00e1 Na Minha Vida?\" href=\"https:\/\/www.4jehovah.org\/pt-pt\/como-posso-ter-a-aprovacao-de-jeova-na-minha-vida\/\">COMO POSSO TER A APROVA\u00c7\u00c3O DE JEOV\u00c1 NA MINHA VIDA?<\/a><a href=\"https:\/\/witforjesus.org\/downloads\/portuguese\/tracts\/jw\/pt-tj-approval.pdf\"><img loading=\"lazy\" decoding=\"async\" src=\"https:\/\/witforjesus.org\/images\/buttons\/pdf.jpg\" alt=\"PDF\" width=\"44\" height=\"21\" \/><\/a><\/strong><\/p>\n<div class=\"fusion-clearfix\"><\/div><\/div><\/div><div class=\"fusion-one-fourth fusion-layout-column fusion-spacing-yes\" style=\"margin-top:;margin-bottom:;\"><div class=\"fusion-column-wrapper\"><p><strong><a href=\"https:\/\/www.4jehovah.org\/pt-pt\/e-a-organizacao-da-sociedade-torre-de-vigia-fiel-e-discreta\/\"><img loading=\"lazy\" decoding=\"async\" src=\"https:\/\/witforjesus.org\/images\/jwarticles\/watchtower.jpg\" alt=\"PDF\" width=\"300\" height=\"225\" \/><\/a><\/strong>\u00a0<a title=\"\u00c9 A Organiza\u00e7\u00e3o Da Sociedade Torre De Vigia \u201cFiel E Discreta\u201d?\" href=\"https:\/\/www.4jehovah.org\/pt-pt\/e-a-organizacao-da-sociedade-torre-de-vigia-fiel-e-discreta\/\"><strong>\u00c9 A ORGANIZA\u00c7\u00c3O DA SOCIEDADE TORRE DE VIGIA \u201cFIEL E DISCRETA\u201d?<\/strong><\/a><a href=\"https:\/\/witforjesus.org\/downloads\/portuguese\/tracts\/jw\/pt-tj-faithful-slave.pdf\"><img loading=\"lazy\" decoding=\"async\" src=\"https:\/\/witforjesus.org\/images\/buttons\/pdf.jpg\" alt=\"PDF\" width=\"44\" height=\"21\" \/><\/a><\/p>\n<div class=\"fusion-clearfix\"><\/div><\/div><\/div><div class=\"fusion-one-fourth fusion-layout-column fusion-spacing-yes\" style=\"margin-top:;margin-bottom:;\"><div class=\"fusion-column-wrapper\"><p><a href=\"https:\/\/www.4jehovah.org\/pt-pt\/e-a-trindade-um-conceito-biblico\/\"><img loading=\"lazy\" decoding=\"async\" src=\"https:\/\/witforjesus.org\/images\/jwarticles\/jwtrinity.jpg\" alt=\"PDF\" width=\"300\" height=\"225\" hspace=\"5\" vspace=\"5\" \/><\/a>\u00a0<a title=\"\u00c9 A Trindade Um Conceito B\u00edblico?\" href=\"https:\/\/www.4jehovah.org\/pt-pt\/e-a-trindade-um-conceito-biblico\/\"><strong>\u00c9 A TRINDADE UM CONCEITO B\u00cdBLICO?<\/strong><\/a><a href=\"https:\/\/witforjesus.org\/downloads\/portuguese\/tracts\/jw\/pt-tj-trinity-jw.pdf\"><img loading=\"lazy\" decoding=\"async\" src=\"https:\/\/witforjesus.org\/images\/buttons\/pdf.jpg\" alt=\"PDF\" width=\"44\" height=\"21\" \/><\/a><\/p>\n<div class=\"fusion-clearfix\"><\/div><\/div><\/div><div class=\"fusion-one-fourth fusion-layout-column fusion-column-last fusion-spacing-yes\" style=\"margin-top:;margin-bottom:;\"><div class=\"fusion-column-wrapper\"><p><a href=\"https:\/\/www.4jehovah.org\/pt-pt\/fora-da-organizacao-torre-de-vigia-e-voce-verdadeiramente-livre\/\"><img loading=\"lazy\" decoding=\"async\" src=\"https:\/\/witforjesus.org\/images\/jwarticles\/jw-free.jpg\" alt=\"PDF\" width=\"300\" height=\"225\" hspace=\"5\" vspace=\"5\" \/><\/a><a title=\"VERDADEIRA LIBERDADE  \u2013 Fora da Organiza\u00e7\u00e3o Torre de Vigia \u00c9 voc\u00ea verdadeiramente LIVRE?\" href=\"https:\/\/www.4jehovah.org\/pt-pt\/fora-da-organizacao-torre-de-vigia-e-voce-verdadeiramente-livre\/\"><strong>VERDADEIRA LIBERDADE \u2013 Fora da Organiza\u00e7\u00e3o Torre de Vigia \u00c9 voc\u00ea verdadeiramente LIVRE?<\/strong><\/a><a href=\"https:\/\/witforjesus.org\/downloads\/portuguese\/tracts\/jw\/pt-tj-true-freedom.pdf\"><img loading=\"lazy\" decoding=\"async\" src=\"https:\/\/witforjesus.org\/images\/buttons\/pdf.jpg\" alt=\"PDF\" width=\"44\" height=\"21\" \/><\/a><\/p>\n<div class=\"fusion-clearfix\"><\/div><\/div><\/div><div class=\"fusion-clearfix\"><\/div><div class=\"fusion-one-fourth fusion-layout-column fusion-spacing-yes\" style=\"margin-top:;margin-bottom:;\"><div class=\"fusion-column-wrapper\"><p><a href=\"https:\/\/www.4jehovah.org\/pt-pt\/e-jesus-cristo-o-arcanjo-miguel\/\"><strong><img loading=\"lazy\" decoding=\"async\" src=\"https:\/\/witforjesus.org\/images\/jwarticles\/angelmichael.jpg\" alt=\"PDF\" width=\"225\" height=\"275\" hspace=\"5\" vspace=\"5\" \/><\/strong><\/a><strong><br \/>\n<a title=\"\u00c9 Jesus Cristo O Arcanjo Miguel?\" href=\"https:\/\/www.4jehovah.org\/pt-pt\/e-jesus-cristo-o-arcanjo-miguel\/\">\u00c9 JESUS CRISTO O ARCANJO MIGUEL?<\/a><a href=\"https:\/\/witforjesus.org\/downloads\/portuguese\/tracts\/jw\/pt-tj-archangel-michael.pdf\"><img loading=\"lazy\" decoding=\"async\" src=\"https:\/\/witforjesus.org\/images\/buttons\/pdf.jpg\" alt=\"PDF\" width=\"44\" height=\"21\" \/><\/a><\/strong><\/p>\n<div class=\"fusion-clearfix\"><\/div><\/div><\/div><div class=\"fusion-one-fourth fusion-layout-column fusion-column-last fusion-spacing-yes\" style=\"margin-top:;margin-bottom:;\"><div class=\"fusion-column-wrapper\"><p><a href=\"https:\/\/www.4jehovah.org\/pt-pt\/o-que-e-a-verdade\/\"><img loading=\"lazy\" decoding=\"async\" src=\"https:\/\/witforjesus.org\/images\/jwarticles\/the-truth.jpg\" alt=\"PDF\" width=\"225\" height=\"250\" hspace=\"5\" vspace=\"5\" \/><\/a>\u00a0<a title=\"O Que \u00c9 \u201cA Verdade\u201d?\" href=\"https:\/\/www.4jehovah.org\/pt-pt\/o-que-e-a-verdade\/\"><strong>O QUE \u00c9 \u201cA VERDADE\u201d?<\/strong><\/a> <a href=\"https:\/\/witforjesus.org\/downloads\/portuguese\/tracts\/jw\/pt-tj-truth.pdf\"><img loading=\"lazy\" decoding=\"async\" src=\"https:\/\/witforjesus.org\/images\/buttons\/pdf.jpg\" alt=\"PDF\" width=\"44\" height=\"21\" \/><\/a><\/p>\n<div class=\"fusion-clearfix\"><\/div><\/div><\/div><div class=\"fusion-clearfix\"><\/div>\n","protected":false},"excerpt":{"rendered":"","protected":false},"author":6,"featured_media":16031,"parent":5807,"menu_order":0,"comment_status":"closed","ping_status":"closed","template":"","meta":{"footnotes":""},"class_list":["post-3493","page","type-page","status-publish","has-post-thumbnail","hentry"],"_links":{"self":[{"href":"https:\/\/www.4jehovah.org\/pt-pt\/wp-json\/wp\/v2\/pages\/3493","targetHints":{"allow":["GET"]}}],"collection":[{"href":"https:\/\/www.4jehovah.org\/pt-pt\/wp-json\/wp\/v2\/pages"}],"about":[{"href":"https:\/\/www.4jehovah.org\/pt-pt\/wp-json\/wp\/v2\/types\/page"}],"author":[{"embeddable":true,"href":"https:\/\/www.4jehovah.org\/pt-pt\/wp-json\/wp\/v2\/users\/6"}],"replies":[{"embeddable":true,"href":"https:\/\/www.4jehovah.org\/pt-pt\/wp-json\/wp\/v2\/comments?post=3493"}],"version-history":[{"count":24,"href":"https:\/\/www.4jehovah.org\/pt-pt\/wp-json\/wp\/v2\/pages\/3493\/revisions"}],"predecessor-version":[{"id":16719,"href":"https:\/\/www.4jehovah.org\/pt-pt\/wp-json\/wp\/v2\/pages\/3493\/revisions\/16719"}],"up":[{"embeddable":true,"href":"https:\/\/www.4jehovah.org\/pt-pt\/wp-json\/wp\/v2\/pages\/5807"}],"wp:featuredmedia":[{"embeddable":true,"href":"https:\/\/www.4jehovah.org\/pt-pt\/wp-json\/wp\/v2\/media\/16031"}],"wp:attachment":[{"href":"https:\/\/www.4jehovah.org\/pt-pt\/wp-json\/wp\/v2\/media?parent=3493"}],"curies":[{"name":"wp","href":"https:\/\/api.w.org\/{rel}","templated":true}]}}