{"id":18378,"date":"2016-04-22T20:27:24","date_gmt":"2016-04-23T03:27:24","guid":{"rendered":"https:\/\/www.4jehovah.org\/pt-pt\/?page_id=18378"},"modified":"2018-12-10T21:04:01","modified_gmt":"2018-12-11T04:04:01","slug":"ex-testemunhas-de-jeova-para-jeova","status":"publish","type":"page","link":"https:\/\/www.4jehovah.org\/pt-pt\/","title":{"rendered":"Ex-Testemunhas de Jeov\u00e1 para Jeov\u00e1"},"content":{"rendered":"<p><img loading=\"lazy\" decoding=\"async\" class=\"alignnone\" src=\"http:\/\/www.witforjesus.org\/images\/long\/4jehovah\/home-lake-pt.png\" width=\"1200\" height=\"364\" \/><\/p>\n<p><img loading=\"lazy\" decoding=\"async\" class=\"alignnone\" src=\"http:\/\/www.witforjesus.org\/images\/long\/4jehovah\/exjws.png\" width=\"590\" height=\"259\" \/><\/p>\n<p><a href=\"https:\/\/www.4jehovah.org\/pt-pt\/quem-somos-nos-ex-testemunhas-de-jeova\/\"><strong>Quem Somos N\u00f3s \u2013 Ex-Testemunhas de Jeov\u00e1<\/strong><\/a><\/p>\n<p>Muitos que est\u00e3o em processo de sair da organiza\u00e7\u00e3o Torre de Vigia ou est\u00e3o pensando em sair, provavelmente n\u00e3o querem pensar em religi\u00e3o. De facto, muitos que sa\u00edram rejeitaram totalmente a religi\u00e3o. Embora o nosso website esteja afiliado<strong> com o minist\u00e9rio crist\u00e3o Witnesses for Jesus Inc., n\u00f3s n\u00e3o somos uma religi\u00e3o ou igreja<\/strong><strong>. <\/strong>N\u00f3s somos um minist\u00e9rio crist\u00e3o n\u00e3o-lucrativo dedicado a partilhar uma perspetiva b\u00edblica sobre as cren\u00e7as e pr\u00e1ticas das Testemunhas de Jeov\u00e1 e a maioria dos nossos fundos v\u00eam atrav\u00e9s de pessoas individuais que acreditam na nossa miss\u00e3o, vis\u00e3o e valores.<\/p>\n<p><img loading=\"lazy\" decoding=\"async\" class=\"alignnone\" src=\"http:\/\/www.witforjesus.org\/images\/long\/4jehovah\/faq.png\" width=\"590\" height=\"298\" \/><\/p>\n<div class=\"fusion-one-third fusion-layout-column fusion-spacing-yes\">\n<div class=\"fusion-column-wrapper\">\n<p><strong><a href=\"https:\/\/www.4jehovah.org\/pt-pt\/ex-testemunhas-de-jeova\/\">Ajuda FAQ \u2013 Respndendo \u00e0s Suas Quest\u00f5es:<\/a><\/strong><\/p>\n<ul>\n<li><strong><a href=\"https:\/\/www.4jehovah.org\/pt-pt\/sobre-nos\/\">Sobre N\u00f3s \u2013 O que n\u00f3s oferecemos-lhe<\/a><\/strong><\/li>\n<li><strong><a href=\"https:\/\/www.4jehovah.org\/pt-pt\/ex-testemunhas-de-jeova\/faq-sobre-determinar-a-verdade\/\">Determinando a Verdade<\/a><\/strong><\/li>\n<li><strong><a href=\"https:\/\/www.4jehovah.org\/pt-pt\/ex-testemunhas-de-jeova\/faq-acerca-de-deixar-a-torre-de-vigia\/\">Deixando a Torre de Vigia<\/a><\/strong><\/li>\n<li><strong><a href=\"https:\/\/www.4jehovah.org\/pt-pt\/ex-testemunhas-de-jeova\/faq-sobre-namoro-e-casamento\/\">Namoro e Casamento<\/a><\/strong><\/li>\n<li><strong><a href=\"https:\/\/www.4jehovah.org\/pt-pt\/ex-testemunhas-de-jeova\/faq-acerca-de-alcancar-entes-queridos\/\">Alcan\u00e7ando Entes Queridos<\/a><\/strong><\/li>\n<\/ul>\n<p><img loading=\"lazy\" decoding=\"async\" class=\"alignnone\" src=\"http:\/\/www.witforjesus.org\/images\/long\/4jehovah\/bible-answers.png\" width=\"590\" height=\"241\" \/><\/p>\n<p><a title=\"Bible Answers\" href=\"https:\/\/www.4jehovah.org\/pt-pt\/respostas-biblicas\/\"><strong>Respostas B\u00edblicas: Cren\u00e7as e Hist\u00f3ria das Testemunhas de Jeov\u00e1ble Answers:<\/strong><\/a><\/p>\n<ul>\n<li><a href=\"https:\/\/www.4jehovah.org\/pt-pt\/respostas-biblicas\/crencas-e-praticas-das-testemunhas-de-jeova\/\"><strong>Cren\u00e7as e Pr\u00e1ticas:<\/strong><\/a>\n<ul>\n<li>Examinada a B\u00edblia das Testemunhas de Jeov\u00e1<\/li>\n<\/ul>\n<ul>\n<li>Feriados, Guerra, Pol\u00edtica, Transfus\u00f5es de Sangue<\/li>\n<li>Pol\u00edticas Destrutivas: Ostracismo, Espionagem, Abuso<\/li>\n<\/ul>\n<\/li>\n<li><strong><a href=\"https:\/\/www.4jehovah.org\/pt-pt\/respostas-biblicas\/respostas-biblicas-sobre-a-historia-das-testemunhas-de-jeova\/\">Hist\u00f3ria e Esc\u00e2ndalos:<\/a><\/strong>\n<ul>\n<li>Cronologia da Torre de Vigia<\/li>\n<\/ul>\n<ul>\n<li>Imagens Subliminares<\/li>\n<li>Na\u00e7\u00f5es Unidas<\/li>\n<\/ul>\n<\/li>\n<\/ul>\n<p><img loading=\"lazy\" decoding=\"async\" class=\"alignnone\" src=\"http:\/\/www.witforjesus.org\/images\/long\/4jehovah\/evangelism.png\" width=\"590\" height=\"265\" \/><\/p>\n<p><strong><a href=\"https:\/\/www.4jehovah.org\/pt-pt\/pregando-o-reino-de-deus\/\">Pregando o Reino de Deus \u00e0s Testemunhas de Jeov\u00e1<\/a><\/strong><strong>\u00a0<\/strong><\/p>\n<ul>\n<li><strong><a href=\"https:\/\/www.4jehovah.org\/pt-pt\/pregando-o-reino-de-deus\/guias-de-formacao\/\">Guias de Treini \u2013 O que precisa de saber<\/a><\/strong><\/li>\n<li><strong><a href=\"https:\/\/www.4jehovah.org\/pt-pt\/pregando-o-reino-de-deus\/perguntas-as-testemunhas-de-jeova\/\">Quest\u00f5es Passo-a-Passo para as Testemunhas de Jeov\u00e1<\/a><\/strong><\/li>\n<li><strong><a href=\"https:\/\/www.4jehovah.org\/pt-pt\/pregando-o-reino-de-deus\/cartoes-para-as-testemunhas-de-jeova\/\">Cart\u00f5es de Apresenta\u00e7\u00e3o para Testemunhas de Jeov\u00e1<\/a><\/strong><\/li>\n<li><strong><a href=\"https:\/\/www.4jehovah.org\/pt-pt\/pregando-o-reino-de-deus\/folhetos\/\">Folhetos para Testemunhas de Jeov\u00e1<\/a><\/strong><\/li>\n<li><strong><a href=\"https:\/\/www.4jehovah.org\/pt-pt\/pregando-o-reino-de-deus\/proteja-a-sua-vizinhanca\/\">Proteja a sua vizinhan\u00e7a<\/a><\/strong><\/li>\n<\/ul>\n<div class=\"fusion-title title fusion-title-size-two\">\n<h2 class=\"title-heading-left\"><strong>Como podemos ajudar<\/strong><\/h2>\n<\/div>\n<ul class=\"fusion-checklist fusion-checklist-1\">\n<li style=\"list-style-type: none\">\n<ul class=\"fusion-checklist fusion-checklist-1\">\n<li class=\"fusion-li-item\"><i class=\"fusion-li-icon fa fa-check\"><\/i>Mais de 20 anos de experi\u00eancia em alcan\u00e7ar Testemunhas de Jeov\u00e1 de todos os n\u00edveis. Leia o nosso livro\u00a0<strong> <a href=\"https:\/\/www.4jehovah.org\/pt-pt\/conversas-cristas-com-as-testemunhas-de-jeova\/\">Conversas Crist\u00e3s com as Testemunhas de Jeov\u00e1.<\/a><\/strong><\/li>\n<\/ul>\n<\/li>\n<\/ul>\n<ul class=\"fusion-checklist fusion-checklist-1\">\n<li style=\"list-style-type: none\">\n<ul class=\"fusion-checklist fusion-checklist-1\">\n<li class=\"fusion-li-item\"><i class=\"fusion-li-icon fa fa-check\"><\/i>Ferramentas poderosas para alcan\u00e7ar os seus ente queridos Testemunhas de Jeov\u00e1 incluindo documenta\u00e7\u00e3o completa fotocopiada de publica\u00e7\u00f5es raras da Torre de Vigia e fontes oficiais.\u00a0 <a title=\"Shop\" href=\"https:\/\/www.4jehovah.org\/pt-pt\/loja\/\"><strong>Visite a nossa Loja Online<\/strong><\/a> para ver os nossos \u00faltimos Livros, V\u00eddeos e Recursos \u00c1udio e veja a nossa <a title=\"Documented FACTS the Watchtower Society Doesn\u2019t Want You to Know\" href=\"https:\/\/www.4jehovah.org\/pt-pt\/factos-documentados-que-a-sociedade-torre-de-vigia-nao-quer-que-voce-saiba\/\"><strong>Factos Documentados que a Sociedade Torre de Vigia N\u00e3o quer Que Conhe\u00e7a.<\/strong><\/a><\/li>\n<\/ul>\n<\/li>\n<\/ul>\n<ul class=\"fusion-checklist fusion-checklist-1\">\n<li style=\"list-style-type: none\">\n<ul class=\"fusion-checklist fusion-checklist-1\">\n<li class=\"fusion-li-item\"><i class=\"fusion-li-icon fa fa-check\"><\/i>Ex-Testemunhas de Jeov\u00e1 envolvidas nos nossos grupos online de apoio.\u00a0<a href=\"http:\/\/www.4witness.org\/pt-pt\/principal\/grupos-de-apoio\/\"><strong>Blogue, Chat e encontro de ex-Testemunhas de Jeov\u00e1 de todo o mundo<\/strong><\/a> (apenas em ingl\u00eas).<\/li>\n<\/ul>\n<\/li>\n<\/ul>\n<ul class=\"fusion-checklist fusion-checklist-1\">\n<li style=\"list-style-type: none\">\n<ul class=\"fusion-checklist fusion-checklist-1\">\n<li class=\"fusion-li-item\"><i class=\"fusion-li-icon fa fa-check\"><\/i>Ou\u00e7a enquanto viaja com a nossa App gr\u00e1tis para Smartphones e Tablets. Obtenha a App\u00a0<a href=\"http:\/\/get.theapp.co\/d177\/\"><strong>Witnesses for Jesus.<\/strong><\/a><\/li>\n<\/ul>\n<\/li>\n<\/ul>\n<ul class=\"fusion-checklist fusion-checklist-1\">\n<li style=\"list-style-type: none\">\n<ul class=\"fusion-checklist fusion-checklist-1\">\n<li class=\"fusion-li-item\"><i class=\"fusion-li-icon fa fa-check\"><\/i>N\u00f3s oferecemos apoio gr\u00e1tis porque nos importamos com voc\u00ea. <a title=\"Sign-up for our newsletters\" href=\"http:\/\/eepurl.com\/ihjg\"><strong>Assine a nossa newsletter<\/strong><\/a> (em ingl\u00eas) para manter-se em contacto connosco.<\/li>\n<\/ul>\n<\/li>\n<\/ul>\n<div class=\"fusion-li-item-content\"><strong><a href=\"https:\/\/www.4jehovah.org\/home\/how-to-financially-support-us\/\">Se aprecia o que fazemos, por favor doe para ajudar-nos a alcan\u00e7ar outros.<\/a><\/strong><\/div>\n<p><img loading=\"lazy\" decoding=\"async\" class=\"alignnone\" src=\"http:\/\/www.witforjesus.org\/images\/jwstories\/jwstories-more.jpg\" width=\"590\" height=\"136\" \/><\/p>\n<p><a href=\"https:\/\/www.4jehovah.org\/pt-pt\/ex-testemunhas-de-jeova\/testemunhos-ex-testemunhas-de-jeova\/\"><strong>Testemunhos de Ex-Testemunhas de Jeov\u00e1<\/strong><\/a><\/p>\n<\/div>\n<\/div>\n","protected":false},"excerpt":{"rendered":"<p>Quem Somos N\u00f3s \u2013 Ex-Testemunhas de Jeov\u00e1 Muitos que est\u00e3o em processo de sair da organiza\u00e7\u00e3o Torre de Vigia ou est\u00e3o pensando em sair, provavelmente n\u00e3o querem pensar em religi\u00e3o. De facto, muitos que sa\u00edram rejeitaram totalmente a religi\u00e3o. Embora o nosso website esteja afiliado com o minist\u00e9rio crist\u00e3o Witnesses for Jesus Inc., n\u00f3s n\u00e3o&#8230;<\/p>\n","protected":false},"author":6,"featured_media":18467,"parent":0,"menu_order":0,"comment_status":"closed","ping_status":"closed","template":"","meta":{"footnotes":""},"class_list":["post-18378","page","type-page","status-publish","has-post-thumbnail","hentry"],"_links":{"self":[{"href":"https:\/\/www.4jehovah.org\/pt-pt\/wp-json\/wp\/v2\/pages\/18378","targetHints":{"allow":["GET"]}}],"collection":[{"href":"https:\/\/www.4jehovah.org\/pt-pt\/wp-json\/wp\/v2\/pages"}],"about":[{"href":"https:\/\/www.4jehovah.org\/pt-pt\/wp-json\/wp\/v2\/types\/page"}],"author":[{"embeddable":true,"href":"https:\/\/www.4jehovah.org\/pt-pt\/wp-json\/wp\/v2\/users\/6"}],"replies":[{"embeddable":true,"href":"https:\/\/www.4jehovah.org\/pt-pt\/wp-json\/wp\/v2\/comments?post=18378"}],"version-history":[{"count":15,"href":"https:\/\/www.4jehovah.org\/pt-pt\/wp-json\/wp\/v2\/pages\/18378\/revisions"}],"predecessor-version":[{"id":19450,"href":"https:\/\/www.4jehovah.org\/pt-pt\/wp-json\/wp\/v2\/pages\/18378\/revisions\/19450"}],"wp:featuredmedia":[{"embeddable":true,"href":"https:\/\/www.4jehovah.org\/pt-pt\/wp-json\/wp\/v2\/media\/18467"}],"wp:attachment":[{"href":"https:\/\/www.4jehovah.org\/pt-pt\/wp-json\/wp\/v2\/media?parent=18378"}],"curies":[{"name":"wp","href":"https:\/\/api.w.org\/{rel}","templated":true}]}}