{"id":17673,"date":"2015-10-14T10:34:30","date_gmt":"2015-10-14T17:34:30","guid":{"rendered":"https:\/\/www.4jehovah.org\/pt-pt\/?page_id=17673"},"modified":"2015-10-14T13:43:57","modified_gmt":"2015-10-14T20:43:57","slug":"livros","status":"publish","type":"page","link":"https:\/\/www.4jehovah.org\/pt-pt\/loja\/livros\/","title":{"rendered":"Livros sobre as Testemunhas de Jeov\u00e1"},"content":{"rendered":"<div class=\"fusion-fullwidth fullwidth-box fusion-fullwidth-1  fusion-parallax-none nonhundred-percent-fullwidth\" style=\"border-bottom-width: 0px;border-top-width: 0px;border-bottom-style: solid;border-top-style: solid;padding-bottom:20px;padding-top:20px;padding-left:0px;padding-right:0px;\"><style type=\"text\/css\" scoped=\"scoped\">.fusion-fullwidth-1 {\n                            padding-left: 0px !important;\n                            padding-right: 0px !important;\n                        }<\/style><div class=\"fusion-row\"><div class=\"fusion-title title fusion-title-size-one\"><h1 class=\"title-heading-left\">Livros sobre as Testemunhas de Jeov\u00e1<\/h1><div class=\"title-sep-container\"><div class=\"title-sep sep-single\"><\/div><\/div><\/div><p style=\"text-align: center;\"><strong>ENCOMENDAS INTERNACIONAIS \u2013 Tente Procurar pelos Nossos Produtos na <\/strong><strong> <a title=\"Amazon International\" href=\"https:\/\/www.amazon.com\/gp\/feature.html?docId=487250\">Amazon.com\u00a0Internacional<\/a> <strong>para melhores taxas de envio<\/strong>.<\/strong><\/p>\n<\/div><\/div><div class=\"fusion-one-fourth fusion-layout-column fusion-spacing-yes\" style=\"margin-top:;margin-bottom:;\"><div class=\"fusion-column-wrapper\"><p><a title=\"Documented FACTS the Watchtower Society Doesn\u2019t Want You to KNOW\" href=\"https:\/\/www.4jehovah.org\/pt-pt\/loja\/livros\/factos-documentados-que-a-sociedade-torre-de-vigia-nao-quer-que-voce-saiba\/\"><img loading=\"lazy\" decoding=\"async\" class=\"alignnone\" src=\"https:\/\/witforjesus.org\/images\/jwbooks\/jwfacts-pt.jpg\" alt=\"Factos Documentados Que a Sociedade Torre de Vigia N\u00e3o Quer Que Voc\u00ea Saiba\" width=\"200\" height=\"293\" \/><\/a><\/p>\n<p><strong>$9.99 \/<\/strong> <a title=\"Documented FACTS the Watchtower Society Doesn\u2019t Want You to KNOW\" href=\"https:\/\/www.4jehovah.org\/pt-pt\/loja\/livros\/factos-documentados-que-a-sociedade-torre-de-vigia-nao-quer-que-voce-saiba\/\"><strong>Factos Documentados Que a Sociedade Torre de Vigia N\u00e3o Quer Que Voc\u00ea Saiba<\/strong><\/a><\/p>\n<p style=\"text-align: left;\"><a href=\"https:\/\/www.createspace.com\/3995838\"><img loading=\"lazy\" decoding=\"async\" class=\" alignleft\" src=\"https:\/\/witforjesus.org\/images\/buttons\/buy-pt.jpg\" alt=\"Add to Cart\" width=\"112\" height=\"28\" \/><\/a><\/p>\n<p><a title=\"English Edition\" href=\"https:\/\/www.createspace.com\/3977010\"><strong>Ingl\u00eas<\/strong><\/a>\u00a0\/ <a title=\"Spanish Edition\" href=\"https:\/\/www.createspace.com\/3999866\"><strong>Espanhol<\/strong><\/a>\u00a0\/ <a title=\"Portuguese Edition\" href=\"https:\/\/www.createspace.com\/3995838\"><strong>Portugu\u00eas<\/strong><\/a><\/p>\n<div class=\"fusion-clearfix\"><\/div><\/div><\/div><div class=\"fusion-one-fourth fusion-layout-column fusion-spacing-yes\" style=\"margin-top:;margin-bottom:;\"><div class=\"fusion-column-wrapper\"><p><a title=\"Christian Conversations with Jehovah\u2019s Witnesses\" href=\"https:\/\/www.4jehovah.org\/pt-pt\/loja\/livros\/conversas-cristas-com-as-testemunhas-de-jeova\/\"><img loading=\"lazy\" decoding=\"async\" class=\"alignnone\" src=\"https:\/\/witforjesus.org\/images\/jwbooks\/ccjw-pt.jpg\" alt=\"Conversas Crist\u00e3s com as Testemunhas de Jeov\u00e1\" width=\"236\" height=\"293\" \/><\/a><\/p>\n<p><strong>$19.99 <\/strong>\/ <a title=\"Christian Conversations with Jehovah\u2019s Witnesses Book\" href=\"https:\/\/www.4jehovah.org\/pt-pt\/loja\/livros\/conversas-cristas-com-as-testemunhas-de-jeova\/\"><strong>CONVERSAS CRIST\u00c3S COM AS TESTEMUNHAS DE JEOV\u00c1: Respuestas B\u00edblicas a preguntas que hacen los testigos de Jehov\u00e1<\/strong><\/a><\/p>\n<p style=\"text-align: left;\"><strong><b><a href=\"https:\/\/www.createspace.com\/4138587\"><img loading=\"lazy\" decoding=\"async\" class=\" alignleft\" src=\"https:\/\/witforjesus.org\/images\/buttons\/buy-pt.jpg\" alt=\"Add to Cart\" width=\"112\" height=\"28\" \/><\/a>\u00a0<\/b><\/strong><a title=\"English Edition\" href=\"https:\/\/www.createspace.com\/4010153\"><strong>Ingl\u00eas<\/strong><\/a>\u00a0\/ <a href=\"https:\/\/www.createspace.com\/4460642\"><strong>Espanhol<\/strong>\u00a0<\/a>\/ <a href=\"https:\/\/www.createspace.com\/4138587\"><strong>Portugu\u00eas<\/strong><\/a><\/p>\n<div class=\"fusion-clearfix\"><\/div><\/div><\/div><div class=\"fusion-one-fourth fusion-layout-column fusion-column-last fusion-spacing-yes\" style=\"margin-top:;margin-bottom:;\"><div class=\"fusion-column-wrapper\"><p><a title=\"Yes, You Should Believe in the Trinity\" href=\"https:\/\/www.4jehovah.org\/pt-pt\/loja\/livros\/sim-voce-deve-acreditar-na-trindade\/\"><img loading=\"lazy\" decoding=\"async\" style=\"margin: 5px;\" src=\"https:\/\/witforjesus.org\/images\/jwbooks\/ysbt-en.jpg\" alt=\"Jehovah's Witness Trinity\" width=\"236\" height=\"293\" \/><\/a><\/p>\n<p><strong>$19.99 <\/strong>\/ <a title=\"Christian Conversations with Jehovah\u2019s Witnesses Book\" href=\"https:\/\/www.4jehovah.org\/pt-pt\/loja\/livros\/sim-voce-deve-acreditar-na-trindade\/\"><strong>Sim! Voc\u00ea Deve Acreditar na Trindade: Uma Resposta P\u00e1gina-a-P\u00e1gina \u00e0 Brochura da Sociedade Torre de Vigia: \u201cDeve-se Crer na Trindade?\u201d<\/strong><\/a><\/p>\n<p style=\"text-align: left;\"><strong><b><a href=\"https:\/\/www.createspace.com\/3852256\"><img loading=\"lazy\" decoding=\"async\" class=\" alignleft\" src=\"https:\/\/witforjesus.org\/images\/buttons\/buy-pt.jpg\" alt=\"Add to Cart\" width=\"112\" height=\"28\" \/><\/a>\u00a0<\/b><\/strong><a title=\"English Edition\" href=\"https:\/\/www.createspace.com\/3852256\"><strong>English<\/strong><\/a> \/ <strong>Spanish<\/strong> \/ <strong>Portuguese<\/strong><\/p>\n<div class=\"fusion-clearfix\"><\/div><\/div><\/div><div class=\"fusion-clearfix\"><\/div>\n","protected":false},"excerpt":{"rendered":"","protected":false},"author":6,"featured_media":0,"parent":5799,"menu_order":0,"comment_status":"closed","ping_status":"closed","template":"","meta":{"footnotes":""},"class_list":["post-17673","page","type-page","status-publish","hentry"],"_links":{"self":[{"href":"https:\/\/www.4jehovah.org\/pt-pt\/wp-json\/wp\/v2\/pages\/17673","targetHints":{"allow":["GET"]}}],"collection":[{"href":"https:\/\/www.4jehovah.org\/pt-pt\/wp-json\/wp\/v2\/pages"}],"about":[{"href":"https:\/\/www.4jehovah.org\/pt-pt\/wp-json\/wp\/v2\/types\/page"}],"author":[{"embeddable":true,"href":"https:\/\/www.4jehovah.org\/pt-pt\/wp-json\/wp\/v2\/users\/6"}],"replies":[{"embeddable":true,"href":"https:\/\/www.4jehovah.org\/pt-pt\/wp-json\/wp\/v2\/comments?post=17673"}],"version-history":[{"count":8,"href":"https:\/\/www.4jehovah.org\/pt-pt\/wp-json\/wp\/v2\/pages\/17673\/revisions"}],"predecessor-version":[{"id":17695,"href":"https:\/\/www.4jehovah.org\/pt-pt\/wp-json\/wp\/v2\/pages\/17673\/revisions\/17695"}],"up":[{"embeddable":true,"href":"https:\/\/www.4jehovah.org\/pt-pt\/wp-json\/wp\/v2\/pages\/5799"}],"wp:attachment":[{"href":"https:\/\/www.4jehovah.org\/pt-pt\/wp-json\/wp\/v2\/media?parent=17673"}],"curies":[{"name":"wp","href":"https:\/\/api.w.org\/{rel}","templated":true}]}}