{"id":12900,"date":"2014-06-09T14:19:43","date_gmt":"2014-06-09T21:19:43","guid":{"rendered":"https:\/\/www.4jehovah.org\/?page_id=12900"},"modified":"2017-04-11T17:33:38","modified_gmt":"2017-04-12T00:33:38","slug":"grupos-de-apoio","status":"publish","type":"page","link":"https:\/\/www.4jehovah.org\/pt-pt\/grupos-de-apoio\/","title":{"rendered":"Grupos de Apoio"},"content":{"rendered":"<p><img decoding=\"async\" src=\"https:\/\/witforjesus.org\/images\/long\/4jehovah\/jwsupport.png\" alt=\"Prayer Group\" \/><\/p>\n<p><strong>GRUPOS DE APOIO PARA TODAS AS EX-TESTEMUNHAS DE JEOV\u00c1 E OS EX-MORM\u00d3NS<br \/>\n<\/strong><\/p>\n<p style=\"padding-left: 30px;\">NOTA: Embora encorajemos a participa\u00e7\u00e3o em todos estes grupos de apoio abaixo, Witnesses for Jesus Inc apenas dirigem fundos e apoios para os grupos de encontro online na lista abaixo:<\/p>\n<p><strong><img loading=\"lazy\" decoding=\"async\" class=\" alignleft\" src=\"https:\/\/witforjesus.org\/images\/events\/port-sm.jpg\" alt=\"\" width=\"201\" height=\"134\" \/><img decoding=\"async\" src=\"https:\/\/witforjesus.org\/images\/bullets.jpg\" alt=\"bullets\" \/>\u00a0<a href=\"http:\/\/testemunhasdejeova.forumeiros.com.pt\/\">F\u00d3RUM PORTUGU\u00caS EX-TESTEMUNHAS DE JEOV\u00c1 <\/a><br \/>\n<\/strong>Estes f\u00f3runs\u00a0 est\u00e3o abertos a todas as TJ e ex-TJ que necessitam de ajuda para entender a seita das TJ e que buscam ajuda para deixar a religi\u00e3o ou que precisam de algu\u00e9m que compreenda as suas d\u00favidas acerca da organiza\u00e7\u00e3o.<\/p>\n<p><strong><img loading=\"lazy\" decoding=\"async\" class=\" alignleft\" src=\"https:\/\/witforjesus.org\/images\/events\/braz-sm.jpg\" alt=\"\" width=\"116\" height=\"87\" \/><img decoding=\"async\" src=\"https:\/\/witforjesus.org\/images\/bullets.jpg\" alt=\"bullets\" \/>\u00a0<a href=\"http:\/\/extestemunhasdejeova.net\/forum\/portal.php\">F\u00d3RUM EX-TESTEMUNHAS DE JEOV\u00c1 &#8211; BRAZIL <\/a><\/strong>Estes f\u00f3runs\u00a0 est\u00e3o abertos a todas as TJ e ex-TJ que necessitam de ajuda para entender a seita das TJ e que buscam ajuda para deixar a religi\u00e3o ou que precisam de algu\u00e9m que compreenda as suas d\u00favidas acerca da organiza\u00e7\u00e3o.<\/p>\n<p><img loading=\"lazy\" decoding=\"async\" class=\"alignnone\" src=\"https:\/\/witforjesus.org\/images\/long\/4witness\/todd-betty.png\" alt=\"\" width=\"590\" height=\"301\" \/><\/p>\n<p><strong><img decoding=\"async\" src=\"https:\/\/witforjesus.org\/images\/bullets.jpg\" alt=\"bullets\" \/> <a title=\"One-on-One Phone Discipleship\" href=\"https:\/\/www.4jehovah.org\/pt-pt\/?p=1028\"><span style=\"font-size: small;\">ONE-ON-ONE CHRISTIAN DISCIPLESHIP BY PHONE FOR EX-JEHOVAH&#8217;S WITNESSES WITH TODD AND BETTY<\/span><\/a> <span style=\"font-size: small;\"><span style=\"text-align: left;\">(Dispon\u00edvel apenas em Ingl\u00eas)\u00a0<\/span><\/span><\/strong><\/p>\n<p><img loading=\"lazy\" decoding=\"async\" class=\"alignnone\" src=\"https:\/\/witforjesus.org\/images\/long\/4witness\/pat-heidi.png\" alt=\"\" width=\"590\" height=\"342\" \/><\/p>\n<p><strong><img decoding=\"async\" src=\"https:\/\/witforjesus.org\/images\/bullets.jpg\" alt=\"bullets\" \/> <a title=\"Pat and Heidi of Becoming Free\" href=\"https:\/\/www.4jehovah.org\/pt-pt\/?p=5102\">PAT AND HEIDI KNAPP OF BECOMING FREE<\/a> <span style=\"font-size: small;\"><span style=\"text-align: left;\">(Dispon\u00edvel apenas em Ingl\u00eas)\u00a0<\/span><\/span><\/strong><\/p>\n<p><img loading=\"lazy\" decoding=\"async\" class=\"alignnone\" src=\"https:\/\/witforjesus.org\/images\/long\/4witness\/wnfj-bmcr.png\" alt=\"\" width=\"590\" height=\"276\" \/><\/p>\n<p><strong><img decoding=\"async\" src=\"https:\/\/witforjesus.org\/images\/bullets.jpg\" alt=\"bullets\" \/><span style=\"font-size: small;\"> <a title=\"Witnesses Now for Jesus Convention\" href=\"http:\/\/www.witnessesforjesus.org\/wnfj.php\">ACONVEN\u00c7\u00c3O ANUAL TESTEMUNHAS PARA JESUS NA PENSILV\u00c2NIA, U.S.A.<\/a> (Dispon\u00edvel apenas em Ingl\u00eas &#8211; witnessesforjesus.org)<\/span><\/strong><\/p>\n<p><img loading=\"lazy\" decoding=\"async\" class=\"alignnone\" src=\"https:\/\/witforjesus.org\/images\/events\/healingx\/NewLife-Wide.jpg\" alt=\"\" width=\"590\" height=\"332\" \/>\u00a0<strong><img decoding=\"async\" src=\"https:\/\/witforjesus.org\/images\/bullets.jpg\" alt=\"bullets\" \/> <span style=\"font-size: small;\"><a title=\"Witnesses Now for Jesus Convention\" href=\"https:\/\/tv.newlife.com\/\">NEW LIFE PROFESSIONAL COUNSELORS ANSWER YOUR QUESTIONS ONLINE<\/a><\/span><\/strong><span style=\"font-size: small;\"><strong> (tv.newlife.com &#8211;<\/strong> <span style=\"text-align: left;\"><strong>Dispon\u00edvel apenas em Ingl\u00eas)<\/strong><\/span><\/span><\/p>\n","protected":false},"excerpt":{"rendered":"<p>GRUPOS DE APOIO PARA TODAS AS EX-TESTEMUNHAS DE JEOV\u00c1 E OS EX-MORM\u00d3NS NOTA: Embora encorajemos a participa\u00e7\u00e3o em todos estes grupos de apoio abaixo, Witnesses for Jesus Inc apenas dirigem fundos e apoios para os grupos de encontro online na lista abaixo: \u00a0F\u00d3RUM PORTUGU\u00caS EX-TESTEMUNHAS DE JEOV\u00c1 Estes f\u00f3runs\u00a0 est\u00e3o abertos a todas as TJ&#8230;<\/p>\n","protected":false},"author":6,"featured_media":15874,"parent":0,"menu_order":0,"comment_status":"closed","ping_status":"closed","template":"","meta":{"footnotes":""},"class_list":["post-12900","page","type-page","status-publish","has-post-thumbnail","hentry"],"_links":{"self":[{"href":"https:\/\/www.4jehovah.org\/pt-pt\/wp-json\/wp\/v2\/pages\/12900","targetHints":{"allow":["GET"]}}],"collection":[{"href":"https:\/\/www.4jehovah.org\/pt-pt\/wp-json\/wp\/v2\/pages"}],"about":[{"href":"https:\/\/www.4jehovah.org\/pt-pt\/wp-json\/wp\/v2\/types\/page"}],"author":[{"embeddable":true,"href":"https:\/\/www.4jehovah.org\/pt-pt\/wp-json\/wp\/v2\/users\/6"}],"replies":[{"embeddable":true,"href":"https:\/\/www.4jehovah.org\/pt-pt\/wp-json\/wp\/v2\/comments?post=12900"}],"version-history":[{"count":9,"href":"https:\/\/www.4jehovah.org\/pt-pt\/wp-json\/wp\/v2\/pages\/12900\/revisions"}],"predecessor-version":[{"id":18796,"href":"https:\/\/www.4jehovah.org\/pt-pt\/wp-json\/wp\/v2\/pages\/12900\/revisions\/18796"}],"wp:featuredmedia":[{"embeddable":true,"href":"https:\/\/www.4jehovah.org\/pt-pt\/wp-json\/wp\/v2\/media\/15874"}],"wp:attachment":[{"href":"https:\/\/www.4jehovah.org\/pt-pt\/wp-json\/wp\/v2\/media?parent=12900"}],"curies":[{"name":"wp","href":"https:\/\/api.w.org\/{rel}","templated":true}]}}