{"id":11508,"date":"2013-11-25T23:56:15","date_gmt":"2013-11-26T06:56:15","guid":{"rendered":"https:\/\/www.4jehovah.org\/?page_id=11508"},"modified":"2013-11-25T23:56:15","modified_gmt":"2013-11-26T06:56:15","slug":"termos-e-condicoes","status":"publish","type":"page","link":"https:\/\/www.4jehovah.org\/pt-pt\/termos-e-condicoes\/","title":{"rendered":"Termos e condi\u00e7\u00f5es"},"content":{"rendered":"<p><img loading=\"lazy\" decoding=\"async\" alt=\"Who We Are\" src=\"https:\/\/witforjesus.org\/images\/long\/4jehovah\/privacy-policy.png\" width=\"590\" height=\"286\" \/><\/p>\n<p><strong>WITNESSES FOR JESUS &#8211; <strong><strong>NOSSOS TERMOS E CONDI\u00c7\u00d5ES<\/strong><\/strong><br \/>\n<\/strong><\/p>\n<p style=\"padding-left: 30px;\"><strong><strong><img loading=\"lazy\" decoding=\"async\" alt=\"bullets\" src=\"https:\/\/witforjesus.org\/images\/bullets.jpg\" width=\"10\" height=\"9\" \/> LEGAL DISCLAIMER<br \/>\n<\/strong><br \/>\n<img loading=\"lazy\" decoding=\"async\" alt=\"bullets\" src=\"https:\/\/witforjesus.org\/images\/bullets.jpg\" width=\"10\" height=\"9\" \/> PRIVACY POLICY<\/strong><\/p>\n<p style=\"padding-left: 30px;\"><img loading=\"lazy\" decoding=\"async\" alt=\"bullets\" src=\"https:\/\/witforjesus.org\/images\/bullets.jpg\" width=\"10\" height=\"9\" \/>\u00a0<a title=\"Nossa Pol\u00edtica de Direitos de Autor\" href=\"https:\/\/www.4jehovah.org\/pt-pt\/nossa-politica-de-direitos-de-autor\/\"><strong>A NOSSA POL\u00cdTICA DE DIREITOS DE AUTOR<\/strong><\/a><\/p>\n<p style=\"padding-left: 30px;\"><strong><img loading=\"lazy\" decoding=\"async\" alt=\"bullets\" src=\"https:\/\/witforjesus.org\/images\/bullets.jpg\" width=\"10\" height=\"9\" \/><\/strong> <a href=\"http:\/\/4witness.org\/pt-pt\/principal\/politica-de-codigo-de-conduta-para-evangelismo\/\"><strong><b>POL\u00cdTICA DE C\u00d3DIGO DE CONDUTA PARA EVANGELISMO<\/b><\/strong><\/a><strong><b> <\/b><\/strong>(4witness.org)<\/p>\n<p>&nbsp;<\/p>\n<p>&nbsp;<\/p>\n<p>&nbsp;<\/p>\n","protected":false},"excerpt":{"rendered":"<p>WITNESSES FOR JESUS &#8211; NOSSOS TERMOS E CONDI\u00c7\u00d5ES LEGAL DISCLAIMER PRIVACY POLICY \u00a0A NOSSA POL\u00cdTICA DE DIREITOS DE AUTOR POL\u00cdTICA DE C\u00d3DIGO DE CONDUTA PARA EVANGELISMO (4witness.org) &nbsp; &nbsp; &nbsp;<\/p>\n","protected":false},"author":6,"featured_media":0,"parent":0,"menu_order":0,"comment_status":"closed","ping_status":"closed","template":"","meta":{"footnotes":""},"class_list":["post-11508","page","type-page","status-publish","hentry"],"_links":{"self":[{"href":"https:\/\/www.4jehovah.org\/pt-pt\/wp-json\/wp\/v2\/pages\/11508","targetHints":{"allow":["GET"]}}],"collection":[{"href":"https:\/\/www.4jehovah.org\/pt-pt\/wp-json\/wp\/v2\/pages"}],"about":[{"href":"https:\/\/www.4jehovah.org\/pt-pt\/wp-json\/wp\/v2\/types\/page"}],"author":[{"embeddable":true,"href":"https:\/\/www.4jehovah.org\/pt-pt\/wp-json\/wp\/v2\/users\/6"}],"replies":[{"embeddable":true,"href":"https:\/\/www.4jehovah.org\/pt-pt\/wp-json\/wp\/v2\/comments?post=11508"}],"version-history":[{"count":1,"href":"https:\/\/www.4jehovah.org\/pt-pt\/wp-json\/wp\/v2\/pages\/11508\/revisions"}],"predecessor-version":[{"id":11509,"href":"https:\/\/www.4jehovah.org\/pt-pt\/wp-json\/wp\/v2\/pages\/11508\/revisions\/11509"}],"wp:attachment":[{"href":"https:\/\/www.4jehovah.org\/pt-pt\/wp-json\/wp\/v2\/media?parent=11508"}],"curies":[{"name":"wp","href":"https:\/\/api.w.org\/{rel}","templated":true}]}}