{"id":11000,"date":"2013-10-24T10:38:38","date_gmt":"2013-10-24T17:38:38","guid":{"rendered":"https:\/\/www.4jehovah.org\/?page_id=11000"},"modified":"2013-11-01T16:25:55","modified_gmt":"2013-11-01T23:25:55","slug":"nossa-politica-de-direitos-de-autor","status":"publish","type":"page","link":"https:\/\/www.4jehovah.org\/pt-pt\/termos-e-condicoes\/nossa-politica-de-direitos-de-autor\/","title":{"rendered":"Nossa Pol\u00edtica de Direitos de Autor"},"content":{"rendered":"<p style=\"text-align: justify;\"><strong><strong><img decoding=\"async\" alt=\"Copyright policy\" src=\"https:\/\/witforjesus.org\/images\/home\/copy-machine.png\" \/><\/strong><\/strong><\/p>\n<p style=\"text-align: justify;\"><strong><strong>NOSSA POL\u00cdTICA DE DIREITOS DE AUTOR<\/strong><\/strong><\/p>\n<p style=\"text-align: justify;\"><strong><strong>Resposta \u00e0 Pergunta: \u201cPosso imprimir e distribuir c\u00f3pias do vosso material sem infringir as leis de Direitos de Autor?\u201d<\/strong><br \/>\n<\/strong><br \/>\n<strong><strong>Declara\u00e7\u00e3o de Direitos de Autor:<\/strong> <\/strong><br \/>\nA partir deste <i>website<\/i> Witnesses for Jesus, voc\u00ea pode imprimir materiais para uso pessoal e para partilhar com outros na sua zona, e\/ou minist\u00e9rio mundial, desde que os <b>d\u00ea<\/b> e <b>n\u00e3o pe\u00e7a nada por eles<\/b>. Neste caso, gr\u00e1tis significa gr\u00e1tis. Nenhum \u00e1udio, PDF ou ficheiro de texto pode ser enviado com algo vendido, nem pode voc\u00ea cobrar por \u00e1udio ou fotoc\u00f3pias, transporte ou manuseio, etc. Estes ficheiros s\u00e3o providenciados gratuitamente para o seu estudo pessoal e uso no minist\u00e9rio \u00e0s Testemunhas de Jeov\u00e1 e outros amigos. <b>Usar apenas por\u00e7\u00f5es<\/b> e\/ou <b>redistribuir\u00a0 \u201cparcialmente\u201d impress\u00f5es<\/b> e\/ou ficheiros de \u00e1udio \u00e9 estritamente <b>proibido<\/b>, de modo a evitar que sejam tirados fora do contexto.<\/p>\n<p><strong><strong>Pol\u00edtica de Redistribui\u00e7\u00e3o<\/strong>:<\/strong><\/p>\n<p style=\"text-align: justify;\">Este material \u00e9 partilhado na forma de media digital e transcri\u00e7\u00e3o por escrito com o nome e morada exposta de Witnesses for Jesus. N\u00e3o pode ser reimpresso para publica\u00e7\u00e3o comercial; contudo, <b>pode ser duplicado para distribui\u00e7\u00e3o no minist\u00e9rio<\/b>, desde que <b>seja dado<\/b> e voc\u00ea <b>inclua o nome e morada<\/b> de Witnesses for Jesus em todos os trabalhos copiados. Usar partes e\/ou redistribuir \u201cparcialmente\u201d media e\/ou ficheiros de textos transcritos \u00e9 estritamente <b>proibido<\/b>, de modo a que declara\u00e7\u00f5es n\u00e3o sejam tiradas fora do contexto.<\/p>\n<p style=\"text-align: justify;\"><strong><b>Pedidos para Permiss\u00e3o para \u201cReposi\u00e7\u00e3o \u00c1udio ou Ficheiros de Texto Transcrito em Outros Sites<\/b>\u201d:<\/strong><br \/>\nN\u00f3s temos tido numerosos pedidos de usu\u00e1rios par repor os nossos textos transcritos e ficheiros de media em nossos pr\u00f3prios <i>websites<\/i>, f\u00f3runs de discuss\u00e3o, etc. N\u00f3s apreciamos o vosso voto de confian\u00e7a no conte\u00fado providenciado pela Witnesses for Jesus, e estamos honrados em servir todas as pessoas que usam o <i>website<\/i> cada dia. Contudo, com todos os <i>websites<\/i> a um clique de dist\u00e2ncia, <b>em nenhumas circunst\u00e2ncias n\u00f3s damos permiss\u00e3o para que esses materiais seja recolocados em outros sites<\/b>. Contudo, voc\u00eas s\u00e3o <b>convidados a colocar um link<\/b> no vosso <i>website<\/i> ou f\u00f3runs de discuss\u00e3o de qualquer conte\u00fado partilhado no nosso <i>website<\/i> Witnesses for Jesus, Inc.<\/p>\n","protected":false},"excerpt":{"rendered":"<p>NOSSA POL\u00cdTICA DE DIREITOS DE AUTOR Resposta \u00e0 Pergunta: \u201cPosso imprimir e distribuir c\u00f3pias do vosso material sem infringir as leis de Direitos de Autor?\u201d Declara\u00e7\u00e3o de Direitos de Autor: A partir deste website Witnesses for Jesus, voc\u00ea pode imprimir materiais para uso pessoal e para partilhar com outros na sua zona, e\/ou minist\u00e9rio mundial,&#8230;<\/p>\n","protected":false},"author":6,"featured_media":0,"parent":11508,"menu_order":0,"comment_status":"closed","ping_status":"closed","template":"","meta":{"footnotes":""},"class_list":["post-11000","page","type-page","status-publish","hentry"],"_links":{"self":[{"href":"https:\/\/www.4jehovah.org\/pt-pt\/wp-json\/wp\/v2\/pages\/11000","targetHints":{"allow":["GET"]}}],"collection":[{"href":"https:\/\/www.4jehovah.org\/pt-pt\/wp-json\/wp\/v2\/pages"}],"about":[{"href":"https:\/\/www.4jehovah.org\/pt-pt\/wp-json\/wp\/v2\/types\/page"}],"author":[{"embeddable":true,"href":"https:\/\/www.4jehovah.org\/pt-pt\/wp-json\/wp\/v2\/users\/6"}],"replies":[{"embeddable":true,"href":"https:\/\/www.4jehovah.org\/pt-pt\/wp-json\/wp\/v2\/comments?post=11000"}],"version-history":[{"count":2,"href":"https:\/\/www.4jehovah.org\/pt-pt\/wp-json\/wp\/v2\/pages\/11000\/revisions"}],"predecessor-version":[{"id":11251,"href":"https:\/\/www.4jehovah.org\/pt-pt\/wp-json\/wp\/v2\/pages\/11000\/revisions\/11251"}],"up":[{"embeddable":true,"href":"https:\/\/www.4jehovah.org\/pt-pt\/wp-json\/wp\/v2\/pages\/11508"}],"wp:attachment":[{"href":"https:\/\/www.4jehovah.org\/pt-pt\/wp-json\/wp\/v2\/media?parent=11000"}],"curies":[{"name":"wp","href":"https:\/\/api.w.org\/{rel}","templated":true}]}}