{"id":10144,"date":"2013-07-04T13:24:23","date_gmt":"2013-07-04T20:24:23","guid":{"rendered":"https:\/\/www.4jehovah.org\/?page_id=10144"},"modified":"2015-04-13T12:54:31","modified_gmt":"2015-04-13T19:54:31","slug":"linee-guida-cosa-devi-sapere","status":"publish","type":"page","link":"https:\/\/www.4jehovah.org\/it\/predicare-il-regno-di-dio\/linee-guida-cosa-devi-sapere\/","title":{"rendered":"Linee guida \u2013 cosa devi sapere"},"content":{"rendered":"<div class=\"fusion-fullwidth fullwidth-box fusion-fullwidth-1  fusion-parallax-none nonhundred-percent-fullwidth\" style=\"border-bottom-width: 0px;border-top-width: 0px;border-bottom-style: solid;border-top-style: solid;padding-bottom:20px;padding-top:20px;padding-left:0px;padding-right:0px;\"><style type=\"text\/css\" scoped=\"scoped\">.fusion-fullwidth-1 {\n                            padding-left: 0px !important;\n                            padding-right: 0px !important;\n                        }<\/style><div class=\"fusion-row\"><div class=\"fusion-title title fusion-title-size-one\"><h1 class=\"title-heading-left\">Linee guida \u2013 COSA DEVI SAPERE<\/h1><div class=\"title-sep-container\"><div class=\"title-sep sep-single\"><\/div><\/div><\/div><\/div><\/div><div class=\"fusion-one-fourth fusion-layout-column fusion-spacing-yes\" style=\"margin-top:;margin-bottom:;\"><div class=\"fusion-column-wrapper\"><p><a href=\"https:\/\/www.4jehovah.org\/are-jehovahs-witnesses-born-again\/\"><img loading=\"lazy\" decoding=\"async\" src=\"https:\/\/witforjesus.org\/images\/jwarticles\/heaven.jpg\" alt=\"heavenlysunset\" width=\"300\" height=\"225\" \/><\/a>\u00a0<strong>I TESTIMONI DI GEOVA SONO NATI DI NUOVO? \u201cvoi dovete nascere di nuovo\u201d \u2013 Giovanni 3:3 \u2013 aiutare I cristiani a seminare il vangelo nei cuori dei Testimoni di Geova<a href=\"https:\/\/witforjesus.org\/downloads\/english\/tracts\/jw\/born-again.pdf\"><img loading=\"lazy\" decoding=\"async\" src=\"https:\/\/witforjesus.org\/images\/buttons\/pdf.jpg\" alt=\"PDF\" width=\"44\" height=\"21\" \/><\/a><\/strong><\/p>\n<div class=\"fusion-clearfix\"><\/div><\/div><\/div><div class=\"fusion-one-fourth fusion-layout-column fusion-spacing-yes\" style=\"margin-top:;margin-bottom:;\"><div class=\"fusion-column-wrapper\"><p><a href=\"https:\/\/www.4jehovah.org\/how-to-witness-effectively-to-jehovahs-witnesses\/\"><img loading=\"lazy\" decoding=\"async\" src=\"https:\/\/witforjesus.org\/images\/jwarticles\/brick-wall.jpg\" alt=\"Kingdom Hall\" width=\"300\" height=\"225\" \/><\/a>\u00a0<strong>COME TESTIMONIARE CON EFFICACIA AI TESTIMONI DI GEOVA \u2013 rompere le barriere della Torre di Guardia passo a passo<\/strong><\/p>\n<div class=\"fusion-clearfix\"><\/div><\/div><\/div><div class=\"fusion-one-fourth fusion-layout-column fusion-spacing-yes\" style=\"margin-top:;margin-bottom:;\"><div class=\"fusion-column-wrapper\"><p><a href=\"https:\/\/www.4jehovah.org\/what-you-need-to-know-to-rescue-your-loved-one-from-jehovahs-witnesses\/\"><img loading=\"lazy\" decoding=\"async\" src=\"https:\/\/witforjesus.org\/images\/jwarticles\/friends.jpg\" alt=\"Reaching Loved Ones\" width=\"300\" height=\"225\" \/><\/a>\u00a0<strong>COSA SI DEVE SAPERE PER RISCATTARE I PROPRI CARI DAI TESTIMONI DI GEOVA \u2013 come aprire le menti chiuse dei amici o parenti testimoni di Geova<\/strong><\/p>\n<div class=\"fusion-clearfix\"><\/div><\/div><\/div><div class=\"fusion-one-fourth fusion-layout-column fusion-column-last fusion-spacing-yes\" style=\"margin-top:;margin-bottom:;\"><div class=\"fusion-column-wrapper\"><p><a href=\"https:\/\/www.4jehovah.org\/how-to-discuss-the-deity-of-jesus-christ-with-jehovahs-witnesses\/\"><img loading=\"lazy\" decoding=\"async\" src=\"https:\/\/witforjesus.org\/images\/jwarticles\/jwtrinity.jpg\" alt=\"Believe  Trinity Book\" width=\"300\" height=\"225\" \/><\/a>\u00a0<strong>COME DISCUTERE DELLA DIVINITA\u2019 DI GESU\u2019 CRISTO CON I TESTIMONI DI GEOVA<\/strong><\/p>\n<div class=\"fusion-clearfix\"><\/div><\/div><\/div><div class=\"fusion-clearfix\"><\/div><div class=\"fusion-one-fourth fusion-layout-column fusion-spacing-yes\" style=\"margin-top:;margin-bottom:;\"><div class=\"fusion-column-wrapper\"><p><a href=\"https:\/\/www.4jehovah.org\/questions-to-ask-jehovahs-witnesses-when-they-knock-on-your-door\/\"><img loading=\"lazy\" decoding=\"async\" src=\"https:\/\/witforjesus.org\/images\/jwarticles\/witness-door.jpg\" alt=\"New World Translation\" width=\"300\" height=\"225\" \/><\/a>\u00a0<strong>DOMANDA DA FARE AI TESTIMONI DI GEOVA QUANDO BUSSANO ALLA TUA PORTA\u2014una guida passo a passo per Cristiani che vogliono testimoniare ai testimoni di Geova<\/strong><\/p>\n<div class=\"fusion-clearfix\"><\/div><\/div><\/div><div class=\"fusion-one-fourth fusion-layout-column fusion-column-last fusion-spacing-yes\" style=\"margin-top:;margin-bottom:;\"><div class=\"fusion-column-wrapper\"><p><a href=\"https:\/\/www.4jehovah.org\/store\/books\/christian-conversations-with-jehovahs-witnesses\/\"><img loading=\"lazy\" decoding=\"async\" src=\"https:\/\/witforjesus.org\/images\/jwbooks\/ccjw-en.jpg\" alt=\"Christian Conversations Book\" width=\"300\" height=\"225\" \/><\/a>\u00a0<strong>UNA CONVERSAZIONE CRISTIANA CON DEI TESTIMONI DI GEOVA: risposte bibliche a domande dei TDG:<\/strong><\/p>\n<ul>\n<li><strong>La luce progressive cambia la dottrina della Torre di Guardia<\/strong><\/li>\n<li><strong>Divinit\u00e0 di Ges\u00f9 Cristo e la Trinit\u00e0<\/strong><\/li>\n<li><strong>144000 e il regno di Ges\u00f9<\/strong><\/li>\n<li><strong>Fede e opera nella salvezza<\/strong><\/li>\n<li><strong>Trasfusione di sangue<\/strong><\/li>\n<li><strong>Guerra e Politica<\/strong><\/li>\n<li><strong>Celebrazione delle feste<\/strong><\/li>\n<li><strong>Immortalit\u00e0 dell\u2019anima<\/strong><\/li>\n<li><strong>La croce<\/strong><\/li>\n<\/ul>\n<div class=\"fusion-clearfix\"><\/div><\/div><\/div><div class=\"fusion-clearfix\"><\/div>\n","protected":false},"excerpt":{"rendered":"","protected":false},"author":6,"featured_media":18033,"parent":5795,"menu_order":0,"comment_status":"closed","ping_status":"closed","template":"","meta":{"footnotes":""},"class_list":["post-10144","page","type-page","status-publish","has-post-thumbnail","hentry"],"_links":{"self":[{"href":"https:\/\/www.4jehovah.org\/it\/wp-json\/wp\/v2\/pages\/10144","targetHints":{"allow":["GET"]}}],"collection":[{"href":"https:\/\/www.4jehovah.org\/it\/wp-json\/wp\/v2\/pages"}],"about":[{"href":"https:\/\/www.4jehovah.org\/it\/wp-json\/wp\/v2\/types\/page"}],"author":[{"embeddable":true,"href":"https:\/\/www.4jehovah.org\/it\/wp-json\/wp\/v2\/users\/6"}],"replies":[{"embeddable":true,"href":"https:\/\/www.4jehovah.org\/it\/wp-json\/wp\/v2\/comments?post=10144"}],"version-history":[{"count":12,"href":"https:\/\/www.4jehovah.org\/it\/wp-json\/wp\/v2\/pages\/10144\/revisions"}],"predecessor-version":[{"id":16613,"href":"https:\/\/www.4jehovah.org\/it\/wp-json\/wp\/v2\/pages\/10144\/revisions\/16613"}],"up":[{"embeddable":true,"href":"https:\/\/www.4jehovah.org\/it\/wp-json\/wp\/v2\/pages\/5795"}],"wp:featuredmedia":[{"embeddable":true,"href":"https:\/\/www.4jehovah.org\/it\/wp-json\/wp\/v2\/media\/18033"}],"wp:attachment":[{"href":"https:\/\/www.4jehovah.org\/it\/wp-json\/wp\/v2\/media?parent=10144"}],"curies":[{"name":"wp","href":"https:\/\/api.w.org\/{rel}","templated":true}]}}