{"id":10109,"date":"2013-06-29T15:24:30","date_gmt":"2013-06-29T22:24:30","guid":{"rendered":"https:\/\/www.4jehovah.org\/?page_id=10109"},"modified":"2018-09-27T07:50:08","modified_gmt":"2018-09-27T14:50:08","slug":"domande-passo-passo-per-testimoni-di-geova","status":"publish","type":"page","link":"https:\/\/www.4jehovah.org\/it\/predicare-il-regno-di-dio\/domande-passo-passo-per-testimoni-di-geova\/","title":{"rendered":"Domande passo passo per Testimoni di Geova"},"content":{"rendered":"<ul class=\"lcp_catlist\" id=\"lcp_instance_0\"><li><a href=\"https:\/\/www.4jehovah.org\/it\/il-nuovo-patto-e-valido-solo-per-un-gruppo-di-144000-persone\/\">Il Nuovo Patto e\u2019 valido solo per un gruppo di 144,000 persone?<\/a><\/li><li><a href=\"https:\/\/www.4jehovah.org\/it\/trasfusione-di-sangue-segreta-di-cui-i-testimoni-di-geova-non-parlano\/\">Trasfusione di Sangue Segreta di cui i Testimoni di Geova non parlano<\/a><\/li><\/ul>\n<div class=\"add_posts\"><a class=\"post-thumb alignleft\" style=\"float:left; margin-right:15px; clear:both;\" href=\"https:\/\/www.4jehovah.org\/it\/il-nuovo-patto-e-valido-solo-per-un-gruppo-di-144000-persone\/ \"><\/a><div class=\"add_posts_content\" style=\"clear:both;\"><h2 class=\"title\" style=\"clear: none;\"><a href=\"https:\/\/www.4jehovah.org\/it\/il-nuovo-patto-e-valido-solo-per-un-gruppo-di-144000-persone\/\">Il Nuovo Patto e\u2019 valido solo per un gruppo di 144,000 persone?<\/a><\/h2><div class=\"post-content\" style=\"clear:both\";><p><img loading=\"lazy\" decoding=\"async\" alt=\"heavenlysunset\" src=\"https:\/\/witforjesus.org\/images\/long\/4jehovah\/butterfly.png\" width=\"590\" height=\"239\" \/><\/p>\n<p><strong>IL NUOVO PATTO E\u2019 VALIDO SOLO PER UN GRUPPO DI 144,000 PERSONE? \u201415 domande da fare ai testimoni di Geova sui 144,000 e la grande moltitudine<\/strong><\/p>\n<p>i tutte le dottrine che puoi affrontare con i Testimoni di Geova, niente \u00a0\u00e8 pi\u00f9 essenziale dell\u2019identit\u00e0 di Ges\u00f9 Cristo e i problemi relativi alla salvezza e vita eterna. I Testimoni di Geova hanno due tipi di salvezza nelle quali dividono i loro membri. Chiamano il primo gruppo \u201cpiccolo gregge\u201d e lo limitano a 144.000 membri, mentre chiamano il secondo gruppo \u201cla grande moltitudine\u201d, aperta al resto dell\u2019umanit\u00e0. Quando esaminiamo questa credenza circa I due gruppi di salvezza, \u00e8 qui che scopriamo il pi\u00f9 grande punto debole nella teologia della Watchtower, perch\u00e8 non c\u2019\u00e8 una singola scrittura che supporti il loro punto di vista unico circa questo argomento.<\/p>\n <a href=\"https:\/\/www.4jehovah.org\/it\/il-nuovo-patto-e-valido-solo-per-un-gruppo-di-144000-persone\/\" class=\"readmore\">Leggi di pi\u00f9<\/a><\/div><hr style=\"margin:10px 0\"><\/div><a class=\"post-thumb alignleft\" style=\"float:left; margin-right:15px; clear:both;\" href=\"https:\/\/www.4jehovah.org\/it\/trasfusione-di-sangue-segreta-di-cui-i-testimoni-di-geova-non-parlano\/ \"><\/a><div class=\"add_posts_content\" style=\"clear:both;\"><h2 class=\"title\" style=\"clear: none;\"><a href=\"https:\/\/www.4jehovah.org\/it\/trasfusione-di-sangue-segreta-di-cui-i-testimoni-di-geova-non-parlano\/\">Trasfusione di Sangue Segreta di cui i Testimoni di Geova non parlano<\/a><\/h2><div class=\"post-content\" style=\"clear:both\";><p class=\"style1\"><strong><b><img loading=\"lazy\" decoding=\"async\" class=\"alignright\" style=\"margin: 10px;\" src=\"https:\/\/witforjesus.org\/images\/jwarticles\/blood_transfusions.jpg\" alt=\"jwgodsname\" width=\"300\" height=\"200\" \/><\/b><\/strong><strong>.:<b>SEGRETI CHE I TESTIMONI DI GEOVA NON CONOSCONO SULLE TRASFUSIONI, POLITICA DELLA TORRE DI GUARDIA E LA BIBBIA<\/b>: <b>12 Domande per i Testimoni di Geova sulle Trasfusioni di Sangue<\/b><br \/>\n<\/strong><\/p>\n<div class=\"style28\" align=\"justify\">\n<p><strong><span class=\"style30\">1. <b>La Torre di Guardia insegna che \u201cil trapianto d\u2019organo\u201d e \u201cil trapianto di tessuto\u201d possono essere accettati dai Testimoni di Geova senza violare dei principi biblici?<\/b><\/span><\/strong><\/p>\n<\/div>\n<blockquote>\n<div align=\"justify\">\u201ci testimoni non ritengono che la Bibbia dia indicazioni sul <b>trapianto di organo<\/b>; di conseguenza, le decisioni in materia di cornea, di rene, o altri trapianti di tessuto possono essere prese individualmente dal singolo Testimone.\u201d <strong>\u2014\u00a0<\/strong><em>How Can Blood Save Your Life?,<\/em> 1990, p. 28 (<a href=\"https:\/\/witforjesus.org\/downloads\/english\/pdfs\/jehovahs-witness\/medical\/blood1.pdf\"><strong>PDF<\/strong><\/a>)<\/p>\n <a href=\"https:\/\/www.4jehovah.org\/it\/trasfusione-di-sangue-segreta-di-cui-i-testimoni-di-geova-non-parlano\/\" class=\"readmore\">Leggi di pi\u00f9<\/a><\/div><hr style=\"margin:10px 0\"><\/div><\/div><div style=\"clear: both;\"><\/div>\n","protected":false},"excerpt":{"rendered":"","protected":false},"author":6,"featured_media":19067,"parent":5795,"menu_order":0,"comment_status":"closed","ping_status":"closed","template":"","meta":{"footnotes":""},"class_list":["post-10109","page","type-page","status-publish","has-post-thumbnail","hentry"],"_links":{"self":[{"href":"https:\/\/www.4jehovah.org\/it\/wp-json\/wp\/v2\/pages\/10109","targetHints":{"allow":["GET"]}}],"collection":[{"href":"https:\/\/www.4jehovah.org\/it\/wp-json\/wp\/v2\/pages"}],"about":[{"href":"https:\/\/www.4jehovah.org\/it\/wp-json\/wp\/v2\/types\/page"}],"author":[{"embeddable":true,"href":"https:\/\/www.4jehovah.org\/it\/wp-json\/wp\/v2\/users\/6"}],"replies":[{"embeddable":true,"href":"https:\/\/www.4jehovah.org\/it\/wp-json\/wp\/v2\/comments?post=10109"}],"version-history":[{"count":18,"href":"https:\/\/www.4jehovah.org\/it\/wp-json\/wp\/v2\/pages\/10109\/revisions"}],"predecessor-version":[{"id":19247,"href":"https:\/\/www.4jehovah.org\/it\/wp-json\/wp\/v2\/pages\/10109\/revisions\/19247"}],"up":[{"embeddable":true,"href":"https:\/\/www.4jehovah.org\/it\/wp-json\/wp\/v2\/pages\/5795"}],"wp:featuredmedia":[{"embeddable":true,"href":"https:\/\/www.4jehovah.org\/it\/wp-json\/wp\/v2\/media\/19067"}],"wp:attachment":[{"href":"https:\/\/www.4jehovah.org\/it\/wp-json\/wp\/v2\/media?parent=10109"}],"curies":[{"name":"wp","href":"https:\/\/api.w.org\/{rel}","templated":true}]}}