{"id":9902,"date":"2013-06-18T23:40:38","date_gmt":"2013-06-19T06:40:38","guid":{"rendered":"https:\/\/www.4jehovah.org\/?page_id=9902"},"modified":"2013-06-18T23:48:34","modified_gmt":"2013-06-19T06:48:34","slug":"politica-de-derechos-reservados","status":"publish","type":"page","link":"https:\/\/www.4jehovah.org\/es\/terminos-y-condiciones\/politica-de-derechos-reservados\/","title":{"rendered":"Pol\u00edtica de derechos reservados"},"content":{"rendered":"<p style=\"text-align: justify;\"><strong><strong><img decoding=\"async\" alt=\"Copyright policy\" src=\"https:\/\/witforjesus.org\/images\/home\/copy-machine.png\" \/><\/strong><\/strong><\/p>\n<p style=\"text-align: justify;\"><strong>DECLARACI\u00d3N DE DERECHOS DE AUTOR<\/strong><\/p>\n<p><strong><strong>\u00bfPuedo imprimir y distribuir copias del material de ustedes, sin infringir las leyes de derechos de autor?<\/strong><br \/>\n<\/strong><br \/>\n<strong><strong><strong>Declaraci\u00f3n de Derechos de Autor:<\/strong><\/strong> <\/strong><br \/>\nDe nuestro sitio Web de Witnesses for Jesus Inc (Testigos por Jes\u00fas), tu puedes imprimir material para uso personal y para compartir con otros en tu ministerio local, y\/o en tu ministerio mundial mientras lo regales y <strong>no cobres por ello<\/strong>. En este caso, gratis significa gratis. Ning\u00fan pdf, audio o archivo de texto puede ser mezclado con nada vendido, ni tampoco puedes cobrar por audio o copias, env\u00edo o manejo, etc. estos archivos son provistos gratuitamente para tu estudio personal y para usarlos con el fin de predicarles a los testigos de Jehov\u00e1 y a los Mormones, tambi\u00e9n como preparaci\u00f3n para sermones, clases de escuela dominical, peque\u00f1os grupos de estudios B\u00edblicos, y\/o otros estudios no comerciales. La descompilaci\u00f3n y\/o la <strong>redistribuci\u00f3n \u201cparcial\u201d<\/strong> <strong>de archivos de audio<\/strong> y\/o<strong> impresos est\u00e1n estrictamente prohibidas<\/strong>, para as\u00ed tambi\u00e9n evitar que algunas declaraciones sean tomadas fuera de contexto.<\/p>\n<p><strong>Pol\u00edtica de Redistribuci\u00f3n: <\/strong><\/p>\n<p>Este material es compartido en forma de medios digitales y transcripciones escritas con el nombre y direcci\u00f3n visibles de Witnesses for Jesus, Inc. (Testigos por Jes\u00fas). Puede que no sea reimpreso para publicaci\u00f3n comercial; sin embargo, puede ser duplicado para la distribuci\u00f3n en el ministerio mientras sea regalado y tu incluyas el nombre y direcci\u00f3n de Witnesses for Jesus, Inc. (Testigos por Jes\u00fas) en todos los trabajos derivados. La descompilaci\u00f3n y\/o la redistribuci\u00f3n \u201cparcial\u201d de archivos de audio y\/o impresos est\u00e1n estrictamente prohibidas, para as\u00ed tambi\u00e9n evitar que algunas declaraciones sean tomadas fuera de contexto.<\/p>\n<p style=\"text-align: justify;\"><strong style=\"text-align: justify;\"><strong>Solicitudes de Permiso para \u00abVolver a Publicar Audio o Archivos de Transcripciones Escritas en Otros Sitios:\u00bb<br \/>\n<\/strong><\/strong><br \/>\nWe Hemos tenido numerosas solicitudes de usuarios para volver a publicar nuestras transcripciones escritas y archivos de audio en sus propios sitios Web o foros de discusi\u00f3n, etc. Apreciamos tu confianza en el contenido provisto por Testigos por Jes\u00fas (Witnesses for Jesus Inc), y nos sentimos honrados de ser de utilidad a todas las personas que usan el sitio Web todos los d\u00edas. Sin embargo, con todos los sitios Web en el mundo y estando a solo un clic de distancia de nuestro sitio, en este momento, <strong>no otorgamos permiso para que este material sea publicado en otros sitios Web<\/strong>. Sin embargo, te invitamos a poner un enlace en tu sitio Web o en tu foro de discusi\u00f3n para cualquier contenido compartido en nuestro sitio Web Witnesses for Jesus Inc (<span style=\"color: #0000ff;\">Testigos por Jes\u00fas)<\/span>.<\/p>\n","protected":false},"excerpt":{"rendered":"<p>DECLARACI\u00d3N DE DERECHOS DE AUTOR \u00bfPuedo imprimir y distribuir copias del material de ustedes, sin infringir las leyes de derechos de autor? Declaraci\u00f3n de Derechos de Autor: De nuestro sitio Web de Witnesses for Jesus Inc (Testigos por Jes\u00fas), tu puedes imprimir material para uso personal y para compartir con otros en tu ministerio local,&#8230;<\/p>\n","protected":false},"author":6,"featured_media":0,"parent":9892,"menu_order":0,"comment_status":"closed","ping_status":"closed","template":"","meta":{"footnotes":""},"class_list":["post-9902","page","type-page","status-publish","hentry"],"_links":{"self":[{"href":"https:\/\/www.4jehovah.org\/es\/wp-json\/wp\/v2\/pages\/9902","targetHints":{"allow":["GET"]}}],"collection":[{"href":"https:\/\/www.4jehovah.org\/es\/wp-json\/wp\/v2\/pages"}],"about":[{"href":"https:\/\/www.4jehovah.org\/es\/wp-json\/wp\/v2\/types\/page"}],"author":[{"embeddable":true,"href":"https:\/\/www.4jehovah.org\/es\/wp-json\/wp\/v2\/users\/6"}],"replies":[{"embeddable":true,"href":"https:\/\/www.4jehovah.org\/es\/wp-json\/wp\/v2\/comments?post=9902"}],"version-history":[{"count":4,"href":"https:\/\/www.4jehovah.org\/es\/wp-json\/wp\/v2\/pages\/9902\/revisions"}],"predecessor-version":[{"id":9912,"href":"https:\/\/www.4jehovah.org\/es\/wp-json\/wp\/v2\/pages\/9902\/revisions\/9912"}],"up":[{"embeddable":true,"href":"https:\/\/www.4jehovah.org\/es\/wp-json\/wp\/v2\/pages\/9892"}],"wp:attachment":[{"href":"https:\/\/www.4jehovah.org\/es\/wp-json\/wp\/v2\/media?parent=9902"}],"curies":[{"name":"wp","href":"https:\/\/api.w.org\/{rel}","templated":true}]}}