{"id":9437,"date":"2013-05-18T12:43:31","date_gmt":"2013-05-18T19:43:31","guid":{"rendered":"https:\/\/www.4jehovah.org\/?page_id=9437"},"modified":"2013-06-19T13:59:53","modified_gmt":"2013-06-19T20:59:53","slug":"equipo-del-ministerio-de-ex-testigos-de-jehova","status":"publish","type":"page","link":"https:\/\/www.4jehovah.org\/es\/contactanos\/equipo-del-ministerio-de-ex-testigos-de-jehova\/","title":{"rendered":"Equipo del ministerio de ex-testigos de Jehov\u00e1"},"content":{"rendered":"<p><strong><strong><\/strong>CONOZCA A NUESTRO EQUIPO<br \/>\n<\/strong><\/p>\n<blockquote><p><strong><img loading=\"lazy\" decoding=\"async\" alt=\"Link\" src=\"https:\/\/witforjesus.org\/images\/bullets.jpg\" width=\"10\" height=\"9\" \/> <a title=\"Cont\u00e1ctanos\" href=\"https:\/\/www.4jehovah.org\/es\/contactanos\/\">Cont\u00e1ctenos (Escriba s\u00f3lo en ingl\u00e9s, por favor)<\/a><\/strong><\/p>\n<p><strong>EX-TESTIGOS DE JEHOV\u00c1<\/strong><\/p><\/blockquote>\n<table width=\"589\" border=\"0\" cellspacing=\"1\" cellpadding=\"1\">\n<tbody>\n<tr>\n<td width=\"263\">\n<div align=\"center\"><a href=\"https:\/\/www.4jehovah.org\/carlene-ex-jehovahs-witness\/\"><img loading=\"lazy\" decoding=\"async\" alt=\"Carlene\" src=\"https:\/\/witforjesus.org\/images\/jwstories\/carlene.jpg\" width=\"245\" height=\"283\" \/><\/a><\/div>\n<\/td>\n<td width=\"319\">\n<div align=\"center\"><a href=\"https:\/\/www.4jehovah.org\/julie-ex-jehovahs-witness\/\"><img loading=\"lazy\" decoding=\"async\" alt=\"Julie\" src=\"https:\/\/witforjesus.org\/images\/jwstories\/julie.jpg\" width=\"214\" height=\"293\" \/><\/a><\/div>\n<div align=\"center\"><\/div>\n<\/td>\n<\/tr>\n<tr>\n<td>\n<div align=\"center\"><strong> <a title=\"Carlene \u2013 ex-testigos de Jehov\u00e1\" href=\"https:\/\/www.4jehovah.org\/es\/carlene-ex-testigos-de-jehova\/\">Carlene<\/a><\/strong><\/div>\n<\/td>\n<td>\n<div align=\"center\"><a title=\"El Testimonio de Julie\" href=\"https:\/\/www.4jehovah.org\/es\/el-testimonio-de-julie\/\"><strong>Julie<\/strong><\/a><\/div>\n<\/td>\n<\/tr>\n<tr>\n<td>\n<div align=\"center\"><a href=\"https:\/\/www.4jehovah.org\/tammie-ex-jehovahs-witness\/\"><img loading=\"lazy\" decoding=\"async\" alt=\"Tammie\" src=\"https:\/\/witforjesus.org\/images\/jwstories\/tammie.jpg\" width=\"205\" height=\"238\" \/><\/a><\/div>\n<\/td>\n<td>\n<div align=\"center\"><a href=\"https:\/\/www.4jehovah.org\/jason-ex-jehovahs-witness\/\"><img loading=\"lazy\" decoding=\"async\" alt=\"Jason\" src=\"https:\/\/witforjesus.org\/images\/jwstories\/jason.jpg\" width=\"250\" height=\"250\" \/><\/a><\/div>\n<\/td>\n<\/tr>\n<tr>\n<td>\n<div align=\"center\"><strong><a title=\"El Testimonio de Tammie\" href=\"https:\/\/www.4jehovah.org\/es\/el-testimonio-de-tammie\/\">Tammie<\/a> <\/strong><\/div>\n<\/td>\n<td>\n<div align=\"center\"><a title=\"El Testimonio de Jason\" href=\"https:\/\/www.4jehovah.org\/es\/el-testimonio-de-jason\/\"><strong>Jason<\/strong><\/a><\/div>\n<\/td>\n<\/tr>\n<tr>\n<td>\n<div align=\"center\"><a href=\"https:\/\/www.4jehovah.org\/stephen-ex-jehovahs-witness\/\"><img loading=\"lazy\" decoding=\"async\" alt=\"Stephen\" src=\"https:\/\/witforjesus.org\/images\/jwstories\/stephen.jpg\" width=\"230\" height=\"239\" \/><\/a><\/div>\n<\/td>\n<td>\n<div align=\"center\"><a href=\"https:\/\/www.4jehovah.org\/betty-ex-jehovahs-witness\/\"><img loading=\"lazy\" decoding=\"async\" alt=\"Betty\" src=\"https:\/\/witforjesus.org\/images\/jwstories\/betty.jpg\" width=\"210\" height=\"252\" \/><\/a><\/div>\n<\/td>\n<\/tr>\n<tr>\n<td>\n<div align=\"center\"><strong><a title=\"El Testimonio de Stephen\" href=\"https:\/\/www.4jehovah.org\/es\/el-testimonio-de-stephen\/\">Stephen<\/a><\/strong><\/div>\n<\/td>\n<td>\n<div align=\"center\"><strong><a title=\"Betty-ex-testigos-de-jehov\u00e1\" href=\"https:\/\/www.4jehovah.org\/es\/el-testimonio-de-betty\/\">Betty<\/a><\/strong><\/div>\n<\/td>\n<\/tr>\n<tr>\n<td>\n<div align=\"center\"><a href=\"https:\/\/www.4jehovah.org\/angie-ex-jehovahs-witness\/\"><img loading=\"lazy\" decoding=\"async\" alt=\"Angie\" src=\"https:\/\/witforjesus.org\/images\/jwstories\/angie.jpg\" width=\"214\" height=\"267\" \/><\/a><\/div>\n<\/td>\n<td>\n<div align=\"center\"><a href=\"https:\/\/www.4jehovah.org\/dan-ex-jehovahs-witness\/\"><img loading=\"lazy\" decoding=\"async\" alt=\"Dan and Kaci\" src=\"https:\/\/witforjesus.org\/images\/jwstories\/dan_kaci.jpg\" width=\"313\" height=\"272\" \/><\/a><\/div>\n<\/td>\n<\/tr>\n<tr>\n<td>\n<div align=\"center\"><strong><a title=\"El Testimonio de Angie\" href=\"https:\/\/www.4jehovah.org\/es\/el-testimonio-de-angie\/\">Angie<\/a><\/strong><\/div>\n<\/td>\n<td>\n<div align=\"center\"><a title=\"El Testimonio de Dan\" href=\"https:\/\/www.4jehovah.org\/es\/el-testimonio-de-dan\/\"><strong>Dan and Kaci<\/strong><\/a><\/div>\n<\/td>\n<\/tr>\n<tr>\n<td>\n<div align=\"center\"><a href=\"https:\/\/www.4jehovah.org\/david-h-ex-jehovahs-witness\/\"><img loading=\"lazy\" decoding=\"async\" alt=\"David\" src=\"https:\/\/witforjesus.org\/images\/jwstories\/davidh.jpg\" width=\"213\" height=\"198\" \/><\/a><\/div>\n<\/td>\n<td>\n<div align=\"center\"><a href=\"https:\/\/www.4jehovah.org\/anne-marie-ex-jehovahs-witness\/\"><img loading=\"lazy\" decoding=\"async\" alt=\"Anne Marie\" src=\"https:\/\/witforjesus.org\/images\/jwstories\/annemarie.jpg\" width=\"209\" height=\"227\" \/><\/a><\/div>\n<\/td>\n<\/tr>\n<tr>\n<td>\n<div align=\"center\"><strong><a title=\"El Testimonio de David\" href=\"https:\/\/www.4jehovah.org\/es\/el-testimonio-de-david\/\">David<\/a><\/strong><\/div>\n<\/td>\n<td>\n<div align=\"center\"><a title=\"El Testimonio de Anne Marie\" href=\"https:\/\/www.4jehovah.org\/es\/el-testimonio-de-anne-marie\/\"><strong>Anne Marie<\/strong><\/a><\/div>\n<\/td>\n<\/tr>\n<\/tbody>\n<\/table>\n<p><img loading=\"lazy\" decoding=\"async\" alt=\"Link\" src=\"https:\/\/witforjesus.org\/images\/bullets.jpg\" width=\"10\" height=\"9\" \/> <strong><a title=\"Support Groups\" href=\"https:\/\/www.4jehovah.org\/support-groups\/\">Grupo de apoyo y de encuentro en l\u00ednea a nivel mundial de ex-testigos de Jehov\u00e1<\/a> (Disponible \u00danicamente en Ingl\u00e9s)<\/strong><\/p>\n<p><strong><strong>CRISTIANOS QUE NO SON EX-TESTIGOS DE JEHOV\u00c1<\/strong><\/strong><\/p>\n<table width=\"589\" border=\"0\" cellspacing=\"1\" cellpadding=\"1\">\n<tbody>\n<tr>\n<td width=\"263\">\n<div align=\"center\"><a href=\"http:\/\/4witness.org\/diane-christian-ministry-partner\/\"><img loading=\"lazy\" decoding=\"async\" alt=\"Diane\" src=\"https:\/\/witforjesus.org\/images\/partners\/jw\/diane.jpg\" width=\"236\" height=\"202\" \/><\/a><\/div>\n<\/td>\n<td width=\"319\">\n<div align=\"center\"><\/div>\n<div align=\"center\"><a href=\"http:\/\/4witness.org\/donna-christian-ministry-partner\/\"><img loading=\"lazy\" decoding=\"async\" style=\"margin-top: 10px; margin-bottom: 10px;\" alt=\"Donna\" src=\"https:\/\/witforjesus.org\/images\/partners\/jw\/donna.jpg\" width=\"184\" height=\"173\" \/><\/a><\/div>\n<div align=\"center\"><\/div>\n<\/td>\n<\/tr>\n<tr>\n<td>\n<div align=\"center\"><strong> <a href=\"http:\/\/4witness.org\/diane-christian-ministry-partner\/\">Diane (en Ingl\u00e9s)<\/a><\/strong><\/div>\n<\/td>\n<td>\n<div align=\"center\"><strong><a href=\"http:\/\/4witness.org\/donna-christian-ministry-partner\/\">Donna (en Ingl\u00e9s)<\/a><\/strong><\/div>\n<\/td>\n<\/tr>\n<\/tbody>\n<\/table>\n<p>&nbsp;<\/p>\n","protected":false},"excerpt":{"rendered":"<p>CONOZCA A NUESTRO EQUIPO Cont\u00e1ctenos (Escriba s\u00f3lo en ingl\u00e9s, por favor) EX-TESTIGOS DE JEHOV\u00c1 Carlene Julie Tammie Jason Stephen Betty Angie Dan and Kaci David Anne Marie Grupo de apoyo y de encuentro en l\u00ednea a nivel mundial de ex-testigos de Jehov\u00e1 (Disponible \u00danicamente en Ingl\u00e9s) CRISTIANOS QUE NO SON EX-TESTIGOS DE JEHOV\u00c1 Diane (en&#8230;<\/p>\n","protected":false},"author":6,"featured_media":0,"parent":9326,"menu_order":0,"comment_status":"closed","ping_status":"closed","template":"","meta":{"footnotes":""},"class_list":["post-9437","page","type-page","status-publish","hentry"],"_links":{"self":[{"href":"https:\/\/www.4jehovah.org\/es\/wp-json\/wp\/v2\/pages\/9437","targetHints":{"allow":["GET"]}}],"collection":[{"href":"https:\/\/www.4jehovah.org\/es\/wp-json\/wp\/v2\/pages"}],"about":[{"href":"https:\/\/www.4jehovah.org\/es\/wp-json\/wp\/v2\/types\/page"}],"author":[{"embeddable":true,"href":"https:\/\/www.4jehovah.org\/es\/wp-json\/wp\/v2\/users\/6"}],"replies":[{"embeddable":true,"href":"https:\/\/www.4jehovah.org\/es\/wp-json\/wp\/v2\/comments?post=9437"}],"version-history":[{"count":9,"href":"https:\/\/www.4jehovah.org\/es\/wp-json\/wp\/v2\/pages\/9437\/revisions"}],"predecessor-version":[{"id":9439,"href":"https:\/\/www.4jehovah.org\/es\/wp-json\/wp\/v2\/pages\/9437\/revisions\/9439"}],"up":[{"embeddable":true,"href":"https:\/\/www.4jehovah.org\/es\/wp-json\/wp\/v2\/pages\/9326"}],"wp:attachment":[{"href":"https:\/\/www.4jehovah.org\/es\/wp-json\/wp\/v2\/media?parent=9437"}],"curies":[{"name":"wp","href":"https:\/\/api.w.org\/{rel}","templated":true}]}}