{"id":9016,"date":"2013-05-03T10:00:24","date_gmt":"2013-05-03T17:00:24","guid":{"rendered":"https:\/\/www.4jehovah.org\/?page_id=9016"},"modified":"2015-04-11T15:13:00","modified_gmt":"2015-04-11T22:13:00","slug":"acerca-de-nosotros","status":"publish","type":"page","link":"https:\/\/www.4jehovah.org\/es\/acerca-de-nosotros\/","title":{"rendered":"Acerca de Nosotros"},"content":{"rendered":"<div class=\"fusion-fullwidth fullwidth-box fusion-fullwidth-1  fusion-parallax-none nonhundred-percent-fullwidth\" style=\"border-bottom-width: 0px;border-top-width: 0px;border-bottom-style: solid;border-top-style: solid;padding-bottom:20px;padding-top:20px;padding-left:0px;padding-right:0px;\"><style type=\"text\/css\" scoped=\"scoped\">.fusion-fullwidth-1 {\n                            padding-left: 0px !important;\n                            padding-right: 0px !important;\n                        }<\/style><div class=\"fusion-row\"><style type='text\/css'>.reading-box-container-1 .element-bottomshadow:before,.reading-box-container-1 .element-bottomshadow:after{opacity:0.7;}<\/style><div class=\"fusion-reading-box-container reading-box-container-1\" style=\"margin-top:0px;margin-bottom:0px;\"><div class=\"reading-box\" style=\"background-color:;border-width:1px;border-color:;border-top-width:3px;border-top-color:;border-style:solid;\"><h2>ACERCA DE NOSOTROS<\/h2><div class=\"reading-box-additional\">Muchos que se encuentran en el proceso de dejar la organizaci\u00f3n Watchtower, o que lo est\u00e1n pensando, puede ser que no deseen pensar en religi\u00f3n.\u00a0<strong> Nuestro sitio Web se encuentra afiliado con el ministerio cristiano Witnesses for Jesus Inc. (Testigos para Jes\u00fas Inc.). No somos una religi\u00f3n. <\/strong>A\u00fan cuando somos un ministerio cristiano sin fines de lucro comprometido en compartir una perspectiva b\u00edblica contrastada con las creencias y pr\u00e1cticas de los testigos de Jehov\u00e1, no respaldamos una iglesia o denominaci\u00f3n religiosa espec\u00edfica. Somos financiados por individuos que creen en nuestra misi\u00f3n, visi\u00f3n y valores. Para aprender m\u00e1s acerca de nosotros, visite los siguientes enlaces:<\/div><\/div><\/div><div class=\"fusion-sep-clear\"><\/div><div class=\"fusion-separator fusion-full-width-sep sep-none\" style=\"margin-left: auto;margin-right: auto;margin-top:;\"><\/div><\/div><\/div><div class=\"fusion-one-fourth fusion-layout-column fusion-spacing-yes\" style=\"margin-top:;margin-bottom:;\"><div class=\"fusion-column-wrapper\"><p><a href=\"https:\/\/www.4jehovah.org\/es\/quien-es-usted\/\"><strong><img loading=\"lazy\" decoding=\"async\" src=\"https:\/\/witforjesus.org\/images\/jwarticles\/exjwsupport-meetup.jpg\" alt=\"ExJW Meetup\" width=\"300\" height=\"225\" \/><\/strong><\/a>\u00a0<a title=\"\u00bfQui\u00e9n es usted?\" href=\"https:\/\/www.4jehovah.org\/es\/quien-es-usted\/\"><strong>QUIENES SOMOS \u2013 Ex-Testigos de Jehov\u00e1 para Jehov\u00e1<\/strong><\/a><\/p>\n<div class=\"fusion-clearfix\"><\/div><\/div><\/div><div class=\"fusion-one-fourth fusion-layout-column fusion-spacing-yes\" style=\"margin-top:;margin-bottom:;\"><div class=\"fusion-column-wrapper\"><p><a title=\"Declaraci\u00f3n de Fe\" href=\"https:\/\/www.4jehovah.org\/es\/declaracion-de-fe\/\"><strong><img loading=\"lazy\" decoding=\"async\" src=\"https:\/\/witforjesus.org\/images\/home\/lighthouse.jpg\" alt=\"ExJW Meetup\" width=\"300\" height=\"225\" \/><\/strong><\/a>\u00a0<a title=\"Declaraci\u00f3n de Fe\" href=\"https:\/\/www.4jehovah.org\/es\/declaracion-de-fe\/\"><b>NUESTRA DECLARACI\u00d3N DE FE \u2013 MISI\u00d3N, VISI\u00d3N Y VALORES<\/b><\/a><\/p>\n<div class=\"fusion-clearfix\"><\/div><\/div><\/div><div class=\"fusion-one-fourth fusion-layout-column fusion-spacing-yes\" style=\"margin-top:;margin-bottom:;\"><div class=\"fusion-column-wrapper\"><p><a title=\"Grupos de Apoyo\" href=\"https:\/\/www.4jehovah.org\/es\/grupos-de-apoyo\/\"><strong><img loading=\"lazy\" decoding=\"async\" src=\"https:\/\/witforjesus.org\/images\/events\/exjw-group.jpg\" alt=\"ExJW Meetup\" width=\"300\" height=\"225\" \/><\/strong><\/a>\u00a0<a title=\"Grupos de Apoyo\" href=\"https:\/\/www.4jehovah.org\/es\/grupos-de-apoyo\/\"><strong>NUESTRO GRUPO DE APOYO PARA EX-TESTIGOS DE JEHOV\u00c1<\/strong><\/a><strong> (<b>s\u00f3lo en ingles<\/b>)<\/strong><\/p>\n<div class=\"fusion-clearfix\"><\/div><\/div><\/div><div class=\"fusion-one-fourth fusion-layout-column fusion-column-last fusion-spacing-yes\" style=\"margin-top:;margin-bottom:;\"><div class=\"fusion-column-wrapper\"><p><a title=\"\u00bfC\u00f3mo puedo encontrarme con ex-Testigos de Jehov\u00e1 en mi localidad?\" href=\"https:\/\/www.4jehovah.org\/es\/como-puedo-encontrarme-con-ex-testigos-de-jehova-en-mi-localidad\/\"><strong><img loading=\"lazy\" decoding=\"async\" src=\"https:\/\/witforjesus.org\/images\/jwarticles\/jwsupport.jpg\" alt=\"ExJW Meetup\" width=\"300\" height=\"225\" \/><\/strong><\/a>\u00a0<a title=\"\u00bfC\u00f3mo puedo encontrarme con ex-Testigos de Jehov\u00e1 en mi localidad?\" href=\"https:\/\/www.4jehovah.org\/es\/como-puedo-encontrarme-con-ex-testigos-de-jehova-en-mi-localidad\/\"><strong>C\u00d3MO CONTACTAR EX-TESTIGOS DE JEHOV\u00c1 EN TU LOCALIDAD<\/strong><\/a><\/p>\n<div class=\"fusion-clearfix\"><\/div><\/div><\/div><div class=\"fusion-clearfix\"><\/div><div class=\"fusion-one-fourth fusion-layout-column fusion-spacing-yes\" style=\"margin-top:;margin-bottom:;\"><div class=\"fusion-column-wrapper\"><p><a title=\"C\u00f3mo ayudarnos\" href=\"https:\/\/www.4jehovah.org\/es\/ex-testigos-de-jehova-por-jehova\/como-ayudarnos\/\"><strong><img loading=\"lazy\" decoding=\"async\" src=\"https:\/\/witforjesus.org\/images\/jwarticles\/aspen-grove.jpg\" alt=\"ExJW Meetup\" width=\"300\" height=\"225\" \/><\/strong><\/a>\u00a0<a title=\"C\u00f3mo ayudarnos\" href=\"https:\/\/www.4jehovah.org\/es\/ex-testigos-de-jehova-por-jehova\/como-ayudarnos\/\"><strong>C\u00d3MO AYUDARNOS INVOLUCR\u00c1NDOTE CON NUESTRO MINISTERIO<\/strong><\/a><\/p>\n<div class=\"fusion-clearfix\"><\/div><\/div><\/div><div class=\"fusion-one-fourth fusion-layout-column fusion-spacing-yes\" style=\"margin-top:;margin-bottom:;\"><div class=\"fusion-column-wrapper\"><p><a title=\"Cont\u00e1ctanos\" href=\"https:\/\/www.4jehovah.org\/es\/contactanos\/\"><strong><img loading=\"lazy\" decoding=\"async\" src=\"https:\/\/witforjesus.org\/images\/home\/contact-us-4j.jpg\" alt=\"ExJW Meetup\" width=\"300\" height=\"225\" \/><\/strong><\/a>\u00a0<a title=\"Cont\u00e1ctanos\" href=\"https:\/\/www.4jehovah.org\/es\/contactanos\/\"><strong>CONT\u00c1CTANOS<\/strong><\/a><\/p>\n<div class=\"fusion-clearfix\"><\/div><\/div><\/div><div class=\"fusion-one-fourth fusion-layout-column fusion-spacing-yes\" style=\"margin-top:;margin-bottom:;\"><div class=\"fusion-column-wrapper\"><p><a title=\"\u00bfC\u00f3mo puedo you encontrar lugar para adorar a Dios?\" href=\"https:\/\/www.4jehovah.org\/es\/como-puedo-you-encontrar-lugar-para-adorar-a-dios\/\"><strong><img loading=\"lazy\" decoding=\"async\" src=\"https:\/\/witforjesus.org\/images\/jwarticles\/worship-outside.jpg\" alt=\"ExJW Meetup\" width=\"300\" height=\"225\" \/><\/strong><\/a>\u00a0<a title=\"\u00bfC\u00f3mo puedo you encontrar lugar para adorar a Dios?\" href=\"https:\/\/www.4jehovah.org\/es\/como-puedo-you-encontrar-lugar-para-adorar-a-dios\/\"><strong>C\u00d3MO ADORAR A JEHOV\u00c1 FUERA DE LA ORGANIZACI\u00d3N WATCHTOWER<\/strong><\/a><\/p>\n<div class=\"fusion-clearfix\"><\/div><\/div><\/div><div class=\"fusion-one-fourth fusion-layout-column fusion-column-last fusion-spacing-yes\" style=\"margin-top:;margin-bottom:;\"><div class=\"fusion-column-wrapper\"><p><a title=\"El Criticar Las Creencias De Otra Persona, \u00bfEs Un Acto Amoroso?\" href=\"http:\/\/4witness.org\/is-it-loving-to-tear-down-someone-elses-beliefs\/\"><img loading=\"lazy\" decoding=\"async\" src=\"https:\/\/witforjesus.org\/images\/4warticles\/tear-down.jpg\" alt=\"TRUE FREEDOM\" width=\"300\" height=\"225\" \/><\/a>\u00a0<a title=\"El Criticar Las Creencias De Otra Persona, \u00bfEs Un Acto Amoroso?\" href=\"http:\/\/4witness.org\/is-it-loving-to-tear-down-someone-elses-beliefs\/\"><strong>CRITICAR LAS CREENCIAS DE OTRAS PERSONAS, \u00bfES UN ACTO AMOROSO? \u2013 Una Carta Abierta Para Aquellos Que Se Oponen A Nuestro Ministerio<\/strong><\/a> (4witness.org)<\/p>\n<div class=\"fusion-clearfix\"><\/div><\/div><\/div><div class=\"fusion-clearfix\"><\/div><div class=\"fusion-one-fourth fusion-layout-column fusion-spacing-yes\" style=\"margin-top:;margin-bottom:;\"><div class=\"fusion-column-wrapper\"><p><a href=\"http:\/\/4witness.org\/es\/como-y-por-que-comenzo-witnesses-for-jesus-inc-testigos-por-jesus\/\"><strong><img loading=\"lazy\" decoding=\"async\" src=\"https:\/\/witforjesus.org\/images\/4warticles\/christy-zion.jpg\" alt=\"Is it loving to tare down someone else's beliefs?\" width=\"300\" height=\"225\" \/><\/strong><\/a>\u00a0<a href=\"http:\/\/4witness.org\/es\/como-y-por-que-comenzo-witnesses-for-jesus-inc-testigos-por-jesus\/\"><strong>C\u00d3MO SE INICI\u00d3 ESTE MINISTERIO<\/strong><\/a> (4witness.org)<\/p>\n<div class=\"fusion-clearfix\"><\/div><\/div><\/div><div class=\"fusion-one-fourth fusion-layout-column fusion-spacing-yes\" style=\"margin-top:;margin-bottom:;\"><div class=\"fusion-column-wrapper\"><p><a title=\"Haga una donaci\u00f3n\" href=\"https:\/\/www.4jehovah.org\/es\/ex-testigos-de-jehova-por-jehova\/donaciones\/\"><strong><img loading=\"lazy\" decoding=\"async\" src=\"https:\/\/witforjesus.org\/images\/home\/donate2.jpg\" alt=\"ExJW Meetup\" width=\"300\" height=\"225\" \/><\/strong><\/a>\u00a0<a title=\"Haga una donaci\u00f3n\" href=\"https:\/\/www.4jehovah.org\/es\/ex-testigos-de-jehova-por-jehova\/donaciones\/\"><strong>C\u00d3MO ES FINANCIADO ESTE MINISTERIO<\/strong><\/a><\/p>\n<div class=\"fusion-clearfix\"><\/div><\/div><\/div><div class=\"fusion-one-fourth fusion-layout-column fusion-spacing-yes\" style=\"margin-top:;margin-bottom:;\"><div class=\"fusion-column-wrapper\"><p><a title=\"Nuevo\" href=\"https:\/\/www.4jehovah.org\/es\/nuevo\/\"><strong><img loading=\"lazy\" decoding=\"async\" src=\"https:\/\/witforjesus.org\/images\/home\/new.jpg\" alt=\"ExJW Meetup\" width=\"300\" height=\"225\" \/><\/strong><\/a>\u00a0<a title=\"Nuevo\" href=\"https:\/\/www.4jehovah.org\/es\/nuevo\/\"><strong>QU\u00c9 HAY DE NUEVO<\/strong><\/a><\/p>\n<div class=\"fusion-clearfix\"><\/div><\/div><\/div><div class=\"fusion-one-fourth fusion-layout-column fusion-column-last fusion-spacing-yes\" style=\"margin-top:;margin-bottom:;\"><div class=\"fusion-column-wrapper\"><p><a title=\"T\u00e9rminos y condiciones\" href=\"https:\/\/www.4jehovah.org\/es\/terminos-y-condiciones\/\"><strong><img loading=\"lazy\" decoding=\"async\" src=\"https:\/\/witforjesus.org\/images\/jwarticles\/privacy-policy.jpg\" alt=\"ExJW Meetup\" width=\"300\" height=\"225\" \/><\/strong><\/a>\u00a0<a title=\"T\u00e9rminos y condiciones\" href=\"https:\/\/www.4jehovah.org\/es\/terminos-y-condiciones\/\"><strong>NUESTRA T\u00c9RMINOS Y CONDICIONES<\/strong><\/a><\/p>\n<div class=\"fusion-clearfix\"><\/div><\/div><\/div><div class=\"fusion-clearfix\"><\/div><p>\u00a0<\/p>\n\n","protected":false},"excerpt":{"rendered":"","protected":false},"author":6,"featured_media":15669,"parent":0,"menu_order":0,"comment_status":"closed","ping_status":"closed","template":"","meta":{"footnotes":""},"class_list":["post-9016","page","type-page","status-publish","has-post-thumbnail","hentry"],"_links":{"self":[{"href":"https:\/\/www.4jehovah.org\/es\/wp-json\/wp\/v2\/pages\/9016","targetHints":{"allow":["GET"]}}],"collection":[{"href":"https:\/\/www.4jehovah.org\/es\/wp-json\/wp\/v2\/pages"}],"about":[{"href":"https:\/\/www.4jehovah.org\/es\/wp-json\/wp\/v2\/types\/page"}],"author":[{"embeddable":true,"href":"https:\/\/www.4jehovah.org\/es\/wp-json\/wp\/v2\/users\/6"}],"replies":[{"embeddable":true,"href":"https:\/\/www.4jehovah.org\/es\/wp-json\/wp\/v2\/comments?post=9016"}],"version-history":[{"count":34,"href":"https:\/\/www.4jehovah.org\/es\/wp-json\/wp\/v2\/pages\/9016\/revisions"}],"predecessor-version":[{"id":16529,"href":"https:\/\/www.4jehovah.org\/es\/wp-json\/wp\/v2\/pages\/9016\/revisions\/16529"}],"wp:featuredmedia":[{"embeddable":true,"href":"https:\/\/www.4jehovah.org\/es\/wp-json\/wp\/v2\/media\/15669"}],"wp:attachment":[{"href":"https:\/\/www.4jehovah.org\/es\/wp-json\/wp\/v2\/media?parent=9016"}],"curies":[{"name":"wp","href":"https:\/\/api.w.org\/{rel}","templated":true}]}}