{"id":5717,"date":"2013-03-20T23:20:14","date_gmt":"2013-03-21T06:20:14","guid":{"rendered":"https:\/\/www.4jehovah.org\/?page_id=5717"},"modified":"2018-04-06T16:42:57","modified_gmt":"2018-04-06T23:42:57","slug":"ex-testigos-de-jehova","status":"publish","type":"page","link":"https:\/\/www.4jehovah.org\/es\/ex-testigos-de-jehova\/","title":{"rendered":"FAQ &#8211; Ex-testigos de Jehov\u00e1"},"content":{"rendered":"<p style=\"text-align: center;\"><span style=\"font-size: large;\"><strong><strong>Preguntas m\u00e1s frecuentes: \u00a1BIENVENIDOS EX-TESTIGOS DE JEHOV\u00c1 Y CRISTIANOS SOLIDARIOS!<\/strong><\/strong><\/span><\/p>\n<p style=\"text-align: center;\"><strong><a name=\"faq\"><\/a>PREGUNTAS FRECUENTES \u2013 AYUDA PARA EX-TESTIGOS DE JEHOV\u00c1<\/strong><\/p>\n<p style=\"text-align: center;\"><a title=\"About Us\" href=\"https:\/\/www.4jehovah.org\/about-us\/\"><img loading=\"lazy\" decoding=\"async\" class=\"aligncenter\" src=\"https:\/\/witforjesus.org\/images\/long\/4jehovah\/exjws.png\" alt=\"\" width=\"590\" height=\"259\" \/><\/a><\/p>\n<p style=\"text-align: center;\"><span style=\"font-size: x-large;\"><strong><a title=\"Acerca de Nosotros\" href=\"https:\/\/www.4jehovah.org\/es\/acerca-de-nosotros\/\">ACERCA DE NOSOTROS &#8211; Ex-testigos de Jehov\u00e1 por Jehov\u00e1 Dios<\/a><\/strong><\/span><\/p>\n<p style=\"text-align: center;\"><img loading=\"lazy\" decoding=\"async\" class=\"alignnone\" src=\"https:\/\/witforjesus.org\/images\/long\/4jehovah\/afraid-to-leave.png\" alt=\"\" width=\"590\" height=\"189\" \/><\/p>\n<p style=\"text-align: center;\"><strong><a title=\"PF Acerca de determinando la Verdad\" href=\"https:\/\/www.4jehovah.org\/es\/ex-testigos-de-jehova\/pf-acerca-de-determinando-la-verdad\/\"><span style=\"font-size: large;\">DETERMINANDO LA VERDAD<\/span><\/a><\/strong><\/p>\n<ul class=\"lcp_catlist\" id=\"lcp_instance_0\"><li><a href=\"https:\/\/www.4jehovah.org\/es\/por-que-los-testigos-de-jehova-dejaron-de-ser-mis-amigos-cuando-deje-de-estudiar-con-ellos\/\">\u00bfPor qu\u00e9 los testigos de Jehov\u00e1 dejaron de ser mis amigos cuando dej\u00e9 de estudiar con ellos?<\/a><\/li><li><a href=\"https:\/\/www.4jehovah.org\/es\/mi-hermano-quien-era-testigo-de-jehova-se-suicido\/\">Mi hermano, quien era testigo de Jehov\u00e1, se suicid\u00f3&#8230;<\/a><\/li><li><a href=\"https:\/\/www.4jehovah.org\/es\/estoy-herido-y-confundido-pero-tengo-miedo-de-salirme\/\">Estoy herido y confundido, pero tengo miedo de salirme&#8230;<\/a><\/li><li><a href=\"https:\/\/www.4jehovah.org\/es\/una-carta-de-alguien-confundida-acerca-de-dios-estoy-confundida-acerca-de-quien-es-dios-mi-madre-es-cristiana-y-mi-padre-es-testigo-de-jehova\/\">.:UNA CARTA DE ALGUIEN CONFUNDIDA ACERCA DE DIOS &#8211; \u00ab\u00a1Estoy confundida acerca de qui\u00e9n es Dios! Mi madre es cristiana y mi padre es testigo de Jehov\u00e1&#8230;\u00bb<\/a><\/li><li><a href=\"https:\/\/www.4jehovah.org\/es\/por-que-los-cristianos-enfatizan-a-jesus-en-lugar-de-jehova\/\">\u00bfPor qu\u00e9 los cristianos enfatizan a Jes\u00fas en lugar de Jehov\u00e1?<\/a><\/li><li><a href=\"https:\/\/www.4jehovah.org\/es\/como-puedo-encontrar-a-alguien-que-estudie-la-biblia-conmigo\/\">\u00bfC\u00f3mo puedo encontrar a alguien que estudie la Biblia conmigo?<\/a><\/li><li><a href=\"https:\/\/www.4jehovah.org\/es\/yo-deseaba-o-saber-mas-de-la-biblia-asi-que-comence-a-estudiar-con-los-testigos-de-jehova\/\">Yo deseaba o saber m\u00e1s de la Biblia, as\u00ed que comenc\u00e9 a estudiar con los testigos de Jehov\u00e1&#8230;<\/a><\/li><li><a href=\"https:\/\/www.4jehovah.org\/es\/estoy-pensando-en-regresar-a-los-testigos-de-jehova\/\">Estoy pensando en regresar a los testigos de Jehov\u00e1&#8230;<\/a><\/li><li><a href=\"https:\/\/www.4jehovah.org\/es\/soy-un-agnostico-que-decidio-estudiar-con-su-amigo-que-es-testigo-de-jehova\/\">Soy un agn\u00f3stico que decidi\u00f3 estudiar con su amigo que es testigo de Jehov\u00e1<\/a><\/li><li><a href=\"https:\/\/www.4jehovah.org\/es\/si-jehova-aborrece-a-los-homosexuales-por-que-me-creo-de-esta-manera\/\">Si Jehov\u00e1 aborrece a los homosexuales, \u00bfPor qu\u00e9 me cre\u00f3 de esta manera?<\/a><\/li><li><a href=\"https:\/\/www.4jehovah.org\/es\/que-necesito-saber-antes-de-ser-bautizado-como-testigo-de-jehova\/\">\u00bfQu\u00e9 necesito saber antes de ser bautizado como testigo de Jehov\u00e1?<\/a><\/li><li><a href=\"https:\/\/www.4jehovah.org\/es\/como-puedo-uno-creer-que-jesus-es-dios\/\">\u00bfC\u00f3mo puedo uno creer que Jes\u00fas es Dios?<\/a><\/li><li><a href=\"https:\/\/www.4jehovah.org\/es\/abusaron-de-mi-cuando-era-nina-en-los-testigos-de-jehova\/\">Abusaron de m\u00ed cuando era ni\u00f1a en los testigos de Jehov\u00e1&#8230;<\/a><\/li><li><a href=\"https:\/\/www.4jehovah.org\/es\/mi-defensa-ante-jehova-dios\/\">Mi defensa ante Jehov\u00e1 Dios<\/a><\/li><\/ul>\n<p style=\"text-align: center;\"><img loading=\"lazy\" decoding=\"async\" class=\"alignnone\" src=\"https:\/\/witforjesus.org\/images\/long\/4jehovah\/out-wt.png\" alt=\"\" width=\"590\" height=\"276\" \/><\/p>\n<p style=\"text-align: center;\"><strong><span style=\"font-size: x-large;\"><a title=\"PF Acerca de dejar la Watchtower\" href=\"https:\/\/www.4jehovah.org\/es\/ex-testigos-de-jehova\/pf-acerca-de-dejar-la-watchtower\/\"><span style=\"font-size: large;\"> ABANDONANDO LA WATCHTOWER<\/span><\/a><\/span><\/strong><\/p>\n<ul class=\"lcp_catlist\" id=\"lcp_instance_0\"><li><a href=\"https:\/\/www.4jehovah.org\/es\/por-que-deberia-considerar-a-otra-religion-despues-de-salirme-de-los-testigos-de-jehova\/\">\u00bfPor qu\u00e9 deber\u00eda considerar a otra religi\u00f3n despu\u00e9s de salirme de los testigos de Jehov\u00e1?<\/a><\/li><li><a href=\"https:\/\/www.4jehovah.org\/es\/no-dejes-a-jehova\/\">No dejes a Jehov\u00e1<\/a><\/li><li><a href=\"https:\/\/www.4jehovah.org\/es\/respuesta-a-un-ateo-ex-testigo-de-jehova\/\">Respuesta a un ateo ex-testigo de Jehov\u00e1<\/a><\/li><li><a href=\"https:\/\/www.4jehovah.org\/es\/salir-de-la-organizacion-watchtower-para-entrar-a-que\/\">Salir de la Organizaci\u00f3n Watchtower \u00bfpara entrar a Qu\u00e9?<\/a><\/li><li><a href=\"https:\/\/www.4jehovah.org\/es\/como-supero-la-perdida-de-mi-familia\/\">\u00bfC\u00f3mo supero la p\u00e9rdida de mi  familia?<\/a><\/li><li><a href=\"https:\/\/www.4jehovah.org\/es\/estoy-pensando-en-salirme-pero-estoy-confundido\/\">Estoy pensando en salirme, \u00a1Pero estoy confundido!<\/a><\/li><li><a href=\"https:\/\/www.4jehovah.org\/es\/como-puedo-sobreponerme-al-dolor-de-dejar-a-los-testigos-de-jehova\/\">\u00bfC\u00f3mo puedo sobreponerme al dolor de dejar a los testigos de Jehov\u00e1?<\/a><\/li><li><a href=\"https:\/\/www.4jehovah.org\/es\/he-sido-excomulgado-jehova-dios-me-odia\/\">He sido excomulgado. \u00bfJehov\u00e1 dios me odia?<\/a><\/li><li><a href=\"https:\/\/www.4jehovah.org\/es\/como-puedo-sacarme-de-la-cabeza-la-manera-de-pensar-de-la-watchtower\/\">\u00bfC\u00f3mo puedo sacarme de la cabeza la manera de pensar de la Watchtower?<\/a><\/li><li><a href=\"https:\/\/www.4jehovah.org\/es\/soy-un-ex-testigo-de-jehova-deberia-ser-bautizado-como-cristiano\/\">Soy un ex-testigo de Jehov\u00e1. \u00bfDeber\u00eda ser bautizado como cristiano?<\/a><\/li><li><a href=\"https:\/\/www.4jehovah.org\/es\/como-puedo-you-encontrar-lugar-para-adorar-a-dios\/\">\u00bfC\u00f3mo puedo you encontrar lugar para adorar a Dios?<\/a><\/li><li><a href=\"https:\/\/www.4jehovah.org\/es\/como-puedo-superar-estos-sentimientos-de-culpa-y-temor-por-haber-abandonado-la-verdad\/\">\u00bfC\u00f3mo puedo superar estos sentimientos de culpa y temor por haber abandonado la verdad?<\/a><\/li><li><a href=\"https:\/\/www.4jehovah.org\/es\/como-puedo-encontrarme-con-ex-testigos-de-jehova-en-mi-localidad\/\">\u00bfC\u00f3mo puedo encontrarme con ex-testigos de Jehov\u00e1 en mi localidad?<\/a><\/li><li><a href=\"https:\/\/www.4jehovah.org\/es\/he-desperdiciado-los-ultimos-30-anos-de-mi-vida-en-la-organizacion-watchtower\/\">\u00bfHe desperdiciado los \u00faltimos 30 a\u00f1os de mi vida en la Organizaci\u00f3n Watchtower?<\/a><\/li><li><a href=\"https:\/\/www.4jehovah.org\/es\/que-pasa-si-los-testigos-de-jehova-estan-en-lo-cierto-acerca-del-armagedon\/\">\u00bfQu\u00e9 pasa si los testigos de Jehov\u00e1 est\u00e1n en lo cierto acerca del Armaged\u00f3n?<\/a><\/li><\/ul>\n<p style=\"text-align: center;\"><img loading=\"lazy\" decoding=\"async\" class=\"alignnone\" src=\"https:\/\/witforjesus.org\/images\/long\/4jehovah\/dating.png\" alt=\"\" width=\"590\" height=\"231\" \/><\/p>\n<p style=\"text-align: center;\"><strong><span style=\"font-size: x-large;\"><a title=\"PF acerca de noviazgo y matrimonio\" href=\"https:\/\/www.4jehovah.org\/es\/ex-testigos-de-jehova\/pf-acerca-de-noviazgo-y-matrimonio\/\"><span style=\"font-size: large;\">NOVIAZGO Y MATRIMONIO<\/span><\/a><\/span><\/strong><\/p>\n<ul class=\"lcp_catlist\" id=\"lcp_instance_0\"><li><a href=\"https:\/\/www.4jehovah.org\/es\/mi-enamorado-testigo-de-jehova-me-dejo-para-regresar-al-salon-del-reino\/\">Mi enamorado testigo de Jehov\u00e1 me dej\u00f3 para regresar al sal\u00f3n del reino.<\/a><\/li><li><a href=\"https:\/\/www.4jehovah.org\/es\/estoy-peleando-con-mi-ex-esposa-testigo-de-jehova-por-la-custodia-de-mis-hijos\/\">Preparando a ex-testigos de Jehov\u00e1 para la custodia de los hijos<\/a><\/li><li><a href=\"https:\/\/www.4jehovah.org\/es\/mi-esposo-testigo-de-jehova-realmente-me-ha-herido\/\">Mi esposo testigo de Jehov\u00e1, realmente me ha herido<\/a><\/li><li><a href=\"https:\/\/www.4jehovah.org\/es\/estoy-aconsejando-a-una-pareja-de-testigos-de-jehova\/\">Estoy aconsejando a una pareja de testigos de Jehov\u00e1<\/a><\/li><li><a href=\"https:\/\/www.4jehovah.org\/es\/estoy-comprometido-para-casarme-con-una-testigo-de-jehova\/\">Estoy comprometido para casarme con una testigo de Jehov\u00e1.<\/a><\/li><li><a href=\"https:\/\/www.4jehovah.org\/es\/mi-prometido-esta-estudiando-para-convertirse-testigo-de-jehova\/\">Mi prometido est\u00e1 estudiando para convertirse testigo de Jehov\u00e1<\/a><\/li><li><a href=\"https:\/\/www.4jehovah.org\/es\/he-perdido-a-mi-esposa-por-no-ser-yo-un-testigo-de-jehova\/\">\u00bfHe perdido a mi esposa por no ser yo un testigo de Jehov\u00e1?<\/a><\/li><li><a href=\"https:\/\/www.4jehovah.org\/es\/mi-marido-se-unio-recientemente-a-los-testigos-de-jehova-siento-que-nuestro-matrimonio-se-esta-desmoronando-que-puedo-hacer\/\">Mi marido se uni\u00f3 recientemente a los testigos de Jehov\u00e1.  Siento que nuestro matrimonio se est\u00e1 desmoronando. \u00bfqu\u00e9 puedo hacer?<\/a><\/li><li><a href=\"https:\/\/www.4jehovah.org\/es\/necesito-ayuda-mi-esposa-se-unio-recientemente-a-los-testigos-de-jehova\/\">\u00a1Necesito ayuda! Mi esposa se uni\u00f3 recientemente a los testigos de Jehov\u00e1.<\/a><\/li><li><a href=\"https:\/\/www.4jehovah.org\/es\/deberia-yo-divorciarme-de-mi-marido-que-es-testigo-de-jehova-para-protejer-a-mis-hijos\/\">\u00bfDeber\u00eda yo divorciarme de mi marido que es testigo de jehov\u00e1 para protejer a mis hijos?<\/a><\/li><li><a href=\"https:\/\/www.4jehovah.org\/es\/puede-un-testigo-de-jehova-casarse-con-alguien-que-no-lo-sea\/\">\u00bfPuede un testigo de Jehov\u00e1 casarse con alguien que no lo sea?<\/a><\/li><li><a href=\"https:\/\/www.4jehovah.org\/es\/noviazgo-y-casarse-con-una-testigo-de-jehova-deberia-convertirme\/\">Noviazgo y casarse con una testigo de Jehov\u00e1: \u00bfDeber\u00eda convertirme?<\/a><\/li><li><a href=\"https:\/\/www.4jehovah.org\/es\/mi-novia-que-es-testigo-de-jehova-dejo-de-salir-conmigo\/\">Mi novia, que es testigo de Jehov\u00e1, dej\u00f3 de salir conmigo<\/a><\/li><li><a href=\"https:\/\/www.4jehovah.org\/es\/estoy-saliendo-con-un-testigo-de-jehova-como-puedo-ayudarle-a-encontrar-la-verdad\/\">Estoy saliendo con un testigo de Jehov\u00e1. \u00bfc\u00f3mo puedo ayudarle a encontrar la verdad?<\/a><\/li><li><a href=\"https:\/\/www.4jehovah.org\/es\/nuestra-hija-que-es-cristiana-esta-saliendo-con-un-testigo-de-jehova\/\">Nuestra hija que es cristiana est\u00e1 saliendo con un testigo de Jehov\u00e1<\/a><\/li><\/ul>\n<p style=\"text-align: center;\"><img loading=\"lazy\" decoding=\"async\" class=\"alignnone\" src=\"https:\/\/witforjesus.org\/images\/long\/4jehovah\/friends.png\" alt=\"\" width=\"590\" height=\"229\" \/><\/p>\n<p style=\"text-align: center;\"><strong><span style=\"font-size: x-large;\"><a title=\"PF acerca alcanzando a los seres amados\" href=\"https:\/\/www.4jehovah.org\/es\/ex-testigos-de-jehova\/pf-acerca-alcanzando-a-los-seres-amados\/\"><span style=\"font-size: large;\">ALCANZANDO A LOS SERES AMADOS<\/span><\/a><\/span><\/strong><\/p>\n<ul class=\"lcp_catlist\" id=\"lcp_instance_0\"><li><a href=\"https:\/\/www.4jehovah.org\/es\/que-puedo-hacer-para-que-los-testigos-de-jehova-continuen-viniendo\/\">\u00bfQu\u00e9 Puedo Hacer para que Los Testigos de Jehov\u00e1 Contin\u00faen Viniendo?<\/a><\/li><li><a href=\"https:\/\/www.4jehovah.org\/es\/como-puedo-hacer-que-alguien-del-ministerio-de-ustedes-hable-con-mi-amiga-testigo-de-jehova\/\">\u00bfC\u00f3mo puedo hacer que alguien del ministerio de ustedes hable con mi amiga testigo de Jehov\u00e1?<\/a><\/li><li><a href=\"https:\/\/www.4jehovah.org\/es\/soy-profesor-de-una-escuela-publica-y-una-de-mis-estudiantes-es-testigo-de-jehova\/\">Soy profesor de una escuela p\u00fablica y una de mis estudiantes es testigo de Jehov\u00e1<\/a><\/li><li><a href=\"https:\/\/www.4jehovah.org\/es\/estoy-frustrado-como-consigo-hacer-comprender-a-los-testigos-de-jehova\/\">\u00a1Estoy frustrado! \u00bfC\u00f3mo consigo hacer comprender a los testigos de Jehov\u00e1?<\/a><\/li><li><a href=\"https:\/\/www.4jehovah.org\/es\/mi-tia-testigo-de-jehova-esta-luchando-contra-el-cancer-y-tiene-mucho-temor-como-puedo-ayudarla\/\">Mi t\u00eda testigo de Jehov\u00e1 est\u00e1 luchando contra el c\u00e1ncer y tiene mucho temor. \u00bfC\u00f3mo puedo ayudarla?<\/a><\/li><li><a href=\"https:\/\/www.4jehovah.org\/es\/como-puedo-alcanzar-a-mi-hermana-que-es-testigo-de-jehova\/\">\u00bfC\u00f3mo puedo alcanzar a mi hermana que es testigo de Jehov\u00e1?<\/a><\/li><li><a href=\"https:\/\/www.4jehovah.org\/es\/que-le-puedo-decir-a-mi-hermano-que-es-testigo-de-jehova\/\">\u00bfQu\u00e9 le puedo decir a mi hermano que es testigo de Jehov\u00e1?<\/a><\/li><li><a href=\"https:\/\/www.4jehovah.org\/es\/como-puedo-alcanzar-a-mi-companero-de-trabajo-que-es-testigo-de-jehova\/\">\u00bfC\u00f3mo puedo alcanzar a mi compa\u00f1ero de trabajo que es testigo de Jehov\u00e1?<\/a><\/li><li><a href=\"https:\/\/www.4jehovah.org\/es\/enviando-correspondencia-a-los-testigos-de-jehova\/\">Enviando correspondencia a los testigos de Jehov\u00e1<\/a><\/li><li><a href=\"https:\/\/www.4jehovah.org\/es\/como-deberia-mi-iglesia-ministrar-a-los-reclusos-en-la-carcel-que-son-testigos-de-jehova\/\">\u00bfC\u00f3mo deber\u00eda mi iglesia ministrar a los reclusos en la c\u00e1rcel que son testigos de Jehov\u00e1?<\/a><\/li><li><a href=\"https:\/\/www.4jehovah.org\/es\/que-recomendacion-darian-ustedes-a-los-que-brindan-consejeria-a-los-testigos-de-jehova\/\">\u00bfQu\u00e9 recomendaci\u00f3n dar\u00edan ustedes a los que brindan consejer\u00eda a los testigos de Jehov\u00e1?<\/a><\/li><li><a href=\"https:\/\/www.4jehovah.org\/es\/como-puedo-obtener-literatura-antigua-de-la-watchtower\/\">\u00bfC\u00f3mo puedo obtener literatura antigua de la Watchtower?<\/a><\/li><li><a href=\"https:\/\/www.4jehovah.org\/es\/si-mi-amigo-que-es-testigo-de-jehova-no-acepta-la-deidad-de-jesucristo-esta-destinado-al-lago-de-fuego\/\">Si mi amigo que es testigo de jehov\u00e1 no acepta la deidad de jesucristo, \u00bfest\u00e1 destinado al lago de fuego?<\/a><\/li><li><a href=\"https:\/\/www.4jehovah.org\/es\/deberia-regresar-como-un-cristiano-secreto-para-alcanzar-a-mi-familia\/\">Nuestra familia, que pertenece a los testigos de Jehov\u00e1, nos est\u00e1 rogando que regresemos a la organizaci\u00f3n.<\/a><\/li><li><a href=\"https:\/\/www.4jehovah.org\/es\/como-puedo-compartir-mi-fe-con-los-testigos-de-jehova-sin-causar-una-discusion\/\">\u00bfC\u00f3mo puedo compartir mi fe con los testigos de Jehov\u00e1 sin causar una discusi\u00f3n?<\/a><\/li><\/ul>\n<p style=\"text-align: center;\"><a title=\"Historia de los testigos de Jehov\u00e1\" href=\"https:\/\/www.4jehovah.org\/es\/respuestas-biblicas\/historia-de-los-testigos-de-jehova\/\"><img loading=\"lazy\" decoding=\"async\" class=\"aligncenter\" src=\"https:\/\/witforjesus.org\/images\/jwstories\/jwstories-more.jpg\" alt=\"Folding Tracts\" width=\"591\" height=\"135\" \/><\/a><\/p>\n<h2 style=\"text-align: center;\"><a title=\"Testimonios de ex-testigos de Jehov\u00e1\" href=\"https:\/\/www.4jehovah.org\/es\/ex-testigos-de-jehova\/testimonios-de-ex-testigos-de-jehova\/\"><strong>TESTIMONIOS DE EX-TESTIGOS DE JEHOV\u00c1<\/strong><\/a><\/h2>\n<p style=\"text-align: center;\">\n","protected":false},"excerpt":{"rendered":"<p>Preguntas m\u00e1s frecuentes: \u00a1BIENVENIDOS EX-TESTIGOS DE JEHOV\u00c1 Y CRISTIANOS SOLIDARIOS! PREGUNTAS FRECUENTES \u2013 AYUDA PARA EX-TESTIGOS DE JEHOV\u00c1 ACERCA DE NOSOTROS &#8211; Ex-testigos de Jehov\u00e1 por Jehov\u00e1 Dios DETERMINANDO LA VERDAD ABANDONANDO LA WATCHTOWER NOVIAZGO Y MATRIMONIO ALCANZANDO A LOS SERES AMADOS TESTIMONIOS DE EX-TESTIGOS DE JEHOV\u00c1<\/p>\n","protected":false},"author":6,"featured_media":15838,"parent":0,"menu_order":0,"comment_status":"closed","ping_status":"closed","template":"","meta":{"footnotes":""},"class_list":["post-5717","page","type-page","status-publish","has-post-thumbnail","hentry"],"_links":{"self":[{"href":"https:\/\/www.4jehovah.org\/es\/wp-json\/wp\/v2\/pages\/5717","targetHints":{"allow":["GET"]}}],"collection":[{"href":"https:\/\/www.4jehovah.org\/es\/wp-json\/wp\/v2\/pages"}],"about":[{"href":"https:\/\/www.4jehovah.org\/es\/wp-json\/wp\/v2\/types\/page"}],"author":[{"embeddable":true,"href":"https:\/\/www.4jehovah.org\/es\/wp-json\/wp\/v2\/users\/6"}],"replies":[{"embeddable":true,"href":"https:\/\/www.4jehovah.org\/es\/wp-json\/wp\/v2\/comments?post=5717"}],"version-history":[{"count":25,"href":"https:\/\/www.4jehovah.org\/es\/wp-json\/wp\/v2\/pages\/5717\/revisions"}],"predecessor-version":[{"id":19144,"href":"https:\/\/www.4jehovah.org\/es\/wp-json\/wp\/v2\/pages\/5717\/revisions\/19144"}],"wp:featuredmedia":[{"embeddable":true,"href":"https:\/\/www.4jehovah.org\/es\/wp-json\/wp\/v2\/media\/15838"}],"wp:attachment":[{"href":"https:\/\/www.4jehovah.org\/es\/wp-json\/wp\/v2\/media?parent=5717"}],"curies":[{"name":"wp","href":"https:\/\/api.w.org\/{rel}","templated":true}]}}