{"id":5712,"date":"2013-03-20T23:10:03","date_gmt":"2013-03-21T06:10:03","guid":{"rendered":"https:\/\/www.4jehovah.org\/?page_id=5712"},"modified":"2018-12-10T18:16:28","modified_gmt":"2018-12-11T01:16:28","slug":"hechos-documentados-que-la-sociedad-watchtower-no-desea-que-usted-conozca","status":"publish","type":"page","link":"https:\/\/www.4jehovah.org\/es\/tienda\/libros\/hechos-documentados-que-la-sociedad-watchtower-no-desea-que-usted-conozca\/","title":{"rendered":"HECHOS Documentados Que La Sociedad Watchtower No Desea Que Usted CONOZCA"},"content":{"rendered":"<p style=\"text-align: left;\"><strong>HECHOS ACERCA DE LOS TESTIGOS DE JEHOV\u00c1<\/strong><\/p>\n<p style=\"text-align: left;\"><a href=\"https:\/\/www.createspace.com\/3999866\"><img loading=\"lazy\" decoding=\"async\" class=\" alignleft\" src=\"https:\/\/witforjesus.org\/images\/jwbooks\/jwfacts-sp.jpg\" alt=\"Hechos\" width=\"223\" height=\"330\" align=\"top\" \/><\/a><img loading=\"lazy\" decoding=\"async\" class=\"\" src=\"https:\/\/witforjesus.org\/images\/jwbooks\/bj-facts2.jpg\" alt=\"\" width=\"461\" height=\"329\" \/><\/p>\n<p><strong>PARA OBTENER TODA LA DOCUMENTACI\u00d3N FOTOCOPIADA<\/strong> (en ingl\u00e9s), puede comprar este libro a trav\u00e9s de nuestra Librer\u00eda en L\u00ednea <a href=\"https:\/\/www.amazon.com\/CONVERSACIONES-CRISTIANAS-TESTIGOS-JEHOV%C3%81-Conversations\/dp\/1492840491\/\"><strong>Amazon<\/strong>.<\/a><\/p>\n<ul>\n<li><a href=\"https:\/\/www.amazon.com\/CONVERSACIONES-CRISTIANAS-TESTIGOS-JEHOV%C3%81-Conversations\/dp\/1492840491\/\"><strong>Comprar livro $9.99<\/strong><\/a> \/\u00a0<strong>Comprar en <a href=\"http:\/\/www.amazon.co.uk\/HECHOS-Documentados-Sociedad-Watchtower-CONOZCA\/dp\/1479338753\/\">Amazon Europe\/UK<\/a><\/strong><\/li>\n<\/ul>\n<p>Este libro,<strong> completamente documentado con fotocopias de declaraciones aparecidas en publicaciones poco comunes de la Watchtower (en ingl\u00e9s)<\/strong>, revela hechos que la Sociedad intenta esconder de los testigos de Jehov\u00e1 y de aquellos que investigan esta religi\u00f3n. Provee un amplio an\u00e1lisis de la Biblia de la Sociedad Watchtower, <strong><i>la Traducci\u00f3n del Nuevo Mundo,<\/i> <\/strong>as\u00ed como de sus <strong>doctrinas <\/strong>y <strong>pr\u00e1cticas, <\/strong>adem\u00e1s de revelar la vergonzosa <strong>historia de las extra\u00f1as ense\u00f1anzas <\/strong>y <strong>falsas profec\u00edas de la Watchtower<\/strong>.<\/p>\n<p><strong>Este libro es de lectura obligatoria para testigos de Jehov\u00e1 de mente abierta e investigadores de esta religi\u00f3n.<\/strong><\/p>\n<p>Jehov\u00e1 Dios es el Dios de la verdad, y la verdad no teme el escrutinio. Si una organizaci\u00f3n religiosa o iglesia no puede afrontar una evaluaci\u00f3n, entonces no es \u201cla Verdad,\u201d sino un enga\u00f1o en realidad, y la LEALTAD\u00a0 a un enga\u00f1o es DESLEALTAD a Jehov\u00e1 Dios.<\/p>\n<p><strong><span id=\"result_box\" class=\"short_text\" lang=\"es\"><span class=\"hps\">MUESTRA:<\/span><\/span><\/strong> <a title=\"Hechos que la Sociedad Watchtower no que Usted Sepa\" href=\"https:\/\/www.4jehovah.org\/es\/hechos-que-la-sociedad-watchtower-no-que-usted-sepa\/\"><strong>HECHOS QUE LA SOCIEDAD WATCHTOWER NO QUE USTED SEPA<\/strong><\/a><\/p>\n<ul>\n<li><a href=\"https:\/\/www.4jehovah.org\/es\/hechos-que-la-sociedad-watchtower-no-que-usted-sepa\/#ch1\"><strong>CAP\u00cdTULO 1: UNA RELIGI\u00d3N AJETREADA<\/strong><\/a><\/li>\n<li><a href=\"https:\/\/www.4jehovah.org\/es\/hechos-que-la-sociedad-watchtower-no-que-usted-sepa\/#ch2\"><strong>CAP\u00cdTULO 2: TRANSFONDO HISTORICO<\/strong><\/a><\/li>\n<li><a href=\"https:\/\/www.4jehovah.org\/es\/hechos-que-la-sociedad-watchtower-no-que-usted-sepa\/#nwt\"><strong>CAP\u00cdTULO 3: LA TRADUCCION DEL NUEVO MUNDO<\/strong><\/a><\/li>\n<li><a href=\"https:\/\/www.4jehovah.org\/es\/hechos-que-la-sociedad-watchtower-no-que-usted-sepa\/#prophet\"><strong>CAP\u00cdTULO 4: EL PROFETA DE LA WATCHTOWER<\/strong><\/a><\/li>\n<\/ul>\n<p><a href=\"https:\/\/www.createspace.com\/3999866\"><img loading=\"lazy\" decoding=\"async\" class=\"alignnone\" src=\"https:\/\/witforjesus.org\/images\/buttons\/buy-sp.jpg\" alt=\"\" width=\"94\" height=\"26\" \/><\/a> <strong>PARA OBTENER TODA LA DOCUMENTACI\u00d3N FOTOCOPIADA<\/strong> (en ingl\u00e9s), puede comprar este libro a trav\u00e9s de nuestra Librer\u00eda.<\/p>\n","protected":false},"excerpt":{"rendered":"<p>HECHOS ACERCA DE LOS TESTIGOS DE JEHOV\u00c1 PARA OBTENER TODA LA DOCUMENTACI\u00d3N FOTOCOPIADA (en ingl\u00e9s), puede comprar este libro a trav\u00e9s de nuestra Librer\u00eda en L\u00ednea Amazon. Comprar livro $9.99 \/\u00a0Comprar en Amazon Europe\/UK Este libro, completamente documentado con fotocopias de declaraciones aparecidas en publicaciones poco comunes de la Watchtower (en ingl\u00e9s), revela hechos que&#8230;<\/p>\n","protected":false},"author":6,"featured_media":0,"parent":17659,"menu_order":0,"comment_status":"closed","ping_status":"closed","template":"","meta":{"footnotes":""},"class_list":["post-5712","page","type-page","status-publish","hentry"],"_links":{"self":[{"href":"https:\/\/www.4jehovah.org\/es\/wp-json\/wp\/v2\/pages\/5712","targetHints":{"allow":["GET"]}}],"collection":[{"href":"https:\/\/www.4jehovah.org\/es\/wp-json\/wp\/v2\/pages"}],"about":[{"href":"https:\/\/www.4jehovah.org\/es\/wp-json\/wp\/v2\/types\/page"}],"author":[{"embeddable":true,"href":"https:\/\/www.4jehovah.org\/es\/wp-json\/wp\/v2\/users\/6"}],"replies":[{"embeddable":true,"href":"https:\/\/www.4jehovah.org\/es\/wp-json\/wp\/v2\/comments?post=5712"}],"version-history":[{"count":31,"href":"https:\/\/www.4jehovah.org\/es\/wp-json\/wp\/v2\/pages\/5712\/revisions"}],"predecessor-version":[{"id":19407,"href":"https:\/\/www.4jehovah.org\/es\/wp-json\/wp\/v2\/pages\/5712\/revisions\/19407"}],"up":[{"embeddable":true,"href":"https:\/\/www.4jehovah.org\/es\/wp-json\/wp\/v2\/pages\/17659"}],"wp:attachment":[{"href":"https:\/\/www.4jehovah.org\/es\/wp-json\/wp\/v2\/media?parent=5712"}],"curies":[{"name":"wp","href":"https:\/\/api.w.org\/{rel}","templated":true}]}}