{"id":5686,"date":"2013-03-20T22:27:30","date_gmt":"2013-03-21T05:27:30","guid":{"rendered":"https:\/\/www.4jehovah.org\/?page_id=5686"},"modified":"2018-04-02T22:12:06","modified_gmt":"2018-04-03T05:12:06","slug":"historia-de-los-testigos-de-jehova","status":"publish","type":"page","link":"https:\/\/www.4jehovah.org\/es\/respuestas-biblicas\/historia-de-los-testigos-de-jehova\/","title":{"rendered":"Historia y esc\u00e1ndalos de los testigos de Jehov\u00e1"},"content":{"rendered":"<ul class=\"lcp_catlist\" id=\"lcp_instance_0\"><li><a href=\"https:\/\/www.4jehovah.org\/es\/la-cronologia-de-la-watchtower-y-las-70-semanas-de-daniel\/\">La cronolog\u00eda de la watchtower y las 70 semanas de Daniel<\/a><\/li><li><a href=\"https:\/\/www.4jehovah.org\/es\/las-imagenes-subliminales-en-la-literatura-de-la-organizacion-watchtower\/\">Im\u00e1genes subliminales en la literatura de la Organizaci\u00f3n Watchtower<\/a><\/li><li><a href=\"https:\/\/www.4jehovah.org\/es\/por-que-1914-y-607-son-falsas\/\">Por qu\u00e9 las fechas de 1914 y 607 son falsas<\/a><\/li><li><a href=\"https:\/\/www.4jehovah.org\/es\/cambios-en-creencias-de-los-testigos-de-jehova\/\">Cambios en las creencias de los testigos de Jehov\u00e1<\/a><\/li><li><a href=\"https:\/\/www.4jehovah.org\/es\/la-organizacion-watchtower-realmente-dijo-que-el-fin-del-mundo-vendria-en-1975\/\">\u00bfLa Organizaci\u00f3n Watchtower realmente dijo que el fin del mundo vendr\u00eda en 1975?<\/a><\/li><li><a href=\"https:\/\/www.4jehovah.org\/es\/la-sociedad-watchtower-y-las-naciones-unidas\/\">La sociedad Watchtower y las naciones unidas<\/a><\/li><li><a href=\"https:\/\/www.4jehovah.org\/es\/testigos-de-jehova-creencias-y-historia\/\">Testigos de Jehov\u00e1 \u2013 historia y creencias<\/a><\/li><li><a href=\"https:\/\/www.4jehovah.org\/es\/hechos-que-la-sociedad-watchtower-no-que-usted-sepa\/\">Hechos que la sociedad Watchtower no que usted sepa<\/a><\/li><\/ul>\n<div class=\"add_posts\"><a class=\"post-thumb alignleft\" style=\"float:left; margin-right:15px; clear:both;\" href=\"https:\/\/www.4jehovah.org\/es\/la-cronologia-de-la-watchtower-y-las-70-semanas-de-daniel\/ \"><img loading=\"lazy\" decoding=\"async\" width=\"64\" height=\"64\" src=\"https:\/\/www.4jehovah.org\/wp-content\/uploads\/2016\/12\/70-weeks-sp-150x150.png\" class=\"attachment-64x64 size-64x64 wp-post-image\" alt=\"\" data-wp-pid=\"18751\" \/><\/a><div class=\"add_posts_content\" style=\"clear:both;\"><h2 class=\"title\" style=\"clear: none;\"><a href=\"https:\/\/www.4jehovah.org\/es\/la-cronologia-de-la-watchtower-y-las-70-semanas-de-daniel\/\">La cronolog\u00eda de la watchtower y las 70 semanas de Daniel<\/a><\/h2><div class=\"post-content\" style=\"clear:both\";><p><strong>\u00bfCOMENZ\u00d3 LA PROFEC\u00cdA DE LAS 70 SEMANAS DE DANIEL CON EL DECRETO DE ARTAJERJES EN EL A\u00d1O 455 O 445 A.C?<\/strong><\/p>\n<figure style=\"width: 1914px\" class=\"wp-caption alignnone\"><img loading=\"lazy\" decoding=\"async\" src=\"http:\/\/www.witforjesus.org\/images\/long\/4jehovah\/70-weeks-sp.png\" width=\"1914\" height=\"521\" \/><figcaption class=\"wp-caption-text\">70 Semanas (490 A\u00f1os) B.C. = a.C. (Antes de Cristo) A.D. = d.C. (Despu\u00e9s de Cristo)<\/figcaption><\/figure>\n<p>La profec\u00eda de las 70 semanas del cap\u00edtulo 9 de Daniel es significativa no s\u00f3lo porque anuncia el tiempo en que Jes\u00fas, el Mes\u00edas, vendr\u00eda a la tierra <em>\u201cpara terminar con el pecado\u2026 para traer justicia eterna\u2026 para ungir el lugar sant\u00edsimo\u201d <\/em>sino que adem\u00e1s proclama por cu\u00e1nto tiempo Dios estar\u00eda obrando espec\u00edficamente con la naci\u00f3n de Israel cuando proclama que <em>\u201c<strong>Setenta semanas han sido decretadas sobre tu pueblo y sobre tu santa ciudad<\/strong>\u2026\u201d <\/em>proporcion\u00e1ndonos una referencia acerca de cu\u00e1ndo Dios abrir\u00eda el Evangelio a los gentiles (a los no jud\u00edos) al ofrecer la salvaci\u00f3n a cualquiera que creyera. <strong>Daniel 9:24-27 afirma:<\/strong><\/p>\n <a href=\"https:\/\/www.4jehovah.org\/es\/la-cronologia-de-la-watchtower-y-las-70-semanas-de-daniel\/\" class=\"readmore\">Lee mas<\/a><\/div><hr style=\"margin:10px 0\"><\/div><a class=\"post-thumb alignleft\" style=\"float:left; margin-right:15px; clear:both;\" href=\"https:\/\/www.4jehovah.org\/es\/las-imagenes-subliminales-en-la-literatura-de-la-organizacion-watchtower\/ \"><img loading=\"lazy\" decoding=\"async\" width=\"64\" height=\"64\" src=\"https:\/\/www.4jehovah.org\/wp-content\/uploads\/2013\/03\/Mothing-sitting-in-rocking-chair-reading-book-to-child-100x100.jpg\" class=\"attachment-64x64 size-64x64 wp-post-image\" alt=\"\" srcset=\"https:\/\/www.4jehovah.org\/wp-content\/uploads\/2013\/03\/Mothing-sitting-in-rocking-chair-reading-book-to-child-100x100.jpg 100w, https:\/\/www.4jehovah.org\/wp-content\/uploads\/2013\/03\/Mothing-sitting-in-rocking-chair-reading-book-to-child-150x150.jpg 150w, https:\/\/www.4jehovah.org\/wp-content\/uploads\/2013\/03\/Mothing-sitting-in-rocking-chair-reading-book-to-child-480x480.jpg 480w\" sizes=\"auto, (max-width: 64px) 100vw, 64px\" data-wp-pid=\"22703\" \/><\/a><div class=\"add_posts_content\" style=\"clear:both;\"><h2 class=\"title\" style=\"clear: none;\"><a href=\"https:\/\/www.4jehovah.org\/es\/las-imagenes-subliminales-en-la-literatura-de-la-organizacion-watchtower\/\">Im\u00e1genes subliminales en la literatura de la Organizaci\u00f3n Watchtower<\/a><\/h2><div class=\"post-content\" style=\"clear:both\";><p><strong>\u00bfLOS TESTIGOS DE JEHOV\u00c1 FORMAN PARTE DE LA ORDEN DE LOS ILUMINADOS?<\/strong><\/p>\n<p><img loading=\"lazy\" decoding=\"async\" class=\"aligncenter\" src=\"https:\/\/witforjesus.org\/images\/jwarticles\/rev-p159.jpg\" alt=\"rev-p159\" width=\"549\" height=\"328\" \/><\/p>\n<p style=\"padding-left: 30px;\">\u201c\u00bfLos testigos de Jehov\u00e1 forman parte de la Orden de los Iluminados? \u00bfPor qu\u00e9 algunas de las publicaciones de la Sociedad Watchtower tienen ilustraciones extra\u00f1as, como en la p\u00e1gina 159 del libro <strong><em>Revelaci\u00f3n\u2014\u00a1Su cl\u00edmax grandioso a la mano!, <\/em><\/strong>donde se ve un rostro en la palma de la mano de Jes\u00fas, \u2026y en la p\u00e1gina 52 del mismo libro, donde se ve la mano de un demonio al lado izquierdo de Jes\u00fas? S\u00ed, yo creo en Jehov\u00e1 como nuestro Dios, pero estoy muy confundido. Fui criado como testigo de Jehov\u00e1, pero ahora no s\u00e9 qu\u00e9 pensar acerca de esta religi\u00f3n.\u201d<\/p>\n<p style=\"padding-left: 30px;\">\n <a href=\"https:\/\/www.4jehovah.org\/es\/las-imagenes-subliminales-en-la-literatura-de-la-organizacion-watchtower\/\" class=\"readmore\">Lee mas<\/a><\/div><hr style=\"margin:10px 0\"><\/div><a class=\"post-thumb alignleft\" style=\"float:left; margin-right:15px; clear:both;\" href=\"https:\/\/www.4jehovah.org\/es\/por-que-1914-y-607-son-falsas\/ \"><\/a><div class=\"add_posts_content\" style=\"clear:both;\"><h2 class=\"title\" style=\"clear: none;\"><a href=\"https:\/\/www.4jehovah.org\/es\/por-que-1914-y-607-son-falsas\/\">Por qu\u00e9 las fechas de 1914 y 607 son falsas<\/a><\/h2><div class=\"post-content\" style=\"clear:both\";><h4><\/h4>\n<div style=\"text-align: center;\"><strong><img loading=\"lazy\" decoding=\"async\" class=\"alignleft\" style=\"margin: 10px;\" alt=\"JW Facts Book\" src=\"https:\/\/witforjesus.org\/images\/jwbooks\/jw1914-en.jpg\" width=\"300\" height=\"258\" \/><\/strong>\u00a0<strong>EVIDENCIAS QUE DEMUESTRAN EL ERROR EN LAS FECHAS DE 1914 D.C. Y 607 A.C. DE LOS TESTIGOS DE JEHOV\u00c1<\/strong><\/div>\n<p style=\"text-align: center;\"><strong>POR QU\u00c9 EL A\u00d1O 1914 D.C. ES IMPORTANTE PARA LOS TESTIGOS DE JEHOV\u00c1<\/strong><\/p>\n<p style=\"text-align: justify;\">LA fecha de 1914 d.C. ha jugado un rol dominante en la escatolog\u00eda de los testigos de Jehov\u00e1 desde su comienzo en 1879 con los escritos de Charles Taze Russell, fundador de la Watch Tower Bible and Tract Society <em>(Sociedad Watchtower)<\/em>. Por m\u00e1s de cien a\u00f1os, los testigos de Jehov\u00e1 han ense\u00f1ando que 1914 marca la conclusi\u00f3n de un per\u00edodo de tiempo prof\u00e9tico al que ellos llaman \u201cla \u00e9poca de los gentiles\u201d o \u201clos tiempos designados de las naciones\u201d lo cual ellos afirman comenz\u00f3 con la ca\u00edda de Jerusal\u00e9n en 607\/606 a.C.<\/p>\n<p style=\"text-align: justify;\">Antes de 1914, los testigos de Jehov\u00e1 proclamaron que el fin de este per\u00edodo culminar\u00eda con la destrucci\u00f3n de todos los gobiernos terrenales en la \u201cBatalla de Armaged\u00f3n.\u201d<span style=\"color: #0000ff;\"><span style=\"text-decoration: underline;\"><a id=\"fn1b2\" name=\"fn1a\"><\/a><a href=\"#fn1b\">1.<\/a><\/span><\/span>\u00a0 Con el estallido de la Primera guerra mundial en 1914, les parec\u00eda que en efecto, tales declaraciones prof\u00e9ticas por parte de la Sociedad Watchtower se estaban cumpliendo y que el nuevo sistema de cosas bajo el reino milenial de 1,000 a\u00f1os de Cristo estaba a punto de comenzar. Anunciando tales proclamaciones, los testigos de Jehov\u00e1 acudieron a las calles, urgiendo a los posibles conversos a unirse a la organizaci\u00f3n Watchtower para evitar la inminente cat\u00e1strofe que ellos afirmaban ocurrir\u00eda por esta fecha.<\/p>\n <a href=\"https:\/\/www.4jehovah.org\/es\/por-que-1914-y-607-son-falsas\/\" class=\"readmore\">Lee mas<\/a><\/div><hr style=\"margin:10px 0\"><\/div><a class=\"post-thumb alignleft\" style=\"float:left; margin-right:15px; clear:both;\" href=\"https:\/\/www.4jehovah.org\/es\/cambios-en-creencias-de-los-testigos-de-jehova\/ \"><img loading=\"lazy\" decoding=\"async\" width=\"64\" height=\"64\" src=\"https:\/\/www.4jehovah.org\/wp-content\/uploads\/2013\/03\/Living-Room-WT-Magazines-1K-100x100.jpg\" class=\"attachment-64x64 size-64x64 wp-post-image\" alt=\"\" srcset=\"https:\/\/www.4jehovah.org\/wp-content\/uploads\/2013\/03\/Living-Room-WT-Magazines-1K-100x100.jpg 100w, https:\/\/www.4jehovah.org\/wp-content\/uploads\/2013\/03\/Living-Room-WT-Magazines-1K-150x150.jpg 150w, https:\/\/www.4jehovah.org\/wp-content\/uploads\/2013\/03\/Living-Room-WT-Magazines-1K-480x480.jpg 480w\" sizes=\"auto, (max-width: 64px) 100vw, 64px\" data-wp-pid=\"22879\" \/><\/a><div class=\"add_posts_content\" style=\"clear:both;\"><h2 class=\"title\" style=\"clear: none;\"><a href=\"https:\/\/www.4jehovah.org\/es\/cambios-en-creencias-de-los-testigos-de-jehova\/\">Cambios en las creencias de los testigos de Jehov\u00e1<\/a><\/h2><div class=\"post-content\" style=\"clear:both\";><p>&nbsp;<\/p>\n<p><strong>CAMBIOS EN LA DOCTRINA DE LA WATCHTOWER<\/strong> - <strong>\u00bfEs cierto que \u201cla verdad\u201d cambia?<strong><a title=\"Circular Reasoning in Jehovah's Witnesses\" href=\"https:\/\/witforjesus.org\/images\/jwarticles\/jwparadox.jpg\"><img loading=\"lazy\" decoding=\"async\" class=\"alignright\" style=\"margin: 10px;\" alt=\"jwparadox\" src=\"https:\/\/witforjesus.org\/images\/jwarticles\/jwparadox.jpg\" width=\"250\" height=\"175\" \/><\/a><\/strong><\/strong><\/p>\n<p><strong>\u00a0<\/strong>\u201cEs asunto serio representar a Dios y Cristo de una manera, entonces hallar que nuestro entendimiento de las ense\u00f1anzas principales y doctrinas fundamentales de las Escrituras estaba equivocado, y entonces, despu\u00e9s de eso, regresar a las mism\u00edsimas doctrinas que, por a\u00f1os de estudio, hab\u00edamos determinado cuidadosamente que estaban equivocadas. Los cristianos no pueden ser vacilantes \u2014indecisos\u2014 acerca de esas ense\u00f1anzas fundamentales. \u00bfQu\u00e9 confianza se puede depositar en la sinceridad o juicio de esas personas?\u201d \u2014<a href=\"https:\/\/witforjesus.org\/downloads\/english\/pdfs\/jehovahs-witness\/wtchanges\/wt-5-15-76-p298.pdf\"><em>La Atalaya,<\/em> 1 de octubre, 1976, p. 584<\/a><\/p>\n <a href=\"https:\/\/www.4jehovah.org\/es\/cambios-en-creencias-de-los-testigos-de-jehova\/\" class=\"readmore\">Lee mas<\/a><\/div><hr style=\"margin:10px 0\"><\/div><a class=\"post-thumb alignleft\" style=\"float:left; margin-right:15px; clear:both;\" href=\"https:\/\/www.4jehovah.org\/es\/la-organizacion-watchtower-realmente-dijo-que-el-fin-del-mundo-vendria-en-1975\/ \"><\/a><div class=\"add_posts_content\" style=\"clear:both;\"><h2 class=\"title\" style=\"clear: none;\"><a href=\"https:\/\/www.4jehovah.org\/es\/la-organizacion-watchtower-realmente-dijo-que-el-fin-del-mundo-vendria-en-1975\/\">\u00bfLa Organizaci\u00f3n Watchtower realmente dijo que el fin del mundo vendr\u00eda en 1975?<\/a><\/h2><div class=\"post-content\" style=\"clear:both\";><p><strong><strong><strong><strong><img loading=\"lazy\" decoding=\"async\" class=\"alignright\" style=\"margin: 10px;\" alt=\"1975\" src=\"https:\/\/witforjesus.org\/images\/jwarticles\/1975.jpg\" width=\"317\" height=\"232\" \/><\/strong><\/strong>.:\u00bfLOS TESTIGOS DE JEHOV\u00c1 REALMENTE DIJO QUE EL FIN DEL MUNDO VENDR\u00cdA EN 1975?<\/strong><br \/>\n<\/strong><\/p>\n<blockquote>\n<p style=\"text-align: justify;\">\u201cHe estado estudiando con los testigos de Jehov\u00e1 por un a\u00f1o y estoy pensando en bautizarme, pero quer\u00eda investigar la historia de la organizaci\u00f3n antes de tomar una decisi\u00f3n. Recientemente encontr\u00e9 unas declaraciones en el Internet que afirman que los <strong>testigos de Jehov\u00e1 ense\u00f1aron que el mundo terminar\u00eda en 1975<\/strong>, as\u00ed que le pregunt\u00e9 a mi profesora del estudio b\u00edblico acerca de esto. Ella <strong>neg\u00f3<\/strong> totalmente que la Watchtower ense\u00f1\u00f3 que <strong>el fin del mundo<\/strong> <strong>ser\u00eda<\/strong> <strong>en<\/strong> <strong>1975<\/strong>. Ella dijo que unos cuantos testigos de Jehov\u00e1 pensaron que el fin suceder\u00eda en 1975, pero dijo que <strong>la Sociedad Watchtower nunca dio oficialmente esa fecha para el fin del mundo<\/strong>. \u00a1Estoy confundido! Si la Sociedad Watchtower nunca dio la fecha de 1975 para el fin del mundo, \u00bfpor qu\u00e9 en el sitio Web de ustedes <a title=\"El Testimonio de Anne Marie\" href=\"\/?p=4110\">Anne Marie<\/a> dice que si lo hicieron en su publicaci\u00f3n de 1966, <em>Life Everlasting in Freedom of the Sons of God (Vida eterna en libertad de los hijos de Dios<\/em>)? \u00bfHay alguna manera de conseguir la documentaci\u00f3n de la que habla Anne Marie en su historia?\u201d<\/p>\n <a href=\"https:\/\/www.4jehovah.org\/es\/la-organizacion-watchtower-realmente-dijo-que-el-fin-del-mundo-vendria-en-1975\/\" class=\"readmore\">Lee mas<\/a><\/div><hr style=\"margin:10px 0\"><\/div><a class=\"post-thumb alignleft\" style=\"float:left; margin-right:15px; clear:both;\" href=\"https:\/\/www.4jehovah.org\/es\/la-sociedad-watchtower-y-las-naciones-unidas\/ \"><\/a><div class=\"add_posts_content\" style=\"clear:both;\"><h2 class=\"title\" style=\"clear: none;\"><a href=\"https:\/\/www.4jehovah.org\/es\/la-sociedad-watchtower-y-las-naciones-unidas\/\">La sociedad Watchtower y las naciones unidas<\/a><\/h2><div class=\"post-content\" style=\"clear:both\";><p><span style=\"background-color: #ffffff;\"><strong><img loading=\"lazy\" decoding=\"async\" class=\"size-medium alignright\" src=\"http:\/\/www.witforjesus.org\/images\/jwarticles\/un-letter.jpg\" alt=\"\" width=\"358\" height=\"278\" \/>.:LA SOCIEDAD WATCHTOWER Y LAS NACIONES UNIDAS \u2013 La Watchtower le pone fin a su asociaci\u00f3n de 10 a\u00f1os con las Naciones Unidas despu\u00e9s de ser expuesta p\u00fablicamente <\/strong><\/span><\/p>\n<p align=\"justify\"><span style=\"background-color: #ffffff;\">Por muchos a\u00f1os, la Sociedad Watchtower ha ense\u00f1ado que las Naciones Unidas son \u201cla forma actual de la \u2018imagen de la bestia salvaje\u2019\u201d del libro Revelaci\u00f3n (Apocalipsis). La publicaci\u00f3n de 1972 de la Sociedad, titulada: \u201c<em>\u00a1Babilonia la Grande ha ca\u00eddo!\u201d\u00a1El Reino de Dios domina!<\/em>,en las p\u00e1ginas 167-168, afirma:<\/span><\/p>\n <a href=\"https:\/\/www.4jehovah.org\/es\/la-sociedad-watchtower-y-las-naciones-unidas\/\" class=\"readmore\">Lee mas<\/a><\/div><hr style=\"margin:10px 0\"><\/div><a class=\"post-thumb alignleft\" style=\"float:left; margin-right:15px; clear:both;\" href=\"https:\/\/www.4jehovah.org\/es\/testigos-de-jehova-creencias-y-historia\/ \"><\/a><div class=\"add_posts_content\" style=\"clear:both;\"><h2 class=\"title\" style=\"clear: none;\"><a href=\"https:\/\/www.4jehovah.org\/es\/testigos-de-jehova-creencias-y-historia\/\">Testigos de Jehov\u00e1 \u2013 historia y creencias<\/a><\/h2><div class=\"post-content\" style=\"clear:both\";><p><strong><b><img loading=\"lazy\" decoding=\"async\" alt=\"Jehovah's Witness Kingdom Hall\" src=\"https:\/\/witforjesus.org\/images\/long\/4jehovah\/kingdom-hall.png\" width=\"590\" height=\"268\" \/><\/b><\/strong><\/p>\n<p align=\"left\"><strong>.:\u00bfQUI\u00c9NES SON LOS TESTIGOS DE JEHOV\u00c1? \u2013 Su Historia, Sus Creencias y Sus Costumbres<\/p>\n<p><strong><b><b><strong><strong><img loading=\"lazy\" decoding=\"async\" alt=\"bullets\" src=\"https:\/\/witforjesus.org\/images\/bullets.jpg\" width=\"10\" height=\"9\" \/><\/strong><\/strong><\/b><\/b><\/strong> <strong><strong><strong><strong><strong><strong><strong><strong><strong><a href=\"https:\/\/witforjesus.org\/downloads\/spanish\/articles\/jw\/sjw-beliefs.pdf\"><img loading=\"lazy\" decoding=\"async\" alt=\"PDF\" src=\"https:\/\/witforjesus.org\/images\/buttons\/pdf.jpg\" width=\"44\" height=\"21\" \/><\/a><\/strong><\/strong><\/strong><\/strong><\/strong><\/strong><\/strong><\/strong><\/strong><br \/>\n<\/strong><\/p>\n<p align=\"left\"><strong>1. Historia de la organizaci\u00f3n Watchtower:<\/strong><\/p>\n<ul>\n<li>Nace su fundador Charles Taze Russell, en 1852<\/li>\n<li>En los a\u00f1os 1870, Russell estudia las doctrinas de los Adventistas: George Storrs, Jonas Wendell, George Stetson y Nelson Barbour<\/li>\n<li>1879: Russell comienza a publicar <em>Zion\u2019s Watchtower And Herald of Christ\u2019s Presence<\/em> <em>(La Atalaya de Zion y el heraldo de la presencia de Cristo) <\/em>(Precursor a la revista <em>La Atalaya<\/em>)<\/li>\n<li>1881: Se funda la entidad legal principal\u00a0 - La Biblia de la Watch Tower y la Sociedad de folletos de Pennsylvania<\/li>\n<li>1909: La oficina central se cambia a Brooklyn, Nueva York \u2013 La sociedad de la Biblia y de folletos de la Watchtower de\u00a0 Nueva York, Inc<\/li>\n<li>1916: Muere Charles Taze Russell<\/li>\n<li>1917-1942: Segundo presidente de la Watchtower: el\u00a0 \u201cJuez\u201d Joseph F. Rutherford<\/li>\n<li>1931: Se adopta el nombre \u201ctestigos de Jehov\u00e1\u201d.<\/li>\n<li>1942-1977: Tercer presidente de la Watchtower: Nathan H. Knorr<\/li>\n<li>1978-1992: Cuarto presidente de la Watchtower: Frederick W. Franz<\/li>\n<li>1992-2000: Quinto presidente de la Watchtower: Milton George Henschel<\/li>\n<li>2000: Cambio en la estructura de la organizaci\u00f3n:<\/li>\n<li>Se forman tres sociedades: La congregaci\u00f3n cristiana de los testigos de Jehov\u00e1, El orden religioso de los testigos de Jehov\u00e1, Los servicios de apoyo del Reino<\/li>\n<li>El \u201cCuerpo gobernante\u201d de la Watchtower cede el control de la organizaci\u00f3n a la Junta Directiva bajo el control de Don A. Adams<br \/>\n <a href=\"https:\/\/www.4jehovah.org\/es\/testigos-de-jehova-creencias-y-historia\/\" class=\"readmore\">Lee mas<\/a><\/div><hr style=\"margin:10px 0\"><\/div><a class=\"post-thumb alignleft\" style=\"float:left; margin-right:15px; clear:both;\" href=\"https:\/\/www.4jehovah.org\/es\/hechos-que-la-sociedad-watchtower-no-que-usted-sepa\/ \"><\/a><div class=\"add_posts_content\" style=\"clear:both;\"><h2 class=\"title\" style=\"clear: none;\"><a href=\"https:\/\/www.4jehovah.org\/es\/hechos-que-la-sociedad-watchtower-no-que-usted-sepa\/\">Hechos que la sociedad Watchtower no que usted sepa<\/a><\/h2><div class=\"post-content\" style=\"clear:both\";><p><strong>.:HECHOS QUE LA SOCIEDAD WATCHTOWER (de los Testigos de Jehov\u00e1) NO QUIERE QUE USTED SEPA<\/strong><\/p>\n<p><b><a href=\"https:\/\/www.createspace.com\/3999866\"><img loading=\"lazy\" decoding=\"async\" class=\"alignleft\" style=\"margin: 10px;\" src=\"https:\/\/witforjesus.org\/images\/jwbooks\/jwfacts-sp.jpg\" alt=\"Hechos Libro\" width=\"200\" height=\"300\" \/><\/a><\/b><strong><strong><strong><img loading=\"lazy\" decoding=\"async\" src=\"https:\/\/witforjesus.org\/images\/bullets.jpg\" alt=\"bullets\" width=\"10\" height=\"9\" \/><\/strong> <\/strong><\/strong>\u00a0<a title=\"Libro de documentaci\u00f3n fotocopiada en Ingl\u00e9s\" href=\"https:\/\/www.createspace.com\/3999866\"><strong>Libro de documentaci\u00f3n fotocopiada en Ingl\u00e9s<\/strong><\/a><\/p>\n<p><strong><strong><strong><strong><strong><strong><strong><strong><strong><a href=\"https:\/\/witforjesus.org\/downloads\/spanish\/articles\/jw\/spj-facts.pdf\"><img loading=\"lazy\" decoding=\"async\" src=\"https:\/\/witforjesus.org\/images\/buttons\/pdf.jpg\" alt=\"PDF\" width=\"44\" height=\"21\" \/><\/a><\/strong><\/strong><\/strong><\/strong><\/strong><\/strong><\/strong><\/strong><\/strong><\/p>\n<p align=\"justify\"><a id=\"ch1\" name=\"ch1\"><\/a> Hasta el a\u00f1o de 2010, hab\u00eda m\u00e1s de 7 millones de Testigos de Jehov\u00e1 en el mundo, haciendo uso aproximadamente de un bill\u00f3n de horas cada a\u00f1o para servir a la organizaci\u00f3n de La Torre del Vig\u00eda \u201cWatchtower.\u201d Los Testigos de Jehov\u00e1 est\u00e1n activos en m\u00e1s de 230 pa\u00edses y es la religi\u00f3n de m\u00e1s r\u00e1pido crecimiento en lo que era la antigua URSS.<\/p>\n<p>Afirmando que la gente debe \u201cvenir a la organizaci\u00f3n de Jehov\u00e1 para salvaci\u00f3n,\u201d<a id=\"fn1b\" name=\"fn1b\"><\/a><a href=\"#fn1a\">1.<\/a> los Testigos de Jehov\u00e1 ejercen una gran presi\u00f3n sobre sus miembros para llevar a cabo sus directivas. Adem\u00e1s de tener que asistir a cinco reuniones por semana, los Testigos de Jehov\u00e1 son obligados a pasar varias horas cada mes distribuyendo los art\u00edculos de La Atalaya, tambi\u00e9n a conducir \u201cEstudios B\u00edblicos\u201d de la organizaci\u00f3n, e investigar varios temas de la literatura de La Atalaya para discutir durante sus reuniones. A los Testigos se les proh\u00edbe servir en el ej\u00e9rcito, saludar la bandera, jurar fidelidad a la patria, votar en elecciones, donar o recibir transfusiones de sangre, celebrar cumplea\u00f1os y d\u00edas festivos, incluyendo el D\u00eda de Acci\u00f3n de Gracias, la Pascua y Navidad. Adem\u00e1s se les proh\u00edbe leer cualquier tipo de literatura que critique a la organizaci\u00f3n. Con el pasar de los a\u00f1os, los Testigos de Jehov\u00e1, tambi\u00e9n han sido disuadidos de relacionarse con amistades que no sean Testigos de Jehov\u00e1, participar en actividades despu\u00e9s de la escuela - como deportes - o incluso a continuar con su educaci\u00f3n en la universidad.<a id=\"fn2b\" name=\"fn2b\"><\/a><a href=\"#fn2a\">2.<\/a><\/p>\n <a href=\"https:\/\/www.4jehovah.org\/es\/hechos-que-la-sociedad-watchtower-no-que-usted-sepa\/\" class=\"readmore\">Lee mas<\/a><\/div><hr style=\"margin:10px 0\"><\/div><\/div><div style=\"clear: both;\"><\/div>\n","protected":false},"excerpt":{"rendered":"","protected":false},"author":6,"featured_media":15539,"parent":5540,"menu_order":0,"comment_status":"closed","ping_status":"closed","template":"","meta":{"footnotes":""},"class_list":["post-5686","page","type-page","status-publish","has-post-thumbnail","hentry"],"_links":{"self":[{"href":"https:\/\/www.4jehovah.org\/es\/wp-json\/wp\/v2\/pages\/5686","targetHints":{"allow":["GET"]}}],"collection":[{"href":"https:\/\/www.4jehovah.org\/es\/wp-json\/wp\/v2\/pages"}],"about":[{"href":"https:\/\/www.4jehovah.org\/es\/wp-json\/wp\/v2\/types\/page"}],"author":[{"embeddable":true,"href":"https:\/\/www.4jehovah.org\/es\/wp-json\/wp\/v2\/users\/6"}],"replies":[{"embeddable":true,"href":"https:\/\/www.4jehovah.org\/es\/wp-json\/wp\/v2\/comments?post=5686"}],"version-history":[{"count":39,"href":"https:\/\/www.4jehovah.org\/es\/wp-json\/wp\/v2\/pages\/5686\/revisions"}],"predecessor-version":[{"id":19102,"href":"https:\/\/www.4jehovah.org\/es\/wp-json\/wp\/v2\/pages\/5686\/revisions\/19102"}],"up":[{"embeddable":true,"href":"https:\/\/www.4jehovah.org\/es\/wp-json\/wp\/v2\/pages\/5540"}],"wp:featuredmedia":[{"embeddable":true,"href":"https:\/\/www.4jehovah.org\/es\/wp-json\/wp\/v2\/media\/15539"}],"wp:attachment":[{"href":"https:\/\/www.4jehovah.org\/es\/wp-json\/wp\/v2\/media?parent=5686"}],"curies":[{"name":"wp","href":"https:\/\/api.w.org\/{rel}","templated":true}]}}