{"id":5540,"date":"2013-03-18T14:10:53","date_gmt":"2013-03-18T21:10:53","guid":{"rendered":"https:\/\/www.4jehovah.org\/?page_id=5540"},"modified":"2018-04-02T22:10:41","modified_gmt":"2018-04-03T05:10:41","slug":"respuestas-biblicas","status":"publish","type":"page","link":"https:\/\/www.4jehovah.org\/es\/respuestas-biblicas\/","title":{"rendered":"Respuestas B\u00edblicas"},"content":{"rendered":"<p><a title=\"Jehovah\u2019s Witness Beliefs Answered\" href=\"https:\/\/www.4jehovah.org\/bible-answers\/jehovahs-witness-beliefs-and-practices\/\"><img loading=\"lazy\" decoding=\"async\" class=\"aligncenter\" src=\"https:\/\/witforjesus.org\/images\/long\/4jehovah\/bible-answers.png\" alt=\"Folding Tracts\" width=\"590\" height=\"241\" \/><\/a><\/p>\n<p style=\"text-align: center;\"><a title=\"Creencias y Pr\u00e1cticas de los testigos de Jehov\u00e1\" href=\"https:\/\/www.4jehovah.org\/es\/respuestas-biblicas\/creencias-y-practicas-de-los-testigos-de-jehova\/\"><strong><span style=\"font-size: large;\"><strong>CREENCIAS Y PR\u00c1CTICAS DE LOS TESTIGOS DE JEHOV\u00c1<\/strong><\/span><br \/>\n<\/strong><\/a><\/p>\n<p style=\"text-align: center;\"><ul class=\"lcp_catlist\" id=\"lcp_instance_0\"><li><a href=\"https:\/\/www.4jehovah.org\/es\/se-encuentran-en-el-cielo-los-patriarcas-de-las-escrituras-hebreas-juan-313\/\">\u00bfSe encuentran en el cielo los patriarcas de las escrituras hebreas? Juan 3:13<\/a><\/li><li><a href=\"https:\/\/www.4jehovah.org\/es\/la-deidad-de-jesucristo\/\">La deidad de Jesucristo<\/a><\/li><li><a href=\"https:\/\/www.4jehovah.org\/es\/los-testigos-de-jehova-rechazan-a-sus-miembros-familiares-que-abandonan-la-organizacion\/\">\u00bfLos testigos de Jehov\u00e1 rechazan a sus miembros familiares que abandonan la organizaci\u00f3n?<\/a><\/li><li><a href=\"https:\/\/www.4jehovah.org\/es\/la-doctrina-de-la-sociedad-watchtower\/\">La doctrina de la sociedad Watchtower (de los testigos de Jehov\u00e1) puesta en evidencia<\/a><\/li><li><a href=\"https:\/\/www.4jehovah.org\/es\/la-guerra-y-la-neutralidad\/\">La guerra y la neutralidad<\/a><\/li><li><a href=\"https:\/\/www.4jehovah.org\/es\/castigara-dios-a-la-gente-en-el-infierno-para-siempre\/\">\u00bfCastigar\u00e1 dios a la gente en el infierno para siempre?<\/a><\/li><li><a href=\"https:\/\/www.4jehovah.org\/es\/el-alma-y-el-espiritu-humano-son-inmortales\/\">\u00bfEl alma y el esp\u00edritu humano son inmortales?<\/a><\/li><li><a href=\"https:\/\/www.4jehovah.org\/es\/estara-la-gran-muchedumbre-en-la-tierra-cuando-ocurra-el-armagedon\/\">\u00bfEstar\u00e1 la \u00abgran muchedumbre\u00bb en la tierra cuando ocurra el Armaged\u00f3n?<\/a><\/li><li><a href=\"https:\/\/www.4jehovah.org\/es\/la-biblia-de-los-testigos-de-jehova\/\">La biblia de los testigos de Jehov\u00e1<\/a><\/li><li><a href=\"https:\/\/www.4jehovah.org\/es\/jesus-resucito-de-la-muerte-en-un-cuerpo-de-espiritu-invisible\/\">\u00bfJes\u00fas resucit\u00f3 de la muerte en un cuerpo de esp\u00edritu invisible?<\/a><\/li><li><a href=\"https:\/\/www.4jehovah.org\/es\/los-patriarcas-hebreos-de-las-escrituras-estan-en-el-cielo\/\">\u00bfEl\u00edas envi\u00f3 una carta al rey joram despu\u00e9s de su ascensi\u00f3n al cielo?  2 CR\u00d3NICAS 21:12<\/a><\/li><li><a href=\"https:\/\/www.4jehovah.org\/es\/perspectiva-de-los-testigos-de-jehova-estudios-biblicos\/\">La perspectiva de los testigos de Jehov\u00e1 con respecto a los estudios b\u00edblicos<\/a><\/li><li><a href=\"https:\/\/www.4jehovah.org\/es\/los-testigos-de-jehova-prohiben-las-transfusiones-de-sangre\/\">Los testigos de Jehov\u00e1 proh\u00edben las transfusiones de sangre<\/a><\/li><li><a href=\"https:\/\/www.4jehovah.org\/es\/abuso-en-los-testigos-de-jehova-y-como-perdonar\/\">Abuso en los testigos de Jehov\u00e1 y c\u00f3mo perdonar<\/a><\/li><li><a href=\"https:\/\/www.4jehovah.org\/es\/lo-que-los-testigos-de-jehova-deben-saber-acerca-de-la-navidad\/\">Lo que los testigos de Jehov\u00e1 deben saber acerca de la Navidad<\/a><\/li><li><a href=\"https:\/\/www.4jehovah.org\/es\/sanidad-fisica-y-milagros-de-los-testigos-de-jehova\/\">Sanidad f\u00edsica y milagros de los testigos de Jehov\u00e1<\/a><\/li><li><a href=\"https:\/\/www.4jehovah.org\/es\/espionaje-y-acoso-en-los-testigos-de-jehova\/\">Espionaje y acoso en los testigos de Jehov\u00e1<\/a><\/li><li><a href=\"https:\/\/www.4jehovah.org\/es\/la-creencia-de-los-testigos-de-jehova-acerca-de-homosexuales-transexuales-homosexuales-y-las-lesbianas\/\">La creencia de los testigos de Jehov\u00e1 acerca de homosexuales, transexuales, homosexuales y las lesbianas<\/a><\/li><li><a href=\"https:\/\/www.4jehovah.org\/es\/testigos-de-jehova-creencias-y-historia\/\">Testigos de Jehov\u00e1 \u2013 historia y creencias<\/a><\/li><li><a href=\"https:\/\/www.4jehovah.org\/es\/hechos-que-la-sociedad-watchtower-no-que-usted-sepa\/\">Hechos que la sociedad Watchtower no que usted sepa<\/a><\/li><\/ul><\/p>\n<p style=\"text-align: center;\"><strong><strong><strong><strong><strong><strong><strong><strong><strong><strong><strong><strong><strong><strong><strong><strong><strong><strong><strong><strong><strong><strong><strong><strong><strong><strong><strong><strong><strong><strong><strong><strong><strong><strong><strong><strong><strong><img loading=\"lazy\" decoding=\"async\" src=\"https:\/\/witforjesus.org\/images\/long\/4jehovah\/bible-answers-history.png\" alt=\"Folding Tracts\" width=\"590\" height=\"229\" \/><\/strong><\/strong><\/strong><\/strong><\/strong><\/strong><\/strong><\/strong><\/strong><\/strong><\/strong><\/strong><\/strong><\/strong><\/strong><\/strong><\/strong><\/strong><\/strong><\/strong><\/strong><\/strong><\/strong><\/strong><\/strong><\/strong><\/strong><\/strong><\/strong><\/strong><\/strong><\/strong><\/strong><\/strong><\/strong><\/strong><\/strong><\/p>\n<p style=\"text-align: center;\"><span style=\"font-size: large;\"><a title=\"Historia y esc\u00e1ndalos de los testigos de Jehov\u00e1\" href=\"https:\/\/www.4jehovah.org\/es\/respuestas-biblicas\/historia-de-los-testigos-de-jehova\/\"><strong><strong>HISTORIA <strong>Y ESC\u00c1NDALOS<\/strong> DE LOS TESTIGOS DE JEHOV\u00c1<\/strong><\/strong><\/a><\/span><\/p>\n<p style=\"text-align: center;\"><ul class=\"lcp_catlist\" id=\"lcp_instance_0\"><li><a href=\"https:\/\/www.4jehovah.org\/es\/la-cronologia-de-la-watchtower-y-las-70-semanas-de-daniel\/\">La cronolog\u00eda de la watchtower y las 70 semanas de Daniel<\/a><\/li><li><a href=\"https:\/\/www.4jehovah.org\/es\/las-imagenes-subliminales-en-la-literatura-de-la-organizacion-watchtower\/\">Im\u00e1genes subliminales en la literatura de la Organizaci\u00f3n Watchtower<\/a><\/li><li><a href=\"https:\/\/www.4jehovah.org\/es\/por-que-1914-y-607-son-falsas\/\">Por qu\u00e9 las fechas de 1914 y 607 son falsas<\/a><\/li><li><a href=\"https:\/\/www.4jehovah.org\/es\/cambios-en-creencias-de-los-testigos-de-jehova\/\">Cambios en las creencias de los testigos de Jehov\u00e1<\/a><\/li><li><a href=\"https:\/\/www.4jehovah.org\/es\/la-organizacion-watchtower-realmente-dijo-que-el-fin-del-mundo-vendria-en-1975\/\">\u00bfLa Organizaci\u00f3n Watchtower realmente dijo que el fin del mundo vendr\u00eda en 1975?<\/a><\/li><li><a href=\"https:\/\/www.4jehovah.org\/es\/la-sociedad-watchtower-y-las-naciones-unidas\/\">La sociedad Watchtower y las naciones unidas<\/a><\/li><li><a href=\"https:\/\/www.4jehovah.org\/es\/testigos-de-jehova-creencias-y-historia\/\">Testigos de Jehov\u00e1 \u2013 historia y creencias<\/a><\/li><li><a href=\"https:\/\/www.4jehovah.org\/es\/hechos-que-la-sociedad-watchtower-no-que-usted-sepa\/\">Hechos que la sociedad Watchtower no que usted sepa<\/a><\/li><\/ul><\/p>\n","protected":false},"excerpt":{"rendered":"<p>CREENCIAS Y PR\u00c1CTICAS DE LOS TESTIGOS DE JEHOV\u00c1 HISTORIA Y ESC\u00c1NDALOS DE LOS TESTIGOS DE JEHOV\u00c1<\/p>\n","protected":false},"author":6,"featured_media":0,"parent":0,"menu_order":0,"comment_status":"closed","ping_status":"closed","template":"","meta":{"footnotes":""},"class_list":["post-5540","page","type-page","status-publish","hentry"],"_links":{"self":[{"href":"https:\/\/www.4jehovah.org\/es\/wp-json\/wp\/v2\/pages\/5540","targetHints":{"allow":["GET"]}}],"collection":[{"href":"https:\/\/www.4jehovah.org\/es\/wp-json\/wp\/v2\/pages"}],"about":[{"href":"https:\/\/www.4jehovah.org\/es\/wp-json\/wp\/v2\/types\/page"}],"author":[{"embeddable":true,"href":"https:\/\/www.4jehovah.org\/es\/wp-json\/wp\/v2\/users\/6"}],"replies":[{"embeddable":true,"href":"https:\/\/www.4jehovah.org\/es\/wp-json\/wp\/v2\/comments?post=5540"}],"version-history":[{"count":12,"href":"https:\/\/www.4jehovah.org\/es\/wp-json\/wp\/v2\/pages\/5540\/revisions"}],"predecessor-version":[{"id":19101,"href":"https:\/\/www.4jehovah.org\/es\/wp-json\/wp\/v2\/pages\/5540\/revisions\/19101"}],"wp:attachment":[{"href":"https:\/\/www.4jehovah.org\/es\/wp-json\/wp\/v2\/media?parent=5540"}],"curies":[{"name":"wp","href":"https:\/\/api.w.org\/{rel}","templated":true}]}}