{"id":5037,"date":"2013-03-14T23:44:47","date_gmt":"2013-03-15T06:44:47","guid":{"rendered":"https:\/\/www.4jehovah.org\/?page_id=5037"},"modified":"2013-08-23T20:18:51","modified_gmt":"2013-08-24T03:18:51","slug":"5-preguntas-al-compartir-el-evangelio-guiando-a-los-testigos-de-jehova-a-jesus","status":"publish","type":"page","link":"https:\/\/www.4jehovah.org\/es\/tienda\/5-preguntas-al-compartir-el-evangelio-guiando-a-los-testigos-de-jehova-a-jesus\/","title":{"rendered":"5 Preguntas Al Compartir El Evangelio &#8211; Guiando A Los Testigos De Jehov\u00e1 A Jes\u00fas"},"content":{"rendered":"<p><strong><span class=\"style1\"><b>5 PREGUNTAS AL COMPARTIR EL EVANGELIO &#8211; <\/b><b>GUIANDO A LOS TESTIGOS DE JEHOV\u00c1 A JES\u00daS<\/b><br \/>\n<\/span><\/strong><\/p>\n<p><strong><strong><strong><strong><img loading=\"lazy\" decoding=\"async\" class=\"alignleft\" style=\"margin: 10px;\" alt=\"Effective Methods in Witnessing to Jehovah's Witnesses\" src=\"https:\/\/witforjesus.org\/images\/jwmedia\/cd-emjw-sp.jpg\" width=\"300\" height=\"300\" \/><\/strong><\/strong><\/strong><\/strong><\/p>\n<p><strong><span class=\"style1\"><strong><strong>\u00a0<strong><strong><strong><strong><a href=\"https:\/\/witforjesus.org\/downloads\/english\/mp3\/cd-emjw\/cd-emjw-all.mp3\"><b><b><strong><strong><img loading=\"lazy\" decoding=\"async\" class=\"alignleft\" alt=\"MP3\" src=\"https:\/\/witforjesus.org\/images\/buttons\/mp3.jpg\" width=\"44\" height=\"21\" \/><\/strong><\/strong><\/b><\/b><\/a><\/strong><\/strong><\/strong><\/strong><\/strong><\/strong>\u00a0<\/span><\/strong>Escuche en el Interent en ingl\u00e9s a M\u00e9todos Efectivos de Hoffman a Presenciar a los testigos de Jehov\u00e1 que los presentes para c\u00f3mo utilizar estas preguntas la mayor\u00eda del efectivamente<\/p>\n<p><strong>Utilice t\u00e9rminos claves de los testigos de Jehov\u00e1:<\/strong><\/p>\n<ul>\n<li>\u201c\u00c1rbol\u201d o \u201cMadero\u201d =\u00a0 M\u00e9todos de la muerte de Jes\u00fas\n<ul>\n<li>No utilice \u201cCruz\u201d ya que los TJ lo miran como un s\u00edmbolo pagano<\/li>\n<\/ul>\n<\/li>\n<li>\u201cSacrificio\/provisi\u00f3n de rescate\u201d = La muerte de Cristo<\/li>\n<li>\u201cPecado ad\u00e1nico\u201d = Pecado de Ad\u00e1n en el jard\u00edn de Ed\u00e9n\n<ul>\n<li>Los TJ ven a la \u201cNaturaleza pecaminosa\u201d como simplemente una imperfecci\u00f3n humana<\/li>\n<\/ul>\n<\/li>\n<li>\u201cCondenaci\u00f3n de muerte\u201d = Raz\u00f3n por la muerte f\u00edsica en la tierra\n<ul>\n<li>La perspectiva de los TJ que la provisi\u00f3n de rescate de Cristo simplemente restaur\u00f3 el derecho a la vida perfecta sobre la tierra la cual Ad\u00e1n perdi\u00f3 en el jard\u00edn.<\/li>\n<\/ul>\n<\/li>\n<\/ul>\n<ul type=\"disc\">\n<li>\u201cObedeciendo el arreglo de Jehov\u00e1\u201d = Proceso de obtener vida eterna \u2013 Salvaci\u00f3n<\/li>\n<\/ul>\n<p><strong>1. \u00bfQu\u00e9 es lo que Jes\u00fas hizo por usted en el madero?<\/strong><\/p>\n<ul type=\"disc\">\n<li><strong>1 PEDRO 2:24: <\/strong>\u201c\u00c9l mismo, en su cuerpo, llev\u00f3 al madero nuestros pecados\u201d\n<ul>\n<li>\u00bfQu\u00e9 llev\u00f3 Jes\u00fas \u201cen\u201d su propio cuerpo?<\/li>\n<li>\u00bf\u201cNuestros pecados\u201d? \u00bfA qu\u00e9 pecados se refiere?<\/li>\n<li>\u00bfQu\u00e9 significa la palabra \u201cllev\u00f3\u201d? \u00bfCargar?<\/li>\n<li>\u00bfD\u00f3nde carg\u00f3 Jes\u00fas \u201cnuestros pecados\u201d? \u2013 En su cuerpo<\/li>\n<\/ul>\n<\/li>\n<\/ul>\n<ul type=\"disc\">\n<li><strong>ILUSTRACI\u00d3N: Nuestros pecados personales transferidos al cuerpo de Jes\u00fas sobre el madero<\/strong><\/li>\n<\/ul>\n<p><strong>2. \u00bfQu\u00e9 fue lo que caus\u00f3 la muerte de Jes\u00fas sobre el madero? EZEQUIEL 18:4: <\/strong>\u201cLa persona que peque morir\u00e1.\u201d<strong><br \/>\n<\/strong><\/p>\n<ul>\n<li>Mis pecados personales causaron la muerte de Jes\u00fas<\/li>\n<li>Condenaci\u00f3n doble de muerte a causa de:\n<ul>\n<li>La naturaleza pecaminosa original de Ad\u00e1n<\/li>\n<li>Los pecados personales.<\/li>\n<\/ul>\n<\/li>\n<\/ul>\n<ul type=\"disc\">\n<li><strong>ILUSTRACI\u00d3N: Multa de tr\u00e1nsito<\/strong><\/li>\n<\/ul>\n<p><strong>3.\u00a0\u00a0 \u00bfQu\u00e9 fue lo que Jes\u00fas dijo que debemos hacer para recibir el perd\u00f3n de nuestros pecados y la vida eterna? <\/strong><\/p>\n<ul>\n<li><strong>JUAN 5:39-40: <\/strong>\u201cUstedes estudian con diligencia las Escrituras porque piensan que en ellas hallan la vida eterna. \u00a1Y son ellas las que <strong>dan testimonio en mi favor<\/strong>! Sin embargo, ustedes no quieren <strong>venir a m\u00ed<\/strong> para tener esa vida.\u201d<strong>\u00a0<\/strong>\n<ul>\n<li>\u00bfA qui\u00e9n dijo Jes\u00fas que \u201cdebemos ir\u201d para obtener la vida eterna?<\/li>\n<li>\u00bfUsted lo has hecho? \u00bfHa venido a Jes\u00fas para pedirle que perdone sus pecados y para que le de vida eterna?<\/li>\n<\/ul>\n<\/li>\n<\/ul>\n<p><strong>4.\u00a0\u00a0 \u00bfHa \u201corado\u201d usted a Jes\u00fas por la salvaci\u00f3n? <\/strong><strong>\u00a0<\/strong><\/p>\n<ul type=\"disc\">\n<li>Argumento de los TJ: La oraci\u00f3n de Jes\u00fas- \u201cPadre nuestro\u201d (Mateo 6:9)\n<ul>\n<li>Respuesta cristiana: Los disc\u00edpulos de Jes\u00fas ya estaban \u201climpios\u201d (Juan 3:10) as\u00ed que ellos pod\u00edan llamar a Dios \u201cPadre.\u201d<\/li>\n<li>Respuesta cristiana: Cambio en el trato de Jehov\u00e1:<\/li>\n<\/ul>\n<\/li>\n<\/ul>\n<ul type=\"disc\">\n<li>Antes de que Jes\u00fas viniera a la tierra, la gente oraba a \u201cJehov\u00e1.\u201d<\/li>\n<li>Despu\u00e9s de que Jes\u00fas dej\u00f3 la tierra, la gente ora a Jes\u00fas (Juan 14:14).<\/li>\n<li>Argumento de los TJ: Nosotros vamos \u201ca trav\u00e9s\u201d de Jes\u00fas (Juan 14:6).\n<ul>\n<li><strong>\u00a0<\/strong>Respuesta cristiana: Nosotros vamos \u201ca trav\u00e9s\u201d de Jes\u00fas porque debemos tratar directamente con \u00c9l para poder llegar a Jehov\u00e1.<\/li>\n<li><strong>JUAN 14:14:<\/strong> \u201c<strong>Si me ped\u00eds<\/strong> algo en mi nombre, yo lo har\u00e9.\u201d <a id=\"fna\" name=\"fna\"><\/a><a href=\"#fnb\">**<\/a>\n<ul>\n<li>Jes\u00fas recibe y contesta las oraciones. (ver tambi\u00e9n 1 Corintios 1:2 , 9; Hechos 7:59; 2 Corintios 12:8-9)<\/li>\n<\/ul>\n<\/li>\n<li><strong>JUAN 10:28:<\/strong> \u201c\u2026Yo les doy vida eterna\u2026\u201d\n<ul>\n<li>Jes\u00fas da vida eternal. \u00a0No es el Padre da vida eterna \u201ca trav\u00e9s\u201d de Mi.<strong><br \/>\n<\/strong><\/li>\n<\/ul>\n<\/li>\n<li><strong>JUAN 6:45:<\/strong> \u201c\u2026todo el que escucha al Padre y aprende de \u00e9l, viene a m\u00ed.\u201d\n<ul>\n<li>Nosotros obedecemos a Jehov\u00e1 al venir \u201ca\u201d Jes\u00fas.<\/li>\n<\/ul>\n<\/li>\n<\/ul>\n<\/li>\n<\/ul>\n<p><strong>5.\u00a0\u00a0 <\/strong><strong>\u00bfPor qu\u00e9 vamos \u201ca\u201d Jes\u00fas? <\/strong><\/p>\n<ul>\n<li>Jes\u00fas tiene la \u201cautoridad\u201d para perdonar pecados.<strong> <\/strong>\n<ul>\n<li><strong>MARCOS 2:7, 10-11:<\/strong> \u201c\u2026\u00bfQui\u00e9n puede perdonar pecados sino s\u00f3lo Dios?&#8230;el Hijo del hombre tiene <strong>autoridad<\/strong>\u2026para perdonar pecados\u2026\u2019\u201d<\/li>\n<\/ul>\n<\/li>\n<li>Jes\u00fas tiene la autoridad para \u201cdar\u201d vida eterna. Uno no puede dar lo que no tiene o posee. <strong>\u00a0<\/strong>\n<ul>\n<li><strong>JUAN 10:27-28<\/strong>: \u201cMis ovejas oyen <strong>Mi voz<\/strong>; yo las conozco y <strong>ellas me siguen<\/strong>. <strong>Yo les doy vida eterna<\/strong> \u2026.\u201d<\/li>\n<\/ul>\n<\/li>\n<li>El trato de Jehov\u00e1 en cuanto a la vida requiere que obedezcamos a Jes\u00fas al ir a \u00c9l. <strong>\u00a0<\/strong>\n<ul>\n<li><strong>JUAN 6:45<\/strong>: \u201c\u2026todo el que escucha al Padre y aprende de \u00e9l, viene a M\u00ed.\u201d<\/li>\n<\/ul>\n<ul>\n<li><strong>MATEO 17:5<\/strong>: \u201c\u2026\u00c9ste es mi Hijo amado; estoy muy complacido con \u00e9l. \u00a1Esc\u00fachenlo!\u201d<\/li>\n<\/ul>\n<\/li>\n<\/ul>\n<p>=========<\/p>\n<p style=\"padding-left: 30px;\"><a id=\"fnb\" name=\"fnb\"><\/a><a href=\"#fna\">**<\/a> Citado de la versi\u00f3n de la Biblia de las Am\u00e9ricas. Las traducciones m\u00e1s modernas utilizan la frase \u201cSi me ped\u00eds\u201d ya que se basan en los mejores manuscritos disponibles en la actualidad. Esto demuestra que hubo oraciones hechas a Jes\u00fas.<\/p>\n<p>&nbsp;<\/p>\n<p>&nbsp;<\/p>\n","protected":false},"excerpt":{"rendered":"<p>5 PREGUNTAS AL COMPARTIR EL EVANGELIO &#8211; GUIANDO A LOS TESTIGOS DE JEHOV\u00c1 A JES\u00daS \u00a0\u00a0Escuche en el Interent en ingl\u00e9s a M\u00e9todos Efectivos de Hoffman a Presenciar a los testigos de Jehov\u00e1 que los presentes para c\u00f3mo utilizar estas preguntas la mayor\u00eda del efectivamente Utilice t\u00e9rminos claves de los testigos de Jehov\u00e1: \u201c\u00c1rbol\u201d o&#8230;<\/p>\n","protected":false},"author":6,"featured_media":0,"parent":5719,"menu_order":0,"comment_status":"closed","ping_status":"closed","template":"","meta":{"footnotes":""},"class_list":["post-5037","page","type-page","status-publish","hentry"],"_links":{"self":[{"href":"https:\/\/www.4jehovah.org\/es\/wp-json\/wp\/v2\/pages\/5037","targetHints":{"allow":["GET"]}}],"collection":[{"href":"https:\/\/www.4jehovah.org\/es\/wp-json\/wp\/v2\/pages"}],"about":[{"href":"https:\/\/www.4jehovah.org\/es\/wp-json\/wp\/v2\/types\/page"}],"author":[{"embeddable":true,"href":"https:\/\/www.4jehovah.org\/es\/wp-json\/wp\/v2\/users\/6"}],"replies":[{"embeddable":true,"href":"https:\/\/www.4jehovah.org\/es\/wp-json\/wp\/v2\/comments?post=5037"}],"version-history":[{"count":6,"href":"https:\/\/www.4jehovah.org\/es\/wp-json\/wp\/v2\/pages\/5037\/revisions"}],"predecessor-version":[{"id":10778,"href":"https:\/\/www.4jehovah.org\/es\/wp-json\/wp\/v2\/pages\/5037\/revisions\/10778"}],"up":[{"embeddable":true,"href":"https:\/\/www.4jehovah.org\/es\/wp-json\/wp\/v2\/pages\/5719"}],"wp:attachment":[{"href":"https:\/\/www.4jehovah.org\/es\/wp-json\/wp\/v2\/media?parent=5037"}],"curies":[{"name":"wp","href":"https:\/\/api.w.org\/{rel}","templated":true}]}}