{"id":3501,"date":"2013-02-28T10:24:35","date_gmt":"2013-02-28T17:24:35","guid":{"rendered":"https:\/\/www.4jehovah.org\/?page_id=3501"},"modified":"2015-04-11T09:26:41","modified_gmt":"2015-04-11T16:26:41","slug":"tractos","status":"publish","type":"page","link":"https:\/\/www.4jehovah.org\/es\/predicando-el-reino-de-dios\/tractos\/","title":{"rendered":"Tratados para testigos de Jehov\u00e1"},"content":{"rendered":"<div class=\"fusion-fullwidth fullwidth-box fusion-fullwidth-1  fusion-parallax-none nonhundred-percent-fullwidth\" style=\"border-bottom-width: 0px;border-top-width: 0px;border-bottom-style: solid;border-top-style: solid;padding-bottom:20px;padding-top:20px;padding-left:0px;padding-right:0px;\"><style type=\"text\/css\" scoped=\"scoped\">.fusion-fullwidth-1 {\n                            padding-left: 0px !important;\n                            padding-right: 0px !important;\n                        }<\/style><div class=\"fusion-row\"><style type='text\/css'>.reading-box-container-1 .element-bottomshadow:before,.reading-box-container-1 .element-bottomshadow:after{opacity:0.7;}<\/style><div class=\"fusion-reading-box-container reading-box-container-1\" style=\"margin-top:0px;margin-bottom:0px;\"><div class=\"reading-box\" style=\"background-color:;border-width:1px;border-color:;border-top-width:3px;border-top-color:;border-style:solid;\"><h2>TRATADOS PARA REPARTIR A LOS TESTIGOS DE JEHOV\u00c1<\/h2><div class=\"reading-box-additional\">\n<ul>\n<li><strong>Por favor lea <strong><a title=\"Pol\u00edtica de Conducta para la Evangelizaci\u00f3n\" href=\"http:\/\/4witness.org\/es\/pagina-principal\/politica-de-conducta-para-la-evangelizacion\/\"><strong><b><strong>NUESTRA POL\u00cdTICA DE CONDUCTA PARA EVANGELIZAR<\/strong><\/b><\/strong><\/a><\/strong><strong> y <a title=\"Pol\u00edtica de derechos reservados\" href=\"https:\/\/www.4jehovah.org\/es\/terminos-y-condiciones\/politica-de-derechos-reservados\/\"><strong><strong>NUESTRA POL\u00cdTICA DE DERECHOS RESERVADOS<\/strong><\/strong><\/a> <\/strong><strong>antes de utilizar nuestros recursos.<\/strong><\/strong><\/li>\n<\/ul>\n<\/div><\/div><\/div><\/div><\/div><div class=\"fusion-one-fourth fusion-layout-column fusion-spacing-yes\" style=\"margin-top:;margin-bottom:;\"><div class=\"fusion-column-wrapper\"><p><strong><a title=\"How can I have Jehovah\u2019s approval on my life?\" href=\"https:\/\/www.4jehovah.org\/es\/como-puedo-tener-la-aprobacion-de-jehova-en-mi-vida\/\"><img loading=\"lazy\" decoding=\"async\" src=\"https:\/\/witforjesus.org\/images\/jwarticles\/roadfall2.jpg\" alt=\"PDF\" width=\"300\" height=\"200\" hspace=\"5\" vspace=\"5\" \/><\/a><\/strong>\u00a0<a title=\"\u00bfC\u00f3mo Puedo Tener la Aprobaci\u00f3n De Jehov\u00e1 en mi Vida?\" href=\"https:\/\/www.4jehovah.org\/es\/como-puedo-tener-la-aprobacion-de-jehova-en-mi-vida\/\"><strong>\u00bfC\u00d3MO PUEDO TENER LA APROBACI\u00d3N DE JEHOV\u00c1 EN MI VIDA?<\/strong><\/a><a href=\"https:\/\/witforjesus.org\/downloads\/spanish\/tracts\/jw\/stj-approval.pdf\"><img loading=\"lazy\" decoding=\"async\" src=\"https:\/\/witforjesus.org\/images\/buttons\/pdf.jpg\" alt=\"PDF\" width=\"44\" height=\"21\" \/><\/a><\/p>\n<div class=\"fusion-clearfix\"><\/div><\/div><\/div><div class=\"fusion-one-fourth fusion-layout-column fusion-spacing-yes\" style=\"margin-top:;margin-bottom:;\"><div class=\"fusion-column-wrapper\"><p><strong><a href=\"https:\/\/www.4jehovah.org\/es\/es-la-organizacion-watchtower-fiel-y-descreta\/\"><img loading=\"lazy\" decoding=\"async\" src=\"https:\/\/witforjesus.org\/images\/jwarticles\/watchtower.jpg\" alt=\"PDF\" width=\"300\" height=\"225\" \/><\/a><\/strong>\u00a0<a title=\"\u00bfEs la Organizaci\u00f3n Watchtower \u201cFiel y Descreta\u201d?\" href=\"https:\/\/www.4jehovah.org\/es\/es-la-organizacion-watchtower-fiel-y-descreta\/\"><strong>\u00bfES LA ORGANIZACI\u00d3N WATCHTOWER \u201cFIEL Y DESCRETA\u201d?<\/strong><\/a><a href=\"https:\/\/witforjesus.org\/downloads\/spanish\/tracts\/jw\/stj-faithful-slave.pdf\"><img loading=\"lazy\" decoding=\"async\" src=\"https:\/\/witforjesus.org\/images\/buttons\/pdf.jpg\" alt=\"PDF\" width=\"44\" height=\"21\" \/><\/a><\/p>\n<div class=\"fusion-clearfix\"><\/div><\/div><\/div><div class=\"fusion-one-fourth fusion-layout-column fusion-spacing-yes\" style=\"margin-top:;margin-bottom:;\"><div class=\"fusion-column-wrapper\"><p><a href=\"https:\/\/www.4jehovah.org\/es\/es-la-trinidad-un-concepto-biblico\/\"><img loading=\"lazy\" decoding=\"async\" src=\"https:\/\/witforjesus.org\/images\/jwarticles\/jwtrinity.jpg\" alt=\"PDF\" width=\"300\" height=\"225\" hspace=\"5\" vspace=\"5\" \/><\/a><a title=\"\u00bfEs la trinidad un concepto b\u00edblico?\" href=\"https:\/\/www.4jehovah.org\/es\/es-la-trinidad-un-concepto-biblico\/\"><strong>\u00bfES LA TRINIDAD UN CONCEPTO B\u00cdBLICO?<\/strong><\/a><a href=\"https:\/\/witforjesus.org\/downloads\/spanish\/tracts\/jw\/stj-trinity-jw.pdf\"><img loading=\"lazy\" decoding=\"async\" src=\"https:\/\/witforjesus.org\/images\/buttons\/pdf.jpg\" alt=\"PDF\" width=\"44\" height=\"21\" \/><\/a><\/p>\n<div class=\"fusion-clearfix\"><\/div><\/div><\/div><div class=\"fusion-one-fourth fusion-layout-column fusion-column-last fusion-spacing-yes\" style=\"margin-top:;margin-bottom:;\"><div class=\"fusion-column-wrapper\"><p><a href=\"https:\/\/www.4jehovah.org\/es\/fuera-de-la-organizacion-watchtower\/\"><img loading=\"lazy\" decoding=\"async\" src=\"https:\/\/witforjesus.org\/images\/jwarticles\/jw-free.jpg\" alt=\"PDF\" width=\"300\" height=\"225\" hspace=\"5\" vspace=\"5\" \/><\/a><a title=\"VERDADERA  LIBERTAD \u2013 Fuera de la Organizaci\u00f3n Watchtower \u00bfEres verdaderamente LIBRE?\" href=\"https:\/\/www.4jehovah.org\/es\/fuera-de-la-organizacion-watchtower\/\" rel=\"bookmark\"><strong>VERDADERA LIBERTAD \u2013 Fuera de la Organizaci\u00f3n Watchtower \u00bfEres verdaderamente LIBRE?<\/strong><\/a><a href=\"https:\/\/witforjesus.org\/downloads\/spanish\/tracts\/jw\/stj-true-freedom.pdf\"><img loading=\"lazy\" decoding=\"async\" src=\"https:\/\/witforjesus.org\/images\/buttons\/pdf.jpg\" alt=\"PDF\" width=\"44\" height=\"21\" \/><\/a><\/p>\n<div class=\"fusion-clearfix\"><\/div><\/div><\/div><div class=\"fusion-clearfix\"><\/div><div class=\"fusion-one-fourth fusion-layout-column fusion-spacing-yes\" style=\"margin-top:;margin-bottom:;\"><div class=\"fusion-column-wrapper\"><p><a href=\"https:\/\/www.4jehovah.org\/es\/es-jesucristo-el-arcangel-miguel\/\"><strong><img loading=\"lazy\" decoding=\"async\" src=\"https:\/\/witforjesus.org\/images\/jwarticles\/angelmichael.jpg\" alt=\"PDF\" width=\"225\" height=\"275\" hspace=\"5\" vspace=\"5\" \/><\/strong><\/a><a title=\"\u00bfEs Jesucristo el Arc\u00e1ngel Miguel?\" href=\"https:\/\/www.4jehovah.org\/es\/es-jesucristo-el-arcangel-miguel\/\"><strong>\u00bfES JESUCRISTO EL ARC\u00c1NGEL MIGUEL?<\/strong><\/a><strong><a href=\"https:\/\/witforjesus.org\/downloads\/spanish\/tracts\/jw\/stj-archangel-michael.pdf\"><img loading=\"lazy\" decoding=\"async\" src=\"https:\/\/witforjesus.org\/images\/buttons\/pdf.jpg\" alt=\"PDF\" width=\"44\" height=\"21\" \/><\/a><\/strong><\/p>\n<div class=\"fusion-clearfix\"><\/div><\/div><\/div><div class=\"fusion-one-fourth fusion-layout-column fusion-column-last fusion-spacing-yes\" style=\"margin-top:;margin-bottom:;\"><div class=\"fusion-column-wrapper\"><p><a href=\"https:\/\/www.4jehovah.org\/es\/que-es-la-verdad\/\"><img loading=\"lazy\" decoding=\"async\" src=\"https:\/\/witforjesus.org\/images\/jwarticles\/the-truth.jpg\" alt=\"PDF\" width=\"225\" height=\"250\" hspace=\"5\" vspace=\"5\" \/><\/a>\u00a0<a title=\"\u00bfQu\u00e9 es la Verdad?\" href=\"https:\/\/www.4jehovah.org\/es\/que-es-la-verdad\/\"><strong>\u00bfQU\u00c9 ES LA VERDAD?<\/strong><\/a><a href=\"https:\/\/witforjesus.org\/downloads\/spanish\/tracts\/jw\/stj-truth.pdf\"><img loading=\"lazy\" decoding=\"async\" src=\"https:\/\/witforjesus.org\/images\/buttons\/pdf.jpg\" alt=\"PDF\" width=\"44\" height=\"21\" \/><\/a><\/p>\n<div class=\"fusion-clearfix\"><\/div><\/div><\/div><div class=\"fusion-clearfix\"><\/div>\n","protected":false},"excerpt":{"rendered":"","protected":false},"author":6,"featured_media":16029,"parent":5730,"menu_order":0,"comment_status":"closed","ping_status":"closed","template":"","meta":{"footnotes":""},"class_list":["post-3501","page","type-page","status-publish","has-post-thumbnail","hentry"],"_links":{"self":[{"href":"https:\/\/www.4jehovah.org\/es\/wp-json\/wp\/v2\/pages\/3501","targetHints":{"allow":["GET"]}}],"collection":[{"href":"https:\/\/www.4jehovah.org\/es\/wp-json\/wp\/v2\/pages"}],"about":[{"href":"https:\/\/www.4jehovah.org\/es\/wp-json\/wp\/v2\/types\/page"}],"author":[{"embeddable":true,"href":"https:\/\/www.4jehovah.org\/es\/wp-json\/wp\/v2\/users\/6"}],"replies":[{"embeddable":true,"href":"https:\/\/www.4jehovah.org\/es\/wp-json\/wp\/v2\/comments?post=3501"}],"version-history":[{"count":21,"href":"https:\/\/www.4jehovah.org\/es\/wp-json\/wp\/v2\/pages\/3501\/revisions"}],"predecessor-version":[{"id":16477,"href":"https:\/\/www.4jehovah.org\/es\/wp-json\/wp\/v2\/pages\/3501\/revisions\/16477"}],"up":[{"embeddable":true,"href":"https:\/\/www.4jehovah.org\/es\/wp-json\/wp\/v2\/pages\/5730"}],"wp:featuredmedia":[{"embeddable":true,"href":"https:\/\/www.4jehovah.org\/es\/wp-json\/wp\/v2\/media\/16029"}],"wp:attachment":[{"href":"https:\/\/www.4jehovah.org\/es\/wp-json\/wp\/v2\/media?parent=3501"}],"curies":[{"name":"wp","href":"https:\/\/api.w.org\/{rel}","templated":true}]}}