{"id":18371,"date":"2016-04-22T09:03:41","date_gmt":"2016-04-22T16:03:41","guid":{"rendered":"https:\/\/www.4jehovah.org\/es\/?page_id=18371"},"modified":"2025-09-21T18:26:59","modified_gmt":"2025-09-22T01:26:59","slug":"ex-testigos-de-jehova-por-jehova","status":"publish","type":"page","link":"https:\/\/www.4jehovah.org\/es\/","title":{"rendered":"Ex-testigos de Jehov\u00e1 por Jehov\u00e1"},"content":{"rendered":"<p><img loading=\"lazy\" decoding=\"async\" class=\"alignnone\" src=\"http:\/\/www.witforjesus.org\/images\/long\/4jehovah\/home-lake-sp.png\" width=\"1200\" height=\"364\" \/><\/p>\n<p><iframe loading=\"lazy\" title=\"YouTube video player\" src=\"https:\/\/www.youtube.com\/embed\/6Ck2LbWf97Y?si=F862MvvIBHB35Syh\" width=\"560\" height=\"315\" frameborder=\"0\" allowfullscreen=\"allowfullscreen\"><\/iframe><\/p>\n<p>&nbsp;<\/p>\n<p><img loading=\"lazy\" decoding=\"async\" class=\"alignnone\" src=\"http:\/\/www.witforjesus.org\/images\/long\/4jehovah\/exjws.png\" width=\"590\" height=\"259\" \/><\/p>\n<p><a title=\"\u00bfQui\u00e9n es usted?\" href=\"https:\/\/www.4jehovah.org\/es\/quien-es-usted\/\"><strong>QUIENES SOMOS \u2013 Ex-Testigos de Jehov\u00e1 para Jehov\u00e1<\/strong><\/a><\/p>\n<p>Muchos que se encuentran en el proceso de dejar la organizaci\u00f3n Watchtower, o que est\u00e1n pensando en dejarla, puede que no quieran pensar en religi\u00f3n. De hecho, muchos de los que se van, han rechazado la religion. A\u00fan cuando nuestro sitio Web se encuentra afiliado con el ministerio cristiano Witnesses for Jesus Inc. (Testigos para Jes\u00fas Inc.) No somos una religi\u00f3n ni una iglesia. Somos un ministerio cristiano sin fines de lucro comprometido a compartir la perspectiva b\u00edblica acerca de las creencias y pr\u00e1cticas de los testigos de Jehov\u00e1, y la mayor\u00eda de nuestro apoyo financiero viene a trav\u00e9s de individuos que creen en nuestra misi\u00f3n, visi\u00f3n y valores.<\/p>\n<p><img loading=\"lazy\" decoding=\"async\" class=\"alignnone\" src=\"http:\/\/www.witforjesus.org\/images\/long\/4jehovah\/faq.png\" width=\"590\" height=\"298\" \/><\/p>\n<div class=\"fusion-one-third fusion-layout-column fusion-spacing-yes\">\n<div class=\"fusion-column-wrapper\">\n<p><strong><a href=\"https:\/\/www.4jehovah.org\/es\/ex-testigos-de-jehova\/\">Preguntas Frecuentes de Ayuda \u2013 Respondiendo a Tus Interrogantes:<\/a><\/strong><\/p>\n<ul>\n<li><a title=\"About Us\" href=\"https:\/\/www.4jehovah.org\/es\/acerca-de-nosotros\/\"><strong>Acerca de Nosotros\u00a0\u2013 Lo Que Te Ofrecemos<\/strong><\/a><\/li>\n<li><a title=\"FAQ About Determining the Truth\" href=\"https:\/\/www.4jehovah.org\/es\/ex-testigos-de-jehova\/pf-acerca-de-determinando-la-verdad\/\"><strong>Determinando la Verdad<\/strong><\/a><\/li>\n<li><a title=\"FAQ About Leaving the Watchtower\" href=\"https:\/\/www.4jehovah.org\/es\/ex-testigos-de-jehova\/pf-acerca-de-dejar-la-watchtower\/\"><strong>Dejando la Organizaci\u00f3n Watchtower<\/strong><\/a><\/li>\n<li><a title=\"FAQ About Dating and Marriage\" href=\"https:\/\/www.4jehovah.org\/es\/ex-testigos-de-jehova\/pf-acerca-de-noviazgo-y-matrimonio\/\"><strong>Noviazgo y Matrimonio<\/strong><\/a><\/li>\n<li><a title=\"FAQ About Reaching Loved Ones\" href=\"https:\/\/www.4jehovah.org\/es\/ex-testigos-de-jehova\/pf-acerca-alcanzando-a-los-seres-amados\/\"><strong>Alcanzando a Tus Seres Queridos<\/strong><\/a><\/li>\n<\/ul>\n<p><img loading=\"lazy\" decoding=\"async\" class=\"alignnone\" src=\"http:\/\/www.witforjesus.org\/images\/long\/4jehovah\/bible-answers.png\" width=\"590\" height=\"241\" \/><\/p>\n<p><a title=\"Bible Answers\" href=\"https:\/\/www.4jehovah.org\/es\/respuestas-biblicas\/\"><strong>Respuestas B\u00edblicas: Creencias e Historia de los Testigos de Jehov\u00e1<\/strong><\/a><\/p>\n<ul>\n<li><a href=\"https:\/\/www.4jehovah.org\/es\/respuestas-biblicas\/creencias-y-practicas-de-los-testigos-de-jehova\/\"><strong>Creencias y Pr\u00e1cticas<\/strong><\/a>\n<ul>\n<li>Los Testigos de Jehov\u00e1 Examinados a la Luz de la Biblia<\/li>\n<\/ul>\n<ul>\n<li>D\u00edas Festivos, Guerra, Pol\u00edtica, Transfusiones de Sangre<\/li>\n<li>Pol\u00edticas Destructivas: Rechazo, Espionaje, Abuso<\/li>\n<\/ul>\n<\/li>\n<li><a title=\"Jehovah\u2019s Witness History and Scandals\" href=\"https:\/\/www.4jehovah.org\/es\/respuestas-biblicas\/historia-de-los-testigos-de-jehova\/\"><strong>Historia y Esc\u00e1ndalos<\/strong><\/a>\n<ul>\n<li>Cronolog\u00eda de la Watchtower<\/li>\n<li>Im\u00e1genes Subliminales<\/li>\n<li>Naciones Unidas<\/li>\n<\/ul>\n<\/li>\n<\/ul>\n<p><img loading=\"lazy\" decoding=\"async\" class=\"alignnone\" src=\"http:\/\/www.witforjesus.org\/images\/long\/4jehovah\/evangelism.png\" width=\"590\" height=\"265\" \/><\/p>\n<p><a title=\"Preaching God\u2019s Kingdom\" href=\"https:\/\/www.4jehovah.org\/es\/predicando-el-reino-de-dios\/\"><strong>Predicando el Reino de Dios a los Testigos de Jehov\u00e1<\/strong><\/a><\/p>\n<ul>\n<li><strong><a title=\"Training Guides \u2013 What You Need to Know\" href=\"https:\/\/www.4jehovah.org\/es\/predicando-el-reino-de-dios\/manual-de-entrenamiento-lo-que-usted-necesita-saber\/\">Gu\u00eda de Capacitaci\u00f3n \u2013 Lo Que Necesitas Saber<\/a><\/strong><\/li>\n<li><a title=\"Step-by-Step Questions for Jehovah\u2019s Witnesses\" href=\"https:\/\/www.4jehovah.org\/es\/predicando-el-reino-de-dios\/preguntas-para-los-testigos-de-jehova\/\"><strong>Preguntas para los Testigos de Jehov\u00e1 \u2013 Paso a Paso<\/strong><\/a><\/li>\n<li><a title=\"Pass-Along Question Cards for Jehovah\u2019s Witnesses\" href=\"https:\/\/www.4jehovah.org\/es\/predicando-el-reino-de-dios\/tarjetas-para-testigos-de-jehova\/\"><strong>Tarjetas para Repartir Con Preguntas a los Testigos de Jehov\u00e1\u00a0<\/strong><\/a><\/li>\n<li><a title=\"Tracts for Jehovah\u2019s Witnesses\" href=\"https:\/\/www.4jehovah.org\/es\/predicando-el-reino-de-dios\/tractos\/\"><strong>Tratados Evangelizadores para Testigos de Jehov\u00e1<\/strong><\/a><\/li>\n<li><a title=\"Protect Your Neighborhood\" href=\"https:\/\/www.4jehovah.org\/es\/predicando-el-reino-de-dios\/proteja-a-su-vecindario\/\"><strong>Protege tu Vecindario<\/strong><\/a><\/li>\n<\/ul>\n<div class=\"fusion-title title fusion-title-size-two\">\n<h2 class=\"title-heading-left\"><strong>Maneras En Que Podemos Ayudarte<\/strong><\/h2>\n<\/div>\n<ul class=\"fusion-checklist fusion-checklist-1\">\n<li style=\"list-style-type: none;\">\n<ul class=\"fusion-checklist fusion-checklist-1\">\n<li class=\"fusion-li-item\"><i class=\"fusion-li-icon fa fa-check\"><\/i>M\u00e1s de 20 a\u00f1os de experiencia alcanzando a testigos de Jehov\u00e1 de todos los niveles. Lee nuestro libro<strong>\u00a0 <a title=\"Christian Conversations with Jehovah\u2019s Witnesses\" href=\"https:\/\/www.4jehovah.org\/es\/tienda\/libros\/conversaciones-cristianas-con-testigos-de-jehova\/\">Conversaciones Cristianas con Testigos de Jehov\u00e1.<\/a><\/strong><\/li>\n<\/ul>\n<\/li>\n<\/ul>\n<ul class=\"fusion-checklist fusion-checklist-1\">\n<li style=\"list-style-type: none;\">\n<ul class=\"fusion-checklist fusion-checklist-1\">\n<li class=\"fusion-li-item\"><i class=\"fusion-li-icon fa fa-check\"><\/i>Herramientas poderosas para alcanzar a tus Seres Queridos miembros de los testigos de Jehov\u00e1 que incluyen documentaci\u00f3n fotocopiada completa extra\u00edda de publicaciones y recursos oficiales poco comunes de la Watchtower.\u00a0<a title=\"Shop\" href=\"https:\/\/www.4jehovah.org\/es\/tienda\/\"><strong>Visita nuestra Tienda En L\u00ednea <\/strong><\/a>para ver nuestros \u00faltimos Libros, Videos y Recursos en Audio. Lee adem\u00e1s nuestro libro <a title=\"Documented FACTS the Watchtower Society Doesn\u2019t Want You to Know\" href=\"https:\/\/www.4jehovah.org\/es\/tienda\/libros\/hechos-documentados-que-la-sociedad-watchtower-no-desea-que-usted-conozca\/\"><strong>Hechos Documentados que la Sociedad Watchtower No Desea que Usted Sepa.<\/strong><\/a><\/li>\n<\/ul>\n<\/li>\n<\/ul>\n<ul class=\"fusion-checklist fusion-checklist-1\">\n<li style=\"list-style-type: none;\">\n<ul class=\"fusion-checklist fusion-checklist-1\">\n<li class=\"fusion-li-item\"><i class=\"fusion-li-icon fa fa-check\"><\/i>Ex \u2013 Testigos de Jehov\u00e1 involucrados en grupos de apoyo en l\u00ednea.\u00a0 <a href=\"http:\/\/www.4witness.org\/es\/pagina-principal\/grupos-de-apoyo\/\"><strong>Cont\u00e1ctate por Bolg, Chat y conoce a Testigos de Jehov\u00e1 alrededor del mundo<\/strong><\/a> (s\u00f3lo en ingl\u00e9s).<\/li>\n<\/ul>\n<\/li>\n<\/ul>\n<ul class=\"fusion-checklist fusion-checklist-1\">\n<li style=\"list-style-type: none;\">\n<ul class=\"fusion-checklist fusion-checklist-1\">\n<li class=\"fusion-li-item\"><i class=\"fusion-li-icon fa fa-check\"><\/i>Escucha mientras caminas con nuestro App gratuito para Smartphones y Tablets.\u00a0<a href=\"http:\/\/get.theapp.co\/d177\/\"><strong>Obt\u00e9n la <strong>Witnesses for Jesus App.<\/strong><\/strong><\/a><\/li>\n<\/ul>\n<\/li>\n<\/ul>\n<ul class=\"fusion-checklist fusion-checklist-1\">\n<li style=\"list-style-type: none;\">\n<ul class=\"fusion-checklist fusion-checklist-1\">\n<li class=\"fusion-li-item\"><i class=\"fusion-li-icon fa fa-check\"><\/i>Ofrecemos apoyo gratuito porque nos preocupamos por ti.\u00a0 <a title=\"Sign-up for our newsletters\" href=\"http:\/\/eepurl.com\/ihjg\"><strong>Inscr\u00edbete para recibir nuestras noticias en ingles<\/strong><\/a> para mantenerte en contacto con nosotros.<\/li>\n<\/ul>\n<\/li>\n<\/ul>\n<ul class=\"fusion-checklist fusion-checklist-1\">\n<li class=\"fusion-li-item\"><i class=\"fusion-li-icon fa fa-check\"><\/i>Si simpatizas con lo que estamos haciendo, por favor, puedes realizer\u00a0 <a title=\"How to financially support us\" href=\"https:\/\/www.4jehovah.org\/es\/ex-testigos-de-jehova-por-jehova\/donaciones\/\"><strong>Donaciones<\/strong><\/a> para ayudarnos a alcanzar a otros.<\/li>\n<\/ul>\n<p><img loading=\"lazy\" decoding=\"async\" class=\"alignnone\" src=\"http:\/\/www.witforjesus.org\/images\/jwstories\/jwstories-more.jpg\" width=\"590\" height=\"136\" \/><\/p>\n<p><strong><a title=\"Ex-testigos de Jehov\u00e1\" href=\"http:\/\/www.4witness.org\/es\/testimonios\/ex-testigos-de-jehova\/\">TESTIMONIOS DE EX-TESTIGOS DE JEHOV\u00c1 VIVIR PARA JEHOV\u00c1 DIOS<\/a><\/strong><\/p>\n<\/div>\n<\/div>\n","protected":false},"excerpt":{"rendered":"<p>&nbsp; QUIENES SOMOS \u2013 Ex-Testigos de Jehov\u00e1 para Jehov\u00e1 Muchos que se encuentran en el proceso de dejar la organizaci\u00f3n Watchtower, o que est\u00e1n pensando en dejarla, puede que no quieran pensar en religi\u00f3n. De hecho, muchos de los que se van, han rechazado la religion. A\u00fan cuando nuestro sitio Web se encuentra afiliado con&#8230;<\/p>\n","protected":false},"author":6,"featured_media":18465,"parent":0,"menu_order":0,"comment_status":"closed","ping_status":"closed","template":"","meta":{"footnotes":""},"class_list":["post-18371","page","type-page","status-publish","has-post-thumbnail","hentry"],"_links":{"self":[{"href":"https:\/\/www.4jehovah.org\/es\/wp-json\/wp\/v2\/pages\/18371","targetHints":{"allow":["GET"]}}],"collection":[{"href":"https:\/\/www.4jehovah.org\/es\/wp-json\/wp\/v2\/pages"}],"about":[{"href":"https:\/\/www.4jehovah.org\/es\/wp-json\/wp\/v2\/types\/page"}],"author":[{"embeddable":true,"href":"https:\/\/www.4jehovah.org\/es\/wp-json\/wp\/v2\/users\/6"}],"replies":[{"embeddable":true,"href":"https:\/\/www.4jehovah.org\/es\/wp-json\/wp\/v2\/comments?post=18371"}],"version-history":[{"count":20,"href":"https:\/\/www.4jehovah.org\/es\/wp-json\/wp\/v2\/pages\/18371\/revisions"}],"predecessor-version":[{"id":22515,"href":"https:\/\/www.4jehovah.org\/es\/wp-json\/wp\/v2\/pages\/18371\/revisions\/22515"}],"wp:featuredmedia":[{"embeddable":true,"href":"https:\/\/www.4jehovah.org\/es\/wp-json\/wp\/v2\/media\/18465"}],"wp:attachment":[{"href":"https:\/\/www.4jehovah.org\/es\/wp-json\/wp\/v2\/media?parent=18371"}],"curies":[{"name":"wp","href":"https:\/\/api.w.org\/{rel}","templated":true}]}}