{"id":10441,"date":"2013-07-18T19:30:13","date_gmt":"2013-07-19T02:30:13","guid":{"rendered":"https:\/\/www.4jehovah.org\/?page_id=10441"},"modified":"2013-07-18T19:33:12","modified_gmt":"2013-07-19T02:33:12","slug":"aviso-legal","status":"publish","type":"page","link":"https:\/\/www.4jehovah.org\/es\/terminos-y-condiciones\/aviso-legal\/","title":{"rendered":"Aviso Legal"},"content":{"rendered":"<p><strong><strong><img loading=\"lazy\" decoding=\"async\" alt=\"Copyright policy\" src=\"https:\/\/witforjesus.org\/images\/long\/4jehovah\/privacy-policy.png\" width=\"590\" height=\"206\" \/><\/strong><\/strong><\/p>\n<h2><strong>Contenido<\/strong><\/h2>\n<p>Gracias por visitar nuestro sitio Web Testigos para Jes\u00fas. La informaci\u00f3n provista en este sitio ha sido publicada s\u00f3lo para uso informativo y conocimiento en general.<strong><strong> <\/strong><strong>No es un sustituto de consejer\u00eda legal o profesional. <\/strong><\/strong>Por favor consulte con un consejero profesional o asesor legal calificado si tuviera cualquier interrogante o preocupaci\u00f3n acerca de su relaci\u00f3n con personas asociadas a los testigos de Jehov\u00e1.<strong><strong><\/strong><\/strong><\/p>\n<h2><strong>Enlaces Externos\u00a0<\/strong><\/h2>\n<p>Como cortes\u00eda y para conveniencia de nuestros usuarios, algunas de las p\u00e1ginas de nuestro sitio Web provee enlaces a otros sitios Web que no son manejados por Witnesses for Jesus Inc (Testigos para Jes\u00fas Inc). No respaldamos ni asumimos ninguna responsabilidad por el contenido o informaci\u00f3n provistos en cualquiera de estos sitios Web externos.<\/p>\n<p>&nbsp;<\/p>\n","protected":false},"excerpt":{"rendered":"<p>Contenido Gracias por visitar nuestro sitio Web Testigos para Jes\u00fas. La informaci\u00f3n provista en este sitio ha sido publicada s\u00f3lo para uso informativo y conocimiento en general. No es un sustituto de consejer\u00eda legal o profesional. Por favor consulte con un consejero profesional o asesor legal calificado si tuviera cualquier interrogante o preocupaci\u00f3n acerca de&#8230;<\/p>\n","protected":false},"author":6,"featured_media":0,"parent":9892,"menu_order":0,"comment_status":"closed","ping_status":"closed","template":"","meta":{"footnotes":""},"class_list":["post-10441","page","type-page","status-publish","hentry"],"_links":{"self":[{"href":"https:\/\/www.4jehovah.org\/es\/wp-json\/wp\/v2\/pages\/10441","targetHints":{"allow":["GET"]}}],"collection":[{"href":"https:\/\/www.4jehovah.org\/es\/wp-json\/wp\/v2\/pages"}],"about":[{"href":"https:\/\/www.4jehovah.org\/es\/wp-json\/wp\/v2\/types\/page"}],"author":[{"embeddable":true,"href":"https:\/\/www.4jehovah.org\/es\/wp-json\/wp\/v2\/users\/6"}],"replies":[{"embeddable":true,"href":"https:\/\/www.4jehovah.org\/es\/wp-json\/wp\/v2\/comments?post=10441"}],"version-history":[{"count":4,"href":"https:\/\/www.4jehovah.org\/es\/wp-json\/wp\/v2\/pages\/10441\/revisions"}],"predecessor-version":[{"id":10444,"href":"https:\/\/www.4jehovah.org\/es\/wp-json\/wp\/v2\/pages\/10441\/revisions\/10444"}],"up":[{"embeddable":true,"href":"https:\/\/www.4jehovah.org\/es\/wp-json\/wp\/v2\/pages\/9892"}],"wp:attachment":[{"href":"https:\/\/www.4jehovah.org\/es\/wp-json\/wp\/v2\/media?parent=10441"}],"curies":[{"name":"wp","href":"https:\/\/api.w.org\/{rel}","templated":true}]}}