{"id":18943,"date":"2018-01-25T13:30:56","date_gmt":"2018-01-25T20:30:56","guid":{"rendered":"https:\/\/www.4jehovah.org\/?page_id=18943"},"modified":"2018-04-02T21:55:44","modified_gmt":"2018-04-03T04:55:44","slug":"zur-lehre-und-zu-den-praktiken-der-zeugen-jehovas","status":"publish","type":"page","link":"https:\/\/www.4jehovah.org\/de\/biblische-antworten\/zur-lehre-und-zu-den-praktiken-der-zeugen-jehovas\/","title":{"rendered":"Zur Lehre und zu den Praktiken der Zeugen Jehovas"},"content":{"rendered":"<h1 class=\"title-heading-left\">DIE BIBEL HAT EINE ANTWORT AUF DIE LEHREN UND PRAKTIKEN VON JEHOVAS ZEUGEN<\/h1>\n<ul class=\"lcp_catlist\" id=\"lcp_instance_0\"><li><a href=\"https:\/\/www.4jehovah.org\/de\/schickte-elia-nach-seiner-aufnahme-in-den-himmel-einen-brief-an-koenig-joram-2-chronika-2112\/\">Schickte Elia nach seiner Aufnahme in den Himmel einen Brief an K\u00f6nig Joram? \u2013 2. Chronika 21,12<\/a><\/li><li><a href=\"https:\/\/www.4jehovah.org\/de\/sind-die-patriarchen-der-hebraeischen-schrift-im-himmel-johannes-313\/\">Sind die Patriarchen der hebr\u00e4ischen Schrift im Himmel?  Johannes 3:13<\/a><\/li><\/ul>\n<figure style=\"width: 386px\" class=\"wp-caption alignnone\"><img loading=\"lazy\" decoding=\"async\" class=\"size-medium\" src=\"http:\/\/www.witforjesus.org\/images\/jwbooks\/ccjw-ge.jpg\" width=\"386\" height=\"500\" \/><figcaption class=\"wp-caption-text\">GESPR\u00c4CH ZWISCHEN CHRISTEN UND JEHOVAS ZEUGEN: Antworten aus der Bibel auf Fragen von Jehovas Zeugen<\/figcaption><\/figure>\n<p><strong>GESPR\u00c4CH ZWISCHEN CHRISTEN UND JEHOVAS ZEUGEN: Antworten aus der Bibel auf Fragen von Jehovas Zeugen<\/strong><\/p>\n<ul>\n<li><strong>Der Absolutheitsanspruch der Wachtturm-Gesellschaft unter der Lupe<\/strong><\/li>\n<li><strong>Fragen bez\u00fcglich des ewigen Lebens<\/strong><\/li>\n<li><strong>Gewissensprobleme von Jehovas Zeugen<\/strong><\/li>\n<\/ul>\n<div class=\"add_posts\"><a class=\"post-thumb alignleft\" style=\"float:left; margin-right:15px; clear:both;\" href=\"https:\/\/www.4jehovah.org\/de\/schickte-elia-nach-seiner-aufnahme-in-den-himmel-einen-brief-an-koenig-joram-2-chronika-2112\/ \"><\/a><div class=\"add_posts_content\" style=\"clear:both;\"><h2 class=\"title\" style=\"clear: none;\"><a href=\"https:\/\/www.4jehovah.org\/de\/schickte-elia-nach-seiner-aufnahme-in-den-himmel-einen-brief-an-koenig-joram-2-chronika-2112\/\">Schickte Elia nach seiner Aufnahme in den Himmel einen Brief an K\u00f6nig Joram? \u2013 2. Chronika 21,12<\/a><\/h2><div class=\"post-content\" style=\"clear:both\";><p><strong><strong><img loading=\"lazy\" decoding=\"async\" src=\"https:\/\/witforjesus.org\/images\/long\/4jehovah\/heaven.png\" alt=\"Heaven\" width=\"627\" height=\"275\" \/><\/strong><\/strong><\/p>\n<p><strong>SIND DIE STAMMV\u00c4TER DER HEBR\u00c4ISCHEN SCHRIFTEN IM HIMMEL? \u2013 Schickte Elia nach seiner Aufnahme in den Himmel einen Brief an K\u00f6nig Joram? \u2013 2. CHRONIKA 21,12: \u201cEs kam aber ein Brief zu ihm von dem Propheten Elia \u2026.\u201d<br \/>\n<\/strong><\/p>\n<p><strong>JEHOVAS ZEUGEN ARGUMENTIEREN:<\/strong><\/p>\n<p align=\"justify\">Jehovas Zeugen lehren, dass niemand, der vor dem Kommen Jesu Christi gelebt hat, in den Himmel kommt. Um ihre Lehre zu verteidigen, erkl\u00e4ren sie, dass die Aufnahme Elias in den Himmel eine kurzzeitige Entfernung von einem irdischen Ort zu einem anderen war und behaupten, dass Elia viele Jahre sp\u00e4ter wieder auf Erden erschienen ist, um einen Brief an K\u00f6nig Joram zu schicken (2. Chronika 21,12), nachdem er zuvor in einem Wettersturm zum Himmel aufgefahren war (2. K\u00f6nige 2,11).<a id=\"f1a\" name=\"f1a\"><\/a><a href=\"#f1b\">1.<\/a><\/p>\n<p align=\"justify\"><strong>BIBLISCHE ANTWORT:<\/strong><\/p>\n<p>Es gibt keinen Hinweis daf\u00fcr, dass Elia gen Himmel fuhr, bevor er den Brief an K\u00f6nig Joram von Juda schickte. Wir lesen in 1. K\u00f6nige 22,51 und 2. K\u00f6nige 1,17, dass Joram K\u00f6nig von Juda wurde, zwei Jahre <strong>bevor<\/strong> ein anderer K\u00f6nig namens Joram K\u00f6nig von Israel wurde. Erst im <strong>N\u00c4CHSTEN<\/strong> Kapitel, 2. K\u00f6nige 2,11 (w\u00e4hrend dieser andere K\u00f6nig Joram in Israel regierte), lesen wir von der Aufnahme Elias in den Himmel.<\/p>\n <a href=\"https:\/\/www.4jehovah.org\/de\/schickte-elia-nach-seiner-aufnahme-in-den-himmel-einen-brief-an-koenig-joram-2-chronika-2112\/\" class=\"readmore\">weiterlesen<\/a><\/div><hr style=\"margin:10px 0\"><\/div><a class=\"post-thumb alignleft\" style=\"float:left; margin-right:15px; clear:both;\" href=\"https:\/\/www.4jehovah.org\/de\/sind-die-patriarchen-der-hebraeischen-schrift-im-himmel-johannes-313\/ \"><img loading=\"lazy\" decoding=\"async\" width=\"64\" height=\"64\" src=\"https:\/\/www.4jehovah.org\/wp-content\/uploads\/2013\/05\/20150502_151804-100x100.jpg\" class=\"attachment-64x64 size-64x64 wp-post-image\" alt=\"\" srcset=\"https:\/\/www.4jehovah.org\/wp-content\/uploads\/2013\/05\/20150502_151804-100x100.jpg 100w, https:\/\/www.4jehovah.org\/wp-content\/uploads\/2013\/05\/20150502_151804-150x150.jpg 150w, https:\/\/www.4jehovah.org\/wp-content\/uploads\/2013\/05\/20150502_151804-480x480.jpg 480w, https:\/\/www.4jehovah.org\/wp-content\/uploads\/2013\/05\/20150502_151804-1200x1200.jpg 1200w\" sizes=\"auto, (max-width: 64px) 100vw, 64px\" data-wp-pid=\"22508\" \/><\/a><div class=\"add_posts_content\" style=\"clear:both;\"><h2 class=\"title\" style=\"clear: none;\"><a href=\"https:\/\/www.4jehovah.org\/de\/sind-die-patriarchen-der-hebraeischen-schrift-im-himmel-johannes-313\/\">Sind die Patriarchen der hebr\u00e4ischen Schrift im Himmel?  Johannes 3:13<\/a><\/h2><div class=\"post-content\" style=\"clear:both\";><p><strong>WENN JESUS DER ERSTE WAR, DER IN DEN HIMMEL AUFFUHR, WERDEN ELIA UND ANDERE ALTTESTAMENTLICHE GL\u00c4UBIGE EBENFALLS IM HIMMEL SEIN? <\/strong><\/p>\n<p style=\"padding-left: 30px;\">Johannes 3:13: \u201cUnd niemand ist gen Himmel aufgefahren au\u00dfer dem, der vom Himmel herabgekommen ist, n\u00e4mlich der Menschensohn.\u201d<\/p>\n<p align=\"left\"><strong>JEHOVAS ZEUGEN ARGUMENTIEREN:<\/strong><\/p>\n<p align=\"justify\">Die Wachtturm-Gesellschaft lehrt, da\u00df nur 144.000 Menschen ewig im Himmel leben, w\u00e4hrend der Rest der gl\u00e4ubigen Menschheit nur darauf hoffen kann, f\u00fcr immer im \u201eParadies\u201c auf der Erde zu leben. Jehovas Zeugen glauben, dass diese himmlische Gruppe von 144.000 an Pfingsten (33 A.D.) begann und sie behaupten, \u201ees gibt keinen Hinweis in der Schrift, dass Gottes Dienern <strong>vor<\/strong> dem Kommen Jesu Christi eine himmlische Hoffnung in Aussicht gestellt wurde.\u201c\u00a0<a name=\"f1a\"><\/a><a href=\"#f1b\">1.<\/a> Dementsprechend behaupten sie, dass \u201eDavid, Hiob und Johannes der T\u00e4ufer,\u201c sowie <strong>alle<\/strong> gl\u00e4ubigen M\u00e4nner und Frauen, die gestorben sind bevor Jesus starb . . . auferstehen und <strong>irdische <\/strong>Untergebene im Reich Gottes sein werden.\u201c<a id=\"f2a\" name=\"f2a\"><\/a><a href=\"#f2b\">2.<\/a> <em> Um ihre Ansicht, da\u00df keiner der alttestamentlichen Diener Gottes im Himmel sein wird, zu untermauern, verweisen sie auf <\/em><a title=\"John 3:13\" href=\"#jn3_13\"><em>Johannes 3,13<\/em><\/a>, <a title=\"Acts 2:34\" href=\"#acts2_34\"><em>Apostelgeschichte 2,34<\/em><\/a> <em>und <\/em><a title=\"Matthew 11:11\" href=\"#matt11_11\"><em>Matth\u00e4us 11,11<\/em><\/a>.<\/p>\n <a href=\"https:\/\/www.4jehovah.org\/de\/sind-die-patriarchen-der-hebraeischen-schrift-im-himmel-johannes-313\/\" class=\"readmore\">weiterlesen<\/a><\/div><hr style=\"margin:10px 0\"><\/div><\/div><div style=\"clear: both;\"><\/div>\n","protected":false},"excerpt":{"rendered":"<p>DIE BIBEL HAT EINE ANTWORT AUF DIE LEHREN UND PRAKTIKEN VON JEHOVAS ZEUGEN GESPR\u00c4CH ZWISCHEN CHRISTEN UND JEHOVAS ZEUGEN: Antworten aus der Bibel auf Fragen von Jehovas Zeugen Der Absolutheitsanspruch der Wachtturm-Gesellschaft unter der Lupe Fragen bez\u00fcglich des ewigen Lebens Gewissensprobleme von Jehovas Zeugen<\/p>\n","protected":false},"author":6,"featured_media":15394,"parent":18939,"menu_order":0,"comment_status":"closed","ping_status":"closed","template":"","meta":{"footnotes":""},"class_list":["post-18943","page","type-page","status-publish","has-post-thumbnail","hentry"],"_links":{"self":[{"href":"https:\/\/www.4jehovah.org\/de\/wp-json\/wp\/v2\/pages\/18943","targetHints":{"allow":["GET"]}}],"collection":[{"href":"https:\/\/www.4jehovah.org\/de\/wp-json\/wp\/v2\/pages"}],"about":[{"href":"https:\/\/www.4jehovah.org\/de\/wp-json\/wp\/v2\/types\/page"}],"author":[{"embeddable":true,"href":"https:\/\/www.4jehovah.org\/de\/wp-json\/wp\/v2\/users\/6"}],"replies":[{"embeddable":true,"href":"https:\/\/www.4jehovah.org\/de\/wp-json\/wp\/v2\/comments?post=18943"}],"version-history":[{"count":11,"href":"https:\/\/www.4jehovah.org\/de\/wp-json\/wp\/v2\/pages\/18943\/revisions"}],"predecessor-version":[{"id":19087,"href":"https:\/\/www.4jehovah.org\/de\/wp-json\/wp\/v2\/pages\/18943\/revisions\/19087"}],"up":[{"embeddable":true,"href":"https:\/\/www.4jehovah.org\/de\/wp-json\/wp\/v2\/pages\/18939"}],"wp:featuredmedia":[{"embeddable":true,"href":"https:\/\/www.4jehovah.org\/de\/wp-json\/wp\/v2\/media\/15394"}],"wp:attachment":[{"href":"https:\/\/www.4jehovah.org\/de\/wp-json\/wp\/v2\/media?parent=18943"}],"curies":[{"name":"wp","href":"https:\/\/api.w.org\/{rel}","templated":true}]}}