{"id":18936,"date":"2018-01-25T13:20:04","date_gmt":"2018-01-25T20:20:04","guid":{"rendered":"https:\/\/www.4jehovah.org\/?page_id=18936"},"modified":"2018-01-25T23:32:30","modified_gmt":"2018-01-26T06:32:30","slug":"bibliothek","status":"publish","type":"page","link":"https:\/\/www.4jehovah.org\/de\/bibliothek\/","title":{"rendered":"Bibliothek"},"content":{"rendered":"<p><a title=\"Books about Jehovah\u2019s Witnesses\" href=\"https:\/\/www.4jehovah.org\/de\/category\/bucher-uber-zeugen-jehovas\/\"><img loading=\"lazy\" decoding=\"async\" title=\"Books about Jehovah's Witnesses\" src=\"https:\/\/witforjesus.org\/images\/jwbooks\/jw-books.jpg\" alt=\"Books about Jehovah's Witnesses\" width=\"590\" height=\"165\" \/><\/a><\/p>\n<p style=\"padding-left: 30px; text-align: left;\"><a href=\"https:\/\/www.4jehovah.org\/de\/category\/bucher-uber-zeugen-jehovas\/\"><span style=\"font-size: x-large;\"><strong>B\u00dcCHER \u00dcBER JEHOVAS ZEUGEN<\/strong><\/span><\/a><\/p>\n<p><a title=\"Audio CDs and MP3s about Jehovah\u2019s Witnesses\" href=\"https:\/\/www.4jehovah.org\/store\/audio\/\"><img loading=\"lazy\" decoding=\"async\" title=\"Audio CDs about Jehovah's Witnesses\" src=\"https:\/\/witforjesus.org\/images\/jwmedia\/jwcds.jpg\" alt=\"Audio CDs about Jehovah's Witnesses\" width=\"590\" height=\"192\" \/><\/a><\/p>\n<p style=\"padding-left: 30px;\"><a title=\"Audio CDs and MP3s about Jehovah\u2019s Witnesses\" href=\"https:\/\/www.4jehovah.org\/store\/audio\/\"><span style=\"font-size: x-large;\"><strong>CDs UND MP3-DATEIEN (NUR ENGLISCH)<\/strong><\/span><\/a><\/p>\n<p><a title=\"DVD Videos\" href=\"https:\/\/www.4jehovah.org\/store\/videos\/\"><img loading=\"lazy\" decoding=\"async\" title=\"Videos about Jehovah's Witnesses\" src=\"https:\/\/witforjesus.org\/images\/jwmedia\/jwdvds.jpg\" alt=\"Videos about Jehovah's Witnesses\" width=\"590\" height=\"368\" \/><\/a><\/p>\n<p style=\"padding-left: 30px;\"><a title=\"DVD Videos\" href=\"https:\/\/www.4jehovah.org\/store\/videos\/\"><span style=\"font-size: x-large;\"><strong>VIDEOS \u00dcBER JEHOVAS ZEUGEN (NUR ENGLISCH)<\/strong><\/span><\/a><\/p>\n<p>&nbsp;<\/p>\n<p>&nbsp;<\/p>\n","protected":false},"excerpt":{"rendered":"<p>B\u00dcCHER \u00dcBER JEHOVAS ZEUGEN CDs UND MP3-DATEIEN (NUR ENGLISCH) VIDEOS \u00dcBER JEHOVAS ZEUGEN (NUR ENGLISCH) &nbsp; &nbsp;<\/p>\n","protected":false},"author":6,"featured_media":0,"parent":0,"menu_order":0,"comment_status":"closed","ping_status":"closed","template":"","meta":{"footnotes":""},"class_list":["post-18936","page","type-page","status-publish","hentry"],"_links":{"self":[{"href":"https:\/\/www.4jehovah.org\/de\/wp-json\/wp\/v2\/pages\/18936","targetHints":{"allow":["GET"]}}],"collection":[{"href":"https:\/\/www.4jehovah.org\/de\/wp-json\/wp\/v2\/pages"}],"about":[{"href":"https:\/\/www.4jehovah.org\/de\/wp-json\/wp\/v2\/types\/page"}],"author":[{"embeddable":true,"href":"https:\/\/www.4jehovah.org\/de\/wp-json\/wp\/v2\/users\/6"}],"replies":[{"embeddable":true,"href":"https:\/\/www.4jehovah.org\/de\/wp-json\/wp\/v2\/comments?post=18936"}],"version-history":[{"count":4,"href":"https:\/\/www.4jehovah.org\/de\/wp-json\/wp\/v2\/pages\/18936\/revisions"}],"predecessor-version":[{"id":18953,"href":"https:\/\/www.4jehovah.org\/de\/wp-json\/wp\/v2\/pages\/18936\/revisions\/18953"}],"wp:attachment":[{"href":"https:\/\/www.4jehovah.org\/de\/wp-json\/wp\/v2\/media?parent=18936"}],"curies":[{"name":"wp","href":"https:\/\/api.w.org\/{rel}","templated":true}]}}