{"id":18348,"date":"2016-04-22T08:17:54","date_gmt":"2016-04-22T15:17:54","guid":{"rendered":"https:\/\/www.4jehovah.org\/de\/?page_id=18348"},"modified":"2018-01-30T00:08:02","modified_gmt":"2018-01-30T07:08:02","slug":"ex-zeugen-jehovas-fuer-jehova-gott","status":"publish","type":"page","link":"https:\/\/www.4jehovah.org\/de\/","title":{"rendered":"Jehovas Zeugen Aussteiger"},"content":{"rendered":"<p><img loading=\"lazy\" decoding=\"async\" class=\"alignnone size-medium\" src=\"http:\/\/www.witforjesus.org\/images\/long\/4jehovah\/home-lake-ge.png\" width=\"1200\" height=\"364\" \/><\/p>\n<div class=\"add_posts\"><a class=\"post-thumb alignleft\" style=\"float:left; margin-right:15px; clear:both;\" href=\"https:\/\/www.4jehovah.org\/de\/gespraech-1-kannst-du-jehova-ohne-das-neue-licht-des-wachtturms-dienen\/ \"><\/a><div class=\"add_posts_content\" style=\"clear:both;\"><h2 class=\"title\" style=\"clear: none;\"><a href=\"https:\/\/www.4jehovah.org\/de\/gespraech-1-kannst-du-jehova-ohne-das-neue-licht-des-wachtturms-dienen\/\">Gespr\u00e4ch 1: Kannst du Jehova ohne das \"neue Licht\" des Wachtturms dienen?<\/a><\/h2><div class=\"post-content\" style=\"clear:both\";><p><strong><img loading=\"lazy\" decoding=\"async\" src=\"https:\/\/witforjesus.org\/images\/long\/4jehovah\/light-bulb.png\" alt=\"bullets\" width=\"590\" height=\"350\" \/><\/strong><\/p>\n<p style=\"text-align: center;\"><span style=\"font-size: large;\"><b>KANNST DU JEHOVA OHNE DAS \"NEUE LICHT\" DES WACHTTURMS DIENEN?<\/b><\/span><\/p>\n<p align=\"center\"><em>Ein besorgter Vater stellt seinen Sohn zur Rede, weil dieser die Wachtturm-Gesellschaft verlassen will. Der Sohn stellt das \u201cneue Licht von Jehova\u201d der Gesellschaft in Frage, denn es scheint nur dazu zu dienen, die sich dauernd \u00e4ndernde Glaubenslehre und die vielen Kehrtwendungen zu rechtfertigen. <\/em><\/p>\n<p><strong>VATER:<\/strong>\u00a0\u00a0 Hans, du kannst doch Jehova nicht den R\u00fccken kehren! Ich habe dich in der Wahrheit erzogen. Wie kannst du dich von uns und Jehova abwenden und seine Zeugen verlassen?<\/p>\n<p><strong>SOHN: \u00a0 \u00a0<\/strong>Vater, ich <strong>liebe<\/strong> Jehova! Genau darum verlasse ich ja die Wachtturm-Gesellschaft, weil sie nicht von Gott ins Leben gerufen wurde. Sie ist nichts weiter als ein Verein von Menschen, die <strong>behaupten<\/strong>, dass sie Gottes Stellvertreter sind.<\/p>\n<p><strong>VATER: \u00a0 \u00a0<\/strong>Ich bin mir sicher, dass Jehovas Zeugen von Gott sind, mein Junge. Das habe ich sorgf\u00e4ltig recherchiert, als ich vor deiner Geburt die katholische Kirche verlie\u00df. Die Wahrheit bedeutet mir alles, Hans. Bitte wende dich nicht von uns und von Jehova ab, indem du die Zeugen verl\u00e4\u00dft!<\/p>\n<p><strong>SOHN: \u00a0 \u00a0 \u00a0<\/strong>Aber Vater, hast du mir nicht erz\u00e4hlt, dass Gro\u00dfvater dir genau dasselbe gesagt hat, als du die Kirche verlassen hast, n\u00e4mlich, dass du \u201cGott verl\u00e4\u00dft\u201d?<\/p>\n <a href=\"https:\/\/www.4jehovah.org\/de\/gespraech-1-kannst-du-jehova-ohne-das-neue-licht-des-wachtturms-dienen\/\" class=\"readmore\">weiterlesen<\/a><\/div><hr style=\"margin:10px 0\"><\/div><\/div><div style=\"clear: both;\"><\/div>\n<h2><\/h2>\n<div><\/div>\n","protected":false},"excerpt":{"rendered":"","protected":false},"author":6,"featured_media":18462,"parent":0,"menu_order":0,"comment_status":"closed","ping_status":"closed","template":"","meta":{"footnotes":""},"class_list":["post-18348","page","type-page","status-publish","has-post-thumbnail","hentry"],"_links":{"self":[{"href":"https:\/\/www.4jehovah.org\/de\/wp-json\/wp\/v2\/pages\/18348","targetHints":{"allow":["GET"]}}],"collection":[{"href":"https:\/\/www.4jehovah.org\/de\/wp-json\/wp\/v2\/pages"}],"about":[{"href":"https:\/\/www.4jehovah.org\/de\/wp-json\/wp\/v2\/types\/page"}],"author":[{"embeddable":true,"href":"https:\/\/www.4jehovah.org\/de\/wp-json\/wp\/v2\/users\/6"}],"replies":[{"embeddable":true,"href":"https:\/\/www.4jehovah.org\/de\/wp-json\/wp\/v2\/comments?post=18348"}],"version-history":[{"count":11,"href":"https:\/\/www.4jehovah.org\/de\/wp-json\/wp\/v2\/pages\/18348\/revisions"}],"predecessor-version":[{"id":19017,"href":"https:\/\/www.4jehovah.org\/de\/wp-json\/wp\/v2\/pages\/18348\/revisions\/19017"}],"wp:featuredmedia":[{"embeddable":true,"href":"https:\/\/www.4jehovah.org\/de\/wp-json\/wp\/v2\/media\/18462"}],"wp:attachment":[{"href":"https:\/\/www.4jehovah.org\/de\/wp-json\/wp\/v2\/media?parent=18348"}],"curies":[{"name":"wp","href":"https:\/\/api.w.org\/{rel}","templated":true}]}}