{"id":9466,"date":"2013-05-18T14:21:22","date_gmt":"2013-05-18T21:21:22","guid":{"rendered":"https:\/\/www.4jehovah.org\/?page_id=9466"},"modified":"2013-07-16T18:54:46","modified_gmt":"2013-07-17T01:54:46","slug":"kontakt-na-nas","status":"publish","type":"page","link":"https:\/\/www.4jehovah.org\/cs\/kontakt-na-nas\/","title":{"rendered":"Kontakt na n\u00e1s"},"content":{"rendered":"<p><strong><img loading=\"lazy\" decoding=\"async\" class=\"alignnone\" alt=\"Link\" src=\"https:\/\/witforjesus.org\/images\/long\/4jehovah\/contact-us.png\" width=\"590\" height=\"253\" \/><br \/>\n<\/strong><\/p>\n<p style=\"padding-left: 30px;\"><img loading=\"lazy\" decoding=\"async\" alt=\"Link\" src=\"https:\/\/witforjesus.org\/images\/bullets.jpg\" width=\"10\" height=\"9\" \/>\u00a0<a title=\"N\u00e1\u0161 slu\u017eebn\u00ed t\u00fdm dobrovoln\u00edk\u016f slo\u017een\u00fd z b\u00fdval\u00fdch sv\u011bdk\u016f Jehovov\u00fdch\" href=\"http:\/\/4witness.org\/home\/contact-us\/ex-jehovahs-witness-ministry-team\/\"><strong>N\u00e1\u0161 slu\u017eebn\u00ed t\u00fdm dobrovoln\u00edk\u016f slo\u017een\u00fd z\u00a0b\u00fdval\u00fdch sv\u011bdk\u016f Jehovov\u00fdch<\/strong><\/a> (angli\u010dtina &#8211; 4witness.org)<\/p>\n<p style=\"padding-left: 30px;\"><strong><img loading=\"lazy\" decoding=\"async\" alt=\"Link\" src=\"https:\/\/witforjesus.org\/images\/bullets.jpg\" width=\"10\" height=\"9\" \/>\u00a0<a title=\"N\u00e1\u0161 \u0161pan\u011blsky mluv\u00edc\u00ed slu\u017eebn\u00ed t\u00fdm dobrovoln\u00edk\u016f\" href=\"http:\/\/4witness.org\/home\/contact-us\/spanish-language-ministry-partners\/\">N\u00e1\u0161 \u0161pan\u011blsky mluv\u00edc\u00ed slu\u017eebn\u00ed t\u00fdm dobrovoln\u00edk\u016f<\/a><\/strong> (angli\u010dtina &#8211; 4witness.org)<\/p>\n<p><strong><strong>JESTLI\u017dE M\u00c1\u0160 DOTAZ\u2026<\/strong><\/strong><\/p>\n<p style=\"padding-left: 30px;\"><strong>P\u0159edt\u00edm, ne\u017e n\u00e1s bude\u0161 kontaktovat, si, pros\u00edme, p\u0159e\u010dti na\u0161e FAQ Pomoc prost\u0159ednictv\u00edm ot\u00e1zek a odpov\u011bd\u00ed, viz odkaz n\u00ed\u017ee, abys zjistil, jestli jsme ji\u017e na tvou ot\u00e1zku neodpov\u011bd\u011bli na na\u0161ich webov\u00fdch str\u00e1nk\u00e1ch:<\/strong><\/p>\n<p style=\"padding-left: 30px;\"><strong>FAQ \u2013 \u010cAST\u00c9 OT\u00c1ZKY <\/strong><\/p>\n<p style=\"padding-left: 60px;\"><strong><strong><img loading=\"lazy\" decoding=\"async\" alt=\"Link\" src=\"https:\/\/witforjesus.org\/images\/bullets.jpg\" width=\"10\" height=\"9\" \/>\u00a0<a title=\"O n\u00e1s\" href=\"https:\/\/www.4jehovah.org\/cs\/o-nas\/\"><strong>FAQ \u2013 <strong>Na na\u0161i slu\u017ebu<\/strong><\/strong><\/a><\/strong><br \/>\n<strong><img loading=\"lazy\" decoding=\"async\" alt=\"Link\" src=\"https:\/\/witforjesus.org\/images\/bullets.jpg\" width=\"10\" height=\"9\" \/> <\/strong><a title=\"Nauky a praktiky sv\u011bdk\u016f Jehovov\u00fdch\" href=\"https:\/\/www.4jehovah.org\/cs\/biblicke-odpovedi\/nauky-a-praktiky-svedku-jehovovych\/\"><strong>FAQ \u2013 Nauky a praktiky sv\u011bdk\u016f Jehovov\u00fdch<\/strong><\/a><br \/>\n<img loading=\"lazy\" decoding=\"async\" alt=\"Link\" src=\"https:\/\/witforjesus.org\/images\/bullets.jpg\" width=\"10\" height=\"9\" \/>\u00a0<\/strong><a title=\"FAQ O pomoci p\u0159i hled\u00e1n\u00ed pravdy\" href=\"https:\/\/www.4jehovah.org\/cs\/byvali-svedkove-jehovovi\/faq-o-pomoci-pri-hledani-pravdy\/\"><strong><strong><strong><strong>FAQ \u2013 Pomoc p\u0159i hled\u00e1n\u00ed Pravdy<\/strong><\/strong><\/strong><\/strong><\/a><br \/>\n<strong><img loading=\"lazy\" decoding=\"async\" alt=\"Link\" src=\"https:\/\/witforjesus.org\/images\/bullets.jpg\" width=\"10\" height=\"9\" \/>\u00a0<a title=\"FAQ O chozen\u00ed a man\u017eelstv\u00ed\" href=\"https:\/\/www.4jehovah.org\/cs\/byvali-svedkove-jehovovi\/faq-o-chozeni-a-manzelstvi\/\"><strong>FAQ \u2013 Chozen\u00ed a man\u017eelstv\u00ed<\/strong><\/a><\/strong><br \/>\n<strong><img loading=\"lazy\" decoding=\"async\" alt=\"Link\" src=\"https:\/\/witforjesus.org\/images\/bullets.jpg\" width=\"10\" height=\"9\" \/>\u00a0<a title=\"FAQ O odchodu od Str\u00e1\u017en\u00e9 v\u011b\u017ee\" href=\"https:\/\/www.4jehovah.org\/cs\/byvali-svedkove-jehovovi\/faq-o-odchodu-od-strazne-veze\/\"><strong>FAQ \u2013 Opou\u0161t\u011bn\u00ed Str\u00e1\u017en\u00e9 v\u011b\u017ee<\/strong><\/a><\/strong><br \/>\n<strong><img loading=\"lazy\" decoding=\"async\" alt=\"Link\" src=\"https:\/\/witforjesus.org\/images\/bullets.jpg\" width=\"10\" height=\"9\" \/>\u00a0<a title=\"FAQ O zasa\u017een\u00ed milovan\u00fdch\" href=\"https:\/\/www.4jehovah.org\/cs\/byvali-svedkove-jehovovi\/faq-o-zasazeni-milovanych\/\"><strong>FAQ \u2013 Zasa\u017een\u00ed milovan\u00fdch<\/strong><\/a><\/strong><\/p>\n<p><strong><strong>JESTLI\u017dE JSI SV\u011aDKEM JEHOVOV\u00ddM&#8230;<\/strong><\/strong><\/p>\n<p style=\"padding-left: 30px;\"><strong>Jestli\u017ee jsi sv\u011bdkem Jehovov\u00fdm, kter\u00fd si mysl\u00ed, \u017ee jsme \u201eodpadl\u00edci\u201c od sv\u011bdk\u016f Jehovov\u00fdch, pros\u00edme, p\u0159e\u010dti si n\u00e1sleduj\u00edc\u00ed dopis p\u0159edt\u00edm, ne\u017e n\u00e1s bude\u0161 kontaktovat: <\/strong><\/p>\n<p style=\"padding-left: 30px;\"><strong><strong><img loading=\"lazy\" decoding=\"async\" alt=\"Link\" src=\"https:\/\/witforjesus.org\/images\/bullets.jpg\" width=\"10\" height=\"9\" \/><\/strong>\u00a0<\/strong><strong>NA\u0160E REAKCE NA DOPIS OD SV\u011aDKA JEHOVOVA, KTER\u00dd SE PT\u00c1: \u201eKDO JSTE? \u2013 Jste skupina odpadl\u00edk\u016f, kte\u0159\u00ed nev\u011b\u0159\u00ed biblick\u00e9mu u\u010den\u00ed?\u201d<\/strong><\/p>\n<p><strong><strong>JESTLI\u017dE JSI PROTI NA\u0160\u00cd SLU\u017dB\u011a<\/strong>&#8230;<\/strong><\/p>\n<p style=\"padding-left: 30px;\"><strong><strong>Jestli\u017ee jsi proti tomu, \u017ee na\u0161e slu\u017eba kritizuje Str\u00e1\u017enou v\u011b\u017e a dal\u0161\u00ed n\u00e1bo\u017eenstv\u00ed, pros\u00edme, \u010dti:<\/strong><\/strong><\/p>\n<p style=\"padding-left: 30px;\"><strong><\/strong><strong><strong><strong><img loading=\"lazy\" decoding=\"async\" alt=\"Link\" src=\"https:\/\/witforjesus.org\/images\/bullets.jpg\" width=\"10\" height=\"9\" \/><\/strong><\/strong><\/strong><strong>\u00a0<\/strong><strong>JE PROJEVEM L\u00c1SKY VYVR\u00c1TIT N\u00c1ZORY N\u011aKOHO JIN\u00c9HO? \u2013Otev\u0159en\u00fd dopis t\u011bm, kdo jsou proti na\u0161\u00ed slu\u017eb\u011b<\/strong><strong><\/strong><\/p>\n<p><strong><strong>JESTLI\u017dE M\u00c1\u0160 DAL\u0160\u00cd OT\u00c1ZKY, KONTAKTUJ N\u00c1S<\/strong>:<br \/>\n<\/strong><\/p>\n<p style=\"padding-left: 30px;\"><span style=\"font-size: medium;\">POZN\u00c1MKA: Pokud si p\u0159eje\u0161 argumentovat proti n\u011bjak\u00e9mu tvrzen\u00ed na na\u0161ich str\u00e1nk\u00e1ch, pros\u00edme, p\u0159edlo\u017e d\u016fkazy, kter\u00e9 potvrzuj\u00ed tv\u00e9 stanovisko, jinak nem\u016f\u017eeme na tv\u016fj e-mail odpov\u011bd\u011bt.<b> Pokud nep\u00ed\u0161e\u0161 \u010dlen\u016fm na\u0161eho t\u00fdmu, kte\u0159\u00ed hovo\u0159\u00ed jin\u00fdm jazykem, pros\u00edme, po\u0161li e-mail jedin\u011b v\u00a0angli\u010dtin\u011b.<\/b><strong><\/strong><\/span><\/p>\n<script type=\"text\/javascript\">\n\/* <![CDATA[ *\/\nvar gform;gform||(document.addEventListener(\"gform_main_scripts_loaded\",function(){gform.scriptsLoaded=!0}),document.addEventListener(\"gform\/theme\/scripts_loaded\",function(){gform.themeScriptsLoaded=!0}),window.addEventListener(\"DOMContentLoaded\",function(){gform.domLoaded=!0}),gform={domLoaded:!1,scriptsLoaded:!1,themeScriptsLoaded:!1,isFormEditor:()=>\"function\"==typeof InitializeEditor,callIfLoaded:function(o){return!(!gform.domLoaded||!gform.scriptsLoaded||!gform.themeScriptsLoaded&&!gform.isFormEditor()||(gform.isFormEditor()&&console.warn(\"The use of gform.initializeOnLoaded() is deprecated in the form editor context and will be removed in Gravity Forms 3.1.\"),o(),0))},initializeOnLoaded:function(o){gform.callIfLoaded(o)||(document.addEventListener(\"gform_main_scripts_loaded\",()=>{gform.scriptsLoaded=!0,gform.callIfLoaded(o)}),document.addEventListener(\"gform\/theme\/scripts_loaded\",()=>{gform.themeScriptsLoaded=!0,gform.callIfLoaded(o)}),window.addEventListener(\"DOMContentLoaded\",()=>{gform.domLoaded=!0,gform.callIfLoaded(o)}))},hooks:{action:{},filter:{}},addAction:function(o,r,e,t){gform.addHook(\"action\",o,r,e,t)},addFilter:function(o,r,e,t){gform.addHook(\"filter\",o,r,e,t)},doAction:function(o){gform.doHook(\"action\",o,arguments)},applyFilters:function(o){return gform.doHook(\"filter\",o,arguments)},removeAction:function(o,r){gform.removeHook(\"action\",o,r)},removeFilter:function(o,r,e){gform.removeHook(\"filter\",o,r,e)},addHook:function(o,r,e,t,n){null==gform.hooks[o][r]&&(gform.hooks[o][r]=[]);var d=gform.hooks[o][r];null==n&&(n=r+\"_\"+d.length),gform.hooks[o][r].push({tag:n,callable:e,priority:t=null==t?10:t})},doHook:function(r,o,e){var t;if(e=Array.prototype.slice.call(e,1),null!=gform.hooks[r][o]&&((o=gform.hooks[r][o]).sort(function(o,r){return o.priority-r.priority}),o.forEach(function(o){\"function\"!=typeof(t=o.callable)&&(t=window[t]),\"action\"==r?t.apply(null,e):e[0]=t.apply(null,e)})),\"filter\"==r)return e[0]},removeHook:function(o,r,t,n){var e;null!=gform.hooks[o][r]&&(e=(e=gform.hooks[o][r]).filter(function(o,r,e){return!!(null!=n&&n!=o.tag||null!=t&&t!=o.priority)}),gform.hooks[o][r]=e)}});\n\/* ]]> *\/\n<\/script>\n\n                <div class='gf_browser_gecko gform_wrapper gform_legacy_markup_wrapper gform-theme--no-framework' data-form-theme='legacy' data-form-index='0' id='gform_wrapper_1' >\n                        <div class='gform_heading'>\n                            <h3 class=\"gform_title\">4Jehovah.org Contact Form<\/h3>\n                            <p class='gform_description'><\/p>\n                        <\/div><form method='post' enctype='multipart\/form-data'  id='gform_1'  action='\/cs\/wp-json\/wp\/v2\/pages\/9466' data-formid='1' novalidate>\n                        <div class='gform-body gform_body'><ul id='gform_fields_1' class='gform_fields top_label form_sublabel_below description_below validation_below'><li id=\"field_1_10\" class=\"gfield gfield--type-honeypot gform_validation_container field_sublabel_below gfield--has-description field_description_below field_validation_below gfield_visibility_visible\"  ><label class='gfield_label gform-field-label' for='input_1_10'>LinkedIn<\/label><div class='ginput_container'><input name='input_10' id='input_1_10' type='text' value='' autocomplete='new-password'\/><\/div><div class='gfield_description' id='gfield_description_1_10'>This field is for validation purposes and should be left unchanged.<\/div><\/li><li id=\"field_1_3\" class=\"gfield gfield--type-select gfield_contains_required field_sublabel_below gfield--no-description field_description_below field_validation_below gfield_visibility_visible\"  ><label class='gfield_label gform-field-label' for='input_1_3'>Attention<span class=\"gfield_required\"><span class=\"gfield_required gfield_required_asterisk\">*<\/span><\/span><\/label><div class='ginput_container ginput_container_select'><select name='input_3' id='input_1_3' class='medium gfield_select'    aria-required=\"true\" aria-invalid=\"false\" ><option value='Any Person' selected='selected'>Any Person<\/option><option value='Webmaster' >Webmaster<\/option><option value='Admin Office' >Admin Office<\/option><option value='Translation Team Manager' >Translation Team Manager<\/option><option value='Spanish (Espa\u00f1ol) Team' >Spanish (Espa\u00f1ol) Team<\/option><option value='Portuguese (Portugu\u00eas) Team' >Portuguese (Portugu\u00eas) Team<\/option><option value='All Ex-JW Ministry Team' >All Ex-JW Ministry Team<\/option><option value='Tammie - ExJW Team' >Tammie - ExJW Team<\/option><option value='Julie - ExJW Team' >Julie - ExJW Team<\/option><option value='Phones Team' >Phones Team<\/option><option value='Mark and Loly - Spanish (Espa\u00f1ol)' >Mark and Loly - Spanish (Espa\u00f1ol)<\/option><option value='Pastor Juan - Spanish (Espa\u00f1ol)' >Pastor Juan - Spanish (Espa\u00f1ol)<\/option><option value='Christy' >Christy<\/option><\/select><\/div><\/li><li id=\"field_1_1\" class=\"gfield gfield--type-name gfield_contains_required field_sublabel_below gfield--no-description field_description_below field_validation_below gfield_visibility_visible\"  ><label class='gfield_label gform-field-label' >Name<span class=\"gfield_required\"><span class=\"gfield_required gfield_required_asterisk\">*<\/span><\/span><\/label><div class='ginput_container ginput_container_name'>\n                                    <input name='input_1' id='input_1_1' type='text' value='' class='medium'   aria-required=\"true\" aria-invalid=\"false\"   \/>\n                                <\/div><\/li><li id=\"field_1_7\" class=\"gfield gfield--type-email gfield_contains_required field_sublabel_below gfield--no-description field_description_below field_validation_below gfield_visibility_visible\"  ><label class='gfield_label gform-field-label' >Email<span class=\"gfield_required\"><span class=\"gfield_required gfield_required_asterisk\">*<\/span><\/span><\/label><div class='ginput_complex ginput_container ginput_container_email gform-grid-row' id='input_1_7_container'>\n                                <span id='input_1_7_1_container' class='ginput_left gform-grid-col gform-grid-col--size-auto'>\n                                    <input class='' type='email' name='input_7' id='input_1_7' value=''    aria-required=\"true\" aria-invalid=\"false\"  \/>\n                                    <label for='input_1_7' class='gform-field-label gform-field-label--type-sub '>Enter Email<\/label>\n                                <\/span>\n                                <span id='input_1_7_2_container' class='ginput_right gform-grid-col gform-grid-col--size-auto'>\n                                    <input class='' type='email' name='input_7_2' id='input_1_7_2' value=''    aria-required=\"true\" aria-invalid=\"false\"  \/>\n                                    <label for='input_1_7_2' class='gform-field-label gform-field-label--type-sub '>Confirm Email<\/label>\n                                <\/span>\n                                <div class='gf_clear gf_clear_complex'><\/div>\n                            <\/div><\/li><li id=\"field_1_4\" class=\"gfield gfield--type-text gfield_contains_required field_sublabel_below gfield--no-description field_description_below field_validation_below gfield_visibility_visible\"  ><label class='gfield_label gform-field-label' for='input_1_4'>Subject (Enter a Brief Description)<span class=\"gfield_required\"><span class=\"gfield_required gfield_required_asterisk\">*<\/span><\/span><\/label><div class='ginput_container ginput_container_text'><input name='input_4' id='input_1_4' type='text' value='' class='medium' maxlength='90'    aria-required=\"true\" aria-invalid=\"false\"   \/><\/div><\/li><li id=\"field_1_8\" class=\"gfield gfield--type-website field_sublabel_below gfield--has-description field_description_below field_validation_below gfield_visibility_visible\"  ><label class='gfield_label gform-field-label' for='input_1_8'>About this page on the site.<\/label><div class='ginput_container ginput_container_website'>\n                    <input name='input_8' id='input_1_8' type='url' value='' class='medium'  aria-describedby=\"gfield_description_1_8\"    aria-invalid=\"false\" \/>\n                <\/div><div class='gfield_description' id='gfield_description_1_8'>If you want to comment on a page from our site, please enter the webpage URL here in this box.<\/div><\/li><li id=\"field_1_5\" class=\"gfield gfield--type-textarea gfield_contains_required field_sublabel_below gfield--no-description field_description_below field_validation_below gfield_visibility_visible\"  ><label class='gfield_label gform-field-label' for='input_1_5'>Enter Your Email Text<span class=\"gfield_required\"><span class=\"gfield_required gfield_required_asterisk\">*<\/span><\/span><\/label><div class='ginput_container ginput_container_textarea'><textarea name='input_5' id='input_1_5' class='textarea medium'   maxlength='1000'  aria-required=\"true\" aria-invalid=\"false\"   rows='10' cols='50'><\/textarea><\/div><\/li><li id=\"field_1_9\" class=\"gfield gfield--type-captcha field_sublabel_below gfield--no-description field_description_below field_validation_below gfield_visibility_visible\"  ><label class='gfield_label gform-field-label' for='input_1_9'>Captcha<\/label><div id='input_1_9' class='ginput_container ginput_recaptcha' data-sitekey='6Leomt0SAAAAAOX3xR4IdZXOft_bIognp4uoBLuQ'  data-theme='light' data-tabindex='0'  data-badge=''><\/div><\/li><\/ul><\/div>\n        <div class='gform-footer gform_footer top_label'> <input type='submit' id='gform_submit_button_1' class='gform_button button' onclick='gform.submission.handleButtonClick(this);' data-submission-type='submit' value='Submit'  \/> \n            <input type='hidden' class='gform_hidden' name='gform_submission_method' data-js='gform_submission_method_1' value='postback' \/>\n            <input type='hidden' class='gform_hidden' name='gform_theme' data-js='gform_theme_1' id='gform_theme_1' value='legacy' \/>\n            <input type='hidden' class='gform_hidden' name='gform_style_settings' data-js='gform_style_settings_1' id='gform_style_settings_1' value='[]' \/>\n            <input type='hidden' class='gform_hidden' name='is_submit_1' value='1' \/>\n            <input type='hidden' class='gform_hidden' name='gform_submit' value='1' \/>\n            \n            <input type='hidden' class='gform_hidden' name='gform_currency' data-currency='USD' value='MeEC1BclkJ9LGYs8HK6AHkmld5y+5G7IACkgQyqriPz\/S8XZVr+g\/hvK4RITWo5iU3mzpIYH\/EqKH\/5OEDPgSeV6cSEuoi+0e1EshEAj9Vij448=' \/>\n            <input type='hidden' class='gform_hidden' name='gform_unique_id' value='' \/>\n            <input type='hidden' class='gform_hidden' name='state_1' value='WyJbXSIsIjUxZjQzMDBkYTJhNDBkMWJjOTI3MjIyNzA1ZGM4N2NjIl0=' \/>\n            <input type='hidden' autocomplete='off' class='gform_hidden' name='gform_target_page_number_1' id='gform_target_page_number_1' value='0' \/>\n            <input type='hidden' autocomplete='off' class='gform_hidden' name='gform_source_page_number_1' id='gform_source_page_number_1' value='1' \/>\n            <input type='hidden' name='gform_field_values' value='' \/>\n            \n        <\/div>\n                        <\/form>\n                        <\/div><script type=\"text\/javascript\">\n\/* <![CDATA[ *\/\n gform.initializeOnLoaded( function() {gformInitSpinner( 1, 'https:\/\/www.4jehovah.org\/wp-content\/plugins\/gravityforms\/images\/spinner.svg', true );jQuery('#gform_ajax_frame_1').on('load',function(){var contents = jQuery(this).contents().find('*').html();var is_postback = contents.indexOf('GF_AJAX_POSTBACK') >= 0;if(!is_postback){return;}var form_content = jQuery(this).contents().find('#gform_wrapper_1');var is_confirmation = jQuery(this).contents().find('#gform_confirmation_wrapper_1').length > 0;var is_redirect = contents.indexOf('gformRedirect(){') >= 0;var is_form = form_content.length > 0 && ! is_redirect && ! is_confirmation;var mt = parseInt(jQuery('html').css('margin-top'), 10) + parseInt(jQuery('body').css('margin-top'), 10) + 100;if(is_form){jQuery('#gform_wrapper_1').html(form_content.html());if(form_content.hasClass('gform_validation_error')){jQuery('#gform_wrapper_1').addClass('gform_validation_error');} else {jQuery('#gform_wrapper_1').removeClass('gform_validation_error');}setTimeout( function() { \/* delay the scroll by 50 milliseconds to fix a bug in chrome *\/  }, 50 );if(window['gformInitDatepicker']) {gformInitDatepicker();}if(window['gformInitPriceFields']) {gformInitPriceFields();}var current_page = jQuery('#gform_source_page_number_1').val();gformInitSpinner( 1, 'https:\/\/www.4jehovah.org\/wp-content\/plugins\/gravityforms\/images\/spinner.svg', true );jQuery(document).trigger('gform_page_loaded', [1, current_page]);window['gf_submitting_1'] = false;}else if(!is_redirect){var confirmation_content = jQuery(this).contents().find('.GF_AJAX_POSTBACK').html();if(!confirmation_content){confirmation_content = contents;}jQuery('#gform_wrapper_1').replaceWith(confirmation_content);jQuery(document).trigger('gform_confirmation_loaded', [1]);window['gf_submitting_1'] = false;wp.a11y.speak(jQuery('#gform_confirmation_message_1').text());}else{jQuery('#gform_1').append(contents);if(window['gformRedirect']) {gformRedirect();}}jQuery(document).trigger(\"gform_pre_post_render\", [{ formId: \"1\", currentPage: \"current_page\", abort: function() { this.preventDefault(); } }]);        if (event && event.defaultPrevented) {                return;        }        const gformWrapperDiv = document.getElementById( \"gform_wrapper_1\" );        if ( gformWrapperDiv ) {            const visibilitySpan = document.createElement( \"span\" );            visibilitySpan.id = \"gform_visibility_test_1\";            gformWrapperDiv.insertAdjacentElement( \"afterend\", visibilitySpan );        }        const visibilityTestDiv = document.getElementById( \"gform_visibility_test_1\" );        let postRenderFired = false;        function triggerPostRender() {            if ( postRenderFired ) {                return;            }            postRenderFired = true;            gform.core.triggerPostRenderEvents( 1, current_page );            if ( visibilityTestDiv ) {                visibilityTestDiv.parentNode.removeChild( visibilityTestDiv );            }        }        function debounce( func, wait, immediate ) {            var timeout;            return function() {                var context = this, args = arguments;                var later = function() {                    timeout = null;                    if ( !immediate ) func.apply( context, args );                };                var callNow = immediate && !timeout;                clearTimeout( timeout );                timeout = setTimeout( later, wait );                if ( callNow ) func.apply( context, args );            };        }        const debouncedTriggerPostRender = debounce( function() {            triggerPostRender();        }, 200 );        if ( visibilityTestDiv && visibilityTestDiv.offsetParent === null ) {            const observer = new MutationObserver( ( mutations ) => {                mutations.forEach( ( mutation ) => {                    if ( mutation.type === 'attributes' && visibilityTestDiv.offsetParent !== null ) {                        debouncedTriggerPostRender();                        observer.disconnect();                    }                });            });            observer.observe( document.body, {                attributes: true,                childList: false,                subtree: true,                attributeFilter: [ 'style', 'class' ],            });        } else {            triggerPostRender();        }    } );} ); \n\/* ]]> *\/\n<\/script>\n\n<p>PR\u00c1VN\u00cd OZN\u00c1MEN\u00cd: T\u00edm, \u017ee n\u00e1s kontaktuje\u0161, souhlas\u00ed\u0161 s\u00a0n\u00e1sleduj\u00edc\u00edmi podm\u00ednkami: Witnesses for Jesus, Inc. m\u00e1 dovoleno uve\u0159ejnit (nebo neuve\u0159ejnit) cel\u00fd e-mail (nebo dopis) \u010di jeho \u010d\u00e1st na sv\u00fdch webov\u00fdch str\u00e1nk\u00e1ch, v\u00a0knih\u00e1ch a v\u00a0jin\u00fdch ti\u0161t\u011bn\u00fdch dokumentech; Witnesses for Jesus, Inc. z\u016fst\u00e1v\u00e1 povolen\u00ed od autora k\u00a0otisku tohoto e-mailu \u010di dopisu, a\u0165 ji\u017e cel\u00e9ho \u010di jeho \u010d\u00e1sti, po neur\u010ditou dobu. Citovan\u00e9 e-maily nebudou obsahovat e-mailovou adresu ani cel\u00e9 jm\u00e9no odes\u00edlatele.<\/p>\n<p style=\"padding-left: 30px;\"><span style=\"font-size: large;\"><strong><strong><strong><img loading=\"lazy\" decoding=\"async\" alt=\"Witnesses for Jesus Inc, PO Box 50911, Colorado Springs, CO 80949 USA\" src=\"https:\/\/witforjesus.org\/images\/home\/wfj-address.jpg\" width=\"295\" height=\"86\" \/><\/strong><\/strong><\/strong><\/span><br \/>\n<strong><\/strong><\/p>\n<p>&nbsp;<\/p>\n<p><span style=\"font-size: large;\"><strong><strong>M\u011bj na pam\u011bti, \u017ee jsme zavaleni korespondenc\u00ed, a tak, pros\u00edme, ponech n\u00e1m na odpov\u011b\u010f n\u011bkolik dn\u00ed.<\/strong><\/strong><\/span><\/p>\n<p>&nbsp;<\/p>\n<p>&nbsp;<\/p>\n<p>&nbsp;<\/p>\n","protected":false},"excerpt":{"rendered":"<p>\u00a0N\u00e1\u0161 slu\u017eebn\u00ed t\u00fdm dobrovoln\u00edk\u016f slo\u017een\u00fd z\u00a0b\u00fdval\u00fdch sv\u011bdk\u016f Jehovov\u00fdch (angli\u010dtina &#8211; 4witness.org) \u00a0N\u00e1\u0161 \u0161pan\u011blsky mluv\u00edc\u00ed slu\u017eebn\u00ed t\u00fdm dobrovoln\u00edk\u016f (angli\u010dtina &#8211; 4witness.org) JESTLI\u017dE M\u00c1\u0160 DOTAZ\u2026 P\u0159edt\u00edm, ne\u017e n\u00e1s bude\u0161 kontaktovat, si, pros\u00edme, p\u0159e\u010dti na\u0161e FAQ Pomoc prost\u0159ednictv\u00edm ot\u00e1zek a odpov\u011bd\u00ed, viz odkaz n\u00ed\u017ee, abys zjistil, jestli jsme ji\u017e na tvou ot\u00e1zku neodpov\u011bd\u011bli na na\u0161ich webov\u00fdch str\u00e1nk\u00e1ch: FAQ&#8230;<\/p>\n","protected":false},"author":6,"featured_media":0,"parent":0,"menu_order":0,"comment_status":"closed","ping_status":"closed","template":"","meta":{"footnotes":""},"class_list":["post-9466","page","type-page","status-publish","hentry"],"_links":{"self":[{"href":"https:\/\/www.4jehovah.org\/cs\/wp-json\/wp\/v2\/pages\/9466","targetHints":{"allow":["GET"]}}],"collection":[{"href":"https:\/\/www.4jehovah.org\/cs\/wp-json\/wp\/v2\/pages"}],"about":[{"href":"https:\/\/www.4jehovah.org\/cs\/wp-json\/wp\/v2\/types\/page"}],"author":[{"embeddable":true,"href":"https:\/\/www.4jehovah.org\/cs\/wp-json\/wp\/v2\/users\/6"}],"replies":[{"embeddable":true,"href":"https:\/\/www.4jehovah.org\/cs\/wp-json\/wp\/v2\/comments?post=9466"}],"version-history":[{"count":6,"href":"https:\/\/www.4jehovah.org\/cs\/wp-json\/wp\/v2\/pages\/9466\/revisions"}],"predecessor-version":[{"id":10374,"href":"https:\/\/www.4jehovah.org\/cs\/wp-json\/wp\/v2\/pages\/9466\/revisions\/10374"}],"wp:attachment":[{"href":"https:\/\/www.4jehovah.org\/cs\/wp-json\/wp\/v2\/media?parent=9466"}],"curies":[{"name":"wp","href":"https:\/\/api.w.org\/{rel}","templated":true}]}}