{"id":8919,"date":"2013-04-30T09:04:38","date_gmt":"2013-04-30T16:04:38","guid":{"rendered":"https:\/\/www.4jehovah.org\/?page_id=8919"},"modified":"2018-04-06T16:53:27","modified_gmt":"2018-04-06T23:53:27","slug":"faq-o-pomoci-pri-hledani-pravdy","status":"publish","type":"page","link":"https:\/\/www.4jehovah.org\/cs\/byvali-svedkove-jehovovi\/faq-o-pomoci-pri-hledani-pravdy\/","title":{"rendered":"FAQ O pomoci p\u0159i hled\u00e1n\u00ed pravdy"},"content":{"rendered":"<ul class=\"lcp_catlist\" id=\"lcp_instance_0\"><li><a href=\"https:\/\/www.4jehovah.org\/cs\/jak-muze-nekdo-verit-ze-je-jezis-bohem\/\">Jak m\u016f\u017ee n\u011bkdo v\u011b\u0159it, \u017ee je Je\u017e\u00ed\u0161 Bohem?<\/a><\/li><li><a href=\"https:\/\/www.4jehovah.org\/cs\/chtel-jsem-se-vice-dozvedet-o-bibli-a-tak-jsem-zacal-studovat-se-svedky-jehovovymi-jsem-oklamavan\/\">Cht\u011bl jsem se v\u00edce dozv\u011bd\u011bt o Bibli, a tak jsem za\u010dal studovat se sv\u011bdky Jehovov\u00fdmi. Jsem oklam\u00e1v\u00e1n?<\/a><\/li><li><a href=\"https:\/\/www.4jehovah.org\/cs\/jsem-zranen-a-zmaten-ale-bojim-se-odejit\/\">Jsem zran\u011bn a zmaten, ale boj\u00edm se odej\u00edt.<\/a><\/li><li><a href=\"https:\/\/www.4jehovah.org\/cs\/co-bych-mel-vedet-predtim-nez-jsem-pokrten-jako-svedek-jehovuv\/\">Co bych m\u011bl v\u011bd\u011bt p\u0159edt\u00edm, ne\u017e jsem pok\u0159t\u011bn jako sv\u011bdek Jehov\u016fv?<\/a><\/li><\/ul>\n<div class=\"add_posts\"><a class=\"post-thumb alignleft\" style=\"float:left; margin-right:15px; clear:both;\" href=\"https:\/\/www.4jehovah.org\/cs\/jak-muze-nekdo-verit-ze-je-jezis-bohem\/ \"><\/a><div class=\"add_posts_content\" style=\"clear:both;\"><h2 class=\"title\" style=\"clear: none;\"><a href=\"https:\/\/www.4jehovah.org\/cs\/jak-muze-nekdo-verit-ze-je-jezis-bohem\/\">Jak m\u016f\u017ee n\u011bkdo v\u011b\u0159it, \u017ee je Je\u017e\u00ed\u0161 Bohem?<\/a><\/h2><div class=\"post-content\" style=\"clear:both\";><p><img loading=\"lazy\" decoding=\"async\" class=\"alignright\" style=\"margin: 10px;\" alt=\"Jesus of Jehovah's Witnesses - Photo taken from the Watchtower Brochure Should You Believe in the Trinity? p. 2\" src=\"https:\/\/witforjesus.org\/images\/jwarticles\/wt-jesus.jpg\" width=\"337\" height=\"282\" align=\"left\" hspace=\"5\" vspace=\"5\" \/><strong>DOPIS OD SV\u011aDKA JEHOVOVA \u2013 \u201cJak m\u016f\u017ee n\u011bkdo v\u011b\u0159it, \u017ee je Je\u017e\u00ed\u0161 Bohem?\u201d<\/strong><\/p>\n<blockquote>\n<p align=\"justify\">\u201eAhoj! Jsem jedn\u00edm ze sv\u011bdk\u016f Jehovov\u00fdch. Ji\u017e p\u0159ed sv\u00fdm studiem se sv\u011bdky Jehovov\u00fdmi jsem v\u00a0Bibli nalezl, \u017ee u\u010d\u00ed, \u017ee Je\u017e\u00ed\u0161 nen\u00ed V\u0161emohouc\u00edm Bohem, ani \u010d\u00e1st\u00ed Trojice. Nevid\u00edm rovnost mezi Otcem a Synem. Syn byl pokou\u0161en \u010f\u00e1blem (Matou\u0161 4:1), zat\u00edmco B\u016fh nem\u016f\u017ee b\u00fdt pokou\u0161en od zl\u00e9ho (Jakub 1:13). Kdyby byl Syn Bohem, jak by mohlo b\u00fdt re\u00e1ln\u00fdm poku\u0161en\u00edm to, aby bylo Bohu nab\u00eddnuto zp\u011bt n\u011bco, co u\u017e s\u00e1m dal Satanovi (Matou\u0161 4:8-9)? Syn nezn\u00e1 dne ani hodiny, pouze Otec je zn\u00e1 (Matou\u0161 24:36).\u00a0 Synova v\u016fle je odli\u0161n\u00e1 a m\u016f\u017ee se od v\u016fle Otce li\u0161it (Matou\u0161 26:39).\u00a0 Syn m\u016f\u017ee d\u011blat pouze to, co vid\u00ed, \u017ee d\u011bl\u00e1 Otec (Jan 5:19), zat\u00edmco B\u016fh m\u016f\u017ee d\u011blat v\u0161echno (Matou\u0161 19:26).\u00a0 Syn m\u00e1 pouze moc a autoritu, kter\u00e9 mu byly \u201ed\u00e1ny\u201c od Otce (Mat 28:18), a Syn se t\u00e9to moci v\u00a0budoucnu vzd\u00e1 (1.Korin\u0165an\u016fm 15:24-28). P\u0159edev\u0161\u00edm Syn \u0159\u00edk\u00e1, \u017ee Otec je \u201ev\u011bt\u0161\u00ed\u201c ne\u017e on a \u017ee Otec je jeho \u201eBohem.\u201c Kdyby byl Syn Bohem, jak by mohl b\u00fdt Bohem sob\u011b? Je toho mnohem v\u00edce, o \u010dem bych mohl ps\u00e1t, ale toto je z\u0159ejm\u011b bezpochyby nevyvratiteln\u00fd n\u00e1zor, \u017ee? K\u00e9\u017e \u201eKr\u00e1l nad v\u0161emi [jin\u00fdmi] bohy,\u201c Jehova v\u00e1m \u017eehn\u00e1. \u2013 \u017dalm 95:3.\u201d<\/p>\n <a href=\"https:\/\/www.4jehovah.org\/cs\/jak-muze-nekdo-verit-ze-je-jezis-bohem\/\" class=\"readmore\">\u010ct\u011bte v\u00edce<\/a><\/div><hr style=\"margin:10px 0\"><\/div><a class=\"post-thumb alignleft\" style=\"float:left; margin-right:15px; clear:both;\" href=\"https:\/\/www.4jehovah.org\/cs\/chtel-jsem-se-vice-dozvedet-o-bibli-a-tak-jsem-zacal-studovat-se-svedky-jehovovymi-jsem-oklamavan\/ \"><\/a><div class=\"add_posts_content\" style=\"clear:both;\"><h2 class=\"title\" style=\"clear: none;\"><a href=\"https:\/\/www.4jehovah.org\/cs\/chtel-jsem-se-vice-dozvedet-o-bibli-a-tak-jsem-zacal-studovat-se-svedky-jehovovymi-jsem-oklamavan\/\">Cht\u011bl jsem se v\u00edce dozv\u011bd\u011bt o Bibli, a tak jsem za\u010dal studovat se sv\u011bdky Jehovov\u00fdmi. Jsem oklam\u00e1v\u00e1n?<\/a><\/h2><div class=\"post-content\" style=\"clear:both\";><p><strong>\u00a0<strong><strong><b><img loading=\"lazy\" decoding=\"async\" alt=\"wdgrstudy\" src=\"https:\/\/witforjesus.org\/images\/long\/4jehovah\/deceived.png\" width=\"590\" height=\"184\" \/><\/b><\/strong><\/strong><\/strong><\/p>\n<p><strong><strong><strong><strong><b><img loading=\"lazy\" decoding=\"async\" class=\"alignright\" style=\"margin: 10px;\" alt=\"wdgrstudy\" src=\"https:\/\/witforjesus.org\/images\/jwarticles\/wdgrstudy.jpg\" width=\"256\" height=\"192\" \/><\/b><\/strong><\/strong><\/strong>CHT\u011aL JSEM SE V\u00cdCE DOZV\u011aD\u011aT O BIBLI, A TAK JSEM ZA\u010cAL STUDOVAT SE SV\u011aDKY JEHOVOV\u00ddMI. JSEM OKLAM\u00c1V\u00c1N?<\/strong><\/p>\n<blockquote>\n<p style=\"text-align: justify;\">\u201cPr\u00e1v\u011b jsem si p\u0159e\u010detl p\u0159\u00edb\u011bh <a title=\"P\u0159\u00edb\u011bh Tammie \u2013 B\u00fdval\u00e9ho sv\u011bdka Jehovova\" href=\"\/?p=7148\">Tammie<\/a> o jej\u00edch zku\u0161enostech se sv\u011bdky Jehovov\u00fdmi a nemohu si pomoci, ale mysl\u00edm si, \u017ee bych mohl b\u00fdt v nev\u011bdomosti. <strong>Studuji se sv\u011bdkem Jehovov\u00fdm ji\u017e p\u00e1r m\u011bs\u00edc\u016f <\/strong>a \u010dtu n\u011bkter\u00e9 jejich knihy. Nikdy p\u0159edt\u00edm jsem se o n\u00e1bo\u017eenstv\u00ed nezaj\u00edmal. <strong>Co se t\u00fd\u010de n\u00e1bo\u017eenstv\u00ed, jsem v tomto ohledu velmi naivn\u00ed <\/strong>a v\u0161echno, co zn\u00e1m, jsem se dozv\u011bd\u011bl studiem se sv\u011bdkem Jehovov\u00fdm. <strong>To, co se dozv\u00edd\u00e1m, mi d\u00e1v\u00e1 velk\u00fd smysl<\/strong>, chci se v\u0161ak ujistit, \u017ee d\u011bl\u00e1m dob\u0159e. <strong>Jsem oklam\u00e1v\u00e1n, nebo m\u011b sv\u011bdkov\u00e9 Jehovovi vyu\u010duj\u00ed o Bibli spr\u00e1vn\u011b? <\/strong>Je va\u0161e v\u00edra zalo\u017eena v\u00fdhradn\u011b na Bibli? Pokud ano, \u010demu nyn\u00ed v\u011b\u0159\u00edte a jak se to li\u0161\u00ed od u\u010den\u00ed sv\u011bdk\u016f Jehovov\u00fdch?\u201d<\/p>\n <a href=\"https:\/\/www.4jehovah.org\/cs\/chtel-jsem-se-vice-dozvedet-o-bibli-a-tak-jsem-zacal-studovat-se-svedky-jehovovymi-jsem-oklamavan\/\" class=\"readmore\">\u010ct\u011bte v\u00edce<\/a><\/div><hr style=\"margin:10px 0\"><\/div><a class=\"post-thumb alignleft\" style=\"float:left; margin-right:15px; clear:both;\" href=\"https:\/\/www.4jehovah.org\/cs\/jsem-zranen-a-zmaten-ale-bojim-se-odejit\/ \"><\/a><div class=\"add_posts_content\" style=\"clear:both;\"><h2 class=\"title\" style=\"clear: none;\"><a href=\"https:\/\/www.4jehovah.org\/cs\/jsem-zranen-a-zmaten-ale-bojim-se-odejit\/\">Jsem zran\u011bn a zmaten, ale boj\u00edm se odej\u00edt.<\/a><\/h2><div class=\"post-content\" style=\"clear:both\";><p><strong><strong><img loading=\"lazy\" decoding=\"async\" alt=\"Mountain Trees\" src=\"https:\/\/witforjesus.org\/images\/long\/4jehovah\/afraid-to-leave.png\" width=\"590\" height=\"189\" \/><\/strong><\/strong><\/p>\n<p><strong>JSEM ZRAN\u011aN A ZMATEN, ALE BOJ\u00cdM SE ODEJ\u00cdT\u2026<\/strong><\/p>\n<blockquote>\n<p style=\"text-align: justify;\">\u201eDosud jsem jedn\u00edm ze sv\u011bdk\u016f Jehovov\u00fdch, a\u010dkoli ji\u017e v\u00a0to nev\u011b\u0159\u00edm. <strong>Jsem tak zran\u011bn a zmaten, \u017ee nev\u00edm, komu m\u00e1m v\u011b\u0159it a d\u016fv\u011b\u0159ovat<\/strong>. P\u0159em\u00fd\u0161l\u00edm o p\u0159edlo\u017een\u00ed sv\u00e9ho dopisu, \u017ee se odd\u011bluji, <strong>boj\u00edm se v\u0161ak, \u017ee u\u010din\u00edm \u0161patn\u00e9 rozhodnut\u00ed <\/strong>a vzd\u00e1m se sv\u00e9 nad\u011bje na v\u011b\u010dn\u00fd \u017eivot v\u00a0pozemsk\u00e9m r\u00e1ji po Armagedonu. Navzdory v\u0161emu, co vid\u00edm a pro\u017e\u00edv\u00e1m, a co mne nut\u00ed v\u011b\u0159it, \u017ee toto n\u00e1bo\u017eenstv\u00ed nen\u00ed \u201epravda,\u201c m\u00e1m st\u00e1le pochybnosti o tom, zda jsou sv\u011bdkov\u00e9 Jehovovi ti spr\u00e1vn\u00ed a zda to v\u0161echno nen\u00ed \u00fatok od Satana, kter\u00fd se sna\u017e\u00ed, abych opustil Jehovu.\u201c<\/p>\n <a href=\"https:\/\/www.4jehovah.org\/cs\/jsem-zranen-a-zmaten-ale-bojim-se-odejit\/\" class=\"readmore\">\u010ct\u011bte v\u00edce<\/a><\/div><hr style=\"margin:10px 0\"><\/div><a class=\"post-thumb alignleft\" style=\"float:left; margin-right:15px; clear:both;\" href=\"https:\/\/www.4jehovah.org\/cs\/co-bych-mel-vedet-predtim-nez-jsem-pokrten-jako-svedek-jehovuv\/ \"><\/a><div class=\"add_posts_content\" style=\"clear:both;\"><h2 class=\"title\" style=\"clear: none;\"><a href=\"https:\/\/www.4jehovah.org\/cs\/co-bych-mel-vedet-predtim-nez-jsem-pokrten-jako-svedek-jehovuv\/\">Co bych m\u011bl v\u011bd\u011bt p\u0159edt\u00edm, ne\u017e jsem pok\u0159t\u011bn jako sv\u011bdek Jehov\u016fv?<\/a><\/h2><div class=\"post-content\" style=\"clear:both\";><p><strong><strong><strong><img loading=\"lazy\" decoding=\"async\" alt=\"Mountain Trees\" src=\"https:\/\/witforjesus.org\/images\/long\/4jehovah\/water-pools.png\" width=\"590\" height=\"249\" \/><\/strong><\/strong><\/strong><\/p>\n<p><strong><img loading=\"lazy\" decoding=\"async\" style=\"margin: 10px;\" alt=\"jwstudy\" src=\"https:\/\/witforjesus.org\/images\/jwarticles\/jwstudy.jpg\" width=\"269\" height=\"202\" align=\"left\" hspace=\"5\" \/>CO BYCH M\u011aL V\u011aD\u011aT P\u0158EDT\u00cdM, NE\u017d JSEM POK\u0158T\u011aN JAKO SV\u011aDEK JEHOV\u016eV?<\/strong><\/p>\n<blockquote><p>\u201c<strong>Studuji se sv\u011bdky Jehovov\u00fdmi <\/strong>a mysl\u00edm si, \u017ee to, co \u0159\u00edkaj\u00ed, d\u00e1v\u00e1 velk\u00fd smysl, av\u0161ak p\u0159ed sv\u00fdm k\u0159tem bych se cht\u011bl ujistit, \u017ee oni jsou \u2018tou Pravdou.\u2019 Co mi o nich m\u016f\u017eete sd\u011blit?\u201d<\/p>\n<p><strong>NA\u0160E ODPOV\u011a\u010e: <\/strong><\/p><\/blockquote>\n<p>Mil\u00fd p\u0159\u00edteli,<\/p>\n<p style=\"text-align: justify;\">Va\u0161e touha podrobit n\u00e1bo\u017eenstv\u00ed sv\u011bdk\u016f Jehovov\u00fdch kritice p\u0159edt\u00edm, ne\u017e se stanete jedn\u00edm z nich, je chv\u00e1lyhodn\u00e1. Jsme r\u00e1di, \u017ee m\u00e1me p\u0159\u00edle\u017eitost pod\u011blit se s V\u00e1mi o v\u00fdsledky na\u0161eho b\u00e1d\u00e1n\u00ed,, a douf\u00e1me, \u017ee V\u00e1m pomohou p\u0159i rozhodnut\u00ed, zda byste se m\u011bl p\u0159ipojit k organizaci Str\u00e1\u017en\u00e1 V\u011b\u017e. P\u0159esto\u017ee v\u011bt\u0161ina jedinc\u016f z \u0159ad sv\u011bdk\u016f Jehovov\u00fdch jsou mil\u00ed lid\u00e9, zjistili jsme, \u017ee samotn\u00e1 organizace Str\u00e1\u017en\u00e1 V\u011b\u017e nen\u00ed poctiv\u00e1 p\u0159i sv\u00e9 prezentaci \u201cPravdy.\u201d Nejen\u017ee Bible, kterou sv\u011bdkov\u00e9 Jehovovi pou\u017e\u00edvaj\u00ed, <em>P\u0159eklad Nov\u00e9ho Sv\u011bta (PNS), <\/em>je zkreslen\u00e1, ale t\u00e9\u017e mnoh\u00e9 z doktr\u00edn, kter\u00e9 vyu\u010duj\u00ed, nejsou podlo\u017eeny P\u00edsmem. (Dal\u0161\u00ed informace viz n\u00e1\u0161 \u010dl\u00e1nek s n\u00e1zvem \u201c<a title=\"Fakta, o kter\u00fdch Spole\u010dnost Str\u00e1\u017en\u00e1 v\u011b\u017e nechce, abyste v\u011bd\u011bli\" href=\"\/?page_id=8438\">Fakta, o kter\u00fdch Spole\u010dnost Str\u00e1\u017en\u00e1 V\u011b\u017e nechce, abyste v\u011bd\u011bli<\/a>.\u201d)<\/p>\n <a href=\"https:\/\/www.4jehovah.org\/cs\/co-bych-mel-vedet-predtim-nez-jsem-pokrten-jako-svedek-jehovuv\/\" class=\"readmore\">\u010ct\u011bte v\u00edce<\/a><\/div><hr style=\"margin:10px 0\"><\/div><\/div><div style=\"clear: both;\"><\/div>\n","protected":false},"excerpt":{"rendered":"","protected":false},"author":6,"featured_media":15596,"parent":5775,"menu_order":0,"comment_status":"closed","ping_status":"closed","template":"","meta":{"footnotes":""},"class_list":["post-8919","page","type-page","status-publish","has-post-thumbnail","hentry"],"_links":{"self":[{"href":"https:\/\/www.4jehovah.org\/cs\/wp-json\/wp\/v2\/pages\/8919","targetHints":{"allow":["GET"]}}],"collection":[{"href":"https:\/\/www.4jehovah.org\/cs\/wp-json\/wp\/v2\/pages"}],"about":[{"href":"https:\/\/www.4jehovah.org\/cs\/wp-json\/wp\/v2\/types\/page"}],"author":[{"embeddable":true,"href":"https:\/\/www.4jehovah.org\/cs\/wp-json\/wp\/v2\/users\/6"}],"replies":[{"embeddable":true,"href":"https:\/\/www.4jehovah.org\/cs\/wp-json\/wp\/v2\/comments?post=8919"}],"version-history":[{"count":24,"href":"https:\/\/www.4jehovah.org\/cs\/wp-json\/wp\/v2\/pages\/8919\/revisions"}],"predecessor-version":[{"id":19150,"href":"https:\/\/www.4jehovah.org\/cs\/wp-json\/wp\/v2\/pages\/8919\/revisions\/19150"}],"up":[{"embeddable":true,"href":"https:\/\/www.4jehovah.org\/cs\/wp-json\/wp\/v2\/pages\/5775"}],"wp:featuredmedia":[{"embeddable":true,"href":"https:\/\/www.4jehovah.org\/cs\/wp-json\/wp\/v2\/media\/15596"}],"wp:attachment":[{"href":"https:\/\/www.4jehovah.org\/cs\/wp-json\/wp\/v2\/media?parent=8919"}],"curies":[{"name":"wp","href":"https:\/\/api.w.org\/{rel}","templated":true}]}}