{"id":8917,"date":"2013-04-30T09:02:41","date_gmt":"2013-04-30T16:02:41","guid":{"rendered":"https:\/\/www.4jehovah.org\/?page_id=8917"},"modified":"2018-04-06T17:15:09","modified_gmt":"2018-04-07T00:15:09","slug":"faq-o-chozeni-a-manzelstvi","status":"publish","type":"page","link":"https:\/\/www.4jehovah.org\/cs\/byvali-svedkove-jehovovi\/faq-o-chozeni-a-manzelstvi\/","title":{"rendered":"FAQ O chozen\u00ed a man\u017eelstv\u00ed"},"content":{"rendered":"<ul class=\"lcp_catlist\" id=\"lcp_instance_0\"><\/ul>\n<div class=\"add_posts\"><\/div><div style=\"clear: both;\"><\/div>\n","protected":false},"excerpt":{"rendered":"","protected":false},"author":6,"featured_media":15583,"parent":5775,"menu_order":0,"comment_status":"closed","ping_status":"closed","template":"","meta":{"footnotes":""},"class_list":["post-8917","page","type-page","status-publish","has-post-thumbnail","hentry"],"_links":{"self":[{"href":"https:\/\/www.4jehovah.org\/cs\/wp-json\/wp\/v2\/pages\/8917","targetHints":{"allow":["GET"]}}],"collection":[{"href":"https:\/\/www.4jehovah.org\/cs\/wp-json\/wp\/v2\/pages"}],"about":[{"href":"https:\/\/www.4jehovah.org\/cs\/wp-json\/wp\/v2\/types\/page"}],"author":[{"embeddable":true,"href":"https:\/\/www.4jehovah.org\/cs\/wp-json\/wp\/v2\/users\/6"}],"replies":[{"embeddable":true,"href":"https:\/\/www.4jehovah.org\/cs\/wp-json\/wp\/v2\/comments?post=8917"}],"version-history":[{"count":16,"href":"https:\/\/www.4jehovah.org\/cs\/wp-json\/wp\/v2\/pages\/8917\/revisions"}],"predecessor-version":[{"id":19170,"href":"https:\/\/www.4jehovah.org\/cs\/wp-json\/wp\/v2\/pages\/8917\/revisions\/19170"}],"up":[{"embeddable":true,"href":"https:\/\/www.4jehovah.org\/cs\/wp-json\/wp\/v2\/pages\/5775"}],"wp:featuredmedia":[{"embeddable":true,"href":"https:\/\/www.4jehovah.org\/cs\/wp-json\/wp\/v2\/media\/15583"}],"wp:attachment":[{"href":"https:\/\/www.4jehovah.org\/cs\/wp-json\/wp\/v2\/media?parent=8917"}],"curies":[{"name":"wp","href":"https:\/\/api.w.org\/{rel}","templated":true}]}}