{"id":5772,"date":"2013-03-21T11:43:22","date_gmt":"2013-03-21T18:43:22","guid":{"rendered":"https:\/\/www.4jehovah.org\/?page_id=5772"},"modified":"2015-10-14T14:39:32","modified_gmt":"2015-10-14T21:39:32","slug":"obchod","status":"publish","type":"page","link":"https:\/\/www.4jehovah.org\/cs\/obchod\/","title":{"rendered":"Obchod"},"content":{"rendered":"<p><a href=\"https:\/\/www.4jehovah.org\/cs\/obchod\/knihy\/\"><img loading=\"lazy\" decoding=\"async\" title=\"Books about Jehovah's Witnesses\" src=\"https:\/\/witforjesus.org\/images\/jwbooks\/jw-books.jpg\" alt=\"Books about Jehovah's Witnesses\" width=\"590\" height=\"165\" \/><\/a><\/p>\n<p style=\"padding-left: 30px; text-align: left;\"><span style=\"font-size: x-large;\"><b><span style=\"font-size: x-large;\"><a title=\"Knihy o sv\u011bdc\u00edch Jehovov\u00fdch\" href=\"https:\/\/www.4jehovah.org\/cs\/obchod\/knihy\/\">KNIHY O SV\u011aDC\u00cdCH JEHOVOV\u00ddCH<\/a><\/span><br \/>\n<\/b><\/span><\/p>\n<p><a href=\"https:\/\/www.4jehovah.org\/shop\/library\/jehovahs-witness-audio\/\"><img loading=\"lazy\" decoding=\"async\" title=\"Audio CDs about Jehovah's Witnesses\" src=\"https:\/\/witforjesus.org\/images\/jwmedia\/jwcds.jpg\" alt=\"Audio CDs about Jehovah's Witnesses\" width=\"590\" height=\"192\" \/><\/a><\/p>\n<p style=\"padding-left: 30px;\"><a title=\"AUDIO CD A MP3 (POUZE V ANGLI\u010cTIN\u011a)\" href=\"https:\/\/www.4jehovah.org\/shop\/library\/jehovahs-witness-audio\/\"><span style=\"font-size: x-large;\"><b>AUDIO CD A MP3 (POUZE V ANGLI\u010cTIN\u011a)<\/b><\/span><\/a><\/p>\n<p><a href=\"https:\/\/www.4jehovah.org\/shop\/library\/videos-about-jehovahs-witnesses\/\"><img loading=\"lazy\" decoding=\"async\" title=\"Videos about Jehovah's Witnesses\" src=\"https:\/\/witforjesus.org\/images\/jwmedia\/jwdvds.jpg\" alt=\"Videos about Jehovah's Witnesses\" width=\"590\" height=\"368\" \/><\/a><\/p>\n<p style=\"padding-left: 30px;\"><a title=\"VIDEA O SV\u011aDC\u00cdCH JEHOVOV\u00ddCH (POUZE V ANGLI\u010cTIN\u011a)\" href=\"https:\/\/www.4jehovah.org\/shop\/library\/videos-about-jehovahs-witnesses\/\"><span style=\"font-size: large;\"><b>VIDEA O SV\u011aDC\u00cdCH JEHOVOV\u00ddCH (POUZE V ANGLI\u010cTIN\u011a)<\/b><\/span><\/a><\/p>\n<p>&nbsp;<\/p>\n<p>&nbsp;<\/p>\n","protected":false},"excerpt":{"rendered":"<p>KNIHY O SV\u011aDC\u00cdCH JEHOVOV\u00ddCH AUDIO CD A MP3 (POUZE V ANGLI\u010cTIN\u011a) VIDEA O SV\u011aDC\u00cdCH JEHOVOV\u00ddCH (POUZE V ANGLI\u010cTIN\u011a) &nbsp; &nbsp;<\/p>\n","protected":false},"author":6,"featured_media":0,"parent":0,"menu_order":0,"comment_status":"closed","ping_status":"closed","template":"","meta":{"footnotes":""},"class_list":["post-5772","page","type-page","status-publish","hentry"],"_links":{"self":[{"href":"https:\/\/www.4jehovah.org\/cs\/wp-json\/wp\/v2\/pages\/5772","targetHints":{"allow":["GET"]}}],"collection":[{"href":"https:\/\/www.4jehovah.org\/cs\/wp-json\/wp\/v2\/pages"}],"about":[{"href":"https:\/\/www.4jehovah.org\/cs\/wp-json\/wp\/v2\/types\/page"}],"author":[{"embeddable":true,"href":"https:\/\/www.4jehovah.org\/cs\/wp-json\/wp\/v2\/users\/6"}],"replies":[{"embeddable":true,"href":"https:\/\/www.4jehovah.org\/cs\/wp-json\/wp\/v2\/comments?post=5772"}],"version-history":[{"count":16,"href":"https:\/\/www.4jehovah.org\/cs\/wp-json\/wp\/v2\/pages\/5772\/revisions"}],"predecessor-version":[{"id":17723,"href":"https:\/\/www.4jehovah.org\/cs\/wp-json\/wp\/v2\/pages\/5772\/revisions\/17723"}],"wp:attachment":[{"href":"https:\/\/www.4jehovah.org\/cs\/wp-json\/wp\/v2\/media?parent=5772"}],"curies":[{"name":"wp","href":"https:\/\/api.w.org\/{rel}","templated":true}]}}