{"id":17717,"date":"2015-10-14T14:20:34","date_gmt":"2015-10-14T21:20:34","guid":{"rendered":"https:\/\/www.4jehovah.org\/cs\/?page_id=17717"},"modified":"2016-03-09T14:11:50","modified_gmt":"2016-03-09T21:11:50","slug":"knihy","status":"publish","type":"page","link":"https:\/\/www.4jehovah.org\/cs\/obchod\/knihy\/","title":{"rendered":"Knihy o sv\u011bdk\u016f Jehovov\u00fdch"},"content":{"rendered":"<div class=\"fusion-fullwidth fullwidth-box fusion-fullwidth-1  fusion-parallax-none nonhundred-percent-fullwidth\" style=\"border-bottom-width: 0px;border-top-width: 0px;border-bottom-style: solid;border-top-style: solid;padding-bottom:20px;padding-top:20px;padding-left:0px;padding-right:0px;\"><style type=\"text\/css\" scoped=\"scoped\">.fusion-fullwidth-1 {\n                            padding-left: 0px !important;\n                            padding-right: 0px !important;\n                        }<\/style><div class=\"fusion-row\"><div class=\"fusion-title title fusion-title-size-one\"><h1 class=\"title-heading-left\">Knihy o sv\u011bdk\u016f Jehovov\u00fdch<\/h1><div class=\"title-sep-container\"><div class=\"title-sep sep-single\"><\/div><\/div><\/div><\/div><\/div><div class=\"fusion-one-fourth fusion-layout-column fusion-spacing-yes\" style=\"margin-top:;margin-bottom:;\"><div class=\"fusion-column-wrapper\"><p><a title=\"Fakta, o kter\u00fdch Spole\u010dnost Str\u00e1\u017en\u00e1 v\u011b\u017e nechce, abyste v\u011bd\u011bli\" href=\"https:\/\/www.4jehovah.org\/cs\/fakta-o-kterych-spolecnost-strazna-vez-nechce-abyste-vedeli\/\"><img loading=\"lazy\" decoding=\"async\" src=\"https:\/\/witforjesus.org\/images\/jwbooks\/jwfacts-cz.jpg\" alt=\"Jehovah's Witness Facts \" width=\"200\" height=\"293\" \/><\/a><\/p>\n<p><strong>$9.99\/\u00a0<a title=\"Fakta, o kter\u00fdch Spole\u010dnost Str\u00e1\u017en\u00e1 v\u011b\u017e nechce, abyste v\u011bd\u011bli\" href=\"https:\/\/www.4jehovah.org\/cs\/fakta-o-kterych-spolecnost-strazna-vez-nechce-abyste-vedeli\/\">Fakta, o kter\u00fdch Spole\u010dnost Str\u00e1\u017en\u00e1 v\u011b\u017e nechce, abyste v\u011bd\u011bli<\/a><\/strong><\/p>\n<p style=\"text-align: left;\"><img loading=\"lazy\" decoding=\"async\" class=\" alignleft\" src=\"https:\/\/witforjesus.org\/images\/buttons\/buy-cz.jpg\" alt=\"Buy Now\" width=\"112\" height=\"28\" \/><\/p>\n<p><a title=\"English Edition\" href=\"https:\/\/www.createspace.com\/3977010\"><strong>angli\u010dtina<\/strong><\/a>\u00a0\/ <a title=\"Spanish Edition\" href=\"https:\/\/www.createspace.com\/3999866\"><strong>\u0161pan\u011blsk\u00fd<\/strong><\/a>\u00a0\/ <a title=\"Portuguese Edition\" href=\"https:\/\/www.createspace.com\/3995838\"><strong>portugal\u0161tina<\/strong><\/a><\/p>\n<div class=\"fusion-clearfix\"><\/div><\/div><\/div><div class=\"fusion-one-fourth fusion-layout-column fusion-spacing-yes\" style=\"margin-top:;margin-bottom:;\"><div class=\"fusion-column-wrapper\"><p><a title=\"K\u0159es\u0165ansk\u00e9 rozhovory se sv\u011bdky Jehovov\u00fdmi\" href=\"https:\/\/www.4jehovah.org\/cs\/obchod\/krestanske-rozhovory-se-svedky-jehovovymi\/\"><img loading=\"lazy\" decoding=\"async\" src=\"https:\/\/witforjesus.org\/images\/jwbooks\/ccjw-cz.jpg\" alt=\"K\u0159es\u0165ansk\u00e9 rozhovory se sv\u011bdky Jehovov\u00fdmi\" width=\"236\" height=\"293\" \/><\/a><\/p>\n<p><strong>$19.99 <\/strong>\/ <a title=\"K\u0159es\u0165ansk\u00e9 rozhovory se sv\u011bdky Jehovov\u00fdmi\" href=\"https:\/\/www.4jehovah.org\/cs\/obchod\/krestanske-rozhovory-se-svedky-jehovovymi\/\"><strong>K\u0158ES\u0164ANSK\u00c9 ROZHOVORY SE SV\u011aDKY JEHOVOV\u00ddMI: Biblick\u00e9 odpov\u011bdi na ot\u00e1zky sv\u011bdk\u016f Jehovov\u00fdch<\/strong><\/a><\/p>\n<p style=\"text-align: left;\"><strong><b><img loading=\"lazy\" decoding=\"async\" class=\" alignleft\" src=\"https:\/\/witforjesus.org\/images\/buttons\/buy-cz.jpg\" alt=\"Buy Now\" width=\"112\" height=\"28\" \/>\u00a0<\/b><\/strong><a title=\"English Edition\" href=\"https:\/\/www.createspace.com\/4010153\"><strong>angli\u010dtina<\/strong><\/a>\u00a0\/ <a href=\"https:\/\/www.createspace.com\/4460642\"><strong>\u0161pan\u011blsk\u00fd<\/strong>\u00a0<\/a>\/ <a href=\"https:\/\/www.createspace.com\/4138587\"><strong>portugal\u0161tina<\/strong><\/a><\/p>\n<div class=\"fusion-clearfix\"><\/div><\/div><\/div><div class=\"fusion-one-fourth fusion-layout-column fusion-column-last fusion-spacing-yes\" style=\"margin-top:;margin-bottom:;\"><div class=\"fusion-column-wrapper\"><p><a title=\"Ano, m\u011bl bys v\u011b\u0159it v Trojici!\" href=\"https:\/\/www.4jehovah.org\/cs\/obchod\/knihy\/ano-mel-bys-verit-v-trojici\/\"><img loading=\"lazy\" decoding=\"async\" style=\"margin: 5px;\" src=\"https:\/\/witforjesus.org\/images\/jwbooks\/ysbt-en.jpg\" alt=\"Jehovah's Witness Trinity\" width=\"236\" height=\"293\" \/><\/a><\/p>\n<p><strong>$19.99 <\/strong>\/ <strong><a title=\"Ano, m\u011bl bys v\u011b\u0159it v Trojici!\" href=\"https:\/\/www.4jehovah.org\/cs\/obchod\/knihy\/ano-mel-bys-verit-v-trojici\/\">Ano, m\u011bl bys v\u011b\u0159it v Trojici! Reakce na bro\u017euru Str\u00e1\u017en\u00e9 v\u011b\u017ee s n\u00e1zvem \u201eM\u011bl bys v\u011b\u0159it v Trojici?\u201c z roku 1986, str\u00e1nka za str\u00e1nkou<\/a><\/strong><\/p>\n<p style=\"text-align: left;\"><strong><b><img loading=\"lazy\" decoding=\"async\" class=\" alignleft\" src=\"https:\/\/witforjesus.org\/images\/buttons\/buy-cz.jpg\" alt=\"Buy Now\" width=\"112\" height=\"28\" \/>\u00a0<\/b><\/strong><a title=\"English Edition\" href=\"https:\/\/www.createspace.com\/3852256\"><strong>English<\/strong><\/a> \/ <strong>Spanish<\/strong> \/ <strong>Portuguese<\/strong><\/p>\n<div class=\"fusion-clearfix\"><\/div><\/div><\/div><div class=\"fusion-clearfix\"><\/div>\n","protected":false},"excerpt":{"rendered":"","protected":false},"author":6,"featured_media":0,"parent":5772,"menu_order":0,"comment_status":"closed","ping_status":"closed","template":"","meta":{"footnotes":""},"class_list":["post-17717","page","type-page","status-publish","hentry"],"_links":{"self":[{"href":"https:\/\/www.4jehovah.org\/cs\/wp-json\/wp\/v2\/pages\/17717","targetHints":{"allow":["GET"]}}],"collection":[{"href":"https:\/\/www.4jehovah.org\/cs\/wp-json\/wp\/v2\/pages"}],"about":[{"href":"https:\/\/www.4jehovah.org\/cs\/wp-json\/wp\/v2\/types\/page"}],"author":[{"embeddable":true,"href":"https:\/\/www.4jehovah.org\/cs\/wp-json\/wp\/v2\/users\/6"}],"replies":[{"embeddable":true,"href":"https:\/\/www.4jehovah.org\/cs\/wp-json\/wp\/v2\/comments?post=17717"}],"version-history":[{"count":8,"href":"https:\/\/www.4jehovah.org\/cs\/wp-json\/wp\/v2\/pages\/17717\/revisions"}],"predecessor-version":[{"id":18088,"href":"https:\/\/www.4jehovah.org\/cs\/wp-json\/wp\/v2\/pages\/17717\/revisions\/18088"}],"up":[{"embeddable":true,"href":"https:\/\/www.4jehovah.org\/cs\/wp-json\/wp\/v2\/pages\/5772"}],"wp:attachment":[{"href":"https:\/\/www.4jehovah.org\/cs\/wp-json\/wp\/v2\/media?parent=17717"}],"curies":[{"name":"wp","href":"https:\/\/api.w.org\/{rel}","templated":true}]}}