{"id":10156,"date":"2013-07-05T00:18:46","date_gmt":"2013-07-05T07:18:46","guid":{"rendered":"https:\/\/www.4jehovah.org\/?page_id=10156"},"modified":"2013-07-05T22:45:59","modified_gmt":"2013-07-06T05:45:59","slug":"chrante-sve-sousedy","status":"publish","type":"page","link":"https:\/\/www.4jehovah.org\/cs\/kazani-boziho-kralovstvi\/chrante-sve-sousedy\/","title":{"rendered":"Chra\u0148te sv\u00e9 sousedy"},"content":{"rendered":"<p>Mo\u017en\u00e1 jste p\u0159ipraveni sd\u00edlet pravdu se sv\u011bdky Jehovov\u00fdmi, kte\u0159\u00ed p\u0159ijdou k\u00a0v\u00e1m dom\u016f, ale va\u0161i soused\u00e9 na to asi p\u0159ipraveni nejsou. Pou\u017eijte tyto n\u00e1lepky, abyste chr\u00e1nili domy va\u0161ich soused\u016f, p\u0159\u00e1tel a \u010dlen\u016f rodiny p\u0159ed n\u00e1v\u0161t\u011bvou sv\u011bdk\u016f Jehovov\u00fdch.<\/p>\n<p><strong><b><b><strong><strong><img loading=\"lazy\" decoding=\"async\" alt=\"bullets\" src=\"https:\/\/witforjesus.org\/images\/bullets.jpg\" width=\"10\" height=\"9\" \/><\/strong><\/strong><\/b><\/b> \u017d\u00c1DN\u00c9 N\u00c1V\u0160T\u011aVY SV\u011aDK\u016e JEHOVOV\u00ddCH N\u00e1lepky pro <a title=\"Avery Labels 5163\" href=\"http:\/\/www.avery.com\/avery\/en_us\/Products\/Labels\/Shipping-Labels\/White-Shipping-Labels_05163.htm?N=0&amp;Ns=&amp;refchannel=c042fd03ab30a110VgnVCM1000002118140aRCRD\">Avery 5163 Labels\u00a0<\/a> \/\u00a0<a title=\"Avery5163 Water-resistant Vinyl Labels for InkJet Only\" href=\"https:\/\/www.planetlabel.com\/labels\/product\/inkjet\/white-inkjet-water-resistant-vinyl-2-x-4-rectangle\">Vod\u011bodoln\u00e9 Vinyl pro InkJet<\/a>\u00a0 \/\u00a0<a title=\"Avery5163  Vinyl Labels for Laser Only\" href=\"http:\/\/www.data-labels.com\/400200-lsrgls.html\">Vod\u011bodoln\u00e9 Vinyl pro Laser<\/a><a title=\"Avery Labels 5160\" href=\"http:\/\/www.avery.com\/avery\/en_us\/Products\/Labels\/Addressing-Labels\/Easy-Peel-White-Address-Labels_05160.htm?N=0&amp;Ns=&amp;refchannel=c042fd03ab30a110VgnVCM1000002118140aRCRD\"><br \/>\n<\/a><\/strong><\/p>\n<p><a title=\"No Visits by Jehovah's Witnesses Sticker\" href=\"https:\/\/witforjesus.org\/downloads\/czech\/stickers\/jw\/ct-jw-sticker-labels-5163.pdf\"><strong><b><b><strong><strong><img loading=\"lazy\" decoding=\"async\" alt=\"No Visits by Jehovah's Witnesses Please Sticker\" src=\"https:\/\/witforjesus.org\/images\/stickers\/jw\/ct-jw-sticker.jpg\" width=\"542\" height=\"214\" \/><\/strong><\/strong><\/b><\/b><\/strong><\/a><\/p>\n<p>&nbsp;<\/p>\n<p><strong><img loading=\"lazy\" decoding=\"async\" alt=\"bullets\" src=\"https:\/\/witforjesus.org\/images\/bullets.jpg\" width=\"10\" height=\"9\" \/>\u00a0<strong>\u017d\u00c1DN\u00c9 N\u00c1V\u0160T\u011aVY SV\u011aDK\u016e JEHOVOV\u00ddCH ANI MORMON\u016e, PROS\u00cdM<\/strong><\/strong><\/p>\n<p>&nbsp;<\/p>\n<p><a title=\"No Visits by Jehovah's Witnesses or Mormons Please Sticker\" href=\"https:\/\/witforjesus.org\/downloads\/czech\/stickers\/jw\/ct-jwlds-sticker-labels-5163.pdf\"><strong><b><b><strong><strong><img loading=\"lazy\" decoding=\"async\" alt=\"No Visits by Jehovah's Witnesses or Mormons Please Sticker\" src=\"https:\/\/witforjesus.org\/images\/stickers\/jw\/ct-jwlds-sticker.jpg\" width=\"491\" height=\"215\" \/><\/strong><\/strong><\/b><\/b><\/strong><\/a><\/p>\n<p>&nbsp;<\/p>\n","protected":false},"excerpt":{"rendered":"<p>Mo\u017en\u00e1 jste p\u0159ipraveni sd\u00edlet pravdu se sv\u011bdky Jehovov\u00fdmi, kte\u0159\u00ed p\u0159ijdou k\u00a0v\u00e1m dom\u016f, ale va\u0161i soused\u00e9 na to asi p\u0159ipraveni nejsou. Pou\u017eijte tyto n\u00e1lepky, abyste chr\u00e1nili domy va\u0161ich soused\u016f, p\u0159\u00e1tel a \u010dlen\u016f rodiny p\u0159ed n\u00e1v\u0161t\u011bvou sv\u011bdk\u016f Jehovov\u00fdch. \u017d\u00c1DN\u00c9 N\u00c1V\u0160T\u011aVY SV\u011aDK\u016e JEHOVOV\u00ddCH N\u00e1lepky pro Avery 5163 Labels\u00a0 \/\u00a0Vod\u011bodoln\u00e9 Vinyl pro InkJet\u00a0 \/\u00a0Vod\u011bodoln\u00e9 Vinyl pro Laser &nbsp; \u00a0\u017d\u00c1DN\u00c9&#8230;<\/p>\n","protected":false},"author":6,"featured_media":0,"parent":5781,"menu_order":0,"comment_status":"closed","ping_status":"closed","template":"","meta":{"footnotes":""},"class_list":["post-10156","page","type-page","status-publish","hentry"],"_links":{"self":[{"href":"https:\/\/www.4jehovah.org\/cs\/wp-json\/wp\/v2\/pages\/10156","targetHints":{"allow":["GET"]}}],"collection":[{"href":"https:\/\/www.4jehovah.org\/cs\/wp-json\/wp\/v2\/pages"}],"about":[{"href":"https:\/\/www.4jehovah.org\/cs\/wp-json\/wp\/v2\/types\/page"}],"author":[{"embeddable":true,"href":"https:\/\/www.4jehovah.org\/cs\/wp-json\/wp\/v2\/users\/6"}],"replies":[{"embeddable":true,"href":"https:\/\/www.4jehovah.org\/cs\/wp-json\/wp\/v2\/comments?post=10156"}],"version-history":[{"count":5,"href":"https:\/\/www.4jehovah.org\/cs\/wp-json\/wp\/v2\/pages\/10156\/revisions"}],"predecessor-version":[{"id":10163,"href":"https:\/\/www.4jehovah.org\/cs\/wp-json\/wp\/v2\/pages\/10156\/revisions\/10163"}],"up":[{"embeddable":true,"href":"https:\/\/www.4jehovah.org\/cs\/wp-json\/wp\/v2\/pages\/5781"}],"wp:attachment":[{"href":"https:\/\/www.4jehovah.org\/cs\/wp-json\/wp\/v2\/media?parent=10156"}],"curies":[{"name":"wp","href":"https:\/\/api.w.org\/{rel}","templated":true}]}}